{"id":15206,"date":"2025-01-19T14:14:17","date_gmt":"2025-01-19T14:14:17","guid":{"rendered":"https:\/\/www.hydraulic-cylinders.net\/product\/bucket-cylinder-for-caterpillar-small-excavator-e110-110b\/"},"modified":"2025-01-19T14:14:19","modified_gmt":"2025-01-19T14:14:19","slug":"bucket-cylinder-for-caterpillar-small-excavator-e110-110b","status":"publish","type":"product","link":"https:\/\/www.hydraulic-cylinders.net\/sv\/produkt\/bucket-cylinder-for-caterpillar-small-excavator-e110-110b\/","title":{"rendered":"Skopscylinder f\u00f6r Caterpillar liten gr\u00e4vmaskin E110\/110B"},"content":{"rendered":"<p><!DOCTYPE html><br \/>\n<html><br \/>\n<head><br \/>\n<title>Skopscylinder f\u00f6r Caterpillar liten gr\u00e4vmaskin E110\/110B<\/title><br \/>\n<\/head><br \/>\n<body><\/p>\n<h1>Skopscylinder f\u00f6r Caterpillar liten gr\u00e4vmaskin E110\/110B<\/h1>\n<p><img decoding=\"async\" src=\"https:\/\/www.hydraulic-cylinders.net\/wp-content\/uploads\/2025\/01\/songte-company-1.webp\" alt=\"F\u00f6retagsbild\"><\/p>\n<h2>Introduktion till skopcylinder<\/h2>\n<p>En skopcylinder \u00e4r en specialdesignad hydraulcylinder som anv\u00e4nds f\u00f6r att styra skopans r\u00f6relse i tunga maskiner som gr\u00e4vmaskiner, gr\u00e4vlastare och frontlastare. Dess huvudsakliga funktion \u00e4r att m\u00f6jligg\u00f6ra lyftning, s\u00e4nkning och lutning av skopan, vilket g\u00f6r den l\u00e4mplig f\u00f6r olika materialhanteringsuppgifter. I ett hydraulsystem uppn\u00e5r skopcylindern exakt kontroll \u00f6ver skopan genom att utnyttja f\u00f6r\u00e4ndringar i hydrauloljetrycket, vilket g\u00f6r det m\u00f6jligt f\u00f6r operat\u00f6rer att effektivt hantera tunga laster och anpassa sig till komplexa arbetsmilj\u00f6er och olika arbetskrav.<\/p>\n<p><img decoding=\"async\" src=\"https:\/\/www.hydraulic-cylinders.net\/wp-content\/uploads\/2025\/01\/songte-company-2.webp\" alt=\"Produktbild\"><\/p>\n<h2>Funktioner hos skopcylindern<\/h2>\n<ul>\n<li>H\u00f6g h\u00e5llfasthet och h\u00e5llbarhet: Vanligtvis tillverkad av h\u00f6gh\u00e5llfast st\u00e5l eller aluminium, t\u00e5l h\u00f6gt tryck och tunga belastningar, \u00e4r anpassningsbar till tuffa arbetsmilj\u00f6er, och utformad med h\u00e4nsyn till slitstyrka och korrosionsbest\u00e4ndighet f\u00f6r att f\u00f6rl\u00e4nga livsl\u00e4ngden.<\/li>\n<li>Effektiv hydraulisk drift: Anv\u00e4nder hydrauloljetryck f\u00f6r att uppn\u00e5 smidiga ut- och indragningsr\u00f6relser, kan reagera snabbt p\u00e5 kontrollkommandon och ge kraftfulla tryck- och dragkrafter, l\u00e4mplig f\u00f6r hantering av tunga laster och komplexa uppgifter.<\/li>\n<li>Olika typer: Kan v\u00e4lja mellan enkelverkande (hydrauliska endast i en riktning) eller dubbelverkande (hydrauliska i b\u00e5da riktningarna) cylindrar beroende p\u00e5 behov. Vissa modeller \u00e4r teleskopiska, vilket m\u00f6jligg\u00f6r st\u00f6rre utbyggnad utan att \u00f6ka ytterm\u00e5tten, l\u00e4mpliga f\u00f6r applikationer med begr\u00e4nsat utrymme.<\/li>\n<li>Perfekt ers\u00e4ttning: V\u00e5ra produkter kan perfekt ers\u00e4tta dessa hydraulcylindrar.<\/li>\n<\/ul>\n<p><img decoding=\"async\" src=\"https:\/\/www.hydraulic-cylinders.net\/wp-content\/uploads\/2025\/01\/songte-cylinder-head-with-all-kinds-excavator-models.webp\" alt=\"Produktbytesbild\"><\/p>\n<h2>Till\u00e4mpningar av hinkcylinder<\/h2>\n<ul>\n<li>Byggutrustning: De finns i gr\u00e4vmaskiner och \u00e4r viktiga f\u00f6r gr\u00e4vning, lastning och flyttning av jord eller skr\u00e4p. I gr\u00e4vlastare hj\u00e4lper skopcylindrar till med b\u00e5de gr\u00e4vning och lyftning.<\/li>\n<li>Jordbruksmaskiner: Anv\u00e4nds i frontlastare f\u00f6r att \u00f6sa, lyfta och transportera jord, h\u00f6 och andra material.<\/li>\n<li>Gr\u00e4vmaskiner: Skopscylindrar m\u00f6jligg\u00f6r gr\u00e4vning genom att l\u00e5ta skopan tr\u00e4nga ner i jorden.<\/li>\n<li>Frontlastare: Frontlastare hj\u00e4lper till att lyfta och dumpa gods effektivt.<\/li>\n<\/ul>\n<h2>Design\u00f6verv\u00e4ganden och urvalskriterier<\/h2>\n<p>N\u00e4r det g\u00e4ller design\u00f6verv\u00e4ganden \u00e4r det viktigt att diskutera skopcylinderns b\u00e4rf\u00f6rm\u00e5ga, t\u00e4tning, h\u00e5llbarhet, s\u00e4kerhet och underh\u00e5llbarhet.<\/p>\n<p><img decoding=\"async\" src=\"https:\/\/www.hydraulic-cylinders.net\/wp-content\/uploads\/2025\/01\/songte-oil-pipes-and-spare-parts.webp\" alt=\"Produktdesignbild\"><\/p>\n<h2>T\u00e4tning och sm\u00f6rjning<\/h2>\n<p>Skopscylindern anv\u00e4nder olika t\u00e4tningar, s\u00e5som kolvt\u00e4tningar och kolvst\u00e5ngst\u00e4tningar, tillverkade av slitstarka material som polyuretan och nitrilgummi. Cylinderhuset och de g\u00e4ngade \u00e4ndytorna \u00e4r finbehandlade f\u00f6r att f\u00f6rb\u00e4ttra slitstyrkan. Regelbunden sm\u00f6rjning med l\u00e4mplig m\u00e4ngd hydraulolja \u00e4r n\u00f6dv\u00e4ndig.<\/p>\n<h2>Regelbunden inspektion och f\u00f6rebyggande underh\u00e5ll<\/h2>\n<ul>\n<li>Kontrollera regelbundet om det finns tecken p\u00e5 skador eller l\u00e4ckor i skopcylindern.<\/li>\n<li>S\u00e4kerst\u00e4ll korrekt sm\u00f6rjning f\u00f6r att bibeh\u00e5lla problemfri drift.<\/li>\n<li>Byt ut t\u00e4tningar vid behov f\u00f6r att f\u00f6rhindra l\u00e4ckage av hydraulolja.<\/li>\n<li>Utf\u00f6r kalibreringskontroller f\u00f6r att s\u00e4kerst\u00e4lla korrekt drift.<\/li>\n<\/ul>\n<p><img decoding=\"async\" src=\"https:\/\/www.hydraulic-cylinders.net\/wp-content\/uploads\/2025\/01\/songte-chushion-collar.webp\" alt=\"Underh\u00e5llsbild\"><\/p>\n<h2>Produkts\u00e4kerhet och milj\u00f6h\u00e4nsyn<\/h2>\n<p>N\u00e4r man anv\u00e4nder skopcylindern \u00e4r det avg\u00f6rande att prioritera s\u00e4kerhets\u00e5tg\u00e4rder f\u00f6r att f\u00f6rhindra olyckor och minimera milj\u00f6p\u00e5verkan.<\/p>\n<h2>Feldiagnos och vanliga problem<\/h2>\n<p>Det \u00e4r viktigt att ta itu med feldiagnostik och vanliga problem relaterade till skopcylindern. Ge fels\u00f6kningstips och l\u00f6sningar f\u00f6r att hj\u00e4lpa l\u00e4sarna att effektivt diagnostisera och l\u00f6sa problem. F\u00f6resl\u00e5 \u00e4ven f\u00f6rebyggande \u00e5tg\u00e4rder f\u00f6r att minimera potentiella problem.<\/p>\n<p><img decoding=\"async\" src=\"https:\/\/www.hydraulic-cylinders.net\/wp-content\/uploads\/2025\/01\/songte-bushings-with-all-kinds-of-excavator-models.webp\" alt=\"Feldiagnosbild\"><\/p>\n<h2>Installationsguide<\/h2>\n<p>Tillhandah\u00e5ll en detaljerad och korrekt installationsguide f\u00f6r skopcylindern, med betoning p\u00e5 vikten av korrekt uppriktning och anv\u00e4ndning av l\u00e4mpliga installationsf\u00e4sten f\u00f6r att s\u00e4kra cylindern. Rekommendera inspektions-, reparations- och utbytesprocedurer, och erbjuda ombyggnadstj\u00e4nster och tips f\u00f6r att f\u00f6rl\u00e4nga skopcylinderns livsl\u00e4ngd.<\/p>\n<h2>Regelbundna underh\u00e5llsuppgifter<\/h2>\n<p>Lyft fram tre vanliga underh\u00e5llsuppgifter, inklusive regelbundna inspektioner, korrekt sm\u00f6rjning, byte av t\u00e4tningar och kalibreringskontroller. Betona vikten av korrekt installation, sm\u00f6rjning och justering. Ge v\u00e4gledning om hur cylindern riktas in under installationsprocessen. Rekommendera anv\u00e4ndning av l\u00e4mpliga installationsf\u00e4sten f\u00f6r att s\u00e4kra cylindern. Ge f\u00f6rslag p\u00e5 inspektions-, reparations- och utbytesprocedurer f\u00f6r att \u00f6ka skopcylinderns livsl\u00e4ngd.<\/p>\n<p><img decoding=\"async\" src=\"https:\/\/www.hydraulic-cylinders.net\/wp-content\/uploads\/2025\/01\/songte-company-3.webp\" alt=\"F\u00f6retagsbild\"><\/p>\n<h2>Om v\u00e5rt f\u00f6retag<\/h2>\n<p>Vi \u00e4r en tillverkare som specialiserar oss p\u00e5 hydraulcylindrar f\u00f6r reservdelar. V\u00e5rt f\u00f6retag erbjuder ett brett utbud av produkter och har blivit en av de ledande tillverkarna och grossistdistribut\u00f6rerna av hydraulcylindrar p\u00e5 inhemska och internationella marknader. Vi f\u00f6ljer principerna om utm\u00e4rkt kvalitet och f\u00f6rlitar oss p\u00e5 strategier f\u00f6r industriell produktionsledning i v\u00e5ra f\u00f6rfinade tillverkningsverkst\u00e4der. Med v\u00e5ra tekniska talanger, avancerade digitala tillverkningsutrustning och professionella testsystem f\u00f6rb\u00e4ttrar vi kontinuerligt v\u00e5r tillverkningsplattform, perfektionerar produktionsv\u00e4garna f\u00f6r produktkvalitet och besitter starka innovationsf\u00f6rm\u00e5gor. V\u00e5rt m\u00e5l \u00e4r att m\u00f6ta kundernas olika behov med h\u00f6g effektivitet, precision och kvalitet.<\/p>\n<p><\/body><\/p>\n<footer>\n<p>F\u00f6rfattare: lyl<\/p>\n<\/footer>\n<p><\/html><\/p>","protected":false},"excerpt":{"rendered":"<p>Bucket Cylinder For Caterpillar Small Excavator E110\/110B Bucket Cylinder For Caterpillar Small Excavator E110\/110B Introduction to Bucket Cylinder A bucket cylinder is a specially designed hydraulic cylinder used to control the movement of the bucket in heavy machinery such as excavators, backhoe loaders, and front loaders. Its main function is to enable the lifting, lowering, [&hellip;]<\/p>","protected":false},"featured_media":14761,"comment_status":"open","ping_status":"closed","template":"","meta":{"_et_pb_use_builder":"","_et_pb_old_content":"","_et_gb_content_width":""},"product_brand":[],"product_cat":[1494],"product_tag":[1495,1496],"class_list":{"0":"post-15206","1":"product","2":"type-product","3":"status-publish","4":"has-post-thumbnail","6":"product_cat-bucket-cylinders","7":"product_tag-bucket-cylinders","8":"product_tag-hydraulic-cylinders","10":"first","11":"instock","12":"shipping-taxable","13":"product-type-simple"},"amp_enabled":true,"_links":{"self":[{"href":"https:\/\/www.hydraulic-cylinders.net\/sv\/wp-json\/wp\/v2\/product\/15206","targetHints":{"allow":["GET"]}}],"collection":[{"href":"https:\/\/www.hydraulic-cylinders.net\/sv\/wp-json\/wp\/v2\/product"}],"about":[{"href":"https:\/\/www.hydraulic-cylinders.net\/sv\/wp-json\/wp\/v2\/types\/product"}],"replies":[{"embeddable":true,"href":"https:\/\/www.hydraulic-cylinders.net\/sv\/wp-json\/wp\/v2\/comments?post=15206"}],"wp:featuredmedia":[{"embeddable":true,"href":"https:\/\/www.hydraulic-cylinders.net\/sv\/wp-json\/wp\/v2\/media\/14761"}],"wp:attachment":[{"href":"https:\/\/www.hydraulic-cylinders.net\/sv\/wp-json\/wp\/v2\/media?parent=15206"}],"wp:term":[{"taxonomy":"product_brand","embeddable":true,"href":"https:\/\/www.hydraulic-cylinders.net\/sv\/wp-json\/wp\/v2\/product_brand?post=15206"},{"taxonomy":"product_cat","embeddable":true,"href":"https:\/\/www.hydraulic-cylinders.net\/sv\/wp-json\/wp\/v2\/product_cat?post=15206"},{"taxonomy":"product_tag","embeddable":true,"href":"https:\/\/www.hydraulic-cylinders.net\/sv\/wp-json\/wp\/v2\/product_tag?post=15206"}],"curies":[{"name":"wp","href":"https:\/\/api.w.org\/{rel}","templated":true}]}}