{"id":15207,"date":"2025-01-19T14:14:21","date_gmt":"2025-01-19T14:14:21","guid":{"rendered":"https:\/\/www.hydraulic-cylinders.net\/product\/bucket-cylinder-for-caterpillar-small-excavator-e302-7dcr\/"},"modified":"2025-01-19T14:14:23","modified_gmt":"2025-01-19T14:14:23","slug":"bucket-cylinder-for-caterpillar-small-excavator-e302-7dcr","status":"publish","type":"product","link":"https:\/\/www.hydraulic-cylinders.net\/sv\/produkt\/bucket-cylinder-for-caterpillar-small-excavator-e302-7dcr\/","title":{"rendered":"Skopscylinder f\u00f6r Caterpillar liten gr\u00e4vmaskin E302.7DCR"},"content":{"rendered":"<h1>Skopscylinder f\u00f6r Caterpillar liten gr\u00e4vmaskin E302.7DCR<\/h1>\n<h2>Introduktion<\/h2>\n<p>En skopcylinder \u00e4r en hydraulcylinder som \u00e4r speciellt utformad f\u00f6r att styra skopans r\u00f6relse i tunga maskiner som gr\u00e4vmaskiner, gr\u00e4vlastare och frontlastare. Dess huvudsakliga funktion \u00e4r att g\u00f6ra det m\u00f6jligt f\u00f6r skopan att lyfta, s\u00e4nka och luta, vilket g\u00f6r det enklare att hantera olika materialhanteringsuppgifter. I hydraulsystemet styr skopcylindern skopans exakta r\u00f6relse genom f\u00f6r\u00e4ndringar i hydrauloljetrycket, vilket g\u00f6r det m\u00f6jligt f\u00f6r f\u00f6rare att effektivt hantera tunga laster och anpassa sig till komplexa arbetsmilj\u00f6er och olika driftsbehov.<\/p>\n<p><img decoding=\"async\" src=\"https:\/\/www.hydraulic-cylinders.net\/wp-content\/uploads\/2025\/01\/songte-company-2.webp\"><\/p>\n<h2>Drag<\/h2>\n<ul>\n<li>H\u00f6g h\u00e5llfasthet och h\u00e5llbarhet: Den \u00e4r vanligtvis tillverkad av h\u00f6gh\u00e5llfast st\u00e5l eller aluminium och t\u00e5l h\u00f6gt tryck och tunga belastningar, vilket g\u00f6r den l\u00e4mplig f\u00f6r tuffa arbetsmilj\u00f6er. Den \u00e4r utformad med slitstyrka och korrosionsbest\u00e4ndighet i \u00e5tanke och kan f\u00f6rl\u00e4nga livsl\u00e4ngden.<\/li>\n<li>Effektiv hydraulisk drift: Anv\u00e4nder hydrauloljetryck f\u00f6r att uppn\u00e5 smidiga f\u00f6rl\u00e4ngnings- och sammandragningsr\u00f6relser, kan reagera snabbt p\u00e5 styrkommandon, ge starka tryck- och dragkrafter, l\u00e4mplig f\u00f6r hantering av tunga laster och komplexa driftsuppgifter.<\/li>\n<li>Olika typer: Man kan v\u00e4lja enkelverkande (hydrauliska cylindrar anv\u00e4nds endast i en riktning) eller dubbelverkande (hydrauliska cylindrar anv\u00e4nds i b\u00e5da riktningarna) efter behov f\u00f6r att m\u00f6ta olika driftsbehov. Vissa modeller \u00e4r teleskopiska, vilket m\u00f6jligg\u00f6r st\u00f6rre utdrag utan att \u00f6ka de yttre m\u00e5tten, l\u00e4mpliga f\u00f6r applikationer med begr\u00e4nsat utrymme.<\/li>\n<li>Utbytbara: V\u00e5ra produkter kan perfekt ers\u00e4tta dessa hydraulcylindrar.<\/li>\n<\/ul>\n<p><img decoding=\"async\" src=\"https:\/\/www.hydraulic-cylinders.net\/wp-content\/uploads\/2025\/01\/songte-cylinder-head-with-all-kinds-excavator-models.webp\"><\/p>\n<h2>Applikationer<\/h2>\n<h3>Byggutrustning<\/h3>\n<p>I gr\u00e4vmaskiner \u00e4r de viktiga f\u00f6r gr\u00e4vning, lastning och f\u00f6rflyttning av jord eller skr\u00e4p. I gr\u00e4vlastare hj\u00e4lper skopcylindrar till med b\u00e5de gr\u00e4vning och lyftning. I frontlastare hj\u00e4lper de till med lyftning och tiltning f\u00f6r att effektivt dumpa gods.<\/p>\n<h3>Jordbruksmaskiner<\/h3>\n<p>Anv\u00e4nds i frontlastare f\u00f6r att \u00f6sa, lyfta och transportera jord, h\u00f6 och andra material. I gr\u00e4vmaskiner m\u00f6jligg\u00f6r skopcylindern gr\u00e4vning genom att l\u00e5ta skopan tr\u00e4nga ner i jorden. I lastare hj\u00e4lper de till med att lyfta och dumpa gods effektivt.<\/p>\n<p><img decoding=\"async\" src=\"https:\/\/www.hydraulic-cylinders.net\/wp-content\/uploads\/2025\/01\/songte-chushion-collar.webp\"><\/p>\n<h2>Design\u00f6verv\u00e4ganden och urvalskriterier<\/h2>\n<ul>\n<li>B\u00e4rf\u00f6rm\u00e5ga: Best\u00e4m den maximala belastningen som hydraulcylindern beh\u00f6ver b\u00e4ra och v\u00e4lj l\u00e4mplig storlek och typ av cylinder d\u00e4refter.<\/li>\n<li>T\u00e4tning: Anv\u00e4nd olika t\u00e4tningar som kolvt\u00e4tningsringar och st\u00e5ngt\u00e4tningsringar, och v\u00e4lj slitstarka material som polyuretan och nitrilgummi f\u00f6r t\u00e4tningarna. Fin ytbehandling av cylinderhuset och den g\u00e4ngade \u00e4nden f\u00f6rb\u00e4ttrar slitstyrkan.<\/li>\n<li>H\u00e5llbarhet: T\u00e4nk p\u00e5 arbetsmilj\u00f6n och v\u00e4lj material som \u00e4r motst\u00e5ndskraftiga mot slitage och korrosion f\u00f6r att f\u00f6rl\u00e4nga livsl\u00e4ngden.<\/li>\n<li>S\u00e4kerhet: S\u00e4kerst\u00e4ll att hydraulcylinderns konstruktion uppfyller till\u00e4mpliga s\u00e4kerhetsstandarder och f\u00f6reskrifter.<\/li>\n<li>Underh\u00e5llbarhet: T\u00e4nk p\u00e5 hur enkelt det \u00e4r att underh\u00e5lla och reparera, s\u00e5som tillg\u00e4nglighet till utbytbara delar, f\u00f6r att minimera driftstopp och minska underh\u00e5llskostnaderna.<\/li>\n<\/ul>\n<p><img decoding=\"async\" src=\"https:\/\/www.hydraulic-cylinders.net\/wp-content\/uploads\/2025\/01\/songte-oil-pipes-and-spare-parts.webp\"><\/p>\n<h2>T\u00e4tning och sm\u00f6rjning<\/h2>\n<p>Olika t\u00e4tningar anv\u00e4nds f\u00f6r skopcylindern, s\u00e5som kolvt\u00e4tningsringar och st\u00e5ngt\u00e4tningsringar. T\u00e4tningarna \u00e4r tillverkade av slitstarka material som polyuretan och nitrilgummi f\u00f6r att f\u00f6rb\u00e4ttra cylinderns slitstyrka. Cylinderhuset och den g\u00e4ngade \u00e4nden genomg\u00e5r en fin ytbehandling f\u00f6r att \u00f6ka h\u00e5llbarheten. Regelbunden sm\u00f6rjning med l\u00e4mplig hydraulolja \u00e4r n\u00f6dv\u00e4ndig f\u00f6r att s\u00e4kerst\u00e4lla att cylindern fungerar smidigt.<\/p>\n<h2>Underh\u00e5ll och reparation<\/h2>\n<p>Regelbundet underh\u00e5ll och inspektion \u00e4r avg\u00f6rande f\u00f6r att f\u00f6rl\u00e4nga hydraulcylinderns livsl\u00e4ngd. Vanliga underh\u00e5llsuppgifter inkluderar sm\u00f6rjning, byte av t\u00e4tningar och kalibreringskontroller. Korrekt installation, sm\u00f6rjning och justering \u00e4r avg\u00f6rande under installationsprocessen, och det rekommenderas att anv\u00e4nda r\u00e4tt uppriktningsmetod och l\u00e4mpliga monteringsf\u00e4sten. Vi tillhandah\u00e5ller rekommenderade inspektions-, reparations- och utbytesprocedurer samt reservdelar och renoveringstj\u00e4nster f\u00f6r att f\u00f6rl\u00e4nga skopcylinderns livsl\u00e4ngd.<\/p>\n<p><img decoding=\"async\" src=\"https:\/\/www.hydraulic-cylinders.net\/wp-content\/uploads\/2025\/01\/songte-bushings-with-all-kinds-of-excavator-models.webp\"><\/p>\n<h2>S\u00e4kerhetsaspekter och milj\u00f6faktorer<\/h2>\n<p>N\u00e4r man anv\u00e4nder skopcylindern \u00e4r det viktigt att f\u00f6lja l\u00e4mpliga s\u00e4kerhetsprotokoll f\u00f6r att undvika skador p\u00e5 utrustningen. Det \u00e4r avg\u00f6rande att s\u00e4kerst\u00e4lla att cylinderns design uppfyller s\u00e4kerhetsstandarder och f\u00f6reskrifter. Milj\u00f6faktorer som temperatur och fuktighet kan p\u00e5verka cylinderns funktion och b\u00f6r beaktas vid design och installation.<\/p>\n<h2>Fels\u00f6kning och vanliga problem<\/h2>\n<ul>\n<li>L\u00e4ckage: Kontrollera om det finns skadade t\u00e4tningar eller slitna delar och byt ut vid behov.<\/li>\n<li>L\u00e5ngsam drift: Kontrollera hydraulv\u00e4tskeniv\u00e5er och tryck och se till att sm\u00f6rjningen \u00e4r korrekt.<\/li>\n<li>F\u00f6r mycket buller: Kontrollera om det finns l\u00f6sa delar eller slitna komponenter och byt ut dem vid behov.<\/li>\n<\/ul>\n<p>F\u00f6rebyggande underh\u00e5lls\u00e5tg\u00e4rder kan bidra till att minimera potentiella problem och s\u00e4kerst\u00e4lla att skopcylindern fungerar korrekt.<\/p>\n<h2>Om v\u00e5rt f\u00f6retag<\/h2>\n<p>Vi \u00e4r en tillverkare av hydraulcylindrar f\u00f6r reservdelar, erbjuder ett brett utbud av produkter och \u00e4r en av de ledande tillverkarna och grossistdistribut\u00f6rerna av hydraulcylindrar p\u00e5 den inhemska och internationella marknaden. Vi f\u00f6ljer en strategi f\u00f6r utm\u00e4rkt kvalitet och f\u00f6rlitar oss p\u00e5 ett industrialiserat produktionsledningssystem baserat p\u00e5 sofistikerade tillverkningsverkst\u00e4der, kontinuerlig f\u00f6rb\u00e4ttring av verkstadens tillverkningsplattform och f\u00f6rb\u00e4ttring av produktionsv\u00e4gens kvalitet. Vi har en stark f\u00f6rm\u00e5ga att skapa h\u00f6geffektiva, h\u00f6gprecisions- och h\u00f6gkvalitativa produkter f\u00f6r att m\u00f6ta olika kunders behov.<\/p>\n<ul>\n<li>Professionalism: Vi har ett team av erfarna ingenj\u00f6rer och tekniker som \u00e4r dedikerade till att tillhandah\u00e5lla de b\u00e4sta produkterna och tj\u00e4nsterna.<\/li>\n<li>Internationell certifiering: Vi har erh\u00e5llit ISO9001:2015- och CE-certifiering f\u00f6r att s\u00e4kerst\u00e4lla att v\u00e5ra produkter uppfyller internationella kvalitetsstandarder.<\/li>\n<li>Anpassningstj\u00e4nster: Vi kan anpassa hydraulcylindrar f\u00f6r att m\u00f6ta specifika kundkrav.<\/li>\n<li>Produktionsutrustning: Vi anv\u00e4nder avancerad produktionsutrustning och teknik f\u00f6r att s\u00e4kerst\u00e4lla kvaliteten p\u00e5 v\u00e5ra produkter.<\/li>\n<li>Eftermarknadsservice: Vi erbjuder omfattande eftermarknadsservice, inklusive underh\u00e5ll, reparation och utbytestj\u00e4nster.<\/li>\n<\/ul>\n<p><img decoding=\"async\" src=\"https:\/\/hzpt.com\/wp-content\/uploads\/2024\/11\/songte-company-1.webp\"><\/p>\n<p>F\u00f6rfattare: lyl.<\/p>","protected":false},"excerpt":{"rendered":"<p>Bucket Cylinder For Caterpillar Small Excavator E302.7DCR Introduction A bucket cylinder is a hydraulic cylinder specially designed to control the movement of the bucket in heavy machinery such as excavators, backhoe loaders, and front loaders. Its main function is to enable the bucket to lift, lower, and tilt, making it easier to handle various material [&hellip;]<\/p>","protected":false},"featured_media":14789,"comment_status":"open","ping_status":"closed","template":"","meta":{"_et_pb_use_builder":"","_et_pb_old_content":"","_et_gb_content_width":""},"product_brand":[],"product_cat":[1494],"product_tag":[1495,1496],"class_list":{"0":"post-15207","1":"product","2":"type-product","3":"status-publish","4":"has-post-thumbnail","6":"product_cat-bucket-cylinders","7":"product_tag-bucket-cylinders","8":"product_tag-hydraulic-cylinders","10":"first","11":"instock","12":"shipping-taxable","13":"product-type-simple"},"amp_enabled":true,"_links":{"self":[{"href":"https:\/\/www.hydraulic-cylinders.net\/sv\/wp-json\/wp\/v2\/product\/15207","targetHints":{"allow":["GET"]}}],"collection":[{"href":"https:\/\/www.hydraulic-cylinders.net\/sv\/wp-json\/wp\/v2\/product"}],"about":[{"href":"https:\/\/www.hydraulic-cylinders.net\/sv\/wp-json\/wp\/v2\/types\/product"}],"replies":[{"embeddable":true,"href":"https:\/\/www.hydraulic-cylinders.net\/sv\/wp-json\/wp\/v2\/comments?post=15207"}],"wp:featuredmedia":[{"embeddable":true,"href":"https:\/\/www.hydraulic-cylinders.net\/sv\/wp-json\/wp\/v2\/media\/14789"}],"wp:attachment":[{"href":"https:\/\/www.hydraulic-cylinders.net\/sv\/wp-json\/wp\/v2\/media?parent=15207"}],"wp:term":[{"taxonomy":"product_brand","embeddable":true,"href":"https:\/\/www.hydraulic-cylinders.net\/sv\/wp-json\/wp\/v2\/product_brand?post=15207"},{"taxonomy":"product_cat","embeddable":true,"href":"https:\/\/www.hydraulic-cylinders.net\/sv\/wp-json\/wp\/v2\/product_cat?post=15207"},{"taxonomy":"product_tag","embeddable":true,"href":"https:\/\/www.hydraulic-cylinders.net\/sv\/wp-json\/wp\/v2\/product_tag?post=15207"}],"curies":[{"name":"wp","href":"https:\/\/api.w.org\/{rel}","templated":true}]}}