{"id":15210,"date":"2025-01-19T14:14:32","date_gmt":"2025-01-19T14:14:32","guid":{"rendered":"https:\/\/www.hydraulic-cylinders.net\/product\/bucket-cylinder-for-caterpillar-small-excavator-e312d2gc\/"},"modified":"2025-01-19T14:14:34","modified_gmt":"2025-01-19T14:14:34","slug":"bucket-cylinder-for-caterpillar-small-excavator-e312d2gc","status":"publish","type":"product","link":"https:\/\/www.hydraulic-cylinders.net\/sv\/produkt\/bucket-cylinder-for-caterpillar-small-excavator-e312d2gc\/","title":{"rendered":"Skopscylinder f\u00f6r Caterpillar liten gr\u00e4vmaskin E312D2GC"},"content":{"rendered":"<h1>Skopscylinder f\u00f6r Caterpillar liten gr\u00e4vmaskin E312D2GC<\/h1>\n<h2>Introduktion<\/h2>\n<p>Skopcylindern, \u00e4ven k\u00e4nd som hydraulcylindern, \u00e4r en specialiserad hydraulcylinder som anv\u00e4nds f\u00f6r att styra skopans r\u00f6relse i tunga maskiner som gr\u00e4vmaskiner, gr\u00e4vmaskiner och lastare. Dess prim\u00e4ra funktion \u00e4r att g\u00f6ra det m\u00f6jligt f\u00f6r skopan att lyfta, s\u00e4nka och luta, vilket g\u00f6r det l\u00e4ttare att hantera olika material. I hydraulsystemet styr skopcylindern exakt skopans r\u00f6relse genom att \u00e4ndra hydrauloljans tryck, vilket g\u00f6r det m\u00f6jligt f\u00f6r operat\u00f6rer att effektivt hantera tunga f\u00f6rem\u00e5l och anpassa sig till komplexa arbetsmilj\u00f6er och olika driftsbehov.<\/p>\n<p><img decoding=\"async\" src=\"https:\/\/www.hydraulic-cylinders.net\/wp-content\/uploads\/2025\/01\/songte-company-2.webp\" alt=\"Bild av skopcylinder\"><\/p>\n<h2>Drag<\/h2>\n<ul>\n<li>\n<h3>H\u00f6g styrka och h\u00e5llbarhet<\/h3>\n<p>Skopscylindrar \u00e4r vanligtvis tillverkade av h\u00f6gh\u00e5llfast st\u00e5l eller aluminium, vilket t\u00e5l h\u00f6gt tryck och tunga belastningar, vilket g\u00f6r dem l\u00e4mpliga f\u00f6r tuffa arbetsmilj\u00f6er. Konstruktionen tar \u00e4ven h\u00e4nsyn till slitstyrka och korrosionsbest\u00e4ndighet, vilket f\u00f6rl\u00e4nger deras livsl\u00e4ngd.<\/p>\n<\/li>\n<li>\n<h3>Effektiv hydraulisk drift<\/h3>\n<p>Skopscylindern anv\u00e4nder hydrauloljans tryck f\u00f6r att uppn\u00e5 j\u00e4mna expansions- och kontraktionsr\u00f6relser, reagerar snabbt p\u00e5 styrkommandon och ger kraftfulla tryck- och dragkrafter, vilket g\u00f6r den l\u00e4mplig f\u00f6r hantering av tunga f\u00f6rem\u00e5l och komplexa arbetsuppgifter.<\/p>\n<\/li>\n<li>\n<h3>Olika typer<\/h3>\n<p>Skopscylindrar kan v\u00e4ljas efter behov, inklusive enkelverkande (hydrauliska anv\u00e4nds endast i en riktning) eller dubbelverkande (hydrauliska anv\u00e4nds i b\u00e5da riktningarna) cylindrar, f\u00f6r att m\u00f6ta olika driftskrav. Vissa modeller \u00e4r teleskopiska, vilket m\u00f6jligg\u00f6r st\u00f6rre utdrag utan att \u00f6ka ytterm\u00e5tten, vilket g\u00f6r dem l\u00e4mpliga f\u00f6r applikationer med begr\u00e4nsat utrymme.<\/p>\n<\/li>\n<li>\n<h3>Produktbyte<\/h3>\n<p>V\u00e5ra produkter kan perfekt ers\u00e4tta hydraulcylindrar av olika m\u00e4rken, modeller och storlekar.<\/p>\n<\/li>\n<li>\n<h3>Applikationer<\/h3>\n<p>Skopscylindrar anv\u00e4nds ofta i olika tunga maskiner, inklusive:<\/p>\n<ul>\n<li>Byggutrustning: I gr\u00e4vmaskiner \u00e4r de viktiga f\u00f6r att gr\u00e4va, lasta och flytta jord eller skr\u00e4p. I gr\u00e4vmaskiner hj\u00e4lper skopcylindern till vid gr\u00e4vning och lyftning. <\/li>\n<li>Jordbruksmaskiner: Anv\u00e4nds i frontlastare f\u00f6r att \u00f6sa, lyfta och transportera jord, h\u00f6 och andra material. <\/li>\n<li>Gr\u00e4vmaskiner: Skopans cylinder g\u00f6r att skopan kan tr\u00e4nga ner i jorden. <\/li>\n<li>Lastare: Frontlastare hj\u00e4lper till att lyfta och tilta laster effektivt.<\/li>\n<\/ul>\n<\/li>\n<\/ul>\n<h2>Design\u00f6verv\u00e4ganden och urvalskriterier<\/h2>\n<p>Skopscylinderns design och val tar h\u00e4nsyn till olika faktorer, inklusive:<\/p>\n<ul>\n<li>\n<h3>B\u00e4rf\u00f6rm\u00e5ga<\/h3>\n<p>Cylindern m\u00e5ste ha tillr\u00e4cklig styrka f\u00f6r att motst\u00e5 tunga belastningar och h\u00f6gt tryck. <\/p>\n<\/li>\n<li>\n<h3>T\u00e4tning och h\u00e5llbarhet<\/h3>\n<p>Cylindern m\u00e5ste ha h\u00f6gkvalitativa t\u00e4tningar och material som \u00e4r motst\u00e5ndskraftiga mot slitage och korrosion, vilket f\u00f6rl\u00e4nger dess livsl\u00e4ngd. <\/p>\n<\/li>\n<li>\n<h3>S\u00e4kerhet och underh\u00e5ll<\/h3>\n<p>Cylindern m\u00e5ste vara konstruerad med s\u00e4kerhetsfunktioner och enkelt underh\u00e5ll i \u00e5tanke, s\u00e5 att operat\u00f6rerna enkelt och s\u00e4kert kan kontrollera, reparera och byta ut delar. <\/p>\n<\/li>\n<\/ul>\n<p><img decoding=\"async\" src=\"https:\/\/www.hydraulic-cylinders.net\/wp-content\/uploads\/2025\/01\/songte-oil-pipes-and-spare-parts.webp\" alt=\"Bild av hydrauliska cylinderdelar\"><\/p>\n<h2>T\u00e4tning och sm\u00f6rjning<\/h2>\n<p>Skopscylindern anv\u00e4nder olika t\u00e4tningar, inklusive kolvt\u00e4tningar, kolvst\u00e5ngst\u00e4tningar och avstrykart\u00e4tningar, tillverkade av slitstarka material som polyuretan och nitrilgummi. Cylinderhuset och g\u00e4ngorna genomg\u00e5r finbearbetning f\u00f6r att f\u00f6rb\u00e4ttra slitstyrkan. Regelbunden tillsats av hydraulolja \u00e4r n\u00f6dv\u00e4ndig f\u00f6r sm\u00f6rjning.<\/p>\n<p><img decoding=\"async\" src=\"https:\/\/www.hydraulic-cylinders.net\/wp-content\/uploads\/2025\/01\/songte-chushion-collar.webp\" alt=\"Bild av hydrauliska cylinderdelar\"><\/p>\n<h2>Underh\u00e5ll och reparation<\/h2>\n<p>Regelbundet underh\u00e5ll och reparationer \u00e4r avg\u00f6rande f\u00f6r att f\u00f6rl\u00e4nga skopcylinderns livsl\u00e4ngd och s\u00e4kerst\u00e4lla s\u00e4ker drift. Vanliga underh\u00e5llsuppgifter inkluderar:<\/p>\n<ul>\n<li>Regelbunden inspektion<\/li>\n<li>L\u00e4mplig sm\u00f6rjning<\/li>\n<li>Byte av t\u00e4tning<\/li>\n<li>Kalibreringskontroll<\/li>\n<\/ul>\n<p>Korrekt installation, sm\u00f6rjning och justering \u00e4r avg\u00f6rande f\u00f6r s\u00e4ker och effektiv drift. Vi rekommenderar att cylindern riktas in korrekt, att l\u00e4mpliga monteringsf\u00e4sten anv\u00e4nds f\u00f6r att s\u00e4kra cylindern och att rekommenderade inspektions-, reparations- och utbytesprocedurer f\u00f6ljs.<\/p>\n<p><img decoding=\"async\" src=\"https:\/\/www.hydraulic-cylinders.net\/wp-content\/uploads\/2025\/01\/songte-bushings-with-all-kinds-of-excavator-models.webp\" alt=\"Bild av hydrauliska cylinderdelar\"><\/p>\n<h2>S\u00e4kerhetsaspekter och milj\u00f6faktorer<\/h2>\n<p>Vid anv\u00e4ndning av skopcylindern spelar s\u00e4kerhets\u00e5tg\u00e4rder en avg\u00f6rande roll. Operat\u00f6rer b\u00f6r f\u00f6lja s\u00e4kra driftsrutiner, f\u00f6lja l\u00e4mpliga s\u00e4kerhetsriktlinjer och b\u00e4ra l\u00e4mplig personlig skyddsutrustning. Vi tar \u00e4ven h\u00e4nsyn till milj\u00f6faktorer och str\u00e4var efter att minska avfall, f\u00f6roreningar och energif\u00f6rbrukning under v\u00e5ra produktionsprocesser.<\/p>\n<h2>Feldiagnos och vanliga problem<\/h2>\n<p>Skopscylindern kan drabbas av olika fel, inklusive l\u00e4ckage av t\u00e4tningar, otillr\u00e4ckligt oljetryck och minskad b\u00e4rf\u00f6rm\u00e5ga. Vanliga problem inkluderar slitage, korrosion och skador p\u00e5 interna komponenter. Korrekt diagnos och snabb reparation \u00e4r n\u00f6dv\u00e4ndiga f\u00f6r att f\u00f6rhindra ytterligare skador och s\u00e4kerst\u00e4lla s\u00e4ker drift.<\/p>\n<p><img decoding=\"async\" src=\"https:\/\/hzpt.com\/wp-content\/uploads\/2024\/11\/songte-company-1.webp\" alt=\"Bild av hydrauliska cylinderdelar\"><\/p>\n<h2>Om oss<\/h2>\n<p>Vi \u00e4r en ledande tillverkare och grossistdistribut\u00f6r av hydraulcylindrar och erbjuder ett brett utbud av produkter till b\u00e5de inhemska och internationella marknader. Vi str\u00e4var efter utm\u00e4rkt kvalitet och anv\u00e4nder industrialiserade produktionsstrategier i v\u00e5ra precisionstillverkningsverkst\u00e4der. V\u00e5ra produkter tillverkas med hj\u00e4lp av den senaste tekniken, avancerad tillverkningsutrustning och professionella inspektionssystem, vilket g\u00f6r att vi kan m\u00f6ta olika kunders behov effektivt och noggrant.<\/p>\n<p>Vi erbjuder kundanpassade tj\u00e4nster, avancerad produktionsutrustning och p\u00e5litlig eftermarknadsservice. V\u00e5rt f\u00f6retag har erh\u00e5llit internationella certifieringar och uppn\u00e5tt erk\u00e4nnande som en ledande tillverkare av hydraulcylindrar globalt. <\/p>\n<p><img decoding=\"async\" src=\"https:\/\/www.hydraulic-cylinders.net\/wp-content\/uploads\/2025\/01\/songte-company-3.webp\" alt=\"F\u00f6retagsbild\"><\/p>\n<p>F\u00f6rfattare: lyl<\/p>","protected":false},"excerpt":{"rendered":"<p>Bucket Cylinder For Caterpillar Small Excavator E312D2GC Introduction The bucket cylinder, also known as the hydraulic cylinder, is a specialized hydraulic ram used to control the movement of the bucket in heavy machinery such as excavators, backhoes, and loaders. Its primary function is to enable the bucket to lift, lower, and tilt, making it easier [&hellip;]<\/p>","protected":false},"featured_media":14785,"comment_status":"open","ping_status":"closed","template":"","meta":{"_et_pb_use_builder":"","_et_pb_old_content":"","_et_gb_content_width":""},"product_brand":[],"product_cat":[1494],"product_tag":[1495,1496],"class_list":{"0":"post-15210","1":"product","2":"type-product","3":"status-publish","4":"has-post-thumbnail","6":"product_cat-bucket-cylinders","7":"product_tag-bucket-cylinders","8":"product_tag-hydraulic-cylinders","10":"first","11":"instock","12":"shipping-taxable","13":"product-type-simple"},"amp_enabled":true,"_links":{"self":[{"href":"https:\/\/www.hydraulic-cylinders.net\/sv\/wp-json\/wp\/v2\/product\/15210","targetHints":{"allow":["GET"]}}],"collection":[{"href":"https:\/\/www.hydraulic-cylinders.net\/sv\/wp-json\/wp\/v2\/product"}],"about":[{"href":"https:\/\/www.hydraulic-cylinders.net\/sv\/wp-json\/wp\/v2\/types\/product"}],"replies":[{"embeddable":true,"href":"https:\/\/www.hydraulic-cylinders.net\/sv\/wp-json\/wp\/v2\/comments?post=15210"}],"wp:featuredmedia":[{"embeddable":true,"href":"https:\/\/www.hydraulic-cylinders.net\/sv\/wp-json\/wp\/v2\/media\/14785"}],"wp:attachment":[{"href":"https:\/\/www.hydraulic-cylinders.net\/sv\/wp-json\/wp\/v2\/media?parent=15210"}],"wp:term":[{"taxonomy":"product_brand","embeddable":true,"href":"https:\/\/www.hydraulic-cylinders.net\/sv\/wp-json\/wp\/v2\/product_brand?post=15210"},{"taxonomy":"product_cat","embeddable":true,"href":"https:\/\/www.hydraulic-cylinders.net\/sv\/wp-json\/wp\/v2\/product_cat?post=15210"},{"taxonomy":"product_tag","embeddable":true,"href":"https:\/\/www.hydraulic-cylinders.net\/sv\/wp-json\/wp\/v2\/product_tag?post=15210"}],"curies":[{"name":"wp","href":"https:\/\/api.w.org\/{rel}","templated":true}]}}