{"id":15219,"date":"2025-01-19T14:15:18","date_gmt":"2025-01-19T14:15:18","guid":{"rendered":"https:\/\/www.hydraulic-cylinders.net\/product\/bucket-cylinder-for-caterpillar-small-excavator-e301-7dcr\/"},"modified":"2025-01-19T14:15:20","modified_gmt":"2025-01-19T14:15:20","slug":"bucket-cylinder-for-caterpillar-small-excavator-e301-7dcr","status":"publish","type":"product","link":"https:\/\/www.hydraulic-cylinders.net\/sv\/produkt\/bucket-cylinder-for-caterpillar-small-excavator-e301-7dcr\/","title":{"rendered":"Skopscylinder f\u00f6r Caterpillar liten gr\u00e4vmaskin E301.7DCR"},"content":{"rendered":"<h1>Skopscylinder f\u00f6r Caterpillar liten gr\u00e4vmaskin E301.7DCR<\/h1>\n<h2>Introduktion<\/h2>\n<p>Skopcylindern f\u00f6r Caterpillar Small Excavator E301.7DCR \u00e4r en specialiserad hydraulcylinder som fr\u00e4mst anv\u00e4nds f\u00f6r att styra r\u00f6relsen hos skopor i tunga maskiner som gr\u00e4vmaskiner, traktorgr\u00e4vmaskiner och frontlastare. Dess huvudsakliga funktion \u00e4r att g\u00f6ra det m\u00f6jligt f\u00f6r skopan att lyfta, s\u00e4nka och luta, vilket g\u00f6r det enklare att transportera olika material. I hydrauliska system anv\u00e4nder skopcylindern tryckf\u00f6r\u00e4ndringarna i hydrauloljan f\u00f6r att uppn\u00e5 exakt kontroll \u00f6ver skopan, vilket g\u00f6r det m\u00f6jligt f\u00f6r f\u00f6raren att hantera tunga f\u00f6rem\u00e5l effektivt och anpassa sig till komplexa arbetsmilj\u00f6er och olika driftskrav. <\/p>\n<p><img decoding=\"async\" src=\"https:\/\/www.hydraulic-cylinders.net\/wp-content\/uploads\/2025\/01\/songte-company-2.webp\" alt=\"Bild av skopcylinder\"><\/p>\n<h2>Drag<\/h2>\n<ul>\n<li>\n<h3>H\u00f6g styrka och h\u00e5llbarhet:<\/h3>\n<p> Vanligtvis tillverkad av h\u00f6gh\u00e5llfast st\u00e5l eller aluminium, kan den motst\u00e5 h\u00f6gt tryck och tunga belastningar, anpassa sig till tuffa arbetsmilj\u00f6er och ta h\u00e4nsyn till slitstyrka och korrosionsbest\u00e4ndighet i sin design f\u00f6r att f\u00f6rl\u00e4nga dess livsl\u00e4ngd.<\/li>\n<li>\n<h3>Effektiv hydraulisk drift:<\/h3>\n<p> Den anv\u00e4nder hydrauloljans tryck f\u00f6r att uppn\u00e5 smidiga expansions- och kontraktionsr\u00f6relser, kan snabbt reagera p\u00e5 styrkommandon, ge kraftfull tryck- och dragkraft och \u00e4r l\u00e4mplig f\u00f6r hantering av tunga f\u00f6rem\u00e5l och komplexa driftsuppgifter.<\/li>\n<li>\n<h3>Olika typer:<\/h3>\n<p> Enkelverkande (hydrauliska cylindrar anv\u00e4nds endast i en riktning) eller dubbelverkande (hydrauliska cylindrar anv\u00e4nds i b\u00e5da riktningarna) kan v\u00e4ljas efter operativa behov. Vissa modeller \u00e4r teleskopiska, vilket m\u00f6jligg\u00f6r st\u00f6rre utdrag utan att \u00f6ka de yttre m\u00e5tten, l\u00e4mpliga f\u00f6r applikationer med begr\u00e4nsat utrymme.<\/li>\n<li>\n<h3>Anpassningsbar:<\/h3>\n<p> Vi kan producera denna produkt och v\u00e5r produkt kan perfekt ers\u00e4tta dessa hydraulcylindrar.<\/li>\n<\/ul>\n<p><img decoding=\"async\" src=\"https:\/\/www.hydraulic-cylinders.net\/wp-content\/uploads\/2025\/01\/songte-cylinder-head-with-all-kinds-excavator-models.webp\" alt=\"Anpassningsbar produktbild\"><\/p>\n<h2>Applikationer<\/h2>\n<p>Skopcylindern f\u00f6r Caterpillar liten gr\u00e4vmaskin E301.7DCR kan anv\u00e4ndas inom olika industrier, s\u00e5som entreprenadmaskiner, jordbruksmaskiner, gr\u00e4vmaskiner och frontlastare.<\/p>\n<ul>\n<li>\n<h3>Byggutrustning:<\/h3>\n<p> I gr\u00e4vmaskiner \u00e4r de viktiga f\u00f6r att gr\u00e4va, lasta och flytta jord eller skr\u00e4p. I gr\u00e4vmaskiner med gr\u00e4vaggregat hj\u00e4lper skopcylindern till med b\u00e5de gr\u00e4vning och lyftning. <\/li>\n<li>\n<h3>Jordbruksmaskiner:<\/h3>\n<p> De anv\u00e4nds i frontlastare och hj\u00e4lper till med att \u00f6sa upp, lyfta och flytta jord, h\u00f6 och andra material.<\/li>\n<li>\n<h3>Gr\u00e4vmaskiner:<\/h3>\n<p> Skopans cylinder m\u00f6jligg\u00f6r gr\u00e4vning genom att skopan kan tr\u00e4nga ner i jorden. <\/li>\n<li>\n<h3>Frontlastare:<\/h3>\n<p> I frontlastare hj\u00e4lper de till att lyfta och dumpa gods effektivt. <\/li>\n<\/ul>\n<h2>Design\u00f6verv\u00e4ganden och urvalskriterier<\/h2>\n<ul>\n<li>\n<h3>B\u00e4rkraft:<\/h3>\n<p> Hydraulcylindern m\u00e5ste vara tillr\u00e4ckligt stark f\u00f6r att motst\u00e5 den belastning som orsakas av tunga belastningar.<\/li>\n<li>\n<h3>T\u00e4tning:<\/h3>\n<p> Olika t\u00e4tningskomponenter som kolvt\u00e4tningar, kolvst\u00e5ngst\u00e4tningar, torkart\u00e4tningar och slitringar m\u00e5ste v\u00e4ljas noggrant. De b\u00f6r vara tillverkade av slitstarka material som polyuretan eller nitrilgummi f\u00f6r att s\u00e4kerst\u00e4lla l\u00e5ng livsl\u00e4ngd. <\/li>\n<li>\n<h3>Varaktighet:<\/h3>\n<p> Cylinderhuset och de g\u00e4ngade \u00e4ndytorna m\u00e5ste bearbetas exakt f\u00f6r att \u00f6ka slitstyrkan. <\/li>\n<li>\n<h3>S\u00e4kerhet:<\/h3>\n<p> Alla cylindrar m\u00e5ste uppfylla s\u00e4kerhetsstandarder f\u00f6r att f\u00f6rhindra fel i hydraulsystemet, vilket kan leda till olyckor.<\/li>\n<li>\n<h3>Underh\u00e5llbarhet:<\/h3>\n<p> Hydraulcylinderns konstruktion b\u00f6r beakta underh\u00e5llsv\u00e4nlighet f\u00f6r att underl\u00e4tta reparation och underh\u00e5ll.<\/li>\n<\/ul>\n<p><img decoding=\"async\" src=\"https:\/\/www.hydraulic-cylinders.net\/wp-content\/uploads\/2025\/01\/songte-oil-pipes-and-spare-parts.webp\" alt=\"Bild av reservdelar\"><\/p>\n<h2>T\u00e4tning och sm\u00f6rjning<\/h2>\n<p>Ett brett utbud av t\u00e4tningskomponenter b\u00f6r anv\u00e4ndas, fr\u00e5n kolvt\u00e4tningar till kolvst\u00e5ngst\u00e4tningar, avstrykart\u00e4tningar och slitringar. De b\u00f6r vara tillverkade av slitstarka material som polyuretan eller nitrilgummi f\u00f6r att s\u00e4kerst\u00e4lla l\u00e5ng livsl\u00e4ngd. Cylinderhuset och de g\u00e4ngade \u00e4ndytorna b\u00f6r bearbetas noggrant f\u00f6r att \u00f6ka slitstyrkan. Regelbunden sm\u00f6rjning \u00e4r avg\u00f6rande f\u00f6r att s\u00e4kerst\u00e4lla korrekt drift av hydraulcylindern. Hydraulolja b\u00f6r tills\u00e4ttas med j\u00e4mna mellanrum f\u00f6r att sm\u00f6rja komponenterna och h\u00e5lla dem i gott skick.<\/p>\n<h2>Underh\u00e5ll och reparation<\/h2>\n<p>Regelbundet underh\u00e5ll \u00e4r viktigt f\u00f6r att s\u00e4kerst\u00e4lla hydraulcylinderns livsl\u00e4ngd. Det rekommenderas att kontrollera och underh\u00e5lla cylindern regelbundet. Regelbundna underh\u00e5llsuppgifter kan inkludera sm\u00f6rjning, byte av t\u00e4tningar och kalibreringskontroller. Korrekt installation och inriktning av cylindern \u00e4r avg\u00f6rande f\u00f6r optimal prestanda. Korrekta underh\u00e5lls- och reparationsprocedurer kan vara till hj\u00e4lp f\u00f6r att diagnostisera och l\u00f6sa problem.<\/p>\n<p><img decoding=\"async\" src=\"https:\/\/www.hydraulic-cylinders.net\/wp-content\/uploads\/2025\/01\/songte-chushion-collar.webp\" alt=\"Underh\u00e5llsbild\"><\/p>\n<h2>S\u00e4kerhetsaspekter och milj\u00f6faktorer<\/h2>\n<p>Vid anv\u00e4ndning av hydraulcylindrar m\u00e5ste s\u00e4kerhets\u00e5tg\u00e4rder vidtas f\u00f6r att f\u00f6rhindra olyckor. Det \u00e4r viktigt att noggrant f\u00f6lja s\u00e4kerhetsriktlinjer och f\u00f6reskrifter. Hydraulsystem m\u00e5ste regelbundet kontrolleras f\u00f6r l\u00e4ckor, korrosion och andra tecken p\u00e5 slitage f\u00f6r att s\u00e4kerst\u00e4lla att de f\u00f6rblir s\u00e4kra och funktionella. <\/p>\n<p><img decoding=\"async\" src=\"https:\/\/hzpt.com\/wp-content\/uploads\/2024\/11\/songte-company-1.webp\" alt=\"S\u00e4kerhetsbild\"><\/p>\n<h2>Vanliga problem och fels\u00f6kning<\/h2>\n<ul>\n<li>\n<h3>L\u00e4ckage:<\/h3>\n<p> Ett av de vanligaste problemen \u00e4r oljel\u00e4ckage fr\u00e5n hydraulcylindern. Detta kan orsakas av felaktiga t\u00e4tningar eller slitna komponenter. F\u00f6r att f\u00f6rhindra l\u00e4ckage m\u00e5ste alla t\u00e4tningar kontrolleras regelbundet och bytas ut vid behov. <\/li>\n<li>\n<h3>L\u00e5ngsam drift:<\/h3>\n<p> L\u00e5ngsam drift av hydraulcylindrar kan orsakas av olika faktorer, inklusive l\u00e5gt hydraultryck, ett igensatt eller smutsigt hydraulfilter eller slitna komponenter. Hydraulsystemet b\u00f6r kontrolleras f\u00f6r att identifiera orsaken till problemet. <\/li>\n<li>\n<h3>\u00d6verdrivet buller:<\/h3>\n<p> \u00d6verdrivet buller kan orsakas av luft i hydraulsystemet eller en sliten hydraulcylinder. Systemet b\u00f6r luftas och hydraulcylindern b\u00f6r kontrolleras f\u00f6r tecken p\u00e5 slitage.<\/li>\n<\/ul>\n<p>F\u00f6rebyggande \u00e5tg\u00e4rder b\u00f6r vidtas f\u00f6r att undvika dessa problem. Detta kan inkludera regelbundet underh\u00e5ll som sm\u00f6rjning, reng\u00f6ring och byte av t\u00e4tningar. <\/p>\n<p><img decoding=\"async\" src=\"https:\/\/www.hydraulic-cylinders.net\/wp-content\/uploads\/2025\/01\/songte-bushings-with-all-kinds-of-excavator-models.webp\" alt=\"Fels\u00f6kningsbild\"><\/p>\n<h2>Om v\u00e5rt f\u00f6retag<\/h2>\n<p>Vi \u00e4r en tillverkare av hydraulcylindrar som kan ers\u00e4tta befintliga hydraulcylindrar. V\u00e5rt f\u00f6retag har ett brett utbud av produktkategorier och har blivit en av de ledande tillverkarna och grossisterna av hydraulcylindrar p\u00e5 den inhemska och internationella marknaden. Vi f\u00f6ljer principen om utm\u00e4rkt kvalitet och f\u00f6rlitar oss p\u00e5 den industrialiserade produktionsstrategin fr\u00e5n fintillverkningsverkst\u00e4der. V\u00e5ra produkter tillverkas med hj\u00e4lp av avancerad digital tillverkningsutrustning och professionella testsystem och vi f\u00f6rb\u00e4ttrar kontinuerligt v\u00e5ra produktionslinjer f\u00f6r b\u00e4ttre produktkvalitet. Vi har en stark f\u00f6rm\u00e5ga att skapa med h\u00f6g effektivitet, h\u00f6g precision och h\u00f6g kvalitet f\u00f6r att m\u00f6ta olika kunders behov. <\/p>\n<p><img decoding=\"async\" src=\"https:\/\/www.hydraulic-cylinders.net\/wp-content\/uploads\/2025\/01\/songte-company-3.webp\" alt=\"F\u00f6retagsbild\"><\/p>\n<h2>Professionalism, internationell certifiering, anpassningstj\u00e4nster, produktionsutrustning och eftermarknadsservice<\/h2>\n<ul>\n<li>\n<h3>Professionalism:<\/h3>\n<p> Vi har ett professionellt tekniskt team och ett h\u00f6gkvalitativt produkttillverkningsteam.<\/li>\n<li>\n<h3>Internationell certifiering:<\/h3>\n<p> V\u00e5ra produkter har internationella certifieringar som ISO9001 och CE.<\/li>\n<li>\n<h3>Anpassningstj\u00e4nster:<\/h3>\n<p> Vi kan erbjuda kundanpassade produkter enligt kundens behov och tekniska krav.<\/li>\n<li>\n<h3>Produktionsutrustning:<\/h3>\n<p> Vi anv\u00e4nder avancerad digital tillverkningsutrustning och professionella testsystem f\u00f6r att f\u00f6rb\u00e4ttra produktkvaliteten.<\/li>\n<li>\n<h3>Eftermarknadstj\u00e4nster:<\/h3>\n<p> Vi erbjuder kunderna ett komplett utbud av eftermarknadstj\u00e4nster, inklusive produktunderh\u00e5ll, teknisk support och produktutbytestj\u00e4nster.<\/li>\n<\/ul>\n<p>V\u00e5rt f\u00f6retag str\u00e4var efter att f\u00f6rse kunderna med h\u00f6gkvalitativa hydraulcylindrar, professionell teknisk support och utm\u00e4rkt eftermarknadsservice. <\/p>\n<p>F\u00f6rfattare: lyl.<\/p>","protected":false},"excerpt":{"rendered":"<p>Bucket Cylinder For Caterpillar Small Excavator E301.7DCR Introduction The Bucket Cylinder for Caterpillar Small Excavator E301.7DCR is a specialized hydraulic cylinder primarily used for controlling the movement of buckets in heavy machinery such as excavators, backhoe excavators, and front-end loaders. Its main function is to enable the bucket to lift, lower, and tilt, making it [&hellip;]<\/p>","protected":false},"featured_media":14765,"comment_status":"open","ping_status":"closed","template":"","meta":{"_et_pb_use_builder":"","_et_pb_old_content":"","_et_gb_content_width":""},"product_brand":[],"product_cat":[1494],"product_tag":[1495,1496],"class_list":{"0":"post-15219","1":"product","2":"type-product","3":"status-publish","4":"has-post-thumbnail","6":"product_cat-bucket-cylinders","7":"product_tag-bucket-cylinders","8":"product_tag-hydraulic-cylinders","10":"first","11":"instock","12":"shipping-taxable","13":"product-type-simple"},"amp_enabled":true,"_links":{"self":[{"href":"https:\/\/www.hydraulic-cylinders.net\/sv\/wp-json\/wp\/v2\/product\/15219","targetHints":{"allow":["GET"]}}],"collection":[{"href":"https:\/\/www.hydraulic-cylinders.net\/sv\/wp-json\/wp\/v2\/product"}],"about":[{"href":"https:\/\/www.hydraulic-cylinders.net\/sv\/wp-json\/wp\/v2\/types\/product"}],"replies":[{"embeddable":true,"href":"https:\/\/www.hydraulic-cylinders.net\/sv\/wp-json\/wp\/v2\/comments?post=15219"}],"wp:featuredmedia":[{"embeddable":true,"href":"https:\/\/www.hydraulic-cylinders.net\/sv\/wp-json\/wp\/v2\/media\/14765"}],"wp:attachment":[{"href":"https:\/\/www.hydraulic-cylinders.net\/sv\/wp-json\/wp\/v2\/media?parent=15219"}],"wp:term":[{"taxonomy":"product_brand","embeddable":true,"href":"https:\/\/www.hydraulic-cylinders.net\/sv\/wp-json\/wp\/v2\/product_brand?post=15219"},{"taxonomy":"product_cat","embeddable":true,"href":"https:\/\/www.hydraulic-cylinders.net\/sv\/wp-json\/wp\/v2\/product_cat?post=15219"},{"taxonomy":"product_tag","embeddable":true,"href":"https:\/\/www.hydraulic-cylinders.net\/sv\/wp-json\/wp\/v2\/product_tag?post=15219"}],"curies":[{"name":"wp","href":"https:\/\/api.w.org\/{rel}","templated":true}]}}