{"id":15220,"date":"2025-01-19T14:15:22","date_gmt":"2025-01-19T14:15:22","guid":{"rendered":"https:\/\/www.hydraulic-cylinders.net\/product\/bucket-cylinder-for-caterpillar-small-excavator-e305-5e\/"},"modified":"2025-01-19T14:15:24","modified_gmt":"2025-01-19T14:15:24","slug":"bucket-cylinder-for-caterpillar-small-excavator-e305-5e","status":"publish","type":"product","link":"https:\/\/www.hydraulic-cylinders.net\/sv\/produkt\/bucket-cylinder-for-caterpillar-small-excavator-e305-5e\/","title":{"rendered":"Skopscylinder f\u00f6r Caterpillar liten gr\u00e4vmaskin E305.5E"},"content":{"rendered":"<h1>Skopscylinder f\u00f6r Caterpillar liten gr\u00e4vmaskin E305.5E<\/h1>\n<h2>Introduktion<\/h2>\n<h3>Definiera skopcylinder<\/h3>\n<p>En skopcylinder \u00e4r en specialdesignad hydraulcylinder som huvudsakligen anv\u00e4nds f\u00f6r att styra r\u00f6relsen hos spadar eller skopor i tunga maskiner som gr\u00e4vmaskiner, gr\u00e4vlastare och frontlastare. Dess prim\u00e4ra funktion \u00e4r att g\u00f6ra det m\u00f6jligt f\u00f6r skopan att lyfta, s\u00e4nka och luta, vilket g\u00f6r det enklare att utf\u00f6ra olika materialhanteringsuppgifter. I hydraulsystemet styr skopcylindrar skopans exakta r\u00f6relser genom f\u00f6r\u00e4ndringar i hydrauloljetrycket, vilket g\u00f6r det m\u00f6jligt f\u00f6r f\u00f6rare att effektivt hantera tunga laster och anpassa sig till komplexa arbetsmilj\u00f6er och olika driftsbehov.<\/p>\n<p><img decoding=\"async\" src=\"https:\/\/www.hydraulic-cylinders.net\/wp-content\/uploads\/2025\/01\/songte-company-2.webp\"\/><\/p>\n<h3>Drag<\/h3>\n<ul>\n<li>H\u00f6g h\u00e5llfasthet och h\u00e5llbarhet: Den \u00e4r vanligtvis tillverkad av h\u00f6gh\u00e5llfast st\u00e5l eller aluminium, t\u00e5l h\u00f6gt tryck och tunga belastningar, anpassar sig till tuffa arbetsmilj\u00f6er och tar h\u00e4nsyn till slitstyrka och korrosionsbest\u00e4ndighet i konstruktionen, vilket f\u00f6rl\u00e4nger livsl\u00e4ngden.<\/li>\n<li>Effektiv hydraulisk drift: Smidiga ut- och indragningsr\u00f6relser uppn\u00e5s genom hydraultryck, vilket snabbt kan reagera p\u00e5 styrkommandon, ge starka tryck- och dragkrafter och \u00e4r l\u00e4mpligt f\u00f6r hantering av tunga laster och komplexa uppgifter.<\/li>\n<li>Olika typer: Enkelverkande (hydrauliska anv\u00e4nds endast i en riktning) eller dubbelverkande (hydrauliska anv\u00e4nds i b\u00e5da riktningarna) cylindrar kan v\u00e4ljas efter driftsbehov. Vissa modeller \u00e4r teleskopiska, vilket m\u00f6jligg\u00f6r st\u00f6rre utdrag utan att \u00f6ka ytterm\u00e5tten, vilket g\u00f6r dem idealiska f\u00f6r applikationer med begr\u00e4nsat utrymme.<\/li>\n<li>L\u00e4tt att tillverka: V\u00e5ra produkter kan perfekt ers\u00e4tta dessa hydraulcylindrar.<\/li>\n<\/ul>\n<p><img decoding=\"async\" src=\"https:\/\/www.hydraulic-cylinders.net\/wp-content\/uploads\/2025\/01\/songte-cylinder-head-with-all-kinds-excavator-models.webp\"\/><\/p>\n<h3>Applikationer<\/h3>\n<p>Skopscylindrar anv\u00e4nds flitigt inom olika industrier tack vare deras utm\u00e4rkta prestanda. H\u00e4r \u00e4r n\u00e5gra av de vanligaste till\u00e4mpningarna:<\/p>\n<h4>Byggutrustning<\/h4>\n<p>I gr\u00e4vmaskiner \u00e4r de viktiga f\u00f6r att gr\u00e4va, lasta och flytta jord eller skr\u00e4p. I gr\u00e4vlastare hj\u00e4lper skopcylindrar till med b\u00e5de gr\u00e4vning och lyftning. <\/p>\n<h4>Jordbruksmaskiner<\/h4>\n<p>Anv\u00e4nds i frontlastare f\u00f6r att \u00f6sa, lyfta och transportera jord, h\u00f6 och andra material.<\/p>\n<h4>Gr\u00e4vmaskiner<\/h4>\n<p>Skopscylindrar anv\u00e4nds f\u00f6r att skopan ska kunna tr\u00e4nga ner i jorden.<\/p>\n<h4>Lastare<\/h4>\n<p>I frontlastare hj\u00e4lper de till att lyfta och dumpa gods effektivt.<\/p>\n<h3>Design\u00f6verv\u00e4ganden och urvalsstandarder<\/h3>\n<p>Skopscylindrar \u00e4r viktiga komponenter i hydrauliska system, och deras design- och urvalsstandarder \u00e4r avg\u00f6rande. H\u00e4r \u00e4r n\u00e5gra viktiga faktorer att beakta:<\/p>\n<h4>B\u00e4rf\u00f6rm\u00e5ga<\/h4>\n<p>Skopscylindrar m\u00e5ste vara konstruerade f\u00f6r att motst\u00e5 de belastningar som orsakas av den utrustning och det material som ska flyttas.<\/p>\n<h4>T\u00e4tning<\/h4>\n<p>Kolv- och st\u00e5ngt\u00e4tningarna m\u00e5ste v\u00e4ljas noggrant f\u00f6r att f\u00f6rhindra l\u00e4ckage och kontaminering. Polyuretan eller nitrilgummi anv\u00e4nds ofta som material p\u00e5 grund av deras slitstyrka och korrosionsskyddande egenskaper.<\/p>\n<h4>Varaktighet<\/h4>\n<p>Cylindern m\u00e5ste vara konstruerad f\u00f6r att motst\u00e5 den tuffa driftsmilj\u00f6n och motst\u00e5 slitage och korrosion under en l\u00e5ng period.<\/p>\n<h4>S\u00e4kerhet<\/h4>\n<p>Konstruktionen m\u00e5ste ta h\u00e4nsyn till s\u00e4kerhetsaspekter f\u00f6r att minimera risken f\u00f6r olyckor.<\/p>\n<h4>Underh\u00e5ll<\/h4>\n<p>Cylindern m\u00e5ste vara konstruerad f\u00f6r att underl\u00e4tta inspektioner, underh\u00e5ll och reparationer, och vara enkel att demontera och montera ihop igen.<\/p>\n<p><img decoding=\"async\" src=\"https:\/\/www.hydraulic-cylinders.net\/wp-content\/uploads\/2025\/01\/songte-oil-pipes-and-spare-parts.webp\"\/><\/p>\n<h3>T\u00e4tning och sm\u00f6rjning<\/h3>\n<p>Skopscylindrar kr\u00e4ver korrekt t\u00e4tning och sm\u00f6rjning f\u00f6r att s\u00e4kerst\u00e4lla optimal prestanda och f\u00f6rl\u00e4ngd livsl\u00e4ngd. F\u00f6ljande steg \u00e4r viktiga:<\/p>\n<ul>\n<li>Olika t\u00e4tningselement som kolvt\u00e4tningar, kolvst\u00e5ngst\u00e4tningar etc. b\u00f6r kontrolleras regelbundet och bytas ut vid behov.<\/li>\n<li>Cylinderhuset och g\u00e4ngytan b\u00f6r bearbetas noggrant f\u00f6r att f\u00f6rb\u00e4ttra slitstyrkan.<\/li>\n<li>Sm\u00f6rj regelbundet hydraulcylindern med l\u00e4mplig hydraulolja f\u00f6r att s\u00e4kerst\u00e4lla smidig drift och f\u00f6rl\u00e4nga dess livsl\u00e4ngd.<\/li>\n<\/ul>\n<p><img decoding=\"async\" src=\"https:\/\/www.hydraulic-cylinders.net\/wp-content\/uploads\/2025\/01\/songte-chushion-collar.webp\"\/><\/p>\n<h3>Regelbundet underh\u00e5ll och f\u00f6rebyggande \u00e5tg\u00e4rder<\/h3>\n<ul>\n<li>Regelbundna inspektioner och l\u00e4mplig sm\u00f6rjning \u00e4r avg\u00f6rande f\u00f6r att s\u00e4kerst\u00e4lla cylinderns optimala prestanda.<\/li>\n<li>Byt ut alla slitna eller skadade delar s\u00e5 snart som m\u00f6jligt.<\/li>\n<li>Korrekt uppriktning under installationen \u00e4r avg\u00f6rande f\u00f6r att s\u00e4kerst\u00e4lla optimal prestanda.<\/li>\n<li>Korrekt justering av cylindern och anv\u00e4ndning av l\u00e4mpliga monteringsf\u00e4sten kan f\u00f6rb\u00e4ttra cylinderns h\u00e5llbarhet och minska risken f\u00f6r skador.<\/li>\n<li>Rekommendationer g\u00e4llande inspektions-, reparations- och utbytesprocedurer ges f\u00f6r att \u00f6ka skopcylinderns livsl\u00e4ngd.<\/li>\n<\/ul>\n<p><img decoding=\"async\" src=\"https:\/\/www.hydraulic-cylinders.net\/wp-content\/uploads\/2025\/01\/songte-bushings-with-all-kinds-of-excavator-models.webp\"\/><\/p>\n<h3>S\u00e4kerhetsaspekter och milj\u00f6faktorer<\/h3>\n<p>Vid anv\u00e4ndning av skopcylindrar \u00e4r s\u00e4kerhets\u00e5tg\u00e4rder avg\u00f6rande f\u00f6r att minimera risken f\u00f6r olyckor. Det \u00e4r viktigt att f\u00f6lja s\u00e4kerhetsf\u00f6reskrifter och bruksanvisningar.<\/p>\n<h3>Feldiagnos och vanliga problem<\/h3>\n<p>F\u00f6ljande \u00e4r n\u00e5gra vanliga problem med skopcylindrar:<\/p>\n<ul>\n<li>L\u00e4ckage av hydraulolja.<\/li>\n<li>Driftande eller of\u00f6rm\u00e5ga att h\u00e5lla trycket.<\/li>\n<li>L\u00e5ngsam eller oregelbunden drift.<\/li>\n<\/ul>\n<p>N\u00e4r dessa problem uppst\u00e5r kan f\u00f6ljande \u00e5tg\u00e4rder vidtas f\u00f6r att \u00e5tg\u00e4rda dem:<\/p>\n<ul>\n<li>Kontrollera och byt ut alla slitna eller skadade t\u00e4tningar eller andra komponenter.<\/li>\n<li>Kontrollera om det finns n\u00e5gon f\u00f6rorening i hydrauloljan och byt ut den vid behov.<\/li>\n<li>Se till att alla hydrauliska ledningar och anslutningar \u00e4r s\u00e4krade och i gott skick.<\/li>\n<\/ul>\n<p><img decoding=\"async\" src=\"https:\/\/hzpt.com\/wp-content\/uploads\/2024\/11\/songte-company-1.webp\"\/><\/p>\n<h2>Om oss<\/h2>\n<p>Vi \u00e4r en tillverkare av hydraulcylindrar med ett brett produktsortiment, vilket g\u00f6r oss till en av de ledande tillverkarna och grossistdistribut\u00f6rerna av hydraulcylindrar p\u00e5 inhemska och internationella marknader. Vi f\u00f6ljer principen om utm\u00e4rkt kvalitet och f\u00f6rlitar oss p\u00e5 strategier f\u00f6r industriell produktionsledning som bygger p\u00e5 precisionstillverkningsverkst\u00e4der, teknisk talang, avancerad digital tillverkningsutrustning och professionella inspektionssystem f\u00f6r att kontinuerligt f\u00f6rb\u00e4ttra tillverkningsplattformen i v\u00e5r verkstad, f\u00f6rb\u00e4ttra produktkvaliteten i produktionslinjen och ha stark kreativitet. Vi utvecklar och producerar produkter som m\u00f6ter kundernas krav baserat p\u00e5 principerna om h\u00f6g effektivitet, h\u00f6g precision och h\u00f6g kvalitet.<\/p>\n<p><img decoding=\"async\" src=\"https:\/\/www.hydraulic-cylinders.net\/wp-content\/uploads\/2025\/01\/songte-company-3.webp\"\/><\/p>\n<h3>Professionalism<\/h3>\n<p>Vi har ett team av tekniska experter med stor erfarenhet av produktion, testning och inspektion av hydraulcylindrar, vilket s\u00e4kerst\u00e4ller att v\u00e5ra produkter uppfyller internationella kvalitetsstandarder.<\/p>\n<h3>Internationell certifiering<\/h3>\n<p>V\u00e5ra produkter har klarat olika internationella certifieringar, s\u00e5som ISO9001:2015, CE, RoHS, UL och andra certifieringar, vilket s\u00e4kerst\u00e4ller att v\u00e5ra kunder har en h\u00f6g grad av f\u00f6rtroende f\u00f6r v\u00e5ra produkter.<\/p>\n<h3>Anpassningstj\u00e4nster<\/h3>\n<p>Vi kan anpassa produkten efter v\u00e5ra kunders specifika krav och s\u00e4kerst\u00e4lla att deras individuella behov tillgodoses.<\/p>\n<h3>Produktionsutrustning<\/h3>\n<p>Vi anv\u00e4nder avancerad produktionsutrustning och inspektionssystem f\u00f6r att s\u00e4kerst\u00e4lla att v\u00e5ra produkter h\u00e5ller h\u00f6gsta kvalitet och uppfyller kundernas krav.<\/p>\n<h3>Eftermarknadstj\u00e4nster<\/h3>\n<p>Vi erbjuder utm\u00e4rkt eftermarknadsservice och s\u00e4kerst\u00e4ller att v\u00e5ra kunder \u00e4r n\u00f6jda med v\u00e5ra produkter och tj\u00e4nster. Vi erbjuder reservdelar och renoveringstj\u00e4nster, ger tips f\u00f6r att f\u00f6rl\u00e4nga livsl\u00e4ngden p\u00e5 hydraulcylindrar och mer.<\/p>\n<h4>F\u00f6rfattare: lyl<\/h4>","protected":false},"excerpt":{"rendered":"<p>Bucket Cylinder For Caterpillar Small Excavator E305.5E Introduction Defining Bucket Cylinder A bucket cylinder is a specially designed hydraulic cylinder mainly used to control the movement of shovels or buckets in heavy machinery such as excavators, backhoe loaders, and front-end loaders. Its primary function is to enable the bucket to lift, lower, and tilt, making [&hellip;]<\/p>","protected":false},"featured_media":14762,"comment_status":"open","ping_status":"closed","template":"","meta":{"_et_pb_use_builder":"","_et_pb_old_content":"","_et_gb_content_width":""},"product_brand":[],"product_cat":[1494],"product_tag":[1495,1496],"class_list":{"0":"post-15220","1":"product","2":"type-product","3":"status-publish","4":"has-post-thumbnail","6":"product_cat-bucket-cylinders","7":"product_tag-bucket-cylinders","8":"product_tag-hydraulic-cylinders","10":"first","11":"instock","12":"shipping-taxable","13":"product-type-simple"},"amp_enabled":true,"_links":{"self":[{"href":"https:\/\/www.hydraulic-cylinders.net\/sv\/wp-json\/wp\/v2\/product\/15220","targetHints":{"allow":["GET"]}}],"collection":[{"href":"https:\/\/www.hydraulic-cylinders.net\/sv\/wp-json\/wp\/v2\/product"}],"about":[{"href":"https:\/\/www.hydraulic-cylinders.net\/sv\/wp-json\/wp\/v2\/types\/product"}],"replies":[{"embeddable":true,"href":"https:\/\/www.hydraulic-cylinders.net\/sv\/wp-json\/wp\/v2\/comments?post=15220"}],"wp:featuredmedia":[{"embeddable":true,"href":"https:\/\/www.hydraulic-cylinders.net\/sv\/wp-json\/wp\/v2\/media\/14762"}],"wp:attachment":[{"href":"https:\/\/www.hydraulic-cylinders.net\/sv\/wp-json\/wp\/v2\/media?parent=15220"}],"wp:term":[{"taxonomy":"product_brand","embeddable":true,"href":"https:\/\/www.hydraulic-cylinders.net\/sv\/wp-json\/wp\/v2\/product_brand?post=15220"},{"taxonomy":"product_cat","embeddable":true,"href":"https:\/\/www.hydraulic-cylinders.net\/sv\/wp-json\/wp\/v2\/product_cat?post=15220"},{"taxonomy":"product_tag","embeddable":true,"href":"https:\/\/www.hydraulic-cylinders.net\/sv\/wp-json\/wp\/v2\/product_tag?post=15220"}],"curies":[{"name":"wp","href":"https:\/\/api.w.org\/{rel}","templated":true}]}}