{"id":15227,"date":"2025-01-19T14:15:48","date_gmt":"2025-01-19T14:15:48","guid":{"rendered":"https:\/\/www.hydraulic-cylinders.net\/product\/bucket-cylinder-for-caterpillar-middle-excavator-e320d-gc\/"},"modified":"2025-01-19T14:15:56","modified_gmt":"2025-01-19T14:15:56","slug":"bucket-cylinder-for-caterpillar-middle-excavator-e320d-gc","status":"publish","type":"product","link":"https:\/\/www.hydraulic-cylinders.net\/sv\/produkt\/bucket-cylinder-for-caterpillar-middle-excavator-e320d-gc\/","title":{"rendered":"Skopscylinder f\u00f6r Caterpillar mellangr\u00e4vmaskin E320D GC"},"content":{"rendered":"<p><!DOCTYPE html><br \/>\n<html><br \/>\n<head><br \/>\n<title>Skopscylinder f\u00f6r Caterpillar mellangr\u00e4vmaskin E320D GC<\/title><br \/>\n<\/head><br \/>\n<body><\/p>\n<h1>Skopscylinder f\u00f6r Caterpillar mellangr\u00e4vmaskin E320D GC<\/h1>\n<h2>Introduktion<\/h2>\n<p>Skopcylindern till Caterpillar mellangr\u00e4vmaskin E320D GC \u00e4r en specialdesignad hydraulcylinder som anv\u00e4nds f\u00f6r att styra skopans r\u00f6relse i tunga maskiner som gr\u00e4vmaskiner, gr\u00e4vlastare och frontlastare. Dess huvudsakliga funktion \u00e4r att g\u00f6ra det m\u00f6jligt att lyfta, s\u00e4nka och luta skopan, vilket g\u00f6r det enklare f\u00f6r olika materialhanteringsuppgifter. I hydraulsystemet uppn\u00e5r skopcylindern exakt kontroll \u00f6ver skopan genom att utnyttja f\u00f6r\u00e4ndringar i hydrauloljetrycket, vilket g\u00f6r det m\u00f6jligt f\u00f6r f\u00f6rare att effektivt hantera tunga laster och anpassa sig till komplexa arbetsmilj\u00f6er och olika driftskrav.<\/p>\n<p><img decoding=\"async\" src=\"https:\/\/www.hydraulic-cylinders.net\/wp-content\/uploads\/2025\/01\/songte-company-2.webp\" alt=\"Bild av skopcylinder\"><\/p>\n<h2>Drag<\/h2>\n<ul>\n<li>H\u00f6g h\u00e5llfasthet och h\u00e5llbarhet: Vanligtvis tillverkad av h\u00f6gh\u00e5llfast st\u00e5l eller aluminium, t\u00e5l h\u00f6gt tryck och tunga belastningar, \u00e4r anpassningsbar till tuffa arbetsmilj\u00f6er, konstruerad med slitstyrka och korrosionsbest\u00e4ndighet i \u00e5tanke, vilket f\u00f6rl\u00e4nger livsl\u00e4ngden.<\/li>\n<li>Effektiv hydraulisk drift: Anv\u00e4nder hydrauloljetryck f\u00f6r att uppn\u00e5 smidiga ut- och indragningsr\u00f6relser, kan reagera snabbt p\u00e5 kontrollkommandon och ger kraftfulla tryck- och dragkrafter, l\u00e4mplig f\u00f6r hantering av tunga laster och komplexa driftsuppgifter.<\/li>\n<li>Olika typer: Kan v\u00e4ljas som enkelverkande (hydrauliska i endast en riktning) eller dubbelverkande (hydrauliska i b\u00e5da riktningarna) cylindrar efter behov. Vissa modeller \u00e4r teleskopiska, vilket m\u00f6jligg\u00f6r st\u00f6rre utdrag utan att \u00f6ka ytterm\u00e5tten, l\u00e4mpliga f\u00f6r applikationer med begr\u00e4nsat utrymme.<\/li>\n<li>Perfekt ers\u00e4ttning: V\u00e5r produkt kan perfekt ers\u00e4tta dessa hydraulcylindrar.<\/li>\n<\/ul>\n<p><img decoding=\"async\" src=\"https:\/\/www.hydraulic-cylinders.net\/wp-content\/uploads\/2025\/01\/songte-cylinder-head-with-all-kinds-excavator-models.webp\" alt=\"Bild f\u00f6r utbyte av skopcylinder\"><\/p>\n<h2>Applikationer<\/h2>\n<p>Skopscylindrar anv\u00e4nds ofta i olika utrustningar och industrier:<\/p>\n<ul>\n<li>Byggutrustning: De finns i gr\u00e4vmaskiner och \u00e4r avg\u00f6rande f\u00f6r att gr\u00e4va, lasta och flytta jord eller skr\u00e4p. I gr\u00e4vlastare hj\u00e4lper skopcylindrar till med b\u00e5de gr\u00e4vning och lyftning.<\/li>\n<li>Jordbruksmaskiner: Anv\u00e4nds i frontlastare f\u00f6r att \u00f6sa, lyfta och transportera jord, h\u00f6 och andra material.<\/li>\n<li>Gr\u00e4vmaskiner: Skopscylindrar m\u00f6jligg\u00f6r gr\u00e4vning genom att l\u00e5ta skopan tr\u00e4nga ner i jorden.<\/li>\n<li>Lastare: I frontlastare hj\u00e4lper de till med lyftning och tiltning f\u00f6r effektiv t\u00f6mning av gods.<\/li>\n<\/ul>\n<h2>Design\u00f6verv\u00e4ganden och urvalskriterier<\/h2>\n<ul>\n<li>B\u00e4rf\u00f6rm\u00e5ga: Skopans cylinder \u00e4r konstruerad f\u00f6r att motst\u00e5 de f\u00f6rv\u00e4ntade belastningarna och krafterna som uppst\u00e5r under drift.<\/li>\n<li>T\u00e4tning: Olika t\u00e4tningskomponenter som kolvt\u00e4tningar och st\u00e5ngt\u00e4tningar anv\u00e4nds f\u00f6r att s\u00e4kerst\u00e4lla korrekt inneslutning av hydraulv\u00e4tska och f\u00f6rhindra l\u00e4ckage.<\/li>\n<li>H\u00e5llbarhet: Cylindern \u00e4r konstruerad med material och bel\u00e4ggningar som f\u00f6rb\u00e4ttrar dess motst\u00e5ndskraft mot slitage och korrosion, vilket s\u00e4kerst\u00e4ller en l\u00e4ngre livsl\u00e4ngd.<\/li>\n<li>S\u00e4kerhet: S\u00e4kerhetsfunktioner som tryckavlastningsventiler och korrekt installation \u00e4r inf\u00f6rlivade f\u00f6r att f\u00f6rhindra olyckor.<\/li>\n<li>Underh\u00e5llbarhet: Tillg\u00e4ngliga komponenter och enkel demontering underl\u00e4ttar underh\u00e5ll och reparationer.<\/li>\n<\/ul>\n<p><img decoding=\"async\" src=\"https:\/\/www.hydraulic-cylinders.net\/wp-content\/uploads\/2025\/01\/songte-oil-pipes-and-spare-parts.webp\" alt=\"Bild f\u00f6r t\u00e4tning och sm\u00f6rjning\"><\/p>\n<h2>T\u00e4tning och sm\u00f6rjning<\/h2>\n<p>Skopscylindern anv\u00e4nder olika t\u00e4tningar, s\u00e5som kolvt\u00e4tningar och kolvst\u00e5ngst\u00e4tningar, tillverkade av slitstarka material som polyuretan och nitrilgummi. Cylinderhuset och de g\u00e4ngade \u00e4ndytorna genomg\u00e5r en finbehandling f\u00f6r att f\u00f6rb\u00e4ttra slitstyrkan. Regelbunden sm\u00f6rjning med l\u00e4mplig m\u00e4ngd hydraulolja \u00e4r n\u00f6dv\u00e4ndig f\u00f6r att s\u00e4kerst\u00e4lla smidig drift.<\/p>\n<h2>Regelbunden inspektion och f\u00f6rebyggande underh\u00e5ll<\/h2>\n<ul>\n<li>Kontrollera regelbundet cylindern f\u00f6r tecken p\u00e5 slitage, l\u00e4ckage eller skador.<\/li>\n<li>S\u00e4kerst\u00e4ll korrekt sm\u00f6rjning av alla r\u00f6rliga delar.<\/li>\n<li>Byt ut t\u00e4tningar och andra komponenter efter behov f\u00f6r att bibeh\u00e5lla optimal prestanda.<\/li>\n<\/ul>\n<h2>Installationsguide<\/h2>\n<p>Korrekt installation \u00e4r avg\u00f6rande f\u00f6r att skopcylindern ska fungera effektivt:<\/p>\n<ul>\n<li>S\u00e4kerst\u00e4ll korrekt inriktning av cylindern under installationen.<\/li>\n<li>Anv\u00e4nd l\u00e4mpliga monteringsf\u00e4sten f\u00f6r att s\u00e4kra cylindern.<\/li>\n<\/ul>\n<p><img decoding=\"async\" src=\"https:\/\/www.hydraulic-cylinders.net\/wp-content\/uploads\/2025\/01\/songte-chushion-collar.webp\" alt=\"Bild av installationsguide\"><\/p>\n<h2>Underh\u00e5llsuppgifter<\/h2>\n<ul>\n<li>Regelbundna inspektioner<\/li>\n<li>Korrekt sm\u00f6rjning<\/li>\n<li>Byte av t\u00e4tning<\/li>\n<li>Kalibreringskontroller<\/li>\n<\/ul>\n<p>Korrekt installation, sm\u00f6rjning och justering \u00e4r avg\u00f6rande. Ge v\u00e4gledning f\u00f6r korrekt justering av cylindern under installationen. Rekommendera anv\u00e4ndning av l\u00e4mpliga installationsf\u00e4sten f\u00f6r att s\u00e4kra cylindern. Rekommendera rekommenderade inspektions-, reparations- och utbytesprocedurer. Ge tips f\u00f6r att f\u00f6rl\u00e4nga skopcylinderns livsl\u00e4ngd.<\/p>\n<p><img decoding=\"async\" src=\"https:\/\/www.hydraulic-cylinders.net\/wp-content\/uploads\/2025\/01\/songte-bushings-with-all-kinds-of-excavator-models.webp\" alt=\"Bild f\u00f6r underh\u00e5llsuppgifter\"><\/p>\n<h2>S\u00e4kerhetsaspekter och milj\u00f6faktorer<\/h2>\n<p>N\u00e4r skopcylindern anv\u00e4nds \u00e4r det viktigt att f\u00f6lja s\u00e4kerhets\u00e5tg\u00e4rder f\u00f6r att f\u00f6rhindra olyckor relaterade till dess drift och att beakta milj\u00f6faktorer f\u00f6r korrekt kassering och \u00e5tervinning av komponenter.<\/p>\n<h2>Fels\u00f6kning och vanliga problem<\/h2>\n<p>Vanliga problem som kan uppst\u00e5 med skopcylindern:<\/p>\n<ul>\n<li>L\u00e4ckage<\/li>\n<li>L\u00e5ngsam eller ryckig r\u00f6relse<\/li>\n<li>Brist p\u00e5 makt<\/li>\n<\/ul>\n<p>Tillhandah\u00e5lla fels\u00f6kningstips och l\u00f6sningar f\u00f6r att hj\u00e4lpa l\u00e4sare att effektivt diagnostisera och l\u00f6sa problem. F\u00f6resl\u00e5 f\u00f6rebyggande \u00e5tg\u00e4rder f\u00f6r att minimera potentiella problem.<\/p>\n<p><img decoding=\"async\" src=\"https:\/\/www.hydraulic-cylinders.net\/wp-content\/uploads\/2025\/01\/songte-company-1.webp\" alt=\"Fels\u00f6kningsbild\"><\/p>\n<h2>Om v\u00e5rt f\u00f6retag<\/h2>\n<p>Vi \u00e4r en ledande tillverkare och grossistdistribut\u00f6r av hydrauliska reservcylindrar p\u00e5 den inhemska och internationella marknaden. V\u00e5rt f\u00f6retag erbjuder ett brett utbud av produkter och \u00e4r engagerade i att leverera h\u00f6gsta kvalitet. Med v\u00e5ra avancerade tillverkningsanl\u00e4ggningar, skickliga tekniker och professionella testsystem str\u00e4var vi efter att m\u00f6ta olika kunders krav med h\u00f6g effektivitet, precision och kvalitet.<\/p>\n<p><img decoding=\"async\" src=\"https:\/\/www.hydraulic-cylinders.net\/wp-content\/uploads\/2025\/01\/songte-company-3.webp\" alt=\"F\u00f6retagsbild\"><\/p>\n<h3>F\u00f6retagets h\u00f6jdpunkter:<\/h3>\n<ul>\n<li>Professionalism<\/li>\n<li>Internationella certifieringar<\/li>\n<li>Anpassningstj\u00e4nster<\/li>\n<li>Avancerad produktionsutrustning<\/li>\n<li>Eftermarknadstj\u00e4nster<\/li>\n<\/ul>\n<p><\/body><br \/>\n<\/html><br \/>\n<!-- Author: lyl --><\/p>","protected":false},"excerpt":{"rendered":"<p>Bucket Cylinder For Caterpillar Middle Excavator E320D GC Bucket Cylinder For Caterpillar Middle Excavator E320D GC Introduction The bucket cylinder for Caterpillar middle excavator E320D GC is a specially designed hydraulic cylinder used to control the movement of the bucket in heavy machinery such as excavators, backhoe loaders, and front-end loaders. Its main function is [&hellip;]<\/p>","protected":false},"featured_media":14782,"comment_status":"open","ping_status":"closed","template":"","meta":{"_et_pb_use_builder":"","_et_pb_old_content":"","_et_gb_content_width":""},"product_brand":[],"product_cat":[1494],"product_tag":[1495,1496],"class_list":{"0":"post-15227","1":"product","2":"type-product","3":"status-publish","4":"has-post-thumbnail","6":"product_cat-bucket-cylinders","7":"product_tag-bucket-cylinders","8":"product_tag-hydraulic-cylinders","10":"first","11":"instock","12":"shipping-taxable","13":"product-type-simple"},"amp_enabled":true,"_links":{"self":[{"href":"https:\/\/www.hydraulic-cylinders.net\/sv\/wp-json\/wp\/v2\/product\/15227","targetHints":{"allow":["GET"]}}],"collection":[{"href":"https:\/\/www.hydraulic-cylinders.net\/sv\/wp-json\/wp\/v2\/product"}],"about":[{"href":"https:\/\/www.hydraulic-cylinders.net\/sv\/wp-json\/wp\/v2\/types\/product"}],"replies":[{"embeddable":true,"href":"https:\/\/www.hydraulic-cylinders.net\/sv\/wp-json\/wp\/v2\/comments?post=15227"}],"wp:featuredmedia":[{"embeddable":true,"href":"https:\/\/www.hydraulic-cylinders.net\/sv\/wp-json\/wp\/v2\/media\/14782"}],"wp:attachment":[{"href":"https:\/\/www.hydraulic-cylinders.net\/sv\/wp-json\/wp\/v2\/media?parent=15227"}],"wp:term":[{"taxonomy":"product_brand","embeddable":true,"href":"https:\/\/www.hydraulic-cylinders.net\/sv\/wp-json\/wp\/v2\/product_brand?post=15227"},{"taxonomy":"product_cat","embeddable":true,"href":"https:\/\/www.hydraulic-cylinders.net\/sv\/wp-json\/wp\/v2\/product_cat?post=15227"},{"taxonomy":"product_tag","embeddable":true,"href":"https:\/\/www.hydraulic-cylinders.net\/sv\/wp-json\/wp\/v2\/product_tag?post=15227"}],"curies":[{"name":"wp","href":"https:\/\/api.w.org\/{rel}","templated":true}]}}