{"id":15233,"date":"2025-01-19T14:16:23","date_gmt":"2025-01-19T14:16:23","guid":{"rendered":"https:\/\/www.hydraulic-cylinders.net\/product\/bucket-cylinder-for-caterpillar-middle-excavator-e33202\/"},"modified":"2025-01-19T14:16:25","modified_gmt":"2025-01-19T14:16:25","slug":"bucket-cylinder-for-caterpillar-middle-excavator-e33202","status":"publish","type":"product","link":"https:\/\/www.hydraulic-cylinders.net\/sv\/produkt\/bucket-cylinder-for-caterpillar-middle-excavator-e33202\/","title":{"rendered":"Skopscylinder f\u00f6r Caterpillar mellangr\u00e4vmaskin E33202"},"content":{"rendered":"<h1>Skopscylinder f\u00f6r Caterpillar mellangr\u00e4vmaskin E33202<\/h1>\n<h2>Introduktion<\/h2>\n<h3>Definition och f\u00f6rklaring<\/h3>\n<p>En skopcylinder f\u00f6r Caterpillar Middle Excavator E33202 \u00e4r en specialiserad hydraulcylinder som fr\u00e4mst anv\u00e4nds f\u00f6r att styra r\u00f6relsen hos skopor i tunga maskiner, s\u00e5som gr\u00e4vmaskiner, traktorgr\u00e4vmaskiner och frontlastare. Dess huvudsakliga funktion \u00e4r att g\u00f6ra det m\u00f6jligt f\u00f6r skopan att lyfta, s\u00e4nka och luta, vilket underl\u00e4ttar olika materialhanteringsuppgifter. I hydraulsystemet uppn\u00e5r skopcylindern exakt kontroll \u00f6ver skopan genom f\u00f6r\u00e4ndringar i hydrauloljetrycket, vilket g\u00f6r det m\u00f6jligt f\u00f6r f\u00f6rare att hantera tunga laster effektivt, anpassa sig till komplexa arbetsmilj\u00f6er och olika driftskrav.<\/p>\n<div>\n    <img decoding=\"async\" src=\"https:\/\/www.hydraulic-cylinders.net\/wp-content\/uploads\/2025\/01\/songte-company-2.webp\" alt=\"Skopscylinder f\u00f6r Caterpillar mellangr\u00e4vmaskin E33202\">\n<\/div>\n<h2>Produktegenskaper<\/h2>\n<h3>H\u00f6g styrka och h\u00e5llbarhet<\/h3>\n<p>Skopscylindrar \u00e4r vanligtvis tillverkade av h\u00f6gh\u00e5llfast st\u00e5l eller aluminium, t\u00e5l h\u00f6gt tryck och tunga belastningar, anpassar sig till tuffa arbetsmilj\u00f6er och \u00e4r konstruerade med slitstyrka och korrosionsbest\u00e4ndighet i \u00e5tanke, vilket f\u00f6rl\u00e4nger deras livsl\u00e4ngd.<\/p>\n<h3>Effektiva hydrauliska funktioner<\/h3>\n<p>Skopscylindrar utnyttjar hydrauloljans tryck f\u00f6r att uppn\u00e5 smidiga utskjutnings- och sammandragningsr\u00f6relser, kan reagera snabbt p\u00e5 styrkommandon, ge kraftfulla tryck- och dragkrafter och \u00e4r l\u00e4mpliga f\u00f6r hantering av tunga laster och komplexa driftsuppgifter.<\/p>\n<h3>Flera typer<\/h3>\n<p>Skopscylindrar kan vara enkelverkande (med hydraulik endast i en riktning) eller dubbelverkande (med hydraulik i b\u00e5da riktningarna) beroende p\u00e5 driftsbehov. Vissa modeller \u00e4r teleskopiska, vilket m\u00f6jligg\u00f6r st\u00f6rre utdrag utan att \u00f6ka de yttersta m\u00e5tten, vilket g\u00f6r dem l\u00e4mpliga f\u00f6r anv\u00e4ndning i begr\u00e4nsade utrymmen.<\/p>\n<h3>Produktproduktion<\/h3>\n<p>Vi kan producera denna produkt och v\u00e5r produkt kan perfekt ers\u00e4tta dessa hydraulcylindrar.<\/p>\n<div>\n    <img decoding=\"async\" src=\"https:\/\/www.hydraulic-cylinders.net\/wp-content\/uploads\/2025\/01\/songte-cylinder-head-with-all-kinds-excavator-models.webp\" alt=\"Skopscylinder f\u00f6r Caterpillar Middle Excavator E33202 produktion\">\n<\/div>\n<h2>Applikationsscenarier<\/h2>\n<h3>Byggutrustning<\/h3>\n<p>I gr\u00e4vmaskiner \u00e4r de avg\u00f6rande f\u00f6r gr\u00e4vning, lastning och flyttning av jord eller skr\u00e4p. I gr\u00e4vmaskiner med gr\u00e4vaggregat hj\u00e4lper skopcylindrar till vid b\u00e5de gr\u00e4vning och lyftning. I frontlastare hj\u00e4lper de till med effektiv t\u00f6mning och h\u00e4llning av gods.<\/p>\n<h3>Jordbruksmaskiner<\/h3>\n<p>Anv\u00e4nds f\u00f6r frontlastare f\u00f6r att lyfta och transportera jord, h\u00f6 och andra material.<\/p>\n<h3>Gr\u00e4vmaskiner<\/h3>\n<p>Skopcylindrar m\u00f6jligg\u00f6r gr\u00e4vning genom att skopan kan tr\u00e4nga ner i jorden.<\/p>\n<h3>Lastare<\/h3>\n<p>I frontlastare hj\u00e4lper de till att lyfta och h\u00e4lla gods effektivt.<\/p>\n<div>\n    <img decoding=\"async\" src=\"https:\/\/www.hydraulic-cylinders.net\/wp-content\/uploads\/2025\/01\/songte-bushings-with-all-kinds-of-excavator-models.webp\" alt=\"Skopscylinder f\u00f6r Caterpillar Middle Excavator E33202 applikationsscenarier\">\n<\/div>\n<h2>Design\u00f6verv\u00e4ganden och urvalskriterier<\/h2>\n<h3>Lastkapacitet<\/h3>\n<p>Skopscylindern m\u00e5ste vara konstruerad f\u00f6r att motst\u00e5 den maximala kraft som ut\u00f6vas p\u00e5 den under drift.<\/p>\n<h3>T\u00e4tning<\/h3>\n<p>Anv\u00e4ndningen av olika t\u00e4tningskomponenter, s\u00e5som kolvt\u00e4tningar och kolvst\u00e5ngst\u00e4tningar, tillverkade av slitstarka material som polyuretan och nitrilgummi, s\u00e4kerst\u00e4ller en l\u00e4ngre livsl\u00e4ngd. Ytan p\u00e5 cylinderhuset och den g\u00e4ngade \u00e4nden genomg\u00e5r noggrann behandling f\u00f6r att f\u00f6rb\u00e4ttra slitstyrkan. Regelbunden p\u00e5fyllning med en l\u00e4mplig m\u00e4ngd hydraulolja s\u00e4kerst\u00e4ller smidig drift.<\/p>\n<h3>Varaktighet<\/h3>\n<p>Skopcylindern b\u00f6r vara tillverkad av h\u00f6gh\u00e5llfasta material, motst\u00e5ndskraftiga mot korrosion, slitage och tuffa milj\u00f6er, f\u00f6r att s\u00e4kerst\u00e4lla l\u00e5ngsiktig h\u00e5llbarhet och tillf\u00f6rlitlighet.<\/p>\n<h3>S\u00e4kerhet<\/h3>\n<p>Skopscylindrar ska konstrueras och installeras p\u00e5 ett s\u00e4tt som s\u00e4kerst\u00e4ller operat\u00f6rens s\u00e4kerhet, och felaktig anv\u00e4ndning f\u00e5r inte leda till skador p\u00e5 personal eller maskiner.<\/p>\n<h3>Underh\u00e5ll<\/h3>\n<p>Regelbundet underh\u00e5ll och inspektion, inklusive sm\u00f6rjning, t\u00e4tningsbyte och kalibreringskontroller, s\u00e4kerst\u00e4ller skopcylinderns livsl\u00e4ngd och optimala prestanda.<\/p>\n<div>\n    <img decoding=\"async\" src=\"https:\/\/www.hydraulic-cylinders.net\/wp-content\/uploads\/2025\/01\/songte-oil-pipes-and-spare-parts.webp\" alt=\"Skopcylinder f\u00f6r Caterpillar mellangr\u00e4vmaskin E33202 Design\u00f6verv\u00e4ganden och urvalskriterier\">\n<\/div>\n<h2>T\u00e4tning och sm\u00f6rjning<\/h2>\n<p>Skopscylindrar anv\u00e4nder olika t\u00e4tningskomponenter f\u00f6r att s\u00e4kerst\u00e4lla tillf\u00f6rlitlighet, d\u00e4r kolvt\u00e4tningar och st\u00e5ngt\u00e4tningar vanligtvis \u00e4r tillverkade av slitstarka material som polyuretan och nitrilgummi. Cylinderhuset och den g\u00e4ngade \u00e4nden genomg\u00e5r noggrann behandling f\u00f6r att \u00f6ka slitstyrkan. Regelbunden p\u00e5fyllning med en l\u00e4mplig m\u00e4ngd hydraulolja s\u00e4kerst\u00e4ller smidig drift.<\/p>\n<div>\n    <img decoding=\"async\" src=\"https:\/\/www.hydraulic-cylinders.net\/wp-content\/uploads\/2025\/01\/songte-chushion-collar.webp\" alt=\"Skopscylinder f\u00f6r Caterpillar Middle Excavator E33202 T\u00e4tning och sm\u00f6rjning\">\n<\/div>\n<h2>F\u00f6rebyggande underh\u00e5lls- och reparations\u00e5tg\u00e4rder<\/h2>\n<h3>Regelbunden inspektion<\/h3>\n<p>Regelbunden inspektion av skopcylindern s\u00e4kerst\u00e4ller att eventuella problem uppt\u00e4cks och \u00e5tg\u00e4rdas i tid.<\/p>\n<h3>L\u00e4mplig sm\u00f6rjning<\/h3>\n<p>Korrekt sm\u00f6rjning av skopcylindern s\u00e4kerst\u00e4ller smidig drift och f\u00f6rl\u00e4nger cylinderns livsl\u00e4ngd.<\/p>\n<h3>Byte av t\u00e4tning och kalibreringskontroll<\/h3>\n<p>Att byta ut slitna t\u00e4tningskomponenter och kalibrera cylindern s\u00e4kerst\u00e4ller optimal prestanda och livsl\u00e4ngd.<\/p>\n<p>Det \u00e4r viktigt att rikta in cylindern korrekt under installationen och att anv\u00e4nda l\u00e4mpliga monteringsf\u00e4sten f\u00f6r att s\u00e4kra cylindern. Rekommenderade inspektions-, reparations- och utbytesprocedurer, s\u00e5v\u00e4l som ombyggnadstj\u00e4nster, ger tips f\u00f6r att f\u00f6rl\u00e4nga skopcylinderns livsl\u00e4ngd.<\/p>\n<div>\n    <img decoding=\"async\" src=\"https:\/\/hzpt.com\/wp-content\/uploads\/2024\/11\/songte-company-1.webp\" alt=\"Skopscylinder f\u00f6r Caterpillar Middle Excavator E33202 F\u00f6rebyggande underh\u00e5lls- och reparations\u00e5tg\u00e4rder\">\n<\/div>\n<h2>S\u00e4kerhetsaspekter och milj\u00f6faktorer<\/h2>\n<p>Vid anv\u00e4ndning av skopcylindrar b\u00f6r s\u00e4kerhets\u00e5tg\u00e4rder vidtas f\u00f6r att f\u00f6rhindra skador p\u00e5 personal eller maskiner. Vikten av att anv\u00e4nda s\u00e4kerhets\u00e5tg\u00e4rder vid anv\u00e4ndning av produkten b\u00f6r betonas.<\/p>\n<h2>Feldiagnos och vanliga problem<\/h2>\n<p>Skopscylindrar kan uppleva olika problem under drift, inklusive oljel\u00e4ckor, otillr\u00e4ckligt tryck och mekaniska skador. Korrekt diagnos och fels\u00f6kning \u00e4r n\u00f6dv\u00e4ndiga f\u00f6r att identifiera och l\u00f6sa s\u00e5dana problem. Regelbundet underh\u00e5ll och inspektion minimerar f\u00f6rekomsten av potentiella problem.<\/p>\n<div>\n    <img decoding=\"async\" src=\"https:\/\/www.hydraulic-cylinders.net\/wp-content\/uploads\/2025\/01\/songte-company-3.webp\" alt=\"Skopscylinder f\u00f6r Caterpillar Middle Excavator E33202 F\u00f6retagsintroduktion\">\n<\/div>\n<h2>F\u00f6retagsintroduktion<\/h2>\n<p>Vi \u00e4r en tillverkare av hydraulcylindrar f\u00f6r reservdelar och v\u00e5rt produktsortiment \u00e4r komplett, vilket g\u00f6r oss till en av de ledande tillverkarna och grossistdistribut\u00f6rerna av hydraulcylindrar p\u00e5 b\u00e5de inhemska och internationella marknader. Vi f\u00f6ljer principen om utm\u00e4rkt kvalitet, f\u00f6rlitar oss p\u00e5 industrialiserade produktionsstrategier i noggrant utformade tillverkningsverkst\u00e4der och f\u00f6rb\u00e4ttrar st\u00e4ndigt v\u00e5r tillverkningsplattform, finslipar v\u00e5r produktionslinje f\u00f6r produktkvalitet och har en stark kreativ f\u00f6rm\u00e5ga att m\u00f6ta v\u00e5ra kunders olika behov med principer f\u00f6r h\u00f6g effektivitet, h\u00f6g precision och h\u00f6g kvalitet.<\/p>\n<p>Vi erbjuder kundanpassade tj\u00e4nster och har erh\u00e5llit internationella certifieringar. Vi anv\u00e4nder avancerad produktionsutrustning och har ett professionellt eftermarknadsteam f\u00f6r att tillhandah\u00e5lla h\u00f6gkvalitativa produkter och tj\u00e4nster till v\u00e5ra kunder.<\/p>\n<div>\n    <img decoding=\"async\" src=\"https:\/\/www.hydraulic-cylinders.net\/wp-content\/uploads\/2025\/01\/songte-company-3.webp\" alt=\"Skopscylinder f\u00f6r Caterpillar Middle Excavator E33202 F\u00f6retagsintroduktion\">\n<\/div>\n<p>F\u00f6rfattare: lyl.<\/p>","protected":false},"excerpt":{"rendered":"<p>Bucket Cylinder For Caterpillar Middle Excavator E33202 Introduction Definition and Explanation A Bucket Cylinder for Caterpillar Middle Excavator E33202 is a specialized hydraulic cylinder primarily used to control the movement of buckets in heavy machinery, such as excavators, backhoe excavators, and front-end loaders. Its main function is to enable the bucket to lift, lower, and [&hellip;]<\/p>","protected":false},"featured_media":14769,"comment_status":"open","ping_status":"closed","template":"","meta":{"_et_pb_use_builder":"","_et_pb_old_content":"","_et_gb_content_width":""},"product_brand":[],"product_cat":[1494],"product_tag":[1495,1496],"class_list":{"0":"post-15233","1":"product","2":"type-product","3":"status-publish","4":"has-post-thumbnail","6":"product_cat-bucket-cylinders","7":"product_tag-bucket-cylinders","8":"product_tag-hydraulic-cylinders","10":"first","11":"instock","12":"shipping-taxable","13":"product-type-simple"},"amp_enabled":true,"_links":{"self":[{"href":"https:\/\/www.hydraulic-cylinders.net\/sv\/wp-json\/wp\/v2\/product\/15233","targetHints":{"allow":["GET"]}}],"collection":[{"href":"https:\/\/www.hydraulic-cylinders.net\/sv\/wp-json\/wp\/v2\/product"}],"about":[{"href":"https:\/\/www.hydraulic-cylinders.net\/sv\/wp-json\/wp\/v2\/types\/product"}],"replies":[{"embeddable":true,"href":"https:\/\/www.hydraulic-cylinders.net\/sv\/wp-json\/wp\/v2\/comments?post=15233"}],"wp:featuredmedia":[{"embeddable":true,"href":"https:\/\/www.hydraulic-cylinders.net\/sv\/wp-json\/wp\/v2\/media\/14769"}],"wp:attachment":[{"href":"https:\/\/www.hydraulic-cylinders.net\/sv\/wp-json\/wp\/v2\/media?parent=15233"}],"wp:term":[{"taxonomy":"product_brand","embeddable":true,"href":"https:\/\/www.hydraulic-cylinders.net\/sv\/wp-json\/wp\/v2\/product_brand?post=15233"},{"taxonomy":"product_cat","embeddable":true,"href":"https:\/\/www.hydraulic-cylinders.net\/sv\/wp-json\/wp\/v2\/product_cat?post=15233"},{"taxonomy":"product_tag","embeddable":true,"href":"https:\/\/www.hydraulic-cylinders.net\/sv\/wp-json\/wp\/v2\/product_tag?post=15233"}],"curies":[{"name":"wp","href":"https:\/\/api.w.org\/{rel}","templated":true}]}}