{"id":15238,"date":"2025-01-19T14:16:42","date_gmt":"2025-01-19T14:16:42","guid":{"rendered":"https:\/\/www.hydraulic-cylinders.net\/product\/bucket-cylinder-for-caterpillar-middle-excavator-e323dl-323d2l\/"},"modified":"2025-01-19T14:16:44","modified_gmt":"2025-01-19T14:16:44","slug":"bucket-cylinder-for-caterpillar-middle-excavator-e323dl-323d2l","status":"publish","type":"product","link":"https:\/\/www.hydraulic-cylinders.net\/sv\/produkt\/bucket-cylinder-for-caterpillar-middle-excavator-e323dl-323d2l\/","title":{"rendered":"Skopscylinder f\u00f6r Caterpillar mellangr\u00e4vmaskin E323DL\/323D2L"},"content":{"rendered":"<h1>Skopscylinder f\u00f6r Caterpillar mellangr\u00e4vmaskin E323DL\/323D2L<\/h1>\n<h2>Introduktion<\/h2>\n<p>Skopcylindern \u00e4r en specialdesignad hydraulcylinder som fr\u00e4mst anv\u00e4nds f\u00f6r att styra r\u00f6relsen hos skopor i tunga maskiner som gr\u00e4vmaskiner, gr\u00e4vmaskiner och lastare. Dess huvudsakliga funktion \u00e4r att g\u00f6ra det m\u00f6jligt f\u00f6r skopan att lyfta, s\u00e4nka och luta, vilket g\u00f6r det enklare att hantera olika materialhanteringsuppgifter. I hydraulsystemet uppn\u00e5r skopcylindern exakt kontroll \u00f6ver skopan genom tryckf\u00f6r\u00e4ndringar i hydrauloljan, vilket g\u00f6r det m\u00f6jligt f\u00f6r operat\u00f6rer att hantera tunga laster effektivt och anpassa sig till komplexa arbetsmilj\u00f6er och olika driftsbehov.<\/p>\n<p><img decoding=\"async\" src=\"https:\/\/www.hydraulic-cylinders.net\/wp-content\/uploads\/2025\/01\/songte-company-2.webp\"><\/p>\n<h2>Drag<\/h2>\n<ul>\n<li>H\u00f6g h\u00e5llfasthet och h\u00e5llbarhet: Vanligtvis tillverkad av h\u00f6gh\u00e5llfast st\u00e5l eller aluminium, som t\u00e5l h\u00f6gt tryck och tunga belastningar, l\u00e4mplig f\u00f6r tuffa arbetsmilj\u00f6er. Designaspekter inkluderar slitstyrka och korrosionsbest\u00e4ndighet, vilket f\u00f6rl\u00e4nger livsl\u00e4ngden.<\/li>\n<li>Effektiv hydraulisk drift: Smidiga ut- och sammandragningsr\u00f6relser uppn\u00e5s genom att anv\u00e4nda hydrauloljetrycket, vilket snabbt kan reagera p\u00e5 styrkommandon och ge kraftfulla tryck- och dragkrafter, l\u00e4mpliga f\u00f6r hantering av tunga laster och komplexa arbetsuppgifter.<\/li>\n<li>Olika typer: Enkelverkande (hydraulik anv\u00e4nds endast i en riktning) eller dubbelverkande (hydraulik anv\u00e4nds i b\u00e5da riktningarna) cylindrar kan v\u00e4ljas efter driftskrav, och vissa modeller \u00e4r teleskopiska, vilket m\u00f6jligg\u00f6r st\u00f6rre utbyggnad utan att \u00f6ka ytterm\u00e5tten, l\u00e4mpliga f\u00f6r applikationer med begr\u00e4nsat utrymme.<\/li>\n<li>Enkelt utbyte: V\u00e5r produkt kan perfekt ers\u00e4ttas med dessa hydraulcylindrar.<\/li>\n<\/ul>\n<p><img decoding=\"async\" src=\"https:\/\/www.hydraulic-cylinders.net\/wp-content\/uploads\/2025\/01\/songte-cylinder-head-with-all-kinds-excavator-models.webp\"><\/p>\n<h2>Applikationer<\/h2>\n<h3>Byggutrustning<\/h3>\n<p>I gr\u00e4vmaskiner \u00e4r de viktiga f\u00f6r att gr\u00e4va, lasta och flytta jord eller skr\u00e4p. I gr\u00e4vmaskiner hj\u00e4lper skopcylindrar till b\u00e5de vid gr\u00e4vning och lyftning. I lastare hj\u00e4lper de till med effektiv lyftning och dumpning av gods.<\/p>\n<h3>Jordbruksmaskiner<\/h3>\n<p>Anv\u00e4nds i frontlastare f\u00f6r att \u00f6sa, lyfta och transportera jord, h\u00f6 och andra material.<\/p>\n<h3>Gr\u00e4vmaskiner<\/h3>\n<p>Skopans cylinder uppn\u00e5r gr\u00e4vningsverkan genom att l\u00e5ta skopan tr\u00e4nga ner i jorden.<\/p>\n<h3>Lastare<\/h3>\n<p>I frontlastare hj\u00e4lper de till att lyfta och tilta gods effektivt.<\/p>\n<p><img decoding=\"async\" src=\"https:\/\/www.hydraulic-cylinders.net\/wp-content\/uploads\/2025\/01\/songte-chushion-collar.webp\"><\/p>\n<h2>Design\u00f6verv\u00e4ganden och urvalskriterier<\/h2>\n<ul>\n<li>B\u00e4rkraft<\/li>\n<li>T\u00e4tning<\/li>\n<li>Varaktighet<\/li>\n<li>S\u00e4kerhet<\/li>\n<li>Underh\u00e5llbarhet<\/li>\n<\/ul>\n<p><img decoding=\"async\" src=\"https:\/\/www.hydraulic-cylinders.net\/wp-content\/uploads\/2025\/01\/songte-oil-pipes-and-spare-parts.webp\"><\/p>\n<h2>T\u00e4tning och sm\u00f6rjning<\/h2>\n<p>Olika t\u00e4tningskomponenter, s\u00e5som kolvt\u00e4tningar, kolvst\u00e5ngst\u00e4tningar etc. anv\u00e4nds. T\u00e4tningskomponenter av slitstarka material som polyuretan och nitrilgummi v\u00e4ljs ut. Cylinderhuset och g\u00e4ngornas \u00e4ndar \u00e4r finbearbetade f\u00f6r att f\u00f6rb\u00e4ttra slitstyrkan. Regelbunden sm\u00f6rjning med l\u00e4mplig hydraulolja kr\u00e4vs.<\/p>\n<h2>F\u00f6rebyggande underh\u00e5ll och inspektion<\/h2>\n<ul>\n<li>Regelbunden inspektion<\/li>\n<li>Korrekt sm\u00f6rjning<\/li>\n<li>T\u00e4tningsbyte och kalibreringskontroll<\/li>\n<\/ul>\n<p>Korrekt installation, sm\u00f6rjning och justering \u00e4r viktigt. Korrekt uppriktningsv\u00e4gledning b\u00f6r ges under installationen, och l\u00e4mpliga installationsf\u00e4sten b\u00f6r anv\u00e4ndas f\u00f6r att s\u00e4kra cylindern. Rekommenderade inspektions-, reparations- och utbytesprocedurer tillhandah\u00e5lls, liksom reservdelar och renoveringstj\u00e4nster f\u00f6r att f\u00f6rl\u00e4nga cylinderns livsl\u00e4ngd.<\/p>\n<p><img decoding=\"async\" src=\"https:\/\/www.hydraulic-cylinders.net\/wp-content\/uploads\/2025\/01\/songte-bushings-with-all-kinds-of-excavator-models.webp\"><\/p>\n<h2>S\u00e4kerhetsaspekter och milj\u00f6faktorer<\/h2>\n<p>S\u00e4kerhets\u00e5tg\u00e4rder \u00e4r viktiga vid anv\u00e4ndning av cylindern. Regelbundet underh\u00e5ll och inspektion kan bidra till att minimera potentiella problem. Milj\u00f6faktorer b\u00f6r ocks\u00e5 beaktas vid anv\u00e4ndning av cylindern.<\/p>\n<h2>Fels\u00f6kning och vanliga problem<\/h2>\n<ul>\n<li>L\u00e4ckage<\/li>\n<li>L\u00e5ngsam drift<\/li>\n<li>\u00d6verdrivet buller<\/li>\n<\/ul>\n<p>Fels\u00f6kningstips och l\u00f6sningar ges f\u00f6r att hj\u00e4lpa l\u00e4sarna att diagnostisera och l\u00f6sa problem effektivt. F\u00f6rebyggande \u00e5tg\u00e4rder f\u00f6resl\u00e5s ocks\u00e5 f\u00f6r att minimera potentiella problem.<\/p>\n<p><img decoding=\"async\" src=\"https:\/\/hzpt.com\/wp-content\/uploads\/2024\/11\/songte-company-1.webp\"><\/p>\n<h2>Om oss<\/h2>\n<p>Vi \u00e4r en tillverkare av hydraulcylindrar f\u00f6r reservdelar med ett omfattande produktsortiment och har blivit en av de ledande tillverkarna och grossistdistribut\u00f6rerna av hydraulcylindrar p\u00e5 inhemska och internationella marknader. Vi f\u00f6ljer principen om h\u00f6gsta kvalitet, f\u00f6rlitar oss p\u00e5 den industrialiserade produktionsstrategin fr\u00e5n fintillverkningsverkst\u00e4der, och f\u00f6rb\u00e4ttrar st\u00e4ndigt verkstadens tillverkningsplattform, f\u00f6rb\u00e4ttrar produkternas kvalitetsproduktionsv\u00e4g och har starka produktionskapaciteter. Vi har ocks\u00e5 anv\u00e4nt digital avancerad tillverkningsutrustning, professionella testsystem och tekniska talanger f\u00f6r att m\u00f6ta kundernas olika behov med h\u00f6g effektivitet, h\u00f6g precision och h\u00f6g kvalitet.<\/p>\n<ul>\n<li>Professionalism<\/li>\n<li>Internationell certifiering<\/li>\n<li>Anpassad service<\/li>\n<li>Produktionsutrustning<\/li>\n<li>Eftermarknadsservice<\/li>\n<\/ul>\n<p>F\u00f6rfattare: lyl<\/p>","protected":false},"excerpt":{"rendered":"<p>Bucket Cylinder For Caterpillar Middle Excavator E323DL\/323D2L Introduction The bucket cylinder is a specially designed hydraulic cylinder that is primarily used for controlling the movement of buckets in heavy machinery such as excavators, backhoes, and loaders. Its main function is to enable the bucket to lift, lower, and tilt, making it easier to handle various [&hellip;]<\/p>","protected":false},"featured_media":14788,"comment_status":"open","ping_status":"closed","template":"","meta":{"_et_pb_use_builder":"","_et_pb_old_content":"","_et_gb_content_width":""},"product_brand":[],"product_cat":[1494],"product_tag":[1495,1496],"class_list":{"0":"post-15238","1":"product","2":"type-product","3":"status-publish","4":"has-post-thumbnail","6":"product_cat-bucket-cylinders","7":"product_tag-bucket-cylinders","8":"product_tag-hydraulic-cylinders","10":"first","11":"instock","12":"shipping-taxable","13":"product-type-simple"},"amp_enabled":true,"_links":{"self":[{"href":"https:\/\/www.hydraulic-cylinders.net\/sv\/wp-json\/wp\/v2\/product\/15238","targetHints":{"allow":["GET"]}}],"collection":[{"href":"https:\/\/www.hydraulic-cylinders.net\/sv\/wp-json\/wp\/v2\/product"}],"about":[{"href":"https:\/\/www.hydraulic-cylinders.net\/sv\/wp-json\/wp\/v2\/types\/product"}],"replies":[{"embeddable":true,"href":"https:\/\/www.hydraulic-cylinders.net\/sv\/wp-json\/wp\/v2\/comments?post=15238"}],"wp:featuredmedia":[{"embeddable":true,"href":"https:\/\/www.hydraulic-cylinders.net\/sv\/wp-json\/wp\/v2\/media\/14788"}],"wp:attachment":[{"href":"https:\/\/www.hydraulic-cylinders.net\/sv\/wp-json\/wp\/v2\/media?parent=15238"}],"wp:term":[{"taxonomy":"product_brand","embeddable":true,"href":"https:\/\/www.hydraulic-cylinders.net\/sv\/wp-json\/wp\/v2\/product_brand?post=15238"},{"taxonomy":"product_cat","embeddable":true,"href":"https:\/\/www.hydraulic-cylinders.net\/sv\/wp-json\/wp\/v2\/product_cat?post=15238"},{"taxonomy":"product_tag","embeddable":true,"href":"https:\/\/www.hydraulic-cylinders.net\/sv\/wp-json\/wp\/v2\/product_tag?post=15238"}],"curies":[{"name":"wp","href":"https:\/\/api.w.org\/{rel}","templated":true}]}}