{"id":15248,"date":"2025-01-19T14:17:29","date_gmt":"2025-01-19T14:17:29","guid":{"rendered":"https:\/\/www.hydraulic-cylinders.net\/product\/bucket-cylinder-for-caterpillar-large-excavator-e330b330c\/"},"modified":"2025-01-19T14:17:31","modified_gmt":"2025-01-19T14:17:31","slug":"bucket-cylinder-for-caterpillar-large-excavator-e330b330c","status":"publish","type":"product","link":"https:\/\/www.hydraulic-cylinders.net\/sv\/produkt\/bucket-cylinder-for-caterpillar-large-excavator-e330b330c\/","title":{"rendered":"Skopscylinder f\u00f6r Caterpillar stor gr\u00e4vmaskin E330B330C"},"content":{"rendered":"<h1>Skopscylinder f\u00f6r Caterpillar stor gr\u00e4vmaskin E330B330C<\/h1>\n<h2>Introduktion<\/h2>\n<p>En skopcylinder \u00e4r en specialdesignad hydraulcylinder som anv\u00e4nds f\u00f6r att styra r\u00f6relsen hos skopor i tunga maskiner som gr\u00e4vmaskiner, gr\u00e4vlastare och frontlastare. Dess huvudsakliga funktion \u00e4r att m\u00f6jligg\u00f6ra lyftning, s\u00e4nkning och lutning av skopan, vilket g\u00f6r den bekv\u00e4m f\u00f6r olika materialhanteringsuppgifter. I hydraulsystemet uppn\u00e5r skopcylindern exakt kontroll \u00f6ver skopan genom att anv\u00e4nda f\u00f6r\u00e4ndringar i hydrauloljetrycket, vilket g\u00f6r det m\u00f6jligt f\u00f6r f\u00f6rare att hantera tunga laster effektivt och anpassa sig till komplexa arbetsmilj\u00f6er och olika driftskrav.<\/p>\n<p><img decoding=\"async\" src=\"https:\/\/www.hydraulic-cylinders.net\/wp-content\/uploads\/2025\/01\/songte-company-2.webp\"><\/p>\n<h2>Drag<\/h2>\n<ul>\n<li>H\u00f6g h\u00e5llfasthet och h\u00e5llbarhet: Den \u00e4r vanligtvis tillverkad av h\u00f6gh\u00e5llfast st\u00e5l eller aluminium, t\u00e5l h\u00f6gt tryck och tunga belastningar, anpassar sig till tuffa arbetsmilj\u00f6er och \u00e4r konstruerad med h\u00e4nsyn till slitstyrka och korrosionsbest\u00e4ndighet, vilket f\u00f6rl\u00e4nger dess livsl\u00e4ngd.<\/li>\n<li>Effektiv hydraulisk drift: Genom att utnyttja hydrauloljans tryck uppn\u00e5r den mjuka teleskopr\u00f6relser, reagerar snabbt p\u00e5 styrkommandon, ger kraftfulla tryck- och dragkrafter och \u00e4r l\u00e4mplig f\u00f6r hantering av tunga laster och komplexa driftsuppgifter.<\/li>\n<li>Olika typer: Finns som enkelverkande (hydraulisk cylindring anv\u00e4nds endast i en riktning) eller dubbelverkande (hydraulisk cylindring anv\u00e4nds i b\u00e5da riktningarna) cylindrar, beroende p\u00e5 driftskraven. Vissa modeller \u00e4r teleskopiska, vilket m\u00f6jligg\u00f6r st\u00f6rre utdrag utan att \u00f6ka de yttre m\u00e5tten, vilket g\u00f6r dem l\u00e4mpliga f\u00f6r applikationer med begr\u00e4nsat utrymme.<\/li>\n<li>Perfekt ers\u00e4ttning: V\u00e5r produkt kan perfekt ers\u00e4tta dessa hydraulcylindrar.<\/li>\n<\/ul>\n<p><img decoding=\"async\" src=\"https:\/\/www.hydraulic-cylinders.net\/wp-content\/uploads\/2025\/01\/songte-cylinder-head-with-all-kinds-excavator-models.webp\"><\/p>\n<h2>Applikationer<\/h2>\n<p>Skopscylindern anv\u00e4nds i olika typer av utrustning:<\/p>\n<ul>\n<li>Byggmaskiner: De finns i gr\u00e4vmaskiner och \u00e4r avg\u00f6rande f\u00f6r gr\u00e4vning, lastning och flyttning av jord eller skr\u00e4p. I gr\u00e4vlastare hj\u00e4lper skopcylindern till vid b\u00e5de gr\u00e4vning och lyftning.<\/li>\n<li>Jordbruksmaskiner: Anv\u00e4nds i frontlastare f\u00f6r att gr\u00e4va, lyfta och transportera jord, h\u00f6 och andra material.<\/li>\n<li>Gr\u00e4vmaskiner: Skopans cylinder m\u00f6jligg\u00f6r gr\u00e4vning genom att l\u00e5ta skopan tr\u00e4nga ner i jorden.<\/li>\n<li>Lastare: I frontlastare hj\u00e4lper de till med effektiv lyftning och lossning av gods.<\/li>\n<\/ul>\n<h2>Design\u00f6verv\u00e4ganden och urvalskriterier<\/h2>\n<p>N\u00e4r det g\u00e4ller design\u00f6verv\u00e4ganden och urvalskriterier f\u00f6r skopcylindern b\u00f6r flera faktorer beaktas:<\/p>\n<ul>\n<li>B\u00e4rf\u00f6rm\u00e5ga: Cylindern b\u00f6r vara konstruerad f\u00f6r att hantera den erforderliga belastningen s\u00e4kert och tillf\u00f6rlitligt.<\/li>\n<li>T\u00e4tning: Olika t\u00e4tningar, s\u00e5som kolvt\u00e4tningar och kolvst\u00e5ngst\u00e4tningar, tillverkade av slitstarka material som polyuretan och nitrilgummi, anv\u00e4nds f\u00f6r att s\u00e4kerst\u00e4lla effektiv t\u00e4tning. Cylinderhuset och de g\u00e4ngade \u00e4ndarna \u00e4r finbehandlade f\u00f6r att f\u00f6rb\u00e4ttra slitstyrkan.<\/li>\n<li>H\u00e5llbarhet: Cylindern b\u00f6r vara konstruerad f\u00f6r att motst\u00e5 p\u00e5frestningarna i driftsmilj\u00f6n och ge l\u00e5ngvarig prestanda.<\/li>\n<li>S\u00e4kerhet: S\u00e4kerhetsfunktioner b\u00f6r inf\u00f6rlivas i konstruktionen f\u00f6r att f\u00f6rhindra olyckor och s\u00e4kerst\u00e4lla operat\u00f6rens s\u00e4kerhet.<\/li>\n<li>Underh\u00e5llbarhet: Cylindern b\u00f6r vara konstruerad f\u00f6r enkelt underh\u00e5ll, vilket m\u00f6jligg\u00f6r bekv\u00e4m inspektion, sm\u00f6rjning och utbyte av delar.<\/li>\n<\/ul>\n<p><img decoding=\"async\" src=\"https:\/\/www.hydraulic-cylinders.net\/wp-content\/uploads\/2025\/01\/songte-oil-pipes-and-spare-parts.webp\"><\/p>\n<h2>T\u00e4tning och sm\u00f6rjning<\/h2>\n<p>Skopscylindern anv\u00e4nder olika t\u00e4tningar, s\u00e5som kolvt\u00e4tningar och kolvst\u00e5ngst\u00e4tningar, tillverkade av slitstarka material som polyuretan och nitrilgummi. Cylinderhuset och de g\u00e4ngade \u00e4ndarna \u00e4r fint bearbetade f\u00f6r att f\u00f6rb\u00e4ttra slitstyrkan. Regelbunden sm\u00f6rjning \u00e4r n\u00f6dv\u00e4ndig f\u00f6r att s\u00e4kerst\u00e4lla smidig drift. Det rekommenderas att regelbundet tills\u00e4tta en l\u00e4mplig m\u00e4ngd hydraulolja f\u00f6r sm\u00f6rjning.<\/p>\n<h2>Regelbunden inspektion och f\u00f6rebyggande underh\u00e5ll<\/h2>\n<p>F\u00f6r att bibeh\u00e5lla skopcylinderns optimala prestanda \u00e4r regelbunden inspektion och f\u00f6rebyggande underh\u00e5ll avg\u00f6rande. H\u00e4r \u00e4r n\u00e5gra f\u00f6rslag p\u00e5 \u00e5tg\u00e4rder:<\/p>\n<ul>\n<li>Kontrollera regelbundet cylindern f\u00f6r tecken p\u00e5 slitage, l\u00e4ckage eller skador.<\/li>\n<li>S\u00e4kerst\u00e4ll korrekt sm\u00f6rjning enligt tillverkarens anvisningar.<\/li>\n<li>Byt ut t\u00e4tningarna vid behov f\u00f6r att bibeh\u00e5lla effektiv t\u00e4tning.<\/li>\n<li>Utf\u00f6r kalibreringskontroller f\u00f6r att s\u00e4kerst\u00e4lla exakt drift.<\/li>\n<\/ul>\n<p><img decoding=\"async\" src=\"https:\/\/www.hydraulic-cylinders.net\/wp-content\/uploads\/2025\/01\/songte-chushion-collar.webp\"><\/p>\n<h2>S\u00e4kerhetsaspekter och milj\u00f6faktorer<\/h2>\n<p>Vid anv\u00e4ndning av skopcylindern \u00e4r s\u00e4kerhets\u00e5tg\u00e4rder av yttersta vikt. Operat\u00f6rer b\u00f6r f\u00f6lja s\u00e4kerhetsriktlinjer och f\u00f6rsiktighets\u00e5tg\u00e4rder f\u00f6r att f\u00f6rhindra olyckor och s\u00e4kerst\u00e4lla en s\u00e4ker arbetsmilj\u00f6. Dessutom \u00e4r det viktigt att beakta milj\u00f6faktorer som korrekt avfallshantering och efterlevnad av f\u00f6reskrifter f\u00f6r att minimera eventuella negativa effekter.<\/p>\n<h2>Fels\u00f6kning och vanliga problem<\/h2>\n<p>Trots sin h\u00e5llbarhet kan skopcylindrar st\u00f6ta p\u00e5 problem. H\u00e4r \u00e4r n\u00e5gra vanliga problem och fels\u00f6kningstips:<\/p>\n<ul>\n<li>Problem: L\u00e4ckage L\u00f6sning: Kontrollera och byt ut t\u00e4tningar vid behov.<\/li>\n<li>Problem: L\u00e5ngsam eller ok\u00e4nslig r\u00f6relse L\u00f6sning: Kontrollera hydraulv\u00e4tskeniv\u00e5n och se till att sm\u00f6rjningen \u00e4r korrekt.<\/li>\n<li>Problem: Onormalt ljud L\u00f6sning: Kontrollera om det finns l\u00f6sa eller slitna delar och dra \u00e5t eller byt ut dem d\u00e4refter.<\/li>\n<\/ul>\n<p><img decoding=\"async\" src=\"https:\/\/www.hydraulic-cylinders.net\/wp-content\/uploads\/2025\/01\/songte-bushings-with-all-kinds-of-excavator-models.webp\"><\/p>\n<p>Genom att f\u00f6lja korrekta installations-, sm\u00f6rj- och justeringsprocedurer kan l\u00e4sarna effektivt diagnostisera och l\u00f6sa problem och implementera f\u00f6rebyggande \u00e5tg\u00e4rder f\u00f6r att minimera potentiella problem, vilket s\u00e4kerst\u00e4ller skopcylinderns livsl\u00e4ngd.<\/p>\n<h2>Om v\u00e5rt f\u00f6retag<\/h2>\n<p>Vi \u00e4r en ledande tillverkare och grossistdistribut\u00f6r av hydraulcylindrar p\u00e5 b\u00e5de inhemska och internationella marknader. V\u00e5rt f\u00f6retag erbjuder ett brett utbud av produkter och \u00e4r engagerade i att leverera h\u00f6gsta kvalitet. Med avancerade tillverkningsanl\u00e4ggningar, ett team av skickliga yrkesm\u00e4n och fokus p\u00e5 kundn\u00f6jdhet str\u00e4var vi efter att m\u00f6ta olika kunders behov med h\u00f6g effektivitet, precision och kvalitet.<\/p>\n<p><img decoding=\"async\" src=\"https:\/\/www.hydraulic-cylinders.net\/wp-content\/uploads\/2025\/01\/songte-company-3.webp\"><\/p>\n<p>V\u00e5rt f\u00f6retag \u00e4r stolta \u00f6ver professionalism, internationella certifieringar, kundanpassade tj\u00e4nster, toppmodern produktionsutrustning och omfattande eftermarknadsservice. Vi prioriterar h\u00f6gsta standard i alla aspekter av v\u00e5r verksamhet f\u00f6r att s\u00e4kerst\u00e4lla kundn\u00f6jdhet.<\/p>\n<p>F\u00f6rfattare: lyl<\/p>","protected":false},"excerpt":{"rendered":"<p>Bucket Cylinder For Caterpillar Large Excavator E330B330C Introduction A bucket cylinder is a specially designed hydraulic cylinder that is used to control the movement of buckets in heavy machinery such as excavators, backhoe loaders, and front-end loaders. Its main function is to enable the lifting, lowering, and tilting of the bucket, making it convenient for [&hellip;]<\/p>","protected":false},"featured_media":14769,"comment_status":"open","ping_status":"closed","template":"","meta":{"_et_pb_use_builder":"","_et_pb_old_content":"","_et_gb_content_width":""},"product_brand":[],"product_cat":[1494],"product_tag":[1495,1496],"class_list":{"0":"post-15248","1":"product","2":"type-product","3":"status-publish","4":"has-post-thumbnail","6":"product_cat-bucket-cylinders","7":"product_tag-bucket-cylinders","8":"product_tag-hydraulic-cylinders","10":"first","11":"instock","12":"shipping-taxable","13":"product-type-simple"},"amp_enabled":true,"_links":{"self":[{"href":"https:\/\/www.hydraulic-cylinders.net\/sv\/wp-json\/wp\/v2\/product\/15248","targetHints":{"allow":["GET"]}}],"collection":[{"href":"https:\/\/www.hydraulic-cylinders.net\/sv\/wp-json\/wp\/v2\/product"}],"about":[{"href":"https:\/\/www.hydraulic-cylinders.net\/sv\/wp-json\/wp\/v2\/types\/product"}],"replies":[{"embeddable":true,"href":"https:\/\/www.hydraulic-cylinders.net\/sv\/wp-json\/wp\/v2\/comments?post=15248"}],"wp:featuredmedia":[{"embeddable":true,"href":"https:\/\/www.hydraulic-cylinders.net\/sv\/wp-json\/wp\/v2\/media\/14769"}],"wp:attachment":[{"href":"https:\/\/www.hydraulic-cylinders.net\/sv\/wp-json\/wp\/v2\/media?parent=15248"}],"wp:term":[{"taxonomy":"product_brand","embeddable":true,"href":"https:\/\/www.hydraulic-cylinders.net\/sv\/wp-json\/wp\/v2\/product_brand?post=15248"},{"taxonomy":"product_cat","embeddable":true,"href":"https:\/\/www.hydraulic-cylinders.net\/sv\/wp-json\/wp\/v2\/product_cat?post=15248"},{"taxonomy":"product_tag","embeddable":true,"href":"https:\/\/www.hydraulic-cylinders.net\/sv\/wp-json\/wp\/v2\/product_tag?post=15248"}],"curies":[{"name":"wp","href":"https:\/\/api.w.org\/{rel}","templated":true}]}}