{"id":15259,"date":"2025-01-19T14:18:18","date_gmt":"2025-01-19T14:18:18","guid":{"rendered":"https:\/\/www.hydraulic-cylinders.net\/product\/bucket-cylinder-for-caterpillar-large-excavator-e390d\/"},"modified":"2025-01-19T14:18:20","modified_gmt":"2025-01-19T14:18:20","slug":"bucket-cylinder-for-caterpillar-large-excavator-e390d","status":"publish","type":"product","link":"https:\/\/www.hydraulic-cylinders.net\/sv\/produkt\/bucket-cylinder-for-caterpillar-large-excavator-e390d\/","title":{"rendered":"Skopscylinder f\u00f6r Caterpillar stor gr\u00e4vmaskin E390D"},"content":{"rendered":"<h1>Skopscylinder f\u00f6r Caterpillar stor gr\u00e4vmaskin E390D<\/h1>\n<h2>Introduktion<\/h2>\n<p>A bucket cylinder is a specially designed hydraulic cylinder used to control the movement of the bucket in heavy machinery, such as excavators, backhoe loaders, and front-end loaders. Its primary function is to allow the bucket to lift, lower and tilt, making it suitable for various material handling tasks. In the hydraulic system, the bucket cylinder precisely controls the bucket&#8217;s movements through changes in hydraulic oil pressure, enabling operators to efficiently handle heavy loads and adapt to complex work environments and diverse job requirements. <\/p>\n<p><img decoding=\"async\" src=\"https:\/\/www.hydraulic-cylinders.net\/wp-content\/uploads\/2025\/01\/songte-company-2.webp\"><\/p>\n<h2>Drag<\/h2>\n<ul>\n<li>\n<h3>H\u00f6g styrka och h\u00e5llbarhet<\/h3>\n<p>Skopscylindrar \u00e4r vanligtvis tillverkade av h\u00f6gh\u00e5llfast st\u00e5l eller aluminium och t\u00e5l h\u00f6gt tryck och tunga belastningar, vilket g\u00f6r dem l\u00e4mpliga f\u00f6r tuffa arbetsmilj\u00f6er. De \u00e4r konstruerade med slitstyrka och korrosionsbest\u00e4ndighet i \u00e5tanke, vilket f\u00f6rl\u00e4nger deras livsl\u00e4ngd.<\/p>\n<\/li>\n<li>\n<h3>Effektiv hydraulisk drift<\/h3>\n<p>Skopscylindrar anv\u00e4nder hydrauliskt oljetryck f\u00f6r att uppn\u00e5 smidiga ut- och indragningsr\u00f6relser. De kan reagera snabbt p\u00e5 styrkommandon och ge kraftfulla tryck- och dragkrafter som \u00e4r l\u00e4mpliga f\u00f6r hantering av tunga laster och komplexa arbetsuppgifter.<\/p>\n<\/li>\n<li>\n<h3>Olika typer<\/h3>\n<p>Skopscylindrar kan vara enkelverkande (med hydraultryck endast i en riktning) eller dubbelverkande (med hydraultryck i b\u00e5da riktningarna), beroende p\u00e5 driftsbehovet. Vissa modeller \u00e4r teleskopiska, vilket m\u00f6jligg\u00f6r st\u00f6rre utdrag utan att \u00f6ka de yttre m\u00e5tten, vilket g\u00f6r dem l\u00e4mpliga f\u00f6r applikationer med begr\u00e4nsat utrymme.<\/p>\n<\/li>\n<li>\n<h3>Kompatibel med olika gr\u00e4vmaskinsmodeller<\/h3>\n<p>V\u00e5r produkt kan perfekt ers\u00e4tta dessa hydraulcylindrar. <\/p>\n<\/li>\n<\/ul>\n<p><img decoding=\"async\" src=\"https:\/\/www.hydraulic-cylinders.net\/wp-content\/uploads\/2025\/01\/songte-cylinder-head-with-all-kinds-excavator-models.webp\"><\/p>\n<h2>Applikationer<\/h2>\n<p>Skopscylindrar \u00e4r viktiga komponenter i olika tunga maskiner, inklusive men inte begr\u00e4nsat till:<\/p>\n<ul>\n<li>\n<h3>Byggutrustning<\/h3>\n<p>I gr\u00e4vmaskiner \u00e4r de viktiga f\u00f6r gr\u00e4vning, lastning och flyttning av jord eller skr\u00e4p. I gr\u00e4vlastare hj\u00e4lper skopcylindern till vid b\u00e5de gr\u00e4vning och lyftning. <\/p>\n<\/li>\n<li>\n<h3>Jordbruksmaskiner<\/h3>\n<p>Anv\u00e4nds i frontlastare f\u00f6r att \u00f6sa, lyfta och transportera jord, h\u00f6 och andra material. <\/p>\n<\/li>\n<li>\n<h3>Gr\u00e4vmaskiner<\/h3>\n<p>Skopans cylinder g\u00f6r att skopan kan tr\u00e4nga ner i jorden och utf\u00f6ra gr\u00e4vningar. <\/p>\n<\/li>\n<li>\n<h3>Frontlastare<\/h3>\n<p>I frontlastare hj\u00e4lper de till att lyfta och dumpa gods effektivt. <\/p>\n<\/li>\n<\/ul>\n<h2>Design\u00f6verv\u00e4ganden och urvalskriterier<\/h2>\n<p>Skopscylindrar \u00e4r konstruerade med flera \u00f6verv\u00e4ganden i \u00e5tanke:<\/p>\n<ul>\n<li>\n<h3>B\u00e4rkraft<\/h3>\n<p>Skopcylindern m\u00e5ste vara tillr\u00e4ckligt robust f\u00f6r att hantera tunga laster och motst\u00e5 h\u00f6gt tryck.<\/p>\n<\/li>\n<li>\n<h3>T\u00e4tning<\/h3>\n<p>Cylindern m\u00e5ste vara ordentligt t\u00e4tad f\u00f6r att f\u00f6rhindra oljel\u00e4ckage och bibeh\u00e5lla korrekt tryck. Den b\u00f6r vara utrustad med h\u00f6gkvalitativa t\u00e4tningsmaterial, s\u00e5som kolvt\u00e4tningar och st\u00e5ngt\u00e4tningar, tillverkade av slitstarka material som polyuretan och nitrilgummi.<\/p>\n<\/li>\n<li>\n<h3>Varaktighet<\/h3>\n<p>Cylindern ska vara tillr\u00e4ckligt h\u00e5llbar f\u00f6r att motst\u00e5 slitage i tuffa milj\u00f6er, och cylinderhuset och de g\u00e4ngade \u00e4ndarna ska vara fint bearbetade f\u00f6r att f\u00f6rb\u00e4ttra slitstyrkan.<\/p>\n<\/li>\n<li>\n<h3>S\u00e4kerhet<\/h3>\n<p>Cylindern b\u00f6r vara konstruerad med s\u00e4kerhetsfunktioner som \u00f6verbelastningsskydd och tryckavlastningsventiler f\u00f6r att f\u00f6rhindra olyckor.<\/p>\n<\/li>\n<li>\n<h3>Underh\u00e5llbarhet<\/h3>\n<p>Cylindern ska vara l\u00e4tt att underh\u00e5lla och reparera, och det rekommenderas att anv\u00e4nda l\u00e4mpliga reservdelar och reparationstj\u00e4nster f\u00f6r en f\u00f6rl\u00e4ngd livsl\u00e4ngd.<\/p>\n<\/li>\n<\/ul>\n<p><img decoding=\"async\" src=\"https:\/\/www.hydraulic-cylinders.net\/wp-content\/uploads\/2025\/01\/songte-oil-pipes-and-spare-parts.webp\"><\/p>\n<h2>T\u00e4tning och sm\u00f6rjning<\/h2>\n<p>Skopscylindrar kr\u00e4ver korrekt t\u00e4tning och sm\u00f6rjning f\u00f6r att s\u00e4kerst\u00e4lla optimal prestanda. Detta inkluderar anv\u00e4ndning av olika t\u00e4tningskomponenter som kolvt\u00e4tningar, kolvst\u00e5ngst\u00e4tningar och avstrykart\u00e4tningar tillverkade av slitstarka material. Cylinderhuset och de g\u00e4ngade \u00e4ndarna b\u00f6r bearbetas f\u00f6r att f\u00f6rb\u00e4ttra slitstyrkan. Det rekommenderas att regelbundet sm\u00f6rja med hydraulolja f\u00f6r att s\u00e4kerst\u00e4lla smidig drift.<\/p>\n<h2>Underh\u00e5ll och reparation<\/h2>\n<p>Regular maintenance and repair are essential for maintaining the bucket cylinder&#8217;s optimal performance. Common maintenance tasks include regular inspection, proper lubrication, seal replacement, and calibration checking. It is also vital to ensure proper installation, lubrication, and adjustment to increase the cylinder&#8217;s lifespan. <\/p>\n<p><img decoding=\"async\" src=\"https:\/\/www.hydraulic-cylinders.net\/wp-content\/uploads\/2025\/01\/songte-chushion-collar.webp\"><\/p>\n<h2>S\u00e4kerhets\u00f6verv\u00e4ganden<\/h2>\n<p>Skopscylindrar ska anv\u00e4ndas enligt l\u00e4mpliga s\u00e4kerhets\u00e5tg\u00e4rder och de rekommenderade s\u00e4kerhetsriktlinjerna ska f\u00f6ljas. Cylindern ska installeras och anv\u00e4ndas av kvalificerad personal f\u00f6r att f\u00f6rhindra olyckor.<\/p>\n<h2>Feldiagnos och fels\u00f6kning<\/h2>\n<p>Vanliga fel p\u00e5 skopcylindrar inkluderar oljel\u00e4ckage, otillr\u00e4cklig effekt och l\u00e5ngsam drift. Effektiva fels\u00f6kningsmetoder inkluderar kontroll av hydrauloljeniv\u00e5n, inspektion av cylindern f\u00f6r skador eller slitage och byte av slitna eller skadade t\u00e4tningar. Det \u00e4r viktigt att f\u00f6lja de rekommenderade underh\u00e5llsprocedurerna f\u00f6r att f\u00f6rhindra att dessa fel uppst\u00e5r.<\/p>\n<p><img decoding=\"async\" src=\"https:\/\/www.hydraulic-cylinders.net\/wp-content\/uploads\/2025\/01\/songte-bushings-with-all-kinds-of-excavator-models.webp\"><\/p>\n<h2>Om oss<\/h2>\n<p>We are a manufacturer of replacement hydraulic cylinders with a complete range of products. We have become one of the leading manufacturers and wholesale distributors of hydraulic cylinders in the domestic and international markets. We follow excellent quality, rely on finely crafted manufacturing workshops&#8217; industrial production management strategies, and constantly improve the manufacturing platform, improve product quality production lines, and have a strong creative ability to meet customers&#8217; diverse needs with high efficiency, high precision, and high quality principles. <\/p>\n<p><img decoding=\"async\" src=\"https:\/\/hzpt.com\/wp-content\/uploads\/2024\/11\/songte-company-1.webp\"><\/p>\n<h3>Professionalism<\/h3>\n<p>Vi har ett team av h\u00f6gkvalificerade ingenj\u00f6rer och tekniker som konstruerar och tillverkar hydraulcylindrar f\u00f6r att uppfylla h\u00f6gsta kvalitetsstandarder. <\/p>\n<h3>Internationella certifieringar<\/h3>\n<p>V\u00e5ra produkter \u00e4r certifierade enligt olika internationella standarder, inklusive ISO, CE och SGS. <\/p>\n<h3>Anpassningstj\u00e4nster<\/h3>\n<p>Vi tillhandah\u00e5ller kundanpassade hydraulcylindrar f\u00f6r att m\u00f6ta specifika kundkrav, inklusive design, tillverkning och testning. <\/p>\n<h3>Produktionsutrustning<\/h3>\n<p>Vi anv\u00e4nder avancerad utrustning, inklusive CNC-bearbetningscentraler, precisionsslipmaskiner och testutrustning. <\/p>\n<h3>Eftermarknadstj\u00e4nster<\/h3>\n<p>Vi erbjuder omfattande eftermarknadstj\u00e4nster, inklusive underh\u00e5ll, reparation och ombyggnadstj\u00e4nster f\u00f6r att s\u00e4kerst\u00e4lla optimal prestanda och h\u00e5llbarhet. <\/p>\n<p>F\u00f6rfattare: lyl.<\/p>","protected":false},"excerpt":{"rendered":"<p>Bucket Cylinder For Caterpillar Large Excavator E390D Introduction A bucket cylinder is a specially designed hydraulic cylinder used to control the movement of the bucket in heavy machinery, such as excavators, backhoe loaders, and front-end loaders. Its primary function is to allow the bucket to lift, lower and tilt, making it suitable for various material [&hellip;]<\/p>","protected":false},"featured_media":14778,"comment_status":"open","ping_status":"closed","template":"","meta":{"_et_pb_use_builder":"","_et_pb_old_content":"","_et_gb_content_width":""},"product_brand":[],"product_cat":[1494],"product_tag":[1495,1496],"class_list":{"0":"post-15259","1":"product","2":"type-product","3":"status-publish","4":"has-post-thumbnail","6":"product_cat-bucket-cylinders","7":"product_tag-bucket-cylinders","8":"product_tag-hydraulic-cylinders","10":"first","11":"instock","12":"shipping-taxable","13":"product-type-simple"},"amp_enabled":true,"_links":{"self":[{"href":"https:\/\/www.hydraulic-cylinders.net\/sv\/wp-json\/wp\/v2\/product\/15259","targetHints":{"allow":["GET"]}}],"collection":[{"href":"https:\/\/www.hydraulic-cylinders.net\/sv\/wp-json\/wp\/v2\/product"}],"about":[{"href":"https:\/\/www.hydraulic-cylinders.net\/sv\/wp-json\/wp\/v2\/types\/product"}],"replies":[{"embeddable":true,"href":"https:\/\/www.hydraulic-cylinders.net\/sv\/wp-json\/wp\/v2\/comments?post=15259"}],"wp:featuredmedia":[{"embeddable":true,"href":"https:\/\/www.hydraulic-cylinders.net\/sv\/wp-json\/wp\/v2\/media\/14778"}],"wp:attachment":[{"href":"https:\/\/www.hydraulic-cylinders.net\/sv\/wp-json\/wp\/v2\/media?parent=15259"}],"wp:term":[{"taxonomy":"product_brand","embeddable":true,"href":"https:\/\/www.hydraulic-cylinders.net\/sv\/wp-json\/wp\/v2\/product_brand?post=15259"},{"taxonomy":"product_cat","embeddable":true,"href":"https:\/\/www.hydraulic-cylinders.net\/sv\/wp-json\/wp\/v2\/product_cat?post=15259"},{"taxonomy":"product_tag","embeddable":true,"href":"https:\/\/www.hydraulic-cylinders.net\/sv\/wp-json\/wp\/v2\/product_tag?post=15259"}],"curies":[{"name":"wp","href":"https:\/\/api.w.org\/{rel}","templated":true}]}}