{"id":15265,"date":"2025-01-19T14:18:42","date_gmt":"2025-01-19T14:18:42","guid":{"rendered":"https:\/\/www.hydraulic-cylinders.net\/product\/bucket-cylinder-for-caterpillar-wheel-excavator-m217dz\/"},"modified":"2025-01-19T14:18:44","modified_gmt":"2025-01-19T14:18:44","slug":"bucket-cylinder-for-caterpillar-wheel-excavator-m217dz","status":"publish","type":"product","link":"https:\/\/www.hydraulic-cylinders.net\/sv\/produkt\/bucket-cylinder-for-caterpillar-wheel-excavator-m217dz\/","title":{"rendered":"Skopscylinder f\u00f6r Caterpillar-hjulgr\u00e4vmaskin M217DZ"},"content":{"rendered":"<h1>Skopscylinder f\u00f6r Caterpillar-hjulgr\u00e4vmaskin M217DZ<\/h1>\n<h2>Introduktion<\/h2>\n<p>En skopcylinder \u00e4r en specialiserad hydraulcylinder som huvudsakligen anv\u00e4nds f\u00f6r att styra skopans r\u00f6relse i tunga maskiner som gr\u00e4vmaskiner, gr\u00e4vlastare och frontlastare. Dess prim\u00e4ra funktion \u00e4r att g\u00f6ra det m\u00f6jligt f\u00f6r skopan att lyfta, s\u00e4nka och luta, vilket g\u00f6r det enklare att hantera olika materialhanteringsuppgifter. I hydraulsystemet uppn\u00e5r skopcylindern exakt kontroll \u00f6ver skopan genom f\u00f6r\u00e4ndringar i hydrauloljetrycket, vilket g\u00f6r det m\u00f6jligt f\u00f6r f\u00f6raren att effektivt hantera tunga laster och anpassa sig till komplexa arbetsmilj\u00f6er och olika driftskrav.<\/p>\n<p><img decoding=\"async\" src=\"https:\/\/www.hydraulic-cylinders.net\/wp-content\/uploads\/2025\/01\/songte-company-2.webp\"><\/p>\n<h2>Drag<\/h2>\n<ul>\n<li><strong>H\u00f6g styrka och h\u00e5llbarhet:<\/strong> Den \u00e4r vanligtvis tillverkad av h\u00f6gh\u00e5llfast st\u00e5l eller aluminium och t\u00e5l h\u00f6gt tryck och tunga belastningar, vilket g\u00f6r den l\u00e4mplig f\u00f6r tuffa arbetsmilj\u00f6er. Konstruktionen tar h\u00e4nsyn till slitstyrka och korrosionsbest\u00e4ndighet f\u00f6r att f\u00f6rl\u00e4nga livsl\u00e4ngden.<\/li>\n<li><strong>Effektiv hydraulisk drift:<\/strong> Anv\u00e4nder hydrauloljetryck f\u00f6r att uppn\u00e5 smidiga ut- och sammandragningsr\u00f6relser, vilket m\u00f6jligg\u00f6r snabb respons p\u00e5 kontrollkommandon och ger kraftfulla tryck- och dragkrafter, l\u00e4mplig f\u00f6r hantering av tunga laster och komplexa arbetsuppgifter.<\/li>\n<li><strong>Olika typer:<\/strong> Enkelverkande (hydrauliska cylindrar i en riktning) eller dubbelverkande (hydrauliska cylindrar i tv\u00e5 riktningar) kan v\u00e4ljas efter behov f\u00f6r att m\u00f6ta olika driftskrav. Vissa modeller \u00e4r teleskopiska, vilket m\u00f6jligg\u00f6r st\u00f6rre utdrag utan att \u00f6ka de yttersta m\u00e5tten, l\u00e4mpliga f\u00f6r applikationer med begr\u00e4nsat utrymme.<\/li>\n<li><strong>Perfekt ers\u00e4ttning:<\/strong> V\u00e5r produkt kan vara en perfekt ers\u00e4ttning f\u00f6r dessa hydraulcylindrar.<\/li>\n<\/ul>\n<p><img decoding=\"async\" src=\"https:\/\/www.hydraulic-cylinders.net\/wp-content\/uploads\/2025\/01\/songte-cylinder-head-with-all-kinds-excavator-models.webp\"><\/p>\n<h2>Applikationer<\/h2>\n<p>Skopscylindrar anv\u00e4nds ofta i en m\u00e4ngd olika utrustningar, inklusive:<\/p>\n<ul>\n<li><strong>Byggutrustning:<\/strong> I gr\u00e4vmaskiner \u00e4r de viktiga f\u00f6r att gr\u00e4va, lasta och flytta jord eller skr\u00e4p. I gr\u00e4vlastare hj\u00e4lper skopcylindrar till med b\u00e5de gr\u00e4vning och lyftning. <\/li>\n<li><strong>Jordbruksmaskiner:<\/strong> Anv\u00e4nds i frontlastare f\u00f6r att \u00f6sa, lyfta och transportera jord, h\u00f6 och andra material. <\/li>\n<li><strong>Gr\u00e4vmaskiner:<\/strong> Skopcylindrar m\u00f6jligg\u00f6r gr\u00e4vning genom att l\u00e5ta skopan tr\u00e4nga ner i jorden. <\/li>\n<li><strong>Lastare:<\/strong> I frontlastare hj\u00e4lper de till med att lyfta och dumpa last effektivt. <\/li>\n<\/ul>\n<h2>Design\u00f6verv\u00e4ganden och urvalskriterier<\/h2>\n<ul>\n<li><strong>B\u00e4rkraft:<\/strong> Cylindern m\u00e5ste kunna motst\u00e5 den belastning och det tryck som utrustningen ut\u00f6var. <\/li>\n<li><strong>T\u00e4tning:<\/strong> Olika t\u00e4tningskomponenter som kolvt\u00e4tningar och st\u00e5ngt\u00e4tningar b\u00f6r vara tillverkade av slitstarka material som polyuretan och nitrilgummi f\u00f6r att ge utm\u00e4rkt t\u00e4tningsprestanda och f\u00f6rl\u00e4nga livsl\u00e4ngden. <\/li>\n<li><strong>Varaktighet:<\/strong> Cylinderhuset och den g\u00e4ngade \u00e4ndytan b\u00f6r bearbetas noggrant f\u00f6r att f\u00f6rb\u00e4ttra slitstyrkan. <\/li>\n<li><strong>S\u00e4kerhet:<\/strong> Cylindern m\u00e5ste konstrueras och tillverkas enligt s\u00e4kerhetsstandarder f\u00f6r att undvika olyckor och s\u00e4kerst\u00e4lla personalens och utrustningens s\u00e4kerhet. <\/li>\n<li><strong>Underh\u00e5llbarhet:<\/strong> Cylindern m\u00e5ste vara l\u00e4tt att underh\u00e5lla och reparera, och reservdelar ska finnas l\u00e4ttillg\u00e4ngliga. <\/li>\n<\/ul>\n<p><img decoding=\"async\" src=\"https:\/\/www.hydraulic-cylinders.net\/wp-content\/uploads\/2025\/01\/songte-oil-pipes-and-spare-parts.webp\"><\/p>\n<h2>T\u00e4tning och sm\u00f6rjning<\/h2>\n<p>Cylindern anv\u00e4nder olika t\u00e4tningskomponenter f\u00f6r att ge utm\u00e4rkt t\u00e4tningsprestanda och f\u00f6rl\u00e4nga livsl\u00e4ngden. Kolvt\u00e4tningen och st\u00e5ngt\u00e4tningen \u00e4r tillverkade av slitstarka material som polyuretan och nitrilgummi. Cylinderhuset och den g\u00e4ngade \u00e4ndytan \u00e4r noggrant bearbetade f\u00f6r att f\u00f6rb\u00e4ttra slitstyrkan. Tillr\u00e4cklig m\u00e4ngd hydraulolja \u00e4r n\u00f6dv\u00e4ndig f\u00f6r att sm\u00f6rja och bibeh\u00e5lla cylinderns smidiga drift. D\u00e4rf\u00f6r kr\u00e4vs regelbundet underh\u00e5ll och p\u00e5fyllning av hydraulolja.<\/p>\n<h2>Underh\u00e5ll och reparation<\/h2>\n<p>Regelbunden inspektion, korrekt sm\u00f6rjning, byte av t\u00e4tningar och kalibreringskontroll \u00e4r vanliga underh\u00e5llsuppgifter f\u00f6r skopcylindrar. Korrekt installation, sm\u00f6rjning och justering \u00e4r avg\u00f6rande f\u00f6r att f\u00f6rl\u00e4nga cylinderns livsl\u00e4ngd. Under installationen \u00e4r korrekt inriktning av cylindern n\u00f6dv\u00e4ndig, och anv\u00e4ndning av l\u00e4mpliga monteringsf\u00e4sten f\u00f6r att s\u00e4kra cylindern rekommenderas. Det rekommenderas att f\u00f6lja de rekommenderade inspektions-, reparations- och utbytesprocedurerna och tillhandah\u00e5lla tj\u00e4nster f\u00f6r utbyte av delar och ombyggnad f\u00f6r att f\u00f6rl\u00e4nga cylinderns livsl\u00e4ngd.<\/p>\n<p><img decoding=\"async\" src=\"https:\/\/www.hydraulic-cylinders.net\/wp-content\/uploads\/2025\/01\/songte-chushion-collar.webp\"><\/p>\n<h2>S\u00e4kerhetsaspekter och milj\u00f6faktorer<\/h2>\n<p>N\u00e4r man anv\u00e4nder en skopcylinder \u00e4r det viktigt att f\u00f6lja s\u00e4kerhets\u00e5tg\u00e4rder f\u00f6r att f\u00f6rhindra olyckor och skydda personal och utrustning. Milj\u00f6faktorer som temperatur, luftfuktighet och luftkvalitet m\u00e5ste beaktas f\u00f6r att s\u00e4kerst\u00e4lla cylinderns optimala prestanda och f\u00f6rl\u00e4nga dess livsl\u00e4ngd.<\/p>\n<h2>Feldiagnos och vanliga problem<\/h2>\n<p>Vanliga problem med skopcylindrar inkluderar oljel\u00e4ckage, slitage p\u00e5 packningar, skador p\u00e5 kolvar och st\u00e4nger samt onormalt ljud. F\u00f6r att diagnostisera och l\u00f6sa dessa problem effektivt \u00e4r regelbunden inspektion och underh\u00e5ll avg\u00f6rande. Det \u00e4r b\u00e4st att f\u00f6lja de rekommenderade underh\u00e5llsprocedurerna och vidta effektiva f\u00f6rebyggande \u00e5tg\u00e4rder f\u00f6r att minimera potentiella problem.<\/p>\n<p><img decoding=\"async\" src=\"https:\/\/www.hydraulic-cylinders.net\/wp-content\/uploads\/2025\/01\/songte-bushings-with-all-kinds-of-excavator-models.webp\"><\/p>\n<h2>Om v\u00e5rt f\u00f6retag<\/h2>\n<p>Vi \u00e4r en tillverkare av hydraulcylindrar f\u00f6r reservdelar och har ett komplett produktsortiment. Vi har blivit en av de ledande tillverkarna och grossistdistribut\u00f6rerna av hydraulcylindrar p\u00e5 den inhemska och internationella marknaden. Vi f\u00f6ljer den utm\u00e4rkta kvaliteten och f\u00f6rlitar oss p\u00e5 den industrialiserade produktionsstrategin hos sofistikerade tillverkningsverkst\u00e4der. F\u00f6retaget f\u00f6rb\u00e4ttrar kontinuerligt verkstadens tillverkningsplattform genom att anv\u00e4nda tekniska talanger, digital avancerad tillverkningsutrustning och professionella testsystem f\u00f6r att f\u00f6rb\u00e4ttra produktkvaliteten i produktionslinjen, och har en stark kreativ f\u00f6rm\u00e5ga att m\u00f6ta kundernas varierande behov med h\u00f6g effektivitet, h\u00f6g noggrannhet och h\u00f6ga kvalitetsprinciper. <\/p>\n<p><img decoding=\"async\" src=\"https:\/\/hzpt.com\/wp-content\/uploads\/2024\/11\/songte-company-1.webp\"><\/p>\n<p>Vi erbjuder professionella tj\u00e4nster, internationell certifiering, kundanpassade tj\u00e4nster, produktionsutrustning och kundservice etc.<\/p>\n<p>F\u00f6rfattare: lyl.<\/p>","protected":false},"excerpt":{"rendered":"<p>Bucket Cylinder For Caterpillar Wheel Excavator M217DZ Introduction A bucket cylinder is a specialized hydraulic cylinder mainly used to control the movement of the bucket in heavy machinery such as excavators, backhoe loaders, and front-end loaders. Its primary function is to enable the bucket to perform lifting, lowering, and tilting, making it easier to handle [&hellip;]<\/p>","protected":false},"featured_media":14762,"comment_status":"open","ping_status":"closed","template":"","meta":{"_et_pb_use_builder":"","_et_pb_old_content":"","_et_gb_content_width":""},"product_brand":[],"product_cat":[1494],"product_tag":[1495,1496],"class_list":{"0":"post-15265","1":"product","2":"type-product","3":"status-publish","4":"has-post-thumbnail","6":"product_cat-bucket-cylinders","7":"product_tag-bucket-cylinders","8":"product_tag-hydraulic-cylinders","10":"first","11":"instock","12":"shipping-taxable","13":"product-type-simple"},"amp_enabled":true,"_links":{"self":[{"href":"https:\/\/www.hydraulic-cylinders.net\/sv\/wp-json\/wp\/v2\/product\/15265","targetHints":{"allow":["GET"]}}],"collection":[{"href":"https:\/\/www.hydraulic-cylinders.net\/sv\/wp-json\/wp\/v2\/product"}],"about":[{"href":"https:\/\/www.hydraulic-cylinders.net\/sv\/wp-json\/wp\/v2\/types\/product"}],"replies":[{"embeddable":true,"href":"https:\/\/www.hydraulic-cylinders.net\/sv\/wp-json\/wp\/v2\/comments?post=15265"}],"wp:featuredmedia":[{"embeddable":true,"href":"https:\/\/www.hydraulic-cylinders.net\/sv\/wp-json\/wp\/v2\/media\/14762"}],"wp:attachment":[{"href":"https:\/\/www.hydraulic-cylinders.net\/sv\/wp-json\/wp\/v2\/media?parent=15265"}],"wp:term":[{"taxonomy":"product_brand","embeddable":true,"href":"https:\/\/www.hydraulic-cylinders.net\/sv\/wp-json\/wp\/v2\/product_brand?post=15265"},{"taxonomy":"product_cat","embeddable":true,"href":"https:\/\/www.hydraulic-cylinders.net\/sv\/wp-json\/wp\/v2\/product_cat?post=15265"},{"taxonomy":"product_tag","embeddable":true,"href":"https:\/\/www.hydraulic-cylinders.net\/sv\/wp-json\/wp\/v2\/product_tag?post=15265"}],"curies":[{"name":"wp","href":"https:\/\/api.w.org\/{rel}","templated":true}]}}