{"id":15270,"date":"2025-01-19T14:19:09","date_gmt":"2025-01-19T14:19:09","guid":{"rendered":"https:\/\/www.hydraulic-cylinders.net\/product\/bucket-cylinder-for-doosan-small-excavator-dx150lc-7\/"},"modified":"2025-01-19T14:19:11","modified_gmt":"2025-01-19T14:19:11","slug":"bucket-cylinder-for-doosan-small-excavator-dx150lc-7","status":"publish","type":"product","link":"https:\/\/www.hydraulic-cylinders.net\/sv\/produkt\/bucket-cylinder-for-doosan-small-excavator-dx150lc-7\/","title":{"rendered":"Skopscylinder f\u00f6r Doosan liten gr\u00e4vmaskin DX150LC-7"},"content":{"rendered":"<p><!DOCTYPE html><br \/>\n<html><br \/>\n<head><br \/>\n<title>Skopscylinder f\u00f6r Doosan liten gr\u00e4vmaskin DX150LC-7<\/title><br \/>\n<\/head><br \/>\n<body><\/p>\n<h1>Skopscylinder f\u00f6r Doosan liten gr\u00e4vmaskin DX150LC-7<\/h1>\n<h2>Introduktion<\/h2>\n<p>Skopcylindern till Doosan liten gr\u00e4vmaskin DX150LC-7 \u00e4r en specialdesignad hydraulcylinder som anv\u00e4nds f\u00f6r att styra skopans r\u00f6relse i tunga maskiner som gr\u00e4vmaskiner, gr\u00e4vlastare och hjullastare. Dess huvudsakliga funktion \u00e4r att m\u00f6jligg\u00f6ra lyftning, s\u00e4nkning och lutning av skopan, vilket underl\u00e4ttar olika materialhanteringsuppgifter. I hydraulsystemet uppn\u00e5r skopcylindern exakt kontroll \u00f6ver skopan genom att utnyttja tryckf\u00f6r\u00e4ndringarna i hydrauloljan, vilket g\u00f6r det m\u00f6jligt f\u00f6r f\u00f6rare att effektivt hantera tunga laster och anpassa sig till komplexa arbetsmilj\u00f6er och olika driftskrav.<\/p>\n<p><img decoding=\"async\" src=\"https:\/\/www.hydraulic-cylinders.net\/wp-content\/uploads\/2025\/01\/songte-company-2.webp\" alt=\"Bild av skopcylinder\"><\/p>\n<h2>Drag<\/h2>\n<ul>\n<li>H\u00f6g h\u00e5llfasthet och h\u00e5llbarhet: Vanligtvis tillverkad av h\u00f6gh\u00e5llfast st\u00e5l eller aluminium, t\u00e5l den h\u00f6gt tryck och tunga belastningar och anpassar sig till tuffa arbetsmilj\u00f6er. Designen tar h\u00e4nsyn till slitstyrka och korrosionsbest\u00e4ndighet f\u00f6r att f\u00f6rl\u00e4nga dess livsl\u00e4ngd.<\/li>\n<li>Effektiv hydraulisk drift: Genom att utnyttja hydrauloljans tryck f\u00f6r att uppn\u00e5 smidiga ut- och indragningsr\u00f6relser kan den snabbt reagera p\u00e5 kontrollkommandon och ge kraftfulla tryck- och dragkrafter som \u00e4r l\u00e4mpliga f\u00f6r hantering av tunga laster och komplexa driftsuppgifter.<\/li>\n<li>Olika typer: Finns som enkelverkande (hydraulik anv\u00e4nds endast i en riktning) eller dubbelverkande (hydraulik anv\u00e4nds i b\u00e5da riktningarna) cylindrar, vilket m\u00f6jligg\u00f6r olika driftskrav. Vissa modeller \u00e4r teleskopiska, vilket m\u00f6jligg\u00f6r st\u00f6rre utdrag utan att \u00f6ka de yttre m\u00e5tten, vilket g\u00f6r dem l\u00e4mpliga f\u00f6r applikationer med begr\u00e4nsat utrymme.<\/li>\n<li>Perfekt ers\u00e4ttning: V\u00e5r produkt kan perfekt ers\u00e4tta dessa hydraulcylindrar.<\/li>\n<\/ul>\n<p><img decoding=\"async\" src=\"https:\/\/www.hydraulic-cylinders.net\/wp-content\/uploads\/2025\/01\/songte-cylinder-head-with-all-kinds-excavator-models.webp\" alt=\"Produktbild\"><\/p>\n<h2>Applikationer<\/h2>\n<ul>\n<li>Byggutrustning: De finns i gr\u00e4vmaskiner och \u00e4r avg\u00f6rande f\u00f6r att gr\u00e4va, lasta och flytta jord eller skr\u00e4p. I gr\u00e4vlastare hj\u00e4lper skopcylindern till med b\u00e5de gr\u00e4vning och lyftning.<\/li>\n<li>Jordbruksmaskiner: Anv\u00e4nds i frontlastare f\u00f6r att \u00f6sa, lyfta och transportera jord, h\u00f6 och andra material.<\/li>\n<li>Gr\u00e4vmaskiner: Skopans cylinder m\u00f6jligg\u00f6r gr\u00e4vning genom att l\u00e5ta skopan tr\u00e4nga ner i jorden.<\/li>\n<li>Hjullastare: I hjullastare hj\u00e4lper de till med effektiv lyftning och dumpning av gods.<\/li>\n<\/ul>\n<h2>Design\u00f6verv\u00e4ganden och urvalskriterier<\/h2>\n<ul>\n<li>B\u00e4rf\u00f6rm\u00e5ga: Diskutera cylinderns f\u00f6rm\u00e5ga att motst\u00e5 belastningar.<\/li>\n<li>T\u00e4tning: Diskutera vikten av korrekt t\u00e4tning f\u00f6r att f\u00f6rhindra l\u00e4ckage.<\/li>\n<li>Durability: Discuss the cylinder&#8217;s ability to withstand wear and tear.<\/li>\n<li>S\u00e4kerhet: Diskutera s\u00e4kerhetsfunktioner och \u00f6verv\u00e4ganden i designen.<\/li>\n<li>Underh\u00e5llbarhet: Diskutera hur enkelt det \u00e4r att underh\u00e5lla och reparera.<\/li>\n<\/ul>\n<p><img decoding=\"async\" src=\"https:\/\/www.hydraulic-cylinders.net\/wp-content\/uploads\/2025\/01\/songte-oil-pipes-and-spare-parts.webp\" alt=\"Hydrauliska cylinderdelar\"><\/p>\n<h2>T\u00e4tning och sm\u00f6rjning<\/h2>\n<p>Skopscylindern anv\u00e4nder olika t\u00e4tningar, s\u00e5som kolvt\u00e4tningar och kolvst\u00e5ngst\u00e4tningar, tillverkade av slitstarka material som polyuretan och nitrilgummi. Cylinderhuset och de g\u00e4ngade \u00e4ndytorna genomg\u00e5r en finbehandling f\u00f6r att f\u00f6rb\u00e4ttra slitstyrkan. Regelbunden sm\u00f6rjning med hydraulolja \u00e4r n\u00f6dv\u00e4ndig f\u00f6r att s\u00e4kerst\u00e4lla smidig drift.<\/p>\n<h2>Regelbunden inspektion och f\u00f6rebyggande underh\u00e5ll<\/h2>\n<ul>\n<li>Kontrollera regelbundet cylindern f\u00f6r tecken p\u00e5 slitage eller skador.<\/li>\n<li>S\u00e4kerst\u00e4ll korrekt sm\u00f6rjning av alla r\u00f6rliga delar.<\/li>\n<li>Byt ut t\u00e4tningarna regelbundet f\u00f6r att bibeh\u00e5lla optimal prestanda.<\/li>\n<li>Utf\u00f6r kalibreringskontroller f\u00f6r att s\u00e4kerst\u00e4lla korrekt drift.<\/li>\n<\/ul>\n<h2>Produktinstallationsguide<\/h2>\n<p>F\u00f6lj dessa steg f\u00f6r korrekt installation av skopcylindern:<\/p>\n<ol>\n<li>Rikta in cylindern korrekt enligt de medf\u00f6ljande anvisningarna.<\/li>\n<li>Anv\u00e4nd l\u00e4mpliga monteringsf\u00e4sten f\u00f6r att s\u00e4kra cylindern.<\/li>\n<li>Se rekommenderade procedurer f\u00f6r inspektion, reparation och utbyte.<\/li>\n<li>Ge tips f\u00f6r att f\u00f6rl\u00e4nga cylinderns livsl\u00e4ngd.<\/li>\n<\/ol>\n<p><img decoding=\"async\" src=\"https:\/\/www.hydraulic-cylinders.net\/wp-content\/uploads\/2025\/01\/songte-chushion-collar.webp\" alt=\"Cylinderinstallation\"><\/p>\n<h2>S\u00e4kerhetsaspekter och milj\u00f6faktorer<\/h2>\n<p>Diskutera vikten av s\u00e4kerhets\u00e5tg\u00e4rder vid anv\u00e4ndning av skopcylindern och hur det bidrar till en s\u00e4krare arbetsmilj\u00f6.<\/p>\n<h2>Fels\u00f6kning och vanliga problem<\/h2>\n<p>Diskutera vanliga problem som kan uppst\u00e5 och ge fels\u00f6kningstips och l\u00f6sningar f\u00f6r att hj\u00e4lpa l\u00e4sarna att effektivt diagnostisera och l\u00f6sa problem. Inkludera f\u00f6rebyggande \u00e5tg\u00e4rder f\u00f6r att minimera potentiella problem.<\/p>\n<p><img decoding=\"async\" src=\"https:\/\/www.hydraulic-cylinders.net\/wp-content\/uploads\/2025\/01\/songte-bushings-with-all-kinds-of-excavator-models.webp\" alt=\"Vanliga problem\"><\/p>\n<h2>V\u00e5rt f\u00f6retag<\/h2>\n<p>Vi \u00e4r en ledande tillverkare och grossistdistribut\u00f6r av hydrauliska reservcylindrar p\u00e5 den inhemska och internationella marknaden. V\u00e5rt f\u00f6retag erbjuder ett brett utbud av produkter och f\u00f6ljer en produktionsstrategi baserad p\u00e5 utm\u00e4rkt kvalitet. Med v\u00e5r tekniska expertis, toppmoderna tillverkningsutrustning och professionella testsystem f\u00f6rb\u00e4ttrar vi kontinuerligt v\u00e5r tillverkningsplattform och s\u00e4kerst\u00e4ller produktion av h\u00f6geffektiva, precisions- och h\u00f6gkvalitativa produkter f\u00f6r att m\u00f6ta olika kunders behov.<\/p>\n<p><img decoding=\"async\" src=\"https:\/\/www.hydraulic-cylinders.net\/wp-content\/uploads\/2025\/01\/songte-company-3.webp\" alt=\"F\u00f6retagsbild\"><\/p>\n<h3>Professionalism:<\/h3>\n<p>Explain the company&#8217;s professionalism in delivering quality products and services.<\/p>\n<h3>Internationella certifieringar:<\/h3>\n<p>Markera alla relevanta internationella certifieringar som f\u00f6retaget har uppn\u00e5tt.<\/p>\n<h3>Anpassningstj\u00e4nster:<\/h3>\n<p>Discuss the company&#8217;s ability to provide customized services.<\/p>\n<h3>Produktionsutrustning:<\/h3>\n<p>Beskriv den avancerade produktionsutrustning som f\u00f6retaget anv\u00e4nder.<\/p>\n<h3>Eftermarknadsservice:<\/h3>\n<p>Emphasize the company&#8217;s commitment to excellent after-sales service.<\/p>\n<p><img decoding=\"async\" src=\"https:\/\/hzpt.com\/wp-content\/uploads\/2024\/11\/songte-company-1.webp\" alt=\"F\u00f6retagsbild\"><\/p>\n<p>F\u00f6rfattare: lyl<\/p>\n<p><\/body><br \/>\n<\/html><\/p>","protected":false},"excerpt":{"rendered":"<p>Bucket Cylinder For Doosan Small Excavator DX150LC-7 Bucket Cylinder For Doosan Small Excavator DX150LC-7 Introduction The bucket cylinder for Doosan small excavator DX150LC-7 is a specially designed hydraulic cylinder used to control the movement of the bucket in heavy machinery such as excavators, backhoe loaders, and wheel loaders. Its main function is to enable the [&hellip;]<\/p>","protected":false},"featured_media":14785,"comment_status":"open","ping_status":"closed","template":"","meta":{"_et_pb_use_builder":"","_et_pb_old_content":"","_et_gb_content_width":""},"product_brand":[],"product_cat":[1494],"product_tag":[1495,1496],"class_list":{"0":"post-15270","1":"product","2":"type-product","3":"status-publish","4":"has-post-thumbnail","6":"product_cat-bucket-cylinders","7":"product_tag-bucket-cylinders","8":"product_tag-hydraulic-cylinders","10":"first","11":"instock","12":"shipping-taxable","13":"product-type-simple"},"amp_enabled":true,"_links":{"self":[{"href":"https:\/\/www.hydraulic-cylinders.net\/sv\/wp-json\/wp\/v2\/product\/15270","targetHints":{"allow":["GET"]}}],"collection":[{"href":"https:\/\/www.hydraulic-cylinders.net\/sv\/wp-json\/wp\/v2\/product"}],"about":[{"href":"https:\/\/www.hydraulic-cylinders.net\/sv\/wp-json\/wp\/v2\/types\/product"}],"replies":[{"embeddable":true,"href":"https:\/\/www.hydraulic-cylinders.net\/sv\/wp-json\/wp\/v2\/comments?post=15270"}],"wp:featuredmedia":[{"embeddable":true,"href":"https:\/\/www.hydraulic-cylinders.net\/sv\/wp-json\/wp\/v2\/media\/14785"}],"wp:attachment":[{"href":"https:\/\/www.hydraulic-cylinders.net\/sv\/wp-json\/wp\/v2\/media?parent=15270"}],"wp:term":[{"taxonomy":"product_brand","embeddable":true,"href":"https:\/\/www.hydraulic-cylinders.net\/sv\/wp-json\/wp\/v2\/product_brand?post=15270"},{"taxonomy":"product_cat","embeddable":true,"href":"https:\/\/www.hydraulic-cylinders.net\/sv\/wp-json\/wp\/v2\/product_cat?post=15270"},{"taxonomy":"product_tag","embeddable":true,"href":"https:\/\/www.hydraulic-cylinders.net\/sv\/wp-json\/wp\/v2\/product_tag?post=15270"}],"curies":[{"name":"wp","href":"https:\/\/api.w.org\/{rel}","templated":true}]}}