{"id":15271,"date":"2025-01-19T14:19:13","date_gmt":"2025-01-19T14:19:13","guid":{"rendered":"https:\/\/www.hydraulic-cylinders.net\/product\/bucket-cylinder-for-doosan-small-excavator-dh55-5\/"},"modified":"2025-01-19T14:19:15","modified_gmt":"2025-01-19T14:19:15","slug":"bucket-cylinder-for-doosan-small-excavator-dh55-5","status":"publish","type":"product","link":"https:\/\/www.hydraulic-cylinders.net\/sv\/produkt\/bucket-cylinder-for-doosan-small-excavator-dh55-5\/","title":{"rendered":"Skopscylinder f\u00f6r Doosan liten gr\u00e4vmaskin DH55-5"},"content":{"rendered":"<h1>Skopscylinder f\u00f6r Doosan liten gr\u00e4vmaskin DH55-5<\/h1>\n<h2>Introduktion<\/h2>\n<h3>Definierande skopcylinder f\u00f6r Doosan liten gr\u00e4vmaskin DH55-5<\/h3>\n<p>En skopcylinder \u00e4r en specialdesignad hydraulcylinder som fr\u00e4mst anv\u00e4nds f\u00f6r att styra skopans r\u00f6relse i tunga maskiner som gr\u00e4vmaskiner, gr\u00e4vlastare och frontlastare. Dess huvudsakliga funktion \u00e4r att g\u00f6ra det m\u00f6jligt f\u00f6r skopan att lyfta, s\u00e4nka och luta, vilket underl\u00e4ttar olika materialhanteringsuppgifter. I hydraulsystemet uppn\u00e5r skopcylindern exakt kontroll \u00f6ver skopan genom att \u00e4ndra hydrauloljans tryck, vilket g\u00f6r det m\u00f6jligt f\u00f6r operat\u00f6rer att hantera tunga laster effektivt och anpassa sig till komplexa arbetsmilj\u00f6er och olika driftskrav.<\/p>\n<p><img decoding=\"async\" src=\"https:\/\/www.hydraulic-cylinders.net\/wp-content\/uploads\/2025\/01\/songte-company-2.webp\" alt=\"Skopscylinder\" \/><\/p>\n<h3>Funktioner hos skopcylinder f\u00f6r Doosan liten gr\u00e4vmaskin DH55-5<\/h3>\n<ul>\n<li>H\u00f6g h\u00e5llfasthet och h\u00e5llbarhet: Den \u00e4r vanligtvis tillverkad av h\u00f6gh\u00e5llfast st\u00e5l eller aluminium, t\u00e5l h\u00f6gt tryck och tunga belastningar, anpassar sig till tuffa arbetsmilj\u00f6er och \u00e4r konstruerad med slitstyrka och korrosionsbest\u00e4ndighet i \u00e5tanke, vilket f\u00f6rl\u00e4nger dess livsl\u00e4ngd.<\/li>\n<li>Effektiv hydraulisk drift: Genom att utnyttja hydrauloljans tryck f\u00f6r att uppn\u00e5 smidiga teleskopr\u00f6relser kan den reagera snabbt p\u00e5 styrkommandon, ge kraftfulla tryck- och dragkrafter och \u00e4r l\u00e4mplig f\u00f6r hantering av tunga laster och komplexa driftsuppgifter.<\/li>\n<li>Flera typer: Enkelverkande (hydrauliska endast i en riktning) eller dubbelverkande (hydrauliska i b\u00e5da riktningarna) cylindrar kan v\u00e4ljas efter driftskrav. Vissa modeller \u00e4r teleskopiska, vilket m\u00f6jligg\u00f6r st\u00f6rre utdrag utan att \u00f6ka de yttre m\u00e5tten, vilket g\u00f6r dem l\u00e4mpliga f\u00f6r applikationer med begr\u00e4nsat utrymme.<\/li>\n<li>Utbytbar: V\u00e5r produkt kan perfekt ers\u00e4tta dessa hydraulcylindrar.<\/li>\n<\/ul>\n<p><img decoding=\"async\" src=\"https:\/\/www.hydraulic-cylinders.net\/wp-content\/uploads\/2025\/01\/songte-cylinder-head-with-all-kinds-excavator-models.webp\" alt=\"Skopscylindermodeller\" \/><\/p>\n<h3>Anv\u00e4ndning av skopcylinder f\u00f6r Doosan liten gr\u00e4vmaskin DH55-5<\/h3>\n<p>Skopscylindern anv\u00e4nds ofta i olika tunga maskiner, s\u00e5som:<\/p>\n<ul>\n<li>Byggutrustning: I gr\u00e4vmaskiner \u00e4r de viktiga f\u00f6r att gr\u00e4va, lasta och flytta jord eller skr\u00e4p. I gr\u00e4vlastare hj\u00e4lper skopcylindrar till vid b\u00e5de gr\u00e4vning och lyftning. <\/li>\n<li>Jordbruksmaskiner: Anv\u00e4nds i frontlastare f\u00f6r att \u00f6sa, lyfta och transportera jord, h\u00f6 och andra material. <\/li>\n<li>Gr\u00e4vmaskiner: Skopans cylinder utf\u00f6r gr\u00e4vning genom att l\u00e5ta skopan tr\u00e4nga ner i jorden. <\/li>\n<li>Lastare: I frontlastare hj\u00e4lper de till att lyfta och luta last effektivt. <\/li>\n<\/ul>\n<p>Varje till\u00e4mpning av skopcylindern utvecklas ytterligare nedan.<\/p>\n<h3>Design\u00f6verv\u00e4ganden och urvalskriterier<\/h3>\n<p>Skopscylindern \u00e4r konstruerad med f\u00f6ljande \u00f6verv\u00e4ganden:<\/p>\n<ul>\n<li>B\u00e4rf\u00f6rm\u00e5ga: Cylindern m\u00e5ste kunna motst\u00e5 h\u00f6ga belastningar och bibeh\u00e5lla stabilitet under drift.<\/li>\n<li>T\u00e4tning: Cylindern m\u00e5ste vara t\u00e4tad f\u00f6r att f\u00f6rhindra v\u00e4tskel\u00e4ckage och bibeh\u00e5lla korrekt tryck.<\/li>\n<li>H\u00e5llbarhet: Cylindern m\u00e5ste vara konstruerad f\u00f6r att motst\u00e5 tuffa driftsf\u00f6rh\u00e5llanden och motst\u00e5 slitage och korrosion.<\/li>\n<li>S\u00e4kerhet: Cylindern m\u00e5ste vara konstruerad f\u00f6r att f\u00f6rhindra olyckor och minimera risken f\u00f6r skador p\u00e5 operat\u00f6rer.<\/li>\n<li>Underh\u00e5llbarhet: Cylindern m\u00e5ste vara l\u00e4tt att underh\u00e5lla och reparera.<\/li>\n<\/ul>\n<p><img decoding=\"async\" src=\"https:\/\/www.hydraulic-cylinders.net\/wp-content\/uploads\/2025\/01\/songte-oil-pipes-and-spare-parts.webp\" alt=\"Skopscylinderdelar\" \/><\/p>\n<h3>T\u00e4tning och sm\u00f6rjning av skopcylinder f\u00f6r Doosan liten gr\u00e4vmaskin DH55-5<\/h3>\n<ul>\n<li>Olika t\u00e4tningselement: S\u00e5som kolvt\u00e4tningar, kolvst\u00e5ngst\u00e4tningar etc. anv\u00e4nds i cylindern. T\u00e4tningselementen \u00e4r tillverkade av slitstarka material som polyuretan och nitrilgummi.<\/li>\n<li>Finbearbetad cylinderkropp: Cylinderkroppen och g\u00e4ngans \u00e4ndyta \u00e4r finbearbetade f\u00f6r att f\u00f6rb\u00e4ttra slitstyrkan.<\/li>\n<li>Sm\u00f6rjning: Cylindern beh\u00f6ver sm\u00f6rjas regelbundet med en l\u00e4mplig m\u00e4ngd hydraulolja.<\/li>\n<\/ul>\n<h3>Regelbunden inspektion och f\u00f6rebyggande underh\u00e5lls\u00e5tg\u00e4rder<\/h3>\n<p>Det rekommenderas att f\u00f6ljande underh\u00e5lls\u00e5tg\u00e4rder utf\u00f6rs regelbundet:<\/p>\n<ul>\n<li>Regelbunden inspektion: Kontrollera regelbundet cylindern f\u00f6r tecken p\u00e5 skador, l\u00e4ckage och slitage.<\/li>\n<li>Korrekt sm\u00f6rjning: Se till att cylindern \u00e4r ordentligt smord.<\/li>\n<li>Byte av t\u00e4tning: Byt ut t\u00e4tningarna vid behov.<\/li>\n<li>Kalibreringskontroll: Kontrollera cylinderns kalibrering regelbundet.<\/li>\n<\/ul>\n<p>Korrekt installation, sm\u00f6rjning och justering \u00e4r avg\u00f6rande f\u00f6r att s\u00e4kerst\u00e4lla s\u00e4ker och effektiv drift av skopcylindern. Det rekommenderas att rikta in cylindern korrekt under installationen och anv\u00e4nda l\u00e4mpliga monteringsf\u00e4sten f\u00f6r att s\u00e4kra cylindern. V\u00e5rt f\u00f6retag tillhandah\u00e5ller reservdelar och renoveringstj\u00e4nster f\u00f6r att f\u00f6rl\u00e4nga livsl\u00e4ngden p\u00e5 din skopcylinder.<\/p>\n<p><img decoding=\"async\" src=\"https:\/\/www.hydraulic-cylinders.net\/wp-content\/uploads\/2025\/01\/songte-chushion-collar.webp\" alt=\"Installation av skopcylinder\" \/><\/p>\n<h3>S\u00e4kerhetsaspekter och milj\u00f6faktorer<\/h3>\n<p>N\u00e4r man anv\u00e4nder skopcylindern \u00e4r det viktigt att f\u00f6lja s\u00e4kerhets\u00e5tg\u00e4rder f\u00f6r att f\u00f6rhindra olyckor och skador. Det \u00e4r ocks\u00e5 viktigt att beakta milj\u00f6faktorer, s\u00e5som hur hydraulv\u00e4tskel\u00e4ckage p\u00e5verkar milj\u00f6n och hur man hanterar avfall p\u00e5 r\u00e4tt s\u00e4tt.<\/p>\n<h3>Fels\u00f6kning och vanliga problem med skopcylinder f\u00f6r Doosan liten gr\u00e4vmaskin DH55-5<\/h3>\n<p>Vanliga problem som kan uppst\u00e5 med skopcylindern inkluderar oljel\u00e4ckage, cylinderdrift och otillr\u00e4cklig kraft. V\u00e5ra fels\u00f6kningstips och l\u00f6sningar hj\u00e4lper till att diagnostisera och l\u00f6sa dessa problem effektivt. Det rekommenderas ocks\u00e5 att vidta f\u00f6rebyggande \u00e5tg\u00e4rder f\u00f6r att minimera potentiella problem.<\/p>\n<p><img decoding=\"async\" src=\"https:\/\/www.hydraulic-cylinders.net\/wp-content\/uploads\/2025\/01\/songte-bushings-with-all-kinds-of-excavator-models.webp\" alt=\"Skopscylinderbussningar\" \/><\/p>\n<h2>Om v\u00e5rt f\u00f6retag<\/h2>\n<p>Vi \u00e4r en tillverkare av hydraulcylindrar som kan ers\u00e4tta konventionella hydraulcylindrar. V\u00e5rt f\u00f6retag erbjuder ett komplett sortiment av hydraulcylindrar och har blivit en av de ledande tillverkarna och grossistdistribut\u00f6rerna p\u00e5 den inhemska och internationella marknaden. Vi f\u00f6ljer principerna om utm\u00e4rkt kvalitet, f\u00f6rlitar oss p\u00e5 industrialiserade produktionshanteringsstrategier och har kontinuerligt f\u00f6rb\u00e4ttrat v\u00e5ra tillverkningsplattformar genom att anv\u00e4nda tekniska talanger, digitaliserad avancerad tillverkningsutrustning och professionella testsystem. Vi har en stark f\u00f6rm\u00e5ga att skapa h\u00f6geffektiva, h\u00f6gprecisions- och h\u00f6gkvalitativa produkter f\u00f6r att m\u00f6ta v\u00e5ra kunders olika behov.<\/p>\n<p><img decoding=\"async\" src=\"https:\/\/hzpt.com\/wp-content\/uploads\/2024\/11\/songte-company-1.webp\" alt=\"F\u00f6retags\u00f6versikt\" \/><\/p>\n<h3>V\u00e5r expertis<\/h3>\n<p>V\u00e5rt f\u00f6retag har expertis inom f\u00f6ljande omr\u00e5den:<\/p>\n<ul>\n<li>Internationell certifiering: V\u00e5ra produkter har klarat olika internationella certifieringar, inklusive ISO9001, CE, SGS och TUV. <\/li>\n<li>Anpassade tj\u00e4nster: V\u00e5rt f\u00f6retag kan erbjuda anpassade tj\u00e4nster efter kundernas behov, s\u00e5som skr\u00e4ddarsydd produktdesign, anpassad f\u00f6rpackning etc.<\/li>\n<li>Produktionsutrustning: Vi anv\u00e4nder avancerad CNC-bearbetningsutrustning, avancerad svetsutrustning och diverse testutrustning f\u00f6r att s\u00e4kerst\u00e4lla produktkvaliteten.<\/li>\n<li>Eftermarknadsservice: Vi erbjuder omfattande eftermarknadssupport, inklusive installation, underh\u00e5ll och reparationstj\u00e4nster.<\/li>\n<\/ul>\n<p>Tack f\u00f6r att du v\u00e4ljer v\u00e5ra produkter. F\u00f6r mer information, bes\u00f6k v\u00e5r webbplats eller kontakta oss direkt.<\/p>\n<footer>F\u00f6rfattare: lyl<\/footer>","protected":false},"excerpt":{"rendered":"<p>Bucket Cylinder For Doosan Small Excavator DH55-5 Introduction Defining Bucket Cylinder for Doosan Small Excavator DH55-5 A bucket cylinder is a specially designed hydraulic cylinder that is primarily used to control the movement of the bucket in heavy machinery such as excavators, backhoe loaders, and front-end loaders. Its main function is to enable the bucket [&hellip;]<\/p>","protected":false},"featured_media":14784,"comment_status":"open","ping_status":"closed","template":"","meta":{"_et_pb_use_builder":"","_et_pb_old_content":"","_et_gb_content_width":""},"product_brand":[],"product_cat":[1494],"product_tag":[1495,1496],"class_list":{"0":"post-15271","1":"product","2":"type-product","3":"status-publish","4":"has-post-thumbnail","6":"product_cat-bucket-cylinders","7":"product_tag-bucket-cylinders","8":"product_tag-hydraulic-cylinders","10":"first","11":"instock","12":"shipping-taxable","13":"product-type-simple"},"amp_enabled":true,"_links":{"self":[{"href":"https:\/\/www.hydraulic-cylinders.net\/sv\/wp-json\/wp\/v2\/product\/15271","targetHints":{"allow":["GET"]}}],"collection":[{"href":"https:\/\/www.hydraulic-cylinders.net\/sv\/wp-json\/wp\/v2\/product"}],"about":[{"href":"https:\/\/www.hydraulic-cylinders.net\/sv\/wp-json\/wp\/v2\/types\/product"}],"replies":[{"embeddable":true,"href":"https:\/\/www.hydraulic-cylinders.net\/sv\/wp-json\/wp\/v2\/comments?post=15271"}],"wp:featuredmedia":[{"embeddable":true,"href":"https:\/\/www.hydraulic-cylinders.net\/sv\/wp-json\/wp\/v2\/media\/14784"}],"wp:attachment":[{"href":"https:\/\/www.hydraulic-cylinders.net\/sv\/wp-json\/wp\/v2\/media?parent=15271"}],"wp:term":[{"taxonomy":"product_brand","embeddable":true,"href":"https:\/\/www.hydraulic-cylinders.net\/sv\/wp-json\/wp\/v2\/product_brand?post=15271"},{"taxonomy":"product_cat","embeddable":true,"href":"https:\/\/www.hydraulic-cylinders.net\/sv\/wp-json\/wp\/v2\/product_cat?post=15271"},{"taxonomy":"product_tag","embeddable":true,"href":"https:\/\/www.hydraulic-cylinders.net\/sv\/wp-json\/wp\/v2\/product_tag?post=15271"}],"curies":[{"name":"wp","href":"https:\/\/api.w.org\/{rel}","templated":true}]}}