{"id":15275,"date":"2025-01-19T14:19:32","date_gmt":"2025-01-19T14:19:32","guid":{"rendered":"https:\/\/www.hydraulic-cylinders.net\/product\/bucket-cylinder-for-doosan-middle-excavator-dh200-5-7\/"},"modified":"2025-01-19T14:19:34","modified_gmt":"2025-01-19T14:19:34","slug":"bucket-cylinder-for-doosan-middle-excavator-dh200-5-7","status":"publish","type":"product","link":"https:\/\/www.hydraulic-cylinders.net\/sv\/produkt\/bucket-cylinder-for-doosan-middle-excavator-dh200-5-7\/","title":{"rendered":"Skopscylinder f\u00f6r Doosan mellangr\u00e4vmaskin DH200-5-7"},"content":{"rendered":"<h1>Skopscylinder f\u00f6r Doosan mellangr\u00e4vmaskin DH200-5-7<\/h1>\n<h2>Introduktion<\/h2>\n<p>En skopcylinder \u00e4r en specialdesignad hydraulcylinder som fr\u00e4mst anv\u00e4nds f\u00f6r att styra skopans r\u00f6relse i tunga maskiner som gr\u00e4vmaskiner, gr\u00e4vlastare och frontlastare. Dess huvudsakliga funktion \u00e4r att g\u00f6ra det m\u00f6jligt f\u00f6r skopan att lyfta, s\u00e4nka och luta, vilket g\u00f6r det enklare att hantera olika materialhanteringsuppgifter. I hydraulsystemet styr skopcylindern skopans exakta r\u00f6relse genom f\u00f6r\u00e4ndringar i hydrauloljetrycket, vilket g\u00f6r det m\u00f6jligt f\u00f6r f\u00f6rare att hantera tunga laster effektivt och anpassa sig till komplexa arbetsmilj\u00f6er och olika arbetskrav.<\/p>\n<p><img decoding=\"async\" src=\"https:\/\/www.hydraulic-cylinders.net\/wp-content\/uploads\/2025\/01\/songte-company-2.webp\" alt=\"Bild av skopcylinder\"><\/p>\n<h2>Drag<\/h2>\n<ul>\n<li>\n<h3>H\u00f6g styrka och h\u00e5llbarhet<\/h3>\n<p>Skopscylindrarna \u00e4r vanligtvis tillverkade av h\u00f6gh\u00e5llfast st\u00e5l eller aluminium, vilket t\u00e5l h\u00f6gt tryck och tunga belastningar och anpassar sig till tuffa arbetsf\u00f6rh\u00e5llanden. Konstruktionen tar h\u00e4nsyn till slitstyrka och korrosionsbest\u00e4ndighet, vilket f\u00f6rl\u00e4nger livsl\u00e4ngden.<\/p>\n<\/li>\n<li>\n<h3>Effektiv hydraulisk drift<\/h3>\n<p>Det hydrauliska trycket anv\u00e4nds f\u00f6r att uppn\u00e5 smidiga f\u00f6rl\u00e4ngnings- och sammandragningsr\u00f6relser, vilket m\u00f6jligg\u00f6r snabb respons p\u00e5 styrkommandon, ger kraftfulla drag- och tryckkrafter och \u00e4r l\u00e4mpligt f\u00f6r hantering av tunga laster och komplexa arbetsuppgifter.<\/p>\n<\/li>\n<li>\n<h3>Olika typer<\/h3>\n<p>Skopscylindrarna kan vara enkelverkande (med hydraulik i endast en riktning) eller dubbelverkande (med hydraulik i b\u00e5da riktningarna) beroende p\u00e5 driftskraven. Vissa modeller \u00e4r teleskopiska, vilket m\u00f6jligg\u00f6r st\u00f6rre utdrag utan att \u00f6ka de yttersta m\u00e5tten, vilket g\u00f6r dem l\u00e4mpliga f\u00f6r applikationer med begr\u00e4nsat utrymme.<\/p>\n<\/li>\n<li>\n<h3>Perfekt ers\u00e4ttare<\/h3>\n<p>V\u00e5ra produkter kan perfekt ers\u00e4tta dessa hydraulcylindrar.<\/p>\n<\/li>\n<\/ul>\n<p><img decoding=\"async\" src=\"https:\/\/www.hydraulic-cylinders.net\/wp-content\/uploads\/2025\/01\/songte-cylinder-head-with-all-kinds-excavator-models.webp\" alt=\"Bild f\u00f6r utbyte av skopcylinder\"><\/p>\n<h2>Applikationer<\/h2>\n<p>Skopscylindrarna anv\u00e4nds ofta i olika maskiner, s\u00e5som:<\/p>\n<ul>\n<li>\n<h3>Byggutrustning<\/h3>\n<p>I gr\u00e4vmaskiner \u00e4r de viktiga f\u00f6r att gr\u00e4va, lasta och flytta jord eller skr\u00e4p. I gr\u00e4vlastare hj\u00e4lper skopcylindern till med b\u00e5de gr\u00e4vning och lyftning. <\/p>\n<\/li>\n<li>\n<h3>Jordbruksmaskiner<\/h3>\n<p>Anv\u00e4nds i frontlastare f\u00f6r att \u00f6sa, lyfta och transportera jord, h\u00f6 och andra material.<\/p>\n<\/li>\n<li>\n<h3>Gr\u00e4vmaskiner<\/h3>\n<p>Skopcylindern m\u00f6jligg\u00f6r penetrering av jorden f\u00f6r att utf\u00f6ra gr\u00e4vning.<\/p>\n<\/li>\n<li>\n<h3>Lastare<\/h3>\n<p>I frontlastare hj\u00e4lper de till med att lyfta och dumpa gods effektivt.<\/p>\n<\/li>\n<\/ul>\n<h2>Design\u00f6verv\u00e4ganden och urvalskriterier<\/h2>\n<ul>\n<li>\n<h3>B\u00e4rkraft<\/h3>\n<p>Cylindern m\u00e5ste ha tillr\u00e4cklig b\u00e4rf\u00f6rm\u00e5ga f\u00f6r att s\u00e4kerst\u00e4lla s\u00e4ker drift och f\u00f6rhindra \u00f6verbelastning. <\/p>\n<\/li>\n<li>\n<h3>T\u00e4tning<\/h3>\n<p>Kolvt\u00e4tningen, st\u00e5ngt\u00e4tningen och andra t\u00e4tningar m\u00e5ste vara tillverkade av slitstarka material som polyuretan och nitrilgummi f\u00f6r att f\u00f6rl\u00e4nga livsl\u00e4ngden. <\/p>\n<\/li>\n<li>\n<h3>Varaktighet<\/h3>\n<p>Cylinderhuset och g\u00e4ng\u00e4ndens yta m\u00e5ste genomg\u00e5 finbearbetning f\u00f6r att f\u00f6rb\u00e4ttra slitstyrkan. <\/p>\n<\/li>\n<li>\n<h3>S\u00e4kerhet<\/h3>\n<p>Cylindern m\u00e5ste vara utrustad med s\u00e4kerhetsanordningar f\u00f6r att f\u00f6rhindra olyckor orsakade av pl\u00f6tsliga tryckfall eller f\u00f6r h\u00f6ga belastningar. <\/p>\n<\/li>\n<li>\n<h3>Underh\u00e5llbarhet<\/h3>\n<p>Cylindern m\u00e5ste vara enkel att demontera och montera, byta ut skadade delar och underh\u00e5lla.<\/p>\n<\/li>\n<\/ul>\n<p><img decoding=\"async\" src=\"https:\/\/www.hydraulic-cylinders.net\/wp-content\/uploads\/2025\/01\/songte-oil-pipes-and-spare-parts.webp\" alt=\"Bild av reservdelar\"><\/p>\n<h2>T\u00e4tning och sm\u00f6rjning<\/h2>\n<p>Olika t\u00e4tningskomponenter som kolvt\u00e4tningar och st\u00e5ngt\u00e4tningar anv\u00e4nds f\u00f6r att f\u00f6rhindra oljel\u00e4ckage och s\u00e4kerst\u00e4lla sm\u00f6rjning av r\u00f6rliga komponenter. T\u00e4tningarna \u00e4r tillverkade av slitstarka material som polyuretan och nitrilgummi, och cylinderhuset och g\u00e4ng\u00e4nden \u00e4r finbearbetade f\u00f6r att f\u00f6rb\u00e4ttra slitstyrkan. Cylindern beh\u00f6ver ocks\u00e5 regelbundet fyllas p\u00e5 med en l\u00e4mplig m\u00e4ngd hydraulolja f\u00f6r sm\u00f6rjning.<\/p>\n<h2>Inspektion och f\u00f6rebyggande underh\u00e5lls\u00e5tg\u00e4rder<\/h2>\n<p>Regelbundna inspektioner, l\u00e4mplig sm\u00f6rjning, byte av t\u00e4tningar och kalibreringskontroller \u00e4r vanliga underh\u00e5llsuppgifter. Korrekt installation, sm\u00f6rjning och justering \u00e4r avg\u00f6rande, och korrekt inriktning av cylindern b\u00f6r s\u00e4kerst\u00e4llas under installationen. Det rekommenderas att anv\u00e4nda l\u00e4mpliga installationsf\u00e4sten f\u00f6r att s\u00e4kra cylindern. Rekommenderade inspektions-, reparations- och utbytesprocedurer tillhandah\u00e5lls, tillsammans med tips f\u00f6r att f\u00f6rl\u00e4nga cylinderns livsl\u00e4ngd.<\/p>\n<p><img decoding=\"async\" src=\"https:\/\/www.hydraulic-cylinders.net\/wp-content\/uploads\/2025\/01\/songte-chushion-collar.webp\" alt=\"Installationsbild\"><\/p>\n<h2>S\u00e4kerhetsaspekter och milj\u00f6faktorer<\/h2>\n<p>S\u00e4kerhets\u00e5tg\u00e4rder \u00e4r avg\u00f6rande vid anv\u00e4ndning av cylindern. Det \u00e4r n\u00f6dv\u00e4ndigt att s\u00e4kerst\u00e4lla att cylindern installeras och anv\u00e4nds korrekt f\u00f6r att f\u00f6rhindra olyckor. Milj\u00f6faktorer som temperatur, tryck och fuktighet m\u00e5ste ocks\u00e5 beaktas f\u00f6r att f\u00f6rhindra potentiella s\u00e4kerhetsrisker.<\/p>\n<h2>Vanliga feldiagnoser och l\u00f6sningar<\/h2>\n<p>Common faults such as oil leakage, insufficient pressure, and unstable operation may occur during the use of the cylinder. The cylinder&#8217;s manual provides troubleshooting tips and solutions to help readers diagnose and solve problems effectively, and preventive measures to reduce potential issues.<\/p>\n<p><img decoding=\"async\" src=\"https:\/\/www.hydraulic-cylinders.net\/wp-content\/uploads\/2025\/01\/songte-bushings-with-all-kinds-of-excavator-models.webp\" alt=\"Feldiagnosbild\"><\/p>\n<h2>Om v\u00e5rt f\u00f6retag<\/h2>\n<p>We are a manufacturer of hydraulic cylinder substitutes, with a complete range of products, and have become one of the leading manufacturers and wholesalers of hydraulic cylinders in the domestic and international markets. We adhere to the principles of excellent quality and rely on the industrial production management strategy of fine manufacturing workshops from technical talents, digital high-end manufacturing equipment, and professional testing systems. Our company continuously improves the manufacturing platform of the workshop, perfects the product quality production route, and has strong creation ability to meet customers&#8217; diverse needs with the principles of high efficiency, high precision, and high quality.<\/p>\n<p><img decoding=\"async\" src=\"https:\/\/hzpt.com\/wp-content\/uploads\/2024\/11\/songte-company-1.webp\" alt=\"F\u00f6retagsbild\"><\/p>\n<h3>Professionalism<\/h3>\n<p>Vi har ett professionellt design- och produktionsteam som kan erbjuda kunderna skr\u00e4ddarsydda tj\u00e4nster f\u00f6r att m\u00f6ta deras specifika behov.<\/p>\n<h3>Internationell certifiering<\/h3>\n<p>Our company&#8217;s products have obtained ISO9001, CE, and other international certifications, which fully demonstrate our excellent product quality and service level.<\/p>\n<h3>Anpassad tj\u00e4nst<\/h3>\n<p>We can provide customized services according to customers&#8217; different needs, and our professional design team can provide customers with personalized solutions.<\/p>\n<h3>Produktionsutrustning<\/h3>\n<p>Vi har avancerad produktionsutrustning som CNC-maskiner och testutrustning, vilket kan s\u00e4kerst\u00e4lla h\u00f6g kvalitet och precision hos v\u00e5ra produkter.<\/p>\n<h3>Eftermarknadsservice<\/h3>\n<p>Vi erbjuder kunderna omfattande eftermarknadsservice, inklusive installationsv\u00e4gledning, teknisk support och underh\u00e5llstj\u00e4nster, f\u00f6r att s\u00e4kerst\u00e4lla att kunderna kan anv\u00e4nda v\u00e5ra produkter med sinnesro.<\/p>\n<p>F\u00f6rfattare: lyl<\/p>","protected":false},"excerpt":{"rendered":"<p>Bucket Cylinder for Doosan Middle Excavator DH200-5-7 Introduction A bucket cylinder is a specially designed hydraulic cylinder that is primarily used to control the movement of the bucket in heavy machinery such as excavators, backhoe loaders, and front-end loaders. Its main function is to enable the bucket to lift, lower, and tilt, making it easier [&hellip;]<\/p>","protected":false},"featured_media":14776,"comment_status":"open","ping_status":"closed","template":"","meta":{"_et_pb_use_builder":"","_et_pb_old_content":"","_et_gb_content_width":""},"product_brand":[],"product_cat":[1494],"product_tag":[1495,1496],"class_list":{"0":"post-15275","1":"product","2":"type-product","3":"status-publish","4":"has-post-thumbnail","6":"product_cat-bucket-cylinders","7":"product_tag-bucket-cylinders","8":"product_tag-hydraulic-cylinders","10":"first","11":"instock","12":"shipping-taxable","13":"product-type-simple"},"amp_enabled":true,"_links":{"self":[{"href":"https:\/\/www.hydraulic-cylinders.net\/sv\/wp-json\/wp\/v2\/product\/15275","targetHints":{"allow":["GET"]}}],"collection":[{"href":"https:\/\/www.hydraulic-cylinders.net\/sv\/wp-json\/wp\/v2\/product"}],"about":[{"href":"https:\/\/www.hydraulic-cylinders.net\/sv\/wp-json\/wp\/v2\/types\/product"}],"replies":[{"embeddable":true,"href":"https:\/\/www.hydraulic-cylinders.net\/sv\/wp-json\/wp\/v2\/comments?post=15275"}],"wp:featuredmedia":[{"embeddable":true,"href":"https:\/\/www.hydraulic-cylinders.net\/sv\/wp-json\/wp\/v2\/media\/14776"}],"wp:attachment":[{"href":"https:\/\/www.hydraulic-cylinders.net\/sv\/wp-json\/wp\/v2\/media?parent=15275"}],"wp:term":[{"taxonomy":"product_brand","embeddable":true,"href":"https:\/\/www.hydraulic-cylinders.net\/sv\/wp-json\/wp\/v2\/product_brand?post=15275"},{"taxonomy":"product_cat","embeddable":true,"href":"https:\/\/www.hydraulic-cylinders.net\/sv\/wp-json\/wp\/v2\/product_cat?post=15275"},{"taxonomy":"product_tag","embeddable":true,"href":"https:\/\/www.hydraulic-cylinders.net\/sv\/wp-json\/wp\/v2\/product_tag?post=15275"}],"curies":[{"name":"wp","href":"https:\/\/api.w.org\/{rel}","templated":true}]}}