{"id":15277,"date":"2025-01-19T14:19:39","date_gmt":"2025-01-19T14:19:39","guid":{"rendered":"https:\/\/www.hydraulic-cylinders.net\/product\/bucket-cylinder-for-doosan-middle-excavator-dh215-9e\/"},"modified":"2025-01-19T14:19:41","modified_gmt":"2025-01-19T14:19:41","slug":"bucket-cylinder-for-doosan-middle-excavator-dh215-9e","status":"publish","type":"product","link":"https:\/\/www.hydraulic-cylinders.net\/sv\/produkt\/bucket-cylinder-for-doosan-middle-excavator-dh215-9e\/","title":{"rendered":"Skopscylinder f\u00f6r Doosan mellangr\u00e4vmaskin DH215-9E"},"content":{"rendered":"<h1>Skopscylinder f\u00f6r Doosan mellangr\u00e4vmaskin DH215-9E<\/h1>\n<h2>Introduktion<\/h2>\n<p>En skopcylinder \u00e4r en specialdesignad hydraulcylinder som anv\u00e4nds f\u00f6r att styra skopans r\u00f6relse i tunga maskiner som gr\u00e4vmaskiner, gr\u00e4vlastare och frontlastare. Dess huvudsakliga funktion \u00e4r att m\u00f6jligg\u00f6ra lyftning, s\u00e4nkning och lutning av skopan, vilket g\u00f6r det enklare att hantera olika materialhanteringsuppgifter. I ett hydraulsystem anv\u00e4nder skopcylindern tryckf\u00f6r\u00e4ndringarna i hydrauloljan f\u00f6r att uppn\u00e5 exakt kontroll \u00f6ver skopan, vilket g\u00f6r det m\u00f6jligt f\u00f6r operat\u00f6rer att effektivt hantera tunga laster och anpassa sig till komplexa arbetsmilj\u00f6er och olika arbetskrav.<\/p>\n<p><img decoding=\"async\" src=\"https:\/\/www.hydraulic-cylinders.net\/wp-content\/uploads\/2025\/01\/songte-company-2.webp\" alt=\"Bild av skopcylinder\"><\/p>\n<h2>Drag<\/h2>\n<ul>\n<li>H\u00f6g h\u00e5llfasthet och h\u00e5llbarhet: Skopscylindern \u00e4r vanligtvis tillverkad av h\u00f6gh\u00e5llfast st\u00e5l eller aluminium och t\u00e5l h\u00f6gt tryck och tunga belastningar, vilket g\u00f6r den l\u00e4mplig f\u00f6r tuffa arbetsf\u00f6rh\u00e5llanden. Dess design tar h\u00e4nsyn till slitstyrka och korrosionsbest\u00e4ndighet f\u00f6r att f\u00f6rl\u00e4nga dess livsl\u00e4ngd.<\/li>\n<li>Effektiv hydraulisk drift: Genom att utnyttja hydrauloljans tryck uppn\u00e5r skopcylindern smidiga ut- och inf\u00e4llningsr\u00f6relser, vilket m\u00f6jligg\u00f6r snabb respons p\u00e5 styrkommandon och ger kraftfulla tryck- och dragkrafter som \u00e4r l\u00e4mpliga f\u00f6r hantering av tunga laster och komplexa uppgifter.<\/li>\n<li>Olika typer: Skopscylindrar kan v\u00e4ljas som enkelverkande (hydrauliska endast i en riktning) eller dubbelverkande (hydrauliska i b\u00e5da riktningarna) f\u00f6r att m\u00f6ta olika driftsbehov. Vissa modeller \u00e4r teleskopiska, vilket m\u00f6jligg\u00f6r st\u00f6rre utdrag utan att \u00f6ka de yttersta m\u00e5tten, vilket g\u00f6r dem l\u00e4mpliga f\u00f6r utrymmesbegr\u00e4nsade till\u00e4mpningar.<\/li>\n<li>Perfekt ers\u00e4ttning: V\u00e5r skopcylinder kan s\u00f6ml\u00f6st ers\u00e4tta dessa hydraulcylindrar.<\/li>\n<\/ul>\n<p><img decoding=\"async\" src=\"https:\/\/www.hydraulic-cylinders.net\/wp-content\/uploads\/2025\/01\/songte-cylinder-head-with-all-kinds-excavator-models.webp\" alt=\"Bild p\u00e5 topplock\"><\/p>\n<h2>Applikationer<\/h2>\n<p>Skopscylindern anv\u00e4nds i olika typer av utrustning:<\/p>\n<ul>\n<li>Byggutrustning: De finns i gr\u00e4vmaskiner och \u00e4r avg\u00f6rande f\u00f6r att gr\u00e4va, lasta och flytta jord eller skr\u00e4p. I gr\u00e4vlastare hj\u00e4lper skopcylindern till med b\u00e5de gr\u00e4vning och lyftning.<\/li>\n<li>Jordbruksmaskiner: Anv\u00e4nds i frontlastare f\u00f6r att \u00f6sa, lyfta och transportera jord, h\u00f6 och andra material.<\/li>\n<li>Gr\u00e4vmaskiner: Skopans cylinder m\u00f6jligg\u00f6r gr\u00e4vning genom att l\u00e5ta skopan tr\u00e4nga ner i jorden.<\/li>\n<li>Lastare: Frontlastare hj\u00e4lper till att lyfta och dumpa gods effektivt.<\/li>\n<\/ul>\n<h2>Design\u00f6verv\u00e4ganden och urvalskriterier<\/h2>\n<p>Vid konstruktion av skopcylindrar tas flera faktorer i beaktande:<\/p>\n<ul>\n<li>B\u00e4rf\u00f6rm\u00e5ga: Cylindern m\u00e5ste kunna motst\u00e5 de f\u00f6rv\u00e4ntade belastningarna och trycken.<\/li>\n<li>T\u00e4tning: Olika t\u00e4tningar, s\u00e5som kolvt\u00e4tningar och kolvst\u00e5ngst\u00e4tningar, tillverkade av slitstarka material som polyuretan och nitrilgummi, anv\u00e4nds. Cylinderhuset och de g\u00e4ngade \u00e4ndarna genomg\u00e5r en finbehandling f\u00f6r att f\u00f6rb\u00e4ttra slitstyrkan.<\/li>\n<li>H\u00e5llbarhet: Skopans cylinder \u00e4r konstruerad f\u00f6r att s\u00e4kerst\u00e4lla l\u00e5ng livsl\u00e4ngd \u00e4ven under kr\u00e4vande f\u00f6rh\u00e5llanden.<\/li>\n<li>S\u00e4kerhet: S\u00e4kerhetsfunktioner \u00e4r inbyggda f\u00f6r att f\u00f6rhindra olyckor och s\u00e4kerst\u00e4lla f\u00f6rarens v\u00e4lbefinnande.<\/li>\n<li>Underh\u00e5llbarhet: H\u00e4nsyn tas till hur enkelt underh\u00e5ll och reparation \u00e4r.<\/li>\n<\/ul>\n<p><img decoding=\"async\" src=\"https:\/\/www.hydraulic-cylinders.net\/wp-content\/uploads\/2025\/01\/songte-oil-pipes-and-spare-parts.webp\" alt=\"Bild av oljer\u00f6r\"><\/p>\n<h2>T\u00e4tning och sm\u00f6rjning<\/h2>\n<p>Skopscylindern anv\u00e4nder olika t\u00e4tningar, s\u00e5som kolvt\u00e4tningar och kolvst\u00e5ngst\u00e4tningar. Dessa t\u00e4tningar \u00e4r tillverkade av slitstarka material som polyuretan och nitrilgummi. Cylinderhuset och de g\u00e4ngade \u00e4ndarna \u00e4r finbehandlade f\u00f6r att f\u00f6rb\u00e4ttra slitstyrkan. Regelbunden sm\u00f6rjning med l\u00e4mplig m\u00e4ngd hydraulolja \u00e4r n\u00f6dv\u00e4ndig f\u00f6r att s\u00e4kerst\u00e4lla smidig drift.<\/p>\n<h2>Regelbunden inspektion och f\u00f6rebyggande underh\u00e5ll<\/h2>\n<p>F\u00f6r att bibeh\u00e5lla skopcylinderns optimala prestanda rekommenderas regelbunden inspektion och f\u00f6rebyggande underh\u00e5ll:<\/p>\n<ul>\n<li>Kontrollera om det finns tecken p\u00e5 slitage, l\u00e4ckage eller skador.<\/li>\n<li>S\u00e4kerst\u00e4ll korrekt sm\u00f6rjning.<\/li>\n<li>Byt regelbundet packningar f\u00f6r att bibeh\u00e5lla deras effektivitet.<\/li>\n<li>Utf\u00f6r kalibreringskontroller f\u00f6r att s\u00e4kerst\u00e4lla korrekt drift.<\/li>\n<\/ul>\n<p><img decoding=\"async\" src=\"https:\/\/www.hydraulic-cylinders.net\/wp-content\/uploads\/2025\/01\/songte-chushion-collar.webp\" alt=\"Bild p\u00e5 vadderad krage\"><\/p>\n<h2>S\u00e4kerhetsaspekter och milj\u00f6faktorer<\/h2>\n<p>N\u00e4r man anv\u00e4nder skopcylindern \u00e4r det avg\u00f6rande att f\u00f6lja s\u00e4kerhets\u00e5tg\u00e4rder f\u00f6r att f\u00f6rhindra olyckor. S\u00e4kerhetsfunktioner b\u00f6r installeras och underh\u00e5llas korrekt. Milj\u00f6faktorer som temperatur och luftfuktighet b\u00f6r ocks\u00e5 beaktas f\u00f6r att s\u00e4kerst\u00e4lla optimal prestanda.<\/p>\n<h2>Feldiagnos och vanliga problem<\/h2>\n<p>Vanliga problem som kan uppst\u00e5 med skopcylindern inkluderar l\u00e4ckor, otillr\u00e4ckligt tryck och onormalt ljud. F\u00f6r att \u00e5tg\u00e4rda dessa problem:<\/p>\n<ul>\n<li>Kontrollera eventuella synliga l\u00e4ckor och reparera dem omedelbart.<\/li>\n<li>Se till att hydraulsystemet har tillr\u00e4ckligt tryck.<\/li>\n<li>Unders\u00f6k och \u00e5tg\u00e4rda eventuella onormala ljud genom att inspektera cylindern och dess komponenter.<\/li>\n<\/ul>\n<p><img decoding=\"async\" src=\"https:\/\/www.hydraulic-cylinders.net\/wp-content\/uploads\/2025\/01\/songte-bushings-with-all-kinds-of-excavator-models.webp\" alt=\"Bussningar Bild\"><\/p>\n<p>Regelbundna underh\u00e5llsuppgifter som korrekt installation, l\u00e4mplig sm\u00f6rjning och kalibreringskontroller \u00e4r avg\u00f6rande f\u00f6r att s\u00e4kerst\u00e4lla skopcylinderns livsl\u00e4ngd och optimala prestanda. Att ge v\u00e4gledning f\u00f6r korrekt uppriktning under installationen och rekommendera anv\u00e4ndning av l\u00e4mpliga monteringsf\u00e4sten f\u00f6r att s\u00e4kra cylindern \u00e4r avg\u00f6rande. Rekommenderade inspektions-, reparations- och utbytesprocedurer, samt tips f\u00f6r att \u00f6ka skopcylinderns livsl\u00e4ngd, b\u00f6r f\u00f6ljas.<\/p>\n<h2>Om v\u00e5rt f\u00f6retag<\/h2>\n<p>Vi \u00e4r en ledande tillverkare och grossistdistribut\u00f6r av hydraulcylindrar p\u00e5 den inhemska och internationella marknaden. V\u00e5rt omfattande produktsortiment och engagemang f\u00f6r excellens g\u00f6r oss till en av branschens fr\u00e4msta tillverkare av hydraulcylindrar. Vi f\u00f6ljer principerna om \u00f6verl\u00e4gsen kvalitet och anv\u00e4nder strategier f\u00f6r industriell produktionsledning i v\u00e5r v\u00e4lutrustade tillverkningsverkstad. Med v\u00e5r tekniska expertis, toppmoderna tillverkningsutrustning och professionella testsystem f\u00f6rb\u00e4ttrar vi kontinuerligt v\u00e5r tillverkningsplattform, h\u00f6jer produktkvaliteten och har en stark f\u00f6rm\u00e5ga att m\u00f6ta olika kundkrav vad g\u00e4ller effektivitet, precision och h\u00f6ga kvalitetsstandarder.<\/p>\n<p><img decoding=\"async\" src=\"https:\/\/www.hydraulic-cylinders.net\/wp-content\/uploads\/2025\/01\/songte-company-3.webp\" alt=\"F\u00f6retagsbild\"><\/p>\n<p>F\u00f6rutom v\u00e5r professionalism, internationella certifieringar och kundanpassade tj\u00e4nster, kan v\u00e5rt f\u00f6retag skryta med avancerad produktionsutrustning och utm\u00e4rkt eftermarknadsservice.<\/p>\n<p><img decoding=\"async\" src=\"https:\/\/hzpt.com\/wp-content\/uploads\/2024\/11\/songte-company-1.webp\" alt=\"F\u00f6retagsbild\"><\/p>\n<p>F\u00f6rfattare: lyl<\/p>","protected":false},"excerpt":{"rendered":"<p>Bucket Cylinder For Doosan Middle Excavator DH215-9E Introduction A bucket cylinder is a specially designed hydraulic cylinder used to control the movement of the bucket in heavy machinery such as excavators, backhoe loaders, and front-end loaders. Its main function is to enable the lifting, lowering, and tilting of the bucket, making it easier to handle [&hellip;]<\/p>","protected":false},"featured_media":14771,"comment_status":"open","ping_status":"closed","template":"","meta":{"_et_pb_use_builder":"","_et_pb_old_content":"","_et_gb_content_width":""},"product_brand":[],"product_cat":[1494],"product_tag":[1495,1496],"class_list":{"0":"post-15277","1":"product","2":"type-product","3":"status-publish","4":"has-post-thumbnail","6":"product_cat-bucket-cylinders","7":"product_tag-bucket-cylinders","8":"product_tag-hydraulic-cylinders","10":"first","11":"instock","12":"shipping-taxable","13":"product-type-simple"},"amp_enabled":true,"_links":{"self":[{"href":"https:\/\/www.hydraulic-cylinders.net\/sv\/wp-json\/wp\/v2\/product\/15277","targetHints":{"allow":["GET"]}}],"collection":[{"href":"https:\/\/www.hydraulic-cylinders.net\/sv\/wp-json\/wp\/v2\/product"}],"about":[{"href":"https:\/\/www.hydraulic-cylinders.net\/sv\/wp-json\/wp\/v2\/types\/product"}],"replies":[{"embeddable":true,"href":"https:\/\/www.hydraulic-cylinders.net\/sv\/wp-json\/wp\/v2\/comments?post=15277"}],"wp:featuredmedia":[{"embeddable":true,"href":"https:\/\/www.hydraulic-cylinders.net\/sv\/wp-json\/wp\/v2\/media\/14771"}],"wp:attachment":[{"href":"https:\/\/www.hydraulic-cylinders.net\/sv\/wp-json\/wp\/v2\/media?parent=15277"}],"wp:term":[{"taxonomy":"product_brand","embeddable":true,"href":"https:\/\/www.hydraulic-cylinders.net\/sv\/wp-json\/wp\/v2\/product_brand?post=15277"},{"taxonomy":"product_cat","embeddable":true,"href":"https:\/\/www.hydraulic-cylinders.net\/sv\/wp-json\/wp\/v2\/product_cat?post=15277"},{"taxonomy":"product_tag","embeddable":true,"href":"https:\/\/www.hydraulic-cylinders.net\/sv\/wp-json\/wp\/v2\/product_tag?post=15277"}],"curies":[{"name":"wp","href":"https:\/\/api.w.org\/{rel}","templated":true}]}}