{"id":15285,"date":"2025-01-19T14:20:20","date_gmt":"2025-01-19T14:20:20","guid":{"rendered":"https:\/\/www.hydraulic-cylinders.net\/product\/bucket-cylinder-for-doosan-large-excavator-dh290\/"},"modified":"2025-01-19T14:20:22","modified_gmt":"2025-01-19T14:20:22","slug":"bucket-cylinder-for-doosan-large-excavator-dh290","status":"publish","type":"product","link":"https:\/\/www.hydraulic-cylinders.net\/sv\/produkt\/bucket-cylinder-for-doosan-large-excavator-dh290\/","title":{"rendered":"Skopscylinder f\u00f6r Doosan stor gr\u00e4vmaskin DH290"},"content":{"rendered":"<h1>Skopscylinder f\u00f6r Doosan stor gr\u00e4vmaskin DH290<\/h1>\n<h2>Introduktion<\/h2>\n<p>Skopcylindern till Doosan stora gr\u00e4vmaskin DH290 \u00e4r en specialdesignad hydraulcylinder som anv\u00e4nds f\u00f6r att styra skopans r\u00f6relse i tunga maskiner som gr\u00e4vmaskiner, traktorgr\u00e4vmaskiner och frontlastare. Dess huvudsakliga funktion \u00e4r att g\u00f6ra det m\u00f6jligt att lyfta, s\u00e4nka och luta skopan, vilket g\u00f6r det enklare att hantera olika materialhanteringsuppgifter. I hydraulsystemet styr skopcylindern skopans exakta r\u00f6relse genom f\u00f6r\u00e4ndringar i hydrauloljetrycket, vilket g\u00f6r det m\u00f6jligt f\u00f6r f\u00f6rare att effektivt hantera tunga laster och anpassa sig till komplexa arbetsmilj\u00f6er och olika arbetskrav.<\/p>\n<p><img decoding=\"async\" src=\"https:\/\/www.hydraulic-cylinders.net\/wp-content\/uploads\/2025\/01\/songte-company-2.webp\" alt=\"Bild av skopcylinder\" \/><\/p>\n<h2>Drag<\/h2>\n<ul>\n<li>\n<h3>H\u00f6g styrka och h\u00e5llbarhet<\/h3>\n<p>Skopscylindern \u00e4r vanligtvis tillverkad av h\u00f6gh\u00e5llfast st\u00e5l eller aluminium, vilket t\u00e5l h\u00f6gt tryck och tunga belastningar, anpassar sig till tuffa arbetsmilj\u00f6er och \u00e4r konstruerad med slitstyrka och korrosionsbest\u00e4ndighet i \u00e5tanke f\u00f6r att f\u00f6rl\u00e4nga dess livsl\u00e4ngd.<\/p>\n<\/li>\n<li>\n<h3>Effektiv hydraulisk drift<\/h3>\n<p>Skopcylindern anv\u00e4nder hydrauliskt oljetryck f\u00f6r att uppn\u00e5 j\u00e4mn ut- och sammandragning, reagerar snabbt p\u00e5 styrkommandon, ger kraftfull tryck- och dragkraft och \u00e4r l\u00e4mplig f\u00f6r hantering av tunga laster och komplexa arbetsuppgifter.<\/p>\n<\/li>\n<li>\n<h3>Olika typer<\/h3>\n<p>Skopcylindern kan v\u00e4ljas som enkelverkande (hydraulisk cylinder anv\u00e4nds endast i en riktning) eller dubbelverkande (hydraulisk cylinder anv\u00e4nds i b\u00e5da riktningarna) beroende p\u00e5 behov, och vissa modeller \u00e4r teleskopiska, vilket m\u00f6jligg\u00f6r st\u00f6rre utdrag utan att \u00f6ka de yttersta m\u00e5tten, l\u00e4mpliga f\u00f6r applikationer med begr\u00e4nsat utrymme.<\/p>\n<\/li>\n<li>\n<h3>Perfekt ers\u00e4ttning<\/h3>\n<p>V\u00e5r produkt kan perfekt ers\u00e4tta dessa hydraulcylindrar.<\/p>\n<\/li>\n<\/ul>\n<p><img decoding=\"async\" src=\"https:\/\/www.hydraulic-cylinders.net\/wp-content\/uploads\/2025\/01\/songte-cylinder-head-with-all-kinds-excavator-models.webp\" alt=\"Bild f\u00f6r utbyte av skopcylinder\" \/><\/p>\n<h2>Applikationer<\/h2>\n<p>Skopscylindern anv\u00e4nds ofta i olika tunga maskiner, inklusive:<\/p>\n<ul>\n<li>\n<h3>Byggutrustning<\/h3>\n<p>I gr\u00e4vmaskiner \u00e4r de viktiga f\u00f6r att gr\u00e4va, lasta och flytta jord eller skr\u00e4p. I gr\u00e4vmaskiner med gr\u00e4vaggregat hj\u00e4lper skopcylindern till med gr\u00e4vning och lyftning. I frontlastare underl\u00e4ttar de lyftning och tiltning av gods effektivt.<\/p>\n<\/li>\n<li>\n<h3>Jordbruksmaskiner<\/h3>\n<p>Anv\u00e4nds f\u00f6r frontlastare, f\u00f6r att plocka upp, lyfta och transportera jord, h\u00f6 och andra material.<\/p>\n<\/li>\n<li>\n<h3>Gr\u00e4vmaskiner<\/h3>\n<p>Skopans cylinder g\u00f6r att skopan kan tr\u00e4nga ner i jorden f\u00f6r att uppn\u00e5 gr\u00e4vning.<\/p>\n<\/li>\n<\/ul>\n<h2>Design\u00f6verv\u00e4ganden och urvalskriterier<\/h2>\n<p>Vid konstruktionen av skopcylindern tas h\u00e4nsyn till dess b\u00e4rf\u00f6rm\u00e5ga, t\u00e4tning, h\u00e5llbarhet, s\u00e4kerhet och underh\u00e5llbarhet. F\u00f6ljande \u00e4r de viktigaste konstruktions\u00f6verv\u00e4gandena:<\/p>\n<ul>\n<li>\n<h3>B\u00e4rf\u00f6rm\u00e5ga<\/h3>\n<p>Skopcylindern \u00e4r konstruerad och tillverkad f\u00f6r att motst\u00e5 den maximala kraft och vikt som kr\u00e4vs f\u00f6r dess avsedda till\u00e4mpning.<\/p>\n<\/li>\n<li>\n<h3>T\u00e4tning<\/h3>\n<p>Skopscylindern anv\u00e4nder olika t\u00e4tningskomponenter, s\u00e5som kolvt\u00e4tningar, kolvst\u00e5ngst\u00e4tningar etc., med slitstarka material som polyuretan och nitrilgummi, f\u00f6r att s\u00e4kerst\u00e4lla en god t\u00e4tning och f\u00f6rhindra v\u00e4tskel\u00e4ckage.<\/p>\n<\/li>\n<li>\n<h3>Varaktighet<\/h3>\n<p>Cylinderhuset och den g\u00e4ngade \u00e4ndytan \u00e4r fint bearbetade f\u00f6r att \u00f6ka slitstyrkan. Skopscylindern \u00e4r ocks\u00e5 konstruerad med korrosionsbest\u00e4ndiga material och bel\u00e4ggningar f\u00f6r att f\u00f6rl\u00e4nga dess livsl\u00e4ngd.<\/p>\n<\/li>\n<li>\n<h3>S\u00e4kerhet<\/h3>\n<p>Skopscylindern \u00e4r utrustad med s\u00e4kerhetsanordningar som s\u00e4kerhetsventiler och \u00f6verbelastningsskydd f\u00f6r att f\u00f6rhindra skador p\u00e5 cylindern eller maskineriet.<\/p>\n<\/li>\n<li>\n<h3>Underh\u00e5llbarhet<\/h3>\n<p>Skopscylindern kr\u00e4ver regelbunden inspektion och f\u00f6rebyggande underh\u00e5ll f\u00f6r att s\u00e4kerst\u00e4lla optimal prestanda. Hydrauloljan beh\u00f6ver bytas och fyllas p\u00e5 regelbundet, och t\u00e4tningen beh\u00f6ver inspekteras och bytas ut vid behov.<\/p>\n<\/li>\n<\/ul>\n<p><img decoding=\"async\" src=\"https:\/\/www.hydraulic-cylinders.net\/wp-content\/uploads\/2025\/01\/songte-oil-pipes-and-spare-parts.webp\" alt=\"Bild av reservdelar till skopa\" \/><\/p>\n<h2>T\u00e4tning och sm\u00f6rjning<\/h2>\n<p>Skopscylindern anv\u00e4nder olika t\u00e4tningskomponenter, s\u00e5som kolvt\u00e4tningar, kolvst\u00e5ngst\u00e4tningar etc., med slitstarka material som polyuretan och nitrilgummi, f\u00f6r att s\u00e4kerst\u00e4lla god t\u00e4tning och f\u00f6rhindra v\u00e4tskel\u00e4ckage. Cylinderhuset och den g\u00e4ngade \u00e4ndytan \u00e4r fint bearbetade f\u00f6r att \u00f6ka slitstyrkan. Den beh\u00f6ver sm\u00f6rjas regelbundet med l\u00e4mplig m\u00e4ngd hydraulolja f\u00f6r att bibeh\u00e5lla optimal prestanda.<\/p>\n<h2>Underh\u00e5ll och reparation<\/h2>\n<p>F\u00f6ljande \u00e4r n\u00e5gra vanliga underh\u00e5llsuppgifter f\u00f6r skopcylindern:<\/p>\n<ul>\n<li>\n<h3>Regelbunden inspektion<\/h3>\n<p>Skopcylindern beh\u00f6ver inspekteras regelbundet f\u00f6r att s\u00e4kerst\u00e4lla att den fungerar korrekt och f\u00f6r att uppt\u00e4cka potentiella problem tidigt.<\/p>\n<\/li>\n<li>\n<h3>Sm\u00f6rjning<\/h3>\n<p>Skopcylindern beh\u00f6ver sm\u00f6rjas med l\u00e4mplig m\u00e4ngd hydraulolja f\u00f6r att bibeh\u00e5lla optimal prestanda.<\/p>\n<\/li>\n<li>\n<h3>Byte av t\u00e4tning<\/h3>\n<p>T\u00e4tningen beh\u00f6ver inspekteras och bytas ut vid behov f\u00f6r att bibeh\u00e5lla en god t\u00e4tning och f\u00f6rhindra v\u00e4tskel\u00e4ckage.<\/p>\n<\/li>\n<li>\n<h3>Kontroll av justering<\/h3>\n<p>Under installationen m\u00e5ste skopcylindern justeras korrekt f\u00f6r att s\u00e4kerst\u00e4lla att den fungerar korrekt.<\/p>\n<\/li>\n<\/ul>\n<p>Korrekt installation, sm\u00f6rjning och justering \u00e4r avg\u00f6rande f\u00f6r att s\u00e4kerst\u00e4lla skopcylinderns livsl\u00e4ngd. Anv\u00e4ndning av l\u00e4mpliga monteringsf\u00e4sten rekommenderas f\u00f6r att s\u00e4kra cylindern. Vi tillhandah\u00e5ller en rekommenderad inspektions-, reparations- och utbytesprocedur f\u00f6r att f\u00f6rl\u00e4nga skopcylinderns livsl\u00e4ngd.<\/p>\n<p><img decoding=\"async\" src=\"https:\/\/www.hydraulic-cylinders.net\/wp-content\/uploads\/2025\/01\/songte-chushion-collar.webp\" alt=\"Bild av skopcylinderkrage\" \/><\/p>\n<h2>S\u00e4kerhetsaspekter och milj\u00f6faktorer<\/h2>\n<p>N\u00e4r man anv\u00e4nder skopcylindern \u00e4r det viktigt att f\u00f6lja l\u00e4mpliga s\u00e4kerhetsrutiner f\u00f6r att f\u00f6rhindra personskador eller skador p\u00e5 cylindern eller maskineriet. Regelbunden inspektion, underh\u00e5ll och reparation kan bidra till att minska potentiella milj\u00f6risker.<\/p>\n<h2>Fels\u00f6kning och vanliga problem<\/h2>\n<p>F\u00f6ljande \u00e4r n\u00e5gra vanliga problem som kan uppst\u00e5 med skopcylindern:<\/p>\n<ul>\n<li>\n<h3>L\u00e4ckage<\/h3>\n<p>Cylindern kan l\u00e4cka p\u00e5 grund av skadade t\u00e4tningar, f\u00f6rorenad hydraulolja eller l\u00f6sa anslutningar.<\/p>\n<\/li>\n<li>\n<h3>L\u00e5ngsam drift<\/h3>\n<p>Cylindern kan arbeta l\u00e5ngsamt p\u00e5 grund av otillr\u00e4cklig hydraulolja, slitna t\u00e4tningar eller skadade st\u00e4nger.<\/p>\n<\/li>\n<li>\n<h3>\u00d6verhettning<\/h3>\n<p>Cylindern kan \u00f6verhettas p\u00e5 grund av l\u00e5ga oljeniv\u00e5er, blockerade oljekanaler eller skadade s\u00e4kerhetsventiler.<\/p>\n<\/li>\n<\/ul>\n<p>F\u00f6r att l\u00f6sa dessa problem \u00e4r det n\u00f6dv\u00e4ndigt att identifiera orsaken och vidta l\u00e4mpliga korrigerande \u00e5tg\u00e4rder, s\u00e5som att byta ut skadade t\u00e4tningar, reng\u00f6ra hydrauloljan eller reparera eller byta ut skadade delar.<\/p>\n<p><img decoding=\"async\" src=\"https:\/\/www.hydraulic-cylinders.net\/wp-content\/uploads\/2025\/01\/songte-bushings-with-all-kinds-of-excavator-models.webp\" alt=\"Bild p\u00e5 skopcylinderbussningar\" \/><\/p>\n<h2>Om oss<\/h2>\n<p>V\u00e5rt f\u00f6retag \u00e4r en tillverkare av hydraulcylindrar f\u00f6r reservcylindrar med ett komplett produktsortiment och har blivit en av de ledande tillverkarna och grossisterna av hydraulcylindrar p\u00e5 den inhemska och internationella marknaden. Vi f\u00f6ljer principerna f\u00f6r utm\u00e4rkt kvalitet, f\u00f6rlitar oss p\u00e5 industrialiserade produktionsledningsstrategier i fina tillverkningsverkst\u00e4der och f\u00f6rb\u00e4ttrar kontinuerligt v\u00e5r tillverkningsplattform, f\u00f6rb\u00e4ttrar produktkvaliteten i produktionslinjerna och har en stark f\u00f6rm\u00e5ga att skapa h\u00f6geffektiva, h\u00f6gprecisions- och h\u00f6gkvalitativa produkter f\u00f6r att m\u00f6ta v\u00e5ra kunders olika behov.<\/p>\n<p><img decoding=\"async\" src=\"https:\/\/hzpt.com\/wp-content\/uploads\/2024\/11\/songte-company-1.webp\" alt=\"F\u00f6retagsbild\" \/><\/p>\n<h3>Professionalism<\/h3>\n<p>V\u00e5rt f\u00f6retag har ett team av professionella tekniker och ingenj\u00f6rer som har m\u00e5nga \u00e5rs erfarenhet av design och tillverkning av hydraulcylindrar och relaterad utrustning.<\/p>\n<h3>Internationell certifiering<\/h3>\n<p>V\u00e5ra produkter har godk\u00e4nt internationella certifieringar som ISO9001, CE och SGS, vilket s\u00e4kerst\u00e4ller att v\u00e5ra produkter uppfyller internationella kvalitetsstandarder.<\/p>\n<h3>Anpassningstj\u00e4nster<\/h3>\n<p>Vi erbjuder anpassningstj\u00e4nster f\u00f6r hydraulcylindrar f\u00f6r att m\u00f6ta v\u00e5ra kunders specifika behov.<\/p>\n<h3>Produktionsutrustning<\/h3>\n<p>V\u00e5rt f\u00f6retag har avancerad produktionsutrustning s\u00e5som CNC-maskiner, fleroperationsmaskiner och testutrustning f\u00f6r att s\u00e4kerst\u00e4lla h\u00f6gkvalitativ och effektiv produktion.<\/p>\n<h3>Eftermarknadsservice<\/h3>\n<p>Vi erbjuder utm\u00e4rkt eftermarknadsservice till v\u00e5ra kunder, inklusive teknisk support, underh\u00e5ll och reparationstj\u00e4nster.<\/p>\n<p>F\u00f6rfattare: lyl<\/p>","protected":false},"excerpt":{"rendered":"<p>Bucket Cylinder For Doosan Large Excavator DH290 Introduction The bucket cylinder for Doosan large excavator DH290 is a specially designed hydraulic cylinder used to control the movement of the bucket in heavy machinery such as excavators, backhoe excavators, and front-end loaders. Its main function is to enable the bucket to lift, lower, and tilt, making [&hellip;]<\/p>","protected":false},"featured_media":14785,"comment_status":"open","ping_status":"closed","template":"","meta":{"_et_pb_use_builder":"","_et_pb_old_content":"","_et_gb_content_width":""},"product_brand":[],"product_cat":[1494],"product_tag":[1495,1496],"class_list":{"0":"post-15285","1":"product","2":"type-product","3":"status-publish","4":"has-post-thumbnail","6":"product_cat-bucket-cylinders","7":"product_tag-bucket-cylinders","8":"product_tag-hydraulic-cylinders","10":"first","11":"instock","12":"shipping-taxable","13":"product-type-simple"},"amp_enabled":true,"_links":{"self":[{"href":"https:\/\/www.hydraulic-cylinders.net\/sv\/wp-json\/wp\/v2\/product\/15285","targetHints":{"allow":["GET"]}}],"collection":[{"href":"https:\/\/www.hydraulic-cylinders.net\/sv\/wp-json\/wp\/v2\/product"}],"about":[{"href":"https:\/\/www.hydraulic-cylinders.net\/sv\/wp-json\/wp\/v2\/types\/product"}],"replies":[{"embeddable":true,"href":"https:\/\/www.hydraulic-cylinders.net\/sv\/wp-json\/wp\/v2\/comments?post=15285"}],"wp:featuredmedia":[{"embeddable":true,"href":"https:\/\/www.hydraulic-cylinders.net\/sv\/wp-json\/wp\/v2\/media\/14785"}],"wp:attachment":[{"href":"https:\/\/www.hydraulic-cylinders.net\/sv\/wp-json\/wp\/v2\/media?parent=15285"}],"wp:term":[{"taxonomy":"product_brand","embeddable":true,"href":"https:\/\/www.hydraulic-cylinders.net\/sv\/wp-json\/wp\/v2\/product_brand?post=15285"},{"taxonomy":"product_cat","embeddable":true,"href":"https:\/\/www.hydraulic-cylinders.net\/sv\/wp-json\/wp\/v2\/product_cat?post=15285"},{"taxonomy":"product_tag","embeddable":true,"href":"https:\/\/www.hydraulic-cylinders.net\/sv\/wp-json\/wp\/v2\/product_tag?post=15285"}],"curies":[{"name":"wp","href":"https:\/\/api.w.org\/{rel}","templated":true}]}}