{"id":15289,"date":"2025-01-19T14:20:36","date_gmt":"2025-01-19T14:20:36","guid":{"rendered":"https:\/\/www.hydraulic-cylinders.net\/product\/bucket-cylinder-for-doosan-large-excavator-dx500lc\/"},"modified":"2025-01-19T14:20:38","modified_gmt":"2025-01-19T14:20:38","slug":"bucket-cylinder-for-doosan-large-excavator-dx500lc","status":"publish","type":"product","link":"https:\/\/www.hydraulic-cylinders.net\/sv\/produkt\/bucket-cylinder-for-doosan-large-excavator-dx500lc\/","title":{"rendered":"Skopscylinder f\u00f6r Doosan stor gr\u00e4vmaskin DX500LC"},"content":{"rendered":"<h1>Skopscylinder f\u00f6r Doosan stor gr\u00e4vmaskin DX500LC<\/h1>\n<h2>Introduktion<\/h2>\n<p>En skopcylinder f\u00f6r Doosan storgr\u00e4vmaskin DX500LC \u00e4r en specialdesignad hydraulcylinder som huvudsakligen styr skopans r\u00f6relse i tunga maskiner som gr\u00e4vmaskiner, traktorgr\u00e4vmaskiner och frontlastare. Dess prim\u00e4ra funktion \u00e4r att g\u00f6ra det m\u00f6jligt att lyfta, s\u00e4nka och luta skopan, vilket g\u00f6r den bekv\u00e4m f\u00f6r olika materialhanteringsuppgifter. I hydraulsystemet uppn\u00e5r skopcylindern exakt kontroll \u00f6ver skopans r\u00f6relse genom f\u00f6r\u00e4ndringar i hydrauloljetrycket, vilket g\u00f6r det m\u00f6jligt f\u00f6r f\u00f6rare att effektivt hantera tunga laster och anpassa sig till komplexa arbetsmilj\u00f6er och olika driftsbehov.<\/p>\n<p><img decoding=\"async\" src=\"https:\/\/www.hydraulic-cylinders.net\/wp-content\/uploads\/2025\/01\/songte-company-2.webp\"><\/p>\n<h2>Drag<\/h2>\n<ul>\n<li>H\u00f6g h\u00e5llfasthet och h\u00e5llbarhet: Den \u00e4r vanligtvis tillverkad av h\u00f6gh\u00e5llfast st\u00e5l eller aluminium, t\u00e5l h\u00f6gt tryck och tunga belastningar, anpassar sig till tuffa arbetsmilj\u00f6er och \u00e4r utformad med slitstyrka och korrosionsbest\u00e4ndighet f\u00f6r att f\u00f6rl\u00e4nga dess livsl\u00e4ngd.<\/li>\n<li>Effektiv hydraulisk drift: Genom att utnyttja hydrauloljans tryck f\u00f6r att uppn\u00e5 smidiga expansions- och kontraktionsr\u00f6relser kan den reagera snabbt p\u00e5 styrkommandon, ge kraftfulla tryck- och dragkrafter och \u00e4r l\u00e4mplig f\u00f6r hantering av tunga laster och komplexa driftsuppgifter.<\/li>\n<li>Olika typer: Man kan v\u00e4lja enkelverkande (hydrauliska cylindrar anv\u00e4nds endast i en riktning) eller dubbelverkande (hydrauliska cylindrar anv\u00e4nds i tv\u00e5 riktningar) beroende p\u00e5 behov f\u00f6r att m\u00f6ta olika driftskrav. Vissa modeller \u00e4r teleskopiska, vilket m\u00f6jligg\u00f6r st\u00f6rre expansion utan att \u00f6ka de yttre m\u00e5tten, vilket \u00e4r l\u00e4mpligt f\u00f6r applikationer med begr\u00e4nsat utrymme.<\/li>\n<li>Enkelt utbyte: V\u00e5r produkt kan perfekt ers\u00e4tta dessa hydraulcylindrar.<\/li>\n<\/ul>\n<p><img decoding=\"async\" src=\"https:\/\/www.hydraulic-cylinders.net\/wp-content\/uploads\/2025\/01\/songte-cylinder-head-with-all-kinds-excavator-models.webp\"><\/p>\n<h2>Applikationer<\/h2>\n<p>Skopscylindrar anv\u00e4nds ofta inom olika industrier som bygg, jordbruk och gruvdrift. H\u00e4r \u00e4r n\u00e5gra vanliga till\u00e4mpningar:<\/p>\n<ul>\n<li>Byggutrustning: I gr\u00e4vmaskiner \u00e4r de viktiga f\u00f6r att gr\u00e4va, lasta och flytta jord eller skr\u00e4p. I gr\u00e4vmaskiner med gr\u00e4vaggregat hj\u00e4lper skopcylindrar till b\u00e5de gr\u00e4vning och lyftning. <\/li>\n<li>Jordbruksmaskiner: De anv\u00e4nds i frontlastare f\u00f6r att \u00f6sa, lyfta och transportera jord, h\u00f6 och andra material. <\/li>\n<li>Gr\u00e4vmaskiner: Skopscylindrar \u00e5stadkommer gr\u00e4vning genom att l\u00e5ta skopan tr\u00e4nga ner i jorden. <\/li>\n<li>Lastare: Frontlastare hj\u00e4lper till att lyfta och dumpa gods effektivt. <\/li>\n<\/ul>\n<h2>Design\u00f6verv\u00e4ganden och urvalskriterier<\/h2>\n<p>N\u00e4r man v\u00e4ljer en skopcylinder \u00e4r det viktigt att beakta f\u00f6ljande designaspekter och urvalskriterier:<\/p>\n<ul>\n<li>B\u00e4rf\u00f6rm\u00e5ga: Det \u00e4r n\u00f6dv\u00e4ndigt att s\u00e4kerst\u00e4lla att cylindern kan motst\u00e5 vikten av den last den b\u00e4r.<\/li>\n<li>T\u00e4tning: Olika t\u00e4tningselement, s\u00e5som kolvt\u00e4tningar, kolvst\u00e5ngst\u00e4tningar etc., ska s\u00e4kerst\u00e4lla att cylindern kan bibeh\u00e5lla en positiv t\u00e4tning och f\u00f6rhindra l\u00e4ckage av hydraulv\u00e4tska. <\/li>\n<li>H\u00e5llbarhet: Det \u00e4r n\u00f6dv\u00e4ndigt att beakta cylinderns material och dess motst\u00e5ndskraft mot slitage och korrosion f\u00f6r att f\u00f6rl\u00e4nga dess livsl\u00e4ngd.<\/li>\n<li>S\u00e4kerhet: Det \u00e4r n\u00f6dv\u00e4ndigt att s\u00e4kerst\u00e4lla att cylindern \u00e4r s\u00e4ker att anv\u00e4nda och kan motst\u00e5 eventuella olyckor som \u00f6verbelastning, vibrationer etc.<\/li>\n<li>Underh\u00e5llbarhet: Det \u00e4r n\u00f6dv\u00e4ndigt att se till att cylindern \u00e4r l\u00e4tt att underh\u00e5lla och reparera, och att dess delar \u00e4r l\u00e4ttillg\u00e4ngliga.<\/li>\n<\/ul>\n<p><img decoding=\"async\" src=\"https:\/\/www.hydraulic-cylinders.net\/wp-content\/uploads\/2025\/01\/songte-oil-pipes-and-spare-parts.webp\"><\/p>\n<h2>T\u00e4tning och sm\u00f6rjning<\/h2>\n<p>Olika t\u00e4tningskomponenter, s\u00e5som kolvt\u00e4tningar, kolvst\u00e5ngst\u00e4tningar etc., anv\u00e4nds i skopcylindrar f\u00f6r att s\u00e4kerst\u00e4lla att cylindern kan bibeh\u00e5lla en positiv t\u00e4tning och f\u00f6rhindra l\u00e4ckage av hydraulv\u00e4tska. T\u00e4tningskomponenterna \u00e4r tillverkade av slitstarka material som polyuretan och nitrilgummi. Cylinderhuset och de g\u00e4ngade \u00e4ndytorna genomg\u00e5r finbearbetning f\u00f6r att f\u00f6rb\u00e4ttra slitstyrkan. Det \u00e4r viktigt att regelbundet tills\u00e4tta en l\u00e4mplig m\u00e4ngd hydraulolja f\u00f6r sm\u00f6rjning.<\/p>\n<h2>Underh\u00e5ll och f\u00f6rsiktighets\u00e5tg\u00e4rder<\/h2>\n<p>Regelbunden inspektion och f\u00f6rebyggande underh\u00e5lls\u00e5tg\u00e4rder \u00e4r n\u00f6dv\u00e4ndiga f\u00f6r att s\u00e4kerst\u00e4lla en l\u00e4ngre livsl\u00e4ngd f\u00f6r skopcylindern. H\u00e4r \u00e4r n\u00e5gra vanliga underh\u00e5llsuppgifter:<\/p>\n<ul>\n<li>Regelbunden inspektion<\/li>\n<li>Korrekt sm\u00f6rjning<\/li>\n<li>T\u00e4tningsbyte och kalibreringskontroll<\/li>\n<\/ul>\n<p>Under installationen \u00e4r det viktigt att ge korrekta instruktioner f\u00f6r uppriktning av cylindern. Det rekommenderas att anv\u00e4nda l\u00e4mpliga monteringsf\u00e4sten f\u00f6r att fixera cylindern. Vi f\u00f6resl\u00e5r ocks\u00e5 att du anv\u00e4nder rekommenderade inspektions-, reparations- och utbytesprocedurer f\u00f6r att f\u00f6rb\u00e4ttra cylinderns livsl\u00e4ngd.<\/p>\n<p><img decoding=\"async\" src=\"https:\/\/www.hydraulic-cylinders.net\/wp-content\/uploads\/2025\/01\/songte-chushion-collar.webp\"><\/p>\n<h2>S\u00e4kerhets- och milj\u00f6h\u00e4nsyn<\/h2>\n<p>Vid anv\u00e4ndning av skopcylindrar \u00e4r det viktigt att f\u00f6lja s\u00e4kerhets\u00e5tg\u00e4rder f\u00f6r att undvika potentiella faror som \u00f6verbelastning, vibrationer etc. Milj\u00f6faktorer som exponering f\u00f6r damm och h\u00f6ga temperaturer kan ocks\u00e5 p\u00e5verka cylinderns prestanda. D\u00e4rf\u00f6r \u00e4r det n\u00f6dv\u00e4ndigt att uppr\u00e4tth\u00e5lla en ren och s\u00e4ker arbetsmilj\u00f6.<\/p>\n<h2>Feldiagnos och fels\u00f6kning<\/h2>\n<p>H\u00e4r \u00e4r n\u00e5gra vanliga problem som kan uppst\u00e5 n\u00e4r man anv\u00e4nder en skopcylinder:<\/p>\n<ul>\n<li>L\u00e4ckande hydraulv\u00e4tska<\/li>\n<li>Sv\u00e5righeter att r\u00f6ra kolven<\/li>\n<li>Buller under drift<\/li>\n<\/ul>\n<p>F\u00f6r att l\u00f6sa dessa problem \u00e4r det viktigt att kontrollera cylinderns t\u00e4tningar, kolv och andra komponenter. Regelbunden reng\u00f6ring och korrekt sm\u00f6rjning kan bidra till att f\u00f6rhindra dessa problem.<\/p>\n<p><img decoding=\"async\" src=\"https:\/\/www.hydraulic-cylinders.net\/wp-content\/uploads\/2025\/01\/songte-bushings-with-all-kinds-of-excavator-models.webp\"><\/p>\n<h2>Om v\u00e5rt f\u00f6retag<\/h2>\n<p>Vi \u00e4r en tillverkare av hydraulcylindrar f\u00f6r ers\u00e4ttning med kompletta produktkategorier och har blivit en av de ledande tillverkarna och grossistdistribut\u00f6rerna av hydraulcylindrar p\u00e5 den inhemska och internationella marknaden. Vi f\u00f6ljer principen om utm\u00e4rkt kvalitet och f\u00f6rlitar oss p\u00e5 den industriella produktionsledningsstrategin hos en sofistikerad tillverkningsverkstad. Genom att anv\u00e4nda tekniska talanger, digital avancerad tillverkningsutrustning och professionella testsystem f\u00f6rb\u00e4ttrar vi kontinuerligt verkstadens tillverkningsplattform, f\u00f6rb\u00e4ttrar produktkvaliteten i produktionslinjen och har en stark kreativ f\u00f6rm\u00e5ga. Vi str\u00e4var efter att m\u00f6ta kundernas olika behov med principer f\u00f6r h\u00f6g effektivitet, h\u00f6g precision och h\u00f6g kvalitet.<\/p>\n<p><img decoding=\"async\" src=\"https:\/\/hzpt.com\/wp-content\/uploads\/2024\/11\/songte-company-1.webp\"><\/p>\n<h2>Professionalism<\/h2>\n<p>Vi har ett professionellt team som kan erbjuda teknisk support och skr\u00e4ddarsydda tj\u00e4nster f\u00f6r att m\u00f6ta kundernas specifika behov.<\/p>\n<h2>Internationell certifiering<\/h2>\n<p>V\u00e5ra produkter har godk\u00e4nt internationella certifieringar som ISO9001, CE och SGS, etc.<\/p>\n<h2>Anpassade tj\u00e4nster<\/h2>\n<p>Vi erbjuder skr\u00e4ddarsydda tj\u00e4nster f\u00f6r olika krav, inklusive material, storlek och andra specifikationer.<\/p>\n<h2>Produktionsutrustning<\/h2>\n<p>Vi anv\u00e4nder avancerad tillverkningsutrustning f\u00f6r att s\u00e4kerst\u00e4lla produktkvalitet och produktionseffektivitet.<\/p>\n<h2>Eftermarknadsservice<\/h2>\n<p>Vi erbjuder omfattande eftermarknadsservice, inklusive underh\u00e5ll, reparation och utbyte av delar f\u00f6r att hj\u00e4lpa kunderna att bibeh\u00e5lla hydraulcylinderns utm\u00e4rkta prestanda.<\/p>\n<h4>F\u00f6rfattare: lyl<\/h4>","protected":false},"excerpt":{"rendered":"<p>Bucket Cylinder For Doosan Large Excavator DX500LC Introduction A bucket cylinder for Doosan large excavator DX500LC is a specially designed hydraulic cylinder that mainly controls the movement of the bucket in heavy machinery such as excavators, backhoe excavators, and front loaders. Its primary function is to enable the bucket to lift, lower, and tilt, making [&hellip;]<\/p>","protected":false},"featured_media":14778,"comment_status":"open","ping_status":"closed","template":"","meta":{"_et_pb_use_builder":"","_et_pb_old_content":"","_et_gb_content_width":""},"product_brand":[],"product_cat":[1494],"product_tag":[1495,1496],"class_list":{"0":"post-15289","1":"product","2":"type-product","3":"status-publish","4":"has-post-thumbnail","6":"product_cat-bucket-cylinders","7":"product_tag-bucket-cylinders","8":"product_tag-hydraulic-cylinders","10":"first","11":"instock","12":"shipping-taxable","13":"product-type-simple"},"amp_enabled":true,"_links":{"self":[{"href":"https:\/\/www.hydraulic-cylinders.net\/sv\/wp-json\/wp\/v2\/product\/15289","targetHints":{"allow":["GET"]}}],"collection":[{"href":"https:\/\/www.hydraulic-cylinders.net\/sv\/wp-json\/wp\/v2\/product"}],"about":[{"href":"https:\/\/www.hydraulic-cylinders.net\/sv\/wp-json\/wp\/v2\/types\/product"}],"replies":[{"embeddable":true,"href":"https:\/\/www.hydraulic-cylinders.net\/sv\/wp-json\/wp\/v2\/comments?post=15289"}],"wp:featuredmedia":[{"embeddable":true,"href":"https:\/\/www.hydraulic-cylinders.net\/sv\/wp-json\/wp\/v2\/media\/14778"}],"wp:attachment":[{"href":"https:\/\/www.hydraulic-cylinders.net\/sv\/wp-json\/wp\/v2\/media?parent=15289"}],"wp:term":[{"taxonomy":"product_brand","embeddable":true,"href":"https:\/\/www.hydraulic-cylinders.net\/sv\/wp-json\/wp\/v2\/product_brand?post=15289"},{"taxonomy":"product_cat","embeddable":true,"href":"https:\/\/www.hydraulic-cylinders.net\/sv\/wp-json\/wp\/v2\/product_cat?post=15289"},{"taxonomy":"product_tag","embeddable":true,"href":"https:\/\/www.hydraulic-cylinders.net\/sv\/wp-json\/wp\/v2\/product_tag?post=15289"}],"curies":[{"name":"wp","href":"https:\/\/api.w.org\/{rel}","templated":true}]}}