{"id":15290,"date":"2025-01-19T14:20:40","date_gmt":"2025-01-19T14:20:40","guid":{"rendered":"https:\/\/www.hydraulic-cylinders.net\/product\/bucket-cylinder-for-doosan-large-excavator-dh300-5\/"},"modified":"2025-01-19T14:20:42","modified_gmt":"2025-01-19T14:20:42","slug":"bucket-cylinder-for-doosan-large-excavator-dh300-5","status":"publish","type":"product","link":"https:\/\/www.hydraulic-cylinders.net\/sv\/produkt\/bucket-cylinder-for-doosan-large-excavator-dh300-5\/","title":{"rendered":"Skopscylinder f\u00f6r Doosan stor gr\u00e4vmaskin DH300-5"},"content":{"rendered":"<h1>Skopscylinder f\u00f6r Doosan stor gr\u00e4vmaskin DH300-5<\/h1>\n<h2>Introduktion<\/h2>\n<p>Skopcylindern till Doosan stora gr\u00e4vmaskin DH300-5 \u00e4r en specialiserad hydraulcylinder som anv\u00e4nds f\u00f6r att styra skopans r\u00f6relse i tunga maskiner som gr\u00e4vmaskiner, gr\u00e4vlastare och frontlastare. Dess huvudsakliga syfte \u00e4r att g\u00f6ra det m\u00f6jligt att h\u00f6ja, s\u00e4nka och luta skopan, vilket g\u00f6r det enklare att hantera olika material. I hydraulsystemet styr skopcylindern skopans r\u00f6relse exakt genom f\u00f6r\u00e4ndringar i hydrauloljetrycket, vilket g\u00f6r det m\u00f6jligt f\u00f6r f\u00f6rare att effektivt hantera tunga laster och anpassa sig till komplexa arbetsmilj\u00f6er och olika driftsbehov.<\/p>\n<p><img decoding=\"async\" src=\"https:\/\/www.hydraulic-cylinders.net\/wp-content\/uploads\/2025\/01\/songte-company-2.webp\" alt=\"Bild av skopcylinder\"><\/p>\n<h2>Drag<\/h2>\n<ul>\n<li><strong>H\u00f6g styrka och h\u00e5llbarhet:<\/strong> Den \u00e4r vanligtvis tillverkad av h\u00f6gh\u00e5llfast st\u00e5l eller aluminium, t\u00e5l h\u00f6gt tryck och tunga belastningar, anpassar sig till tuffa arbetsmilj\u00f6er och har konstruerats med slitstyrka och korrosionsbest\u00e4ndighet i \u00e5tanke f\u00f6r att f\u00f6rl\u00e4nga dess livsl\u00e4ngd.<\/li>\n<li><strong>Effektiva hydrauliska funktioner:<\/strong> Anv\u00e4nder hydrauloljetryck f\u00f6r att uppn\u00e5 smidiga teleskopr\u00f6relser, kan reagera snabbt p\u00e5 styrkommandon, ge kraftfulla tryck- och dragkrafter och \u00e4r l\u00e4mplig f\u00f6r hantering av tunga laster och komplexa driftsuppgifter.<\/li>\n<li><strong>Olika typer:<\/strong> Enkelverkande (hydraulik anv\u00e4nds endast i en riktning) eller dubbelverkande (hydraulik anv\u00e4nds i tv\u00e5 riktningar) cylindrar kan v\u00e4ljas efter behov f\u00f6r att m\u00f6ta olika driftsbehov. Vissa modeller \u00e4r teleskopiska, vilket m\u00f6jligg\u00f6r st\u00f6rre utdrag utan att \u00f6ka de yttre m\u00e5tten, vilket g\u00f6r dem l\u00e4mpliga f\u00f6r applikationer med begr\u00e4nsat utrymme.<\/li>\n<li><strong>Perfekt ers\u00e4ttning:<\/strong> V\u00e5r skopcylinder kan perfekt ers\u00e4tta den ursprungliga hydraulcylindern fr\u00e5n tillverkaren.<\/li>\n<\/ul>\n<p><img decoding=\"async\" src=\"https:\/\/www.hydraulic-cylinders.net\/wp-content\/uploads\/2025\/01\/songte-cylinder-head-with-all-kinds-excavator-models.webp\" alt=\"Bild av utbytescylinder\"><\/p>\n<h2>Applikationer<\/h2>\n<p>Skopscylindern har ett brett anv\u00e4ndningsomr\u00e5de inom olika branscher. N\u00e5gra exempel \u00e4r:<\/p>\n<ul>\n<li><strong>Byggutrustning:<\/strong> I gr\u00e4vmaskiner \u00e4r de viktiga f\u00f6r att gr\u00e4va, lasta och flytta jord eller skr\u00e4p. I gr\u00e4vlastare hj\u00e4lper skopcylindern till med b\u00e5de gr\u00e4vning och lyftning. <\/li>\n<li><strong>Jordbruksmaskiner:<\/strong> Anv\u00e4nds i frontlastare f\u00f6r att \u00f6sa, lyfta och transportera jord, h\u00f6 och andra material. <\/li>\n<li><strong>Gr\u00e4vmaskiner:<\/strong> Skopans cylinder g\u00f6r att skopan kan tr\u00e4nga ner i jorden f\u00f6r att utf\u00f6ra gr\u00e4varbeten. <\/li>\n<li><strong>Frontlastare:<\/strong> I frontlastare hj\u00e4lper de till med att lyfta och tilta last effektivt. <\/li>\n<\/ul>\n<h2>Design\u00f6verv\u00e4ganden och urvalskriterier<\/h2>\n<p>Designaspekter och urvalskriterier f\u00f6r skopcylindern \u00e4r avg\u00f6rande f\u00f6r att s\u00e4kerst\u00e4lla dess korrekta funktion och l\u00e5nga livsl\u00e4ngd. N\u00e5gra av dessa \u00f6verv\u00e4ganden \u00e4r:<\/p>\n<h3>Lastkapacitet<\/h3>\n<p>Skopscylindern m\u00e5ste kunna hantera lastkapaciteten hos den maskin den \u00e4r installerad i. Det \u00e4r viktigt att v\u00e4lja en cylinder som klarar maskinens maximala lastkapacitet, med h\u00e4nsyn till eventuella \u00f6verbelastningar som kan uppst\u00e5.<\/p>\n<h3>T\u00e4tning<\/h3>\n<p>Skopans cylinder m\u00e5ste vara ordentligt t\u00e4tad f\u00f6r att f\u00f6rhindra l\u00e4ckage av hydraulv\u00e4tska. Det \u00e4r viktigt att v\u00e4lja t\u00e4tningar som \u00e4r tillverkade av h\u00e5llbara material och \u00e4r konstruerade f\u00f6r att motst\u00e5 slitage.<\/p>\n<h3>Varaktighet<\/h3>\n<p>Skopscylindern m\u00e5ste vara h\u00e5llbar och konstruerad f\u00f6r att motst\u00e5 tuffa milj\u00f6er. Cylinderhuset och \u00e4ndk\u00e5porna ska vara tillverkade av h\u00f6gh\u00e5llfasta material som \u00e4r motst\u00e5ndskraftiga mot korrosion och slitage.<\/p>\n<h3>S\u00e4kerhet<\/h3>\n<p>Skopscylindern m\u00e5ste vara konstruerad med s\u00e4kerhet i \u00e5tanke. Det \u00e4r viktigt att v\u00e4lja en cylinder som har s\u00e4kerhetsfunktioner som \u00f6vertrycksventiler och s\u00e4kerhetsl\u00e5s f\u00f6r att f\u00f6rhindra olyckor.<\/p>\n<h3>Underh\u00e5ll<\/h3>\n<p>Skopscylindern m\u00e5ste vara l\u00e4tt att underh\u00e5lla. Det \u00e4r viktigt att v\u00e4lja en cylinder som \u00e4r l\u00e4tt att demontera och montera ihop igen f\u00f6r underh\u00e5ll. Regelbundet underh\u00e5ll som sm\u00f6rjning och t\u00e4tningsbyte \u00e4r avg\u00f6rande f\u00f6r att f\u00f6rl\u00e4nga dess livsl\u00e4ngd.<\/p>\n<p><img decoding=\"async\" src=\"https:\/\/www.hydraulic-cylinders.net\/wp-content\/uploads\/2025\/01\/songte-oil-pipes-and-spare-parts.webp\" alt=\"Bild av hydrauliska cylinderdelar\"><\/p>\n<h2>T\u00e4tning och sm\u00f6rjning<\/h2>\n<p>Skopscylindern anv\u00e4nder olika t\u00e4tningskomponenter som kolvt\u00e4tningar och st\u00e5ngt\u00e4tningar, tillverkade av material som polyuretan och nitrilgummi f\u00f6r att f\u00f6rhindra v\u00e4tskel\u00e4ckage. Cylinderhuset och \u00e4ndk\u00e5porna \u00e4r fint bearbetade f\u00f6r att f\u00f6rb\u00e4ttra slitstyrkan. Regelbunden sm\u00f6rjning med hydraulolja \u00e4r n\u00f6dv\u00e4ndig f\u00f6r att bibeh\u00e5lla smidig drift och minska slitage.<\/p>\n<h2>Inspektion och f\u00f6rebyggande underh\u00e5ll<\/h2>\n<p>Regelbunden inspektion och f\u00f6rebyggande underh\u00e5ll \u00e4r avg\u00f6rande f\u00f6r att f\u00f6rl\u00e4nga skopcylinderns livsl\u00e4ngd. N\u00e5gra vanliga underh\u00e5llsuppgifter \u00e4r:<\/p>\n<ul>\n<li><strong>Regelbunden inspektion:<\/strong> Inspektera cylindern f\u00f6r slitage och skador, kontrollera t\u00e4tningarna och unders\u00f6k alla anslutningar f\u00f6r l\u00e4ckor.<\/li>\n<li><strong>Sm\u00f6rjning:<\/strong> Sm\u00f6rj cylindern regelbundet med hydraulolja f\u00f6r att minska friktion och slitage.<\/li>\n<li><strong>Byte av t\u00e4tning:<\/strong> Byt ut alla skadade t\u00e4tningar f\u00f6r att f\u00f6rhindra l\u00e4ckage av hydraulv\u00e4tska.<\/li>\n<li><strong>Kalibreringskontroll:<\/strong> Kontrollera cylinderns kalibrering f\u00f6r att s\u00e4kerst\u00e4lla att den fungerar korrekt.<\/li>\n<\/ul>\n<p>Det \u00e4r viktigt att montera skopcylindern korrekt f\u00f6r att undvika potentiella skador och s\u00e4kerst\u00e4lla s\u00e4ker drift. F\u00f6lj alltid tillverkarens instruktioner och anv\u00e4nd l\u00e4mpliga installationsverktyg och utrustning. Korrekt inriktning och anv\u00e4ndning av l\u00e4mpliga installationsf\u00e4sten kan bidra till att stabilisera cylindern. Om cylindern beh\u00f6ver repareras eller byggas om rekommenderas att anv\u00e4nda originaldelar och f\u00f6lja tillverkarens riktlinjer.<\/p>\n<p><img decoding=\"async\" src=\"https:\/\/www.hydraulic-cylinders.net\/wp-content\/uploads\/2025\/01\/songte-chushion-collar.webp\" alt=\"Bild av kuddekrage\"><\/p>\n<h2>S\u00e4kerhets- och milj\u00f6h\u00e4nsyn<\/h2>\n<p>Vid anv\u00e4ndning av skopcylindern m\u00e5ste s\u00e4kerhets\u00e5tg\u00e4rder vidtas f\u00f6r att undvika olyckor. Det \u00e4r viktigt att f\u00f6lja s\u00e4kerhetsriktlinjer och f\u00f6reskrifter, s\u00e5som att b\u00e4ra l\u00e4mplig skyddsutrustning och s\u00e4kerst\u00e4lla att maskinen underh\u00e5lls och anv\u00e4nds korrekt. Milj\u00f6h\u00e4nsyn m\u00e5ste ocks\u00e5 beaktas, s\u00e5som korrekt kassering av hydraulv\u00e4tskor och andra material som kan vara skadliga f\u00f6r milj\u00f6n.<\/p>\n<h2>Vanliga problem och fels\u00f6kning<\/h2>\n<p>Skopscylindern kan uppleva olika problem under drift. N\u00e5gra vanliga problem \u00e4r:<\/p>\n<ul>\n<li><strong>V\u00e4tskel\u00e4ckage:<\/strong> Detta kan orsakas av skadade t\u00e4tningar eller anslutningar.<\/li>\n<li><strong>L\u00e5ngsam drift:<\/strong> Detta kan orsakas av l\u00e5ga hydraulv\u00e4tskeniv\u00e5er eller slitna t\u00e4tningar.<\/li>\n<li><strong>\u00d6verdrivet buller:<\/strong> Detta kan orsakas av slitna lager eller andra r\u00f6rliga delar.<\/li>\n<\/ul>\n<p>F\u00f6r att fels\u00f6ka och l\u00f6sa dessa problem \u00e4r det viktigt att f\u00f6lja tillverkarens riktlinjer och anv\u00e4nda l\u00e4mpliga fels\u00f6kningsmetoder. Det rekommenderas att utf\u00f6ra regelbundet underh\u00e5ll f\u00f6r att f\u00f6rhindra att dessa problem uppst\u00e5r.<\/p>\n<p><img decoding=\"async\" src=\"https:\/\/www.hydraulic-cylinders.net\/wp-content\/uploads\/2025\/01\/songte-bushings-with-all-kinds-of-excavator-models.webp\" alt=\"Bild p\u00e5 bussningar f\u00f6r hydraulcylinder\"><\/p>\n<h2>Om v\u00e5rt f\u00f6retag<\/h2>\n<p>Vi \u00e4r en ledande tillverkare och grossistdistribut\u00f6r av hydraulcylindrar, specialiserade p\u00e5 att ers\u00e4tta hydraulcylindrar. V\u00e5rt f\u00f6retag erbjuder ett omfattande produktsortiment, inklusive olika typer av hydraulcylindrar, vilka har blivit en av de ledande produkterna p\u00e5 inhemska och utl\u00e4ndska marknader. V\u00e5rt f\u00f6retag f\u00f6ljer principen om enast\u00e5ende kvalitet och f\u00f6rlitar sig p\u00e5 branschspecifika produktionsledningsstrategier i fint tillverkade verkst\u00e4der, s\u00e5v\u00e4l som tekniska talanger, digital avancerad tillverkningsutrustning och professionella testsystem, och f\u00f6rb\u00e4ttrar kontinuerligt tillverkningsplattformen i verkstaden och f\u00f6rb\u00e4ttrar produkternas produktionskvalitet. Vi har starka kreativa f\u00f6rm\u00e5gor och kan m\u00f6ta kundernas olika behov baserat p\u00e5 principerna om h\u00f6g effektivitet, h\u00f6g precision och h\u00f6g kvalitet.<\/p>\n<p><img decoding=\"async\" src=\"https:\/\/hzpt.com\/wp-content\/uploads\/2024\/11\/songte-company-1.webp\" alt=\"F\u00f6retagsbild\"><\/p>\n<h3>Professionalism<\/h3>\n<p>V\u00e5rt f\u00f6retag har ett h\u00f6gt specialiserat team av yrkesverksamma med m\u00e5nga \u00e5rs erfarenhet inom branschen. Fr\u00e5n design till produktion till f\u00f6rs\u00e4ljning har vi ett expertteam f\u00f6r att s\u00e4kerst\u00e4lla kvalitet och effektivitet.<\/p>\n<h3>Internationell certifiering<\/h3>\n<p>V\u00e5rt f\u00f6retag har erh\u00e5llit olika internationella certifieringar som ISO9001 och CE, vilket s\u00e4kerst\u00e4ller att v\u00e5ra produkter uppfyller internationella standarder f\u00f6r kvalitet och s\u00e4kerhet.<\/p>\n<h3>Anpassade tj\u00e4nster<\/h3>\n<p>V\u00e5rt f\u00f6retag erbjuder skr\u00e4ddarsydda tj\u00e4nster f\u00f6r att m\u00f6ta specifika kunders behov, inklusive anpassade designer, storlekar och material.<\/p>\n<h3>Produktionsutrustning<\/h3>\n<p>V\u00e5rt f\u00f6retag har investerat i avancerad tillverkningsutrustning, inklusive CNC-maskiner och testutrustning, f\u00f6r att s\u00e4kerst\u00e4lla precision och effektivitet i produktionen.<\/p>\n<h3>Eftermarknadsservice<\/h3>\n<p>V\u00e5rt f\u00f6retag erbjuder omfattande eftermarknadsservice, inklusive underh\u00e5ll och reparationstj\u00e4nster, f\u00f6r att s\u00e4kerst\u00e4lla kundn\u00f6jdhet och f\u00f6rl\u00e4ngd produktlivsl\u00e4ngd.<\/p>\n<h4>F\u00f6rfattare: lyl<\/h4>","protected":false},"excerpt":{"rendered":"<p>Bucket Cylinder For Doosan Large Excavator DH300-5 Introduction The bucket cylinder for Doosan large excavator DH300-5 is a specialized hydraulic cylinder used to control the movement of the bucket in heavy machinery such as excavators, backhoe loaders, and front-end loaders. Its main purpose is to allow the bucket to be raised, lowered, and tilted, making [&hellip;]<\/p>","protected":false},"featured_media":14776,"comment_status":"open","ping_status":"closed","template":"","meta":{"_et_pb_use_builder":"","_et_pb_old_content":"","_et_gb_content_width":""},"product_brand":[],"product_cat":[1494],"product_tag":[1495,1496],"class_list":{"0":"post-15290","1":"product","2":"type-product","3":"status-publish","4":"has-post-thumbnail","6":"product_cat-bucket-cylinders","7":"product_tag-bucket-cylinders","8":"product_tag-hydraulic-cylinders","10":"first","11":"instock","12":"shipping-taxable","13":"product-type-simple"},"amp_enabled":true,"_links":{"self":[{"href":"https:\/\/www.hydraulic-cylinders.net\/sv\/wp-json\/wp\/v2\/product\/15290","targetHints":{"allow":["GET"]}}],"collection":[{"href":"https:\/\/www.hydraulic-cylinders.net\/sv\/wp-json\/wp\/v2\/product"}],"about":[{"href":"https:\/\/www.hydraulic-cylinders.net\/sv\/wp-json\/wp\/v2\/types\/product"}],"replies":[{"embeddable":true,"href":"https:\/\/www.hydraulic-cylinders.net\/sv\/wp-json\/wp\/v2\/comments?post=15290"}],"wp:featuredmedia":[{"embeddable":true,"href":"https:\/\/www.hydraulic-cylinders.net\/sv\/wp-json\/wp\/v2\/media\/14776"}],"wp:attachment":[{"href":"https:\/\/www.hydraulic-cylinders.net\/sv\/wp-json\/wp\/v2\/media?parent=15290"}],"wp:term":[{"taxonomy":"product_brand","embeddable":true,"href":"https:\/\/www.hydraulic-cylinders.net\/sv\/wp-json\/wp\/v2\/product_brand?post=15290"},{"taxonomy":"product_cat","embeddable":true,"href":"https:\/\/www.hydraulic-cylinders.net\/sv\/wp-json\/wp\/v2\/product_cat?post=15290"},{"taxonomy":"product_tag","embeddable":true,"href":"https:\/\/www.hydraulic-cylinders.net\/sv\/wp-json\/wp\/v2\/product_tag?post=15290"}],"curies":[{"name":"wp","href":"https:\/\/api.w.org\/{rel}","templated":true}]}}