{"id":15296,"date":"2025-01-19T14:21:09","date_gmt":"2025-01-19T14:21:09","guid":{"rendered":"https:\/\/www.hydraulic-cylinders.net\/product\/bucket-cylinder-for-doosan-large-excavator-dh340lc\/"},"modified":"2025-01-19T14:21:11","modified_gmt":"2025-01-19T14:21:11","slug":"bucket-cylinder-for-doosan-large-excavator-dh340lc","status":"publish","type":"product","link":"https:\/\/www.hydraulic-cylinders.net\/sv\/produkt\/bucket-cylinder-for-doosan-large-excavator-dh340lc\/","title":{"rendered":"Skopscylinder f\u00f6r Doosan stor gr\u00e4vmaskin DH340LC"},"content":{"rendered":"<h1>Skopscylinder f\u00f6r Doosan stor gr\u00e4vmaskin DH340LC<\/h1>\n<h2>Introduktion<\/h2>\n<p>En skopcylinder \u00e4r en specialdesignad hydraulcylinder som anv\u00e4nds f\u00f6r att styra skopans r\u00f6relse i tunga maskiner som gr\u00e4vmaskiner, gr\u00e4vlastare och hjullastare. Dess huvudsakliga funktion \u00e4r att g\u00f6ra det m\u00f6jligt att lyfta, s\u00e4nka och luta skopan, vilket g\u00f6r den bekv\u00e4m f\u00f6r olika materialhanteringsuppgifter. I hydraulsystemet uppn\u00e5r skopcylindern exakt kontroll \u00f6ver skopan genom tryckf\u00f6r\u00e4ndringar i hydrauloljan, vilket g\u00f6r det m\u00f6jligt f\u00f6r operat\u00f6rer att effektivt hantera tunga laster och anpassa sig till komplexa arbetsmilj\u00f6er och olika driftskrav.<\/p>\n<p><img decoding=\"async\" src=\"https:\/\/www.hydraulic-cylinders.net\/wp-content\/uploads\/2025\/01\/songte-company-2.webp\" alt=\"Bild av skopcylinder\"><\/p>\n<h2>Funktioner hos skopcylindern<\/h2>\n<ul>\n<li><strong>H\u00f6g styrka och h\u00e5llbarhet:<\/strong> Den \u00e4r vanligtvis tillverkad av h\u00f6gh\u00e5llfast st\u00e5l eller aluminium och t\u00e5l h\u00f6gt tryck och tunga belastningar, vilket g\u00f6r den anpassad till tuffa arbetsmilj\u00f6er. Konstruktionen tar h\u00e4nsyn till slitstyrka och korrosionsbest\u00e4ndighet, vilket f\u00f6rl\u00e4nger dess livsl\u00e4ngd.<\/li>\n<li><strong>Effektiv hydraulisk drift:<\/strong> Genom att utnyttja hydrauloljans tryck uppn\u00e5r den smidiga ut- och indragningsr\u00f6relser, vilket m\u00f6jligg\u00f6r snabb respons p\u00e5 kontrollkommandon och ger kraftfulla tryck- och dragkrafter l\u00e4mpliga f\u00f6r hantering av tunga laster och komplexa arbetsuppgifter.<\/li>\n<li><strong>Olika typer:<\/strong> Finns som enkelverkande (hydraulisk kraft anv\u00e4nds i en riktning) eller dubbelverkande (hydraulisk kraft anv\u00e4nds i b\u00e5da riktningarna) cylindrar f\u00f6r att m\u00f6ta olika driftskrav. Vissa modeller \u00e4r teleskopiska, vilket m\u00f6jligg\u00f6r st\u00f6rre utdrag utan att \u00f6ka de yttre m\u00e5tten, vilket g\u00f6r dem l\u00e4mpliga f\u00f6r utrymmesbegr\u00e4nsade till\u00e4mpningar.<\/li>\n<li><strong>Perfekt ers\u00e4ttning f\u00f6r hydraulcylindrar:<\/strong> V\u00e5ra produkter kan perfekt ers\u00e4tta dessa hydraulcylindrar.<\/li>\n<\/ul>\n<p><img decoding=\"async\" src=\"https:\/\/www.hydraulic-cylinders.net\/wp-content\/uploads\/2025\/01\/songte-cylinder-head-with-all-kinds-excavator-models.webp\" alt=\"Bild f\u00f6r utbyte av skopcylinder\"><\/p>\n<h2>Till\u00e4mpningar av hinkcylinder<\/h2>\n<p><strong>Byggutrustning:<\/strong> De finns i gr\u00e4vmaskiner och \u00e4r avg\u00f6rande f\u00f6r att gr\u00e4va, lasta och flytta jord eller skr\u00e4p. I gr\u00e4vlastare hj\u00e4lper skopcylindern till vid b\u00e5de gr\u00e4vning och lyftning.<\/p>\n<p><strong>Jordbruksmaskiner:<\/strong> Anv\u00e4nds i frontlastare f\u00f6r att \u00f6sa, lyfta och transportera jord, h\u00f6 och andra material.<\/p>\n<p><strong>Gr\u00e4vmaskiner:<\/strong> Skopans cylinder m\u00f6jligg\u00f6r gr\u00e4vning genom att l\u00e5ta skopan tr\u00e4nga ner i jorden.<\/p>\n<p><strong>Hjullastare:<\/strong> I hjullastare hj\u00e4lper de till med effektiv lyftning och lossning av gods.<\/p>\n<h2>Design\u00f6verv\u00e4ganden och urvalskriterier<\/h2>\n<p>Vid konstruktion av skopcylindrar beaktas viktiga faktorer som b\u00e4rf\u00f6rm\u00e5ga, t\u00e4tning, h\u00e5llbarhet, s\u00e4kerhet och underh\u00e5llbarhet.<\/p>\n<p><img decoding=\"async\" src=\"https:\/\/www.hydraulic-cylinders.net\/wp-content\/uploads\/2025\/01\/songte-oil-pipes-and-spare-parts.webp\" alt=\"Att t\u00e4nka p\u00e5 vid konstruktion av skopcylinder, bild\"><\/p>\n<h2>T\u00e4tning och sm\u00f6rjning<\/h2>\n<p>Olika t\u00e4tningskomponenter, s\u00e5som kolvt\u00e4tningar, kolvst\u00e5ngst\u00e4tningar etc., anv\u00e4nds. T\u00e4tningarna \u00e4r tillverkade av slitstarka material som polyuretan och nitrilgummi. Cylinderhuset och de g\u00e4ngade \u00e4ndarna \u00e4r fint bearbetade f\u00f6r att \u00f6ka slitstyrkan. Regelbunden sm\u00f6rjning med l\u00e4mplig hydraulolja kr\u00e4vs.<\/p>\n<h2>Regelbunden inspektion och f\u00f6rebyggande underh\u00e5ll<\/h2>\n<p>F\u00f6r att s\u00e4kerst\u00e4lla optimal prestanda och livsl\u00e4ngd b\u00f6r regelbundna inspektioner och f\u00f6rebyggande underh\u00e5lls\u00e5tg\u00e4rder vidtas. Dessa inkluderar:<\/p>\n<ul>\n<li>Regelbundna kontroller av l\u00e4ckor, skador och slitage<\/li>\n<li>Korrekt sm\u00f6rjning av r\u00f6rliga delar<\/li>\n<li>Byte av t\u00e4tning vid behov<\/li>\n<li>Kalibreringskontroller<\/li>\n<\/ul>\n<p><img decoding=\"async\" src=\"https:\/\/www.hydraulic-cylinders.net\/wp-content\/uploads\/2025\/01\/songte-chushion-collar.webp\" alt=\"Bild f\u00f6r underh\u00e5ll av skopcylinder\"><\/p>\n<h2>S\u00e4kerhetsaspekter och milj\u00f6faktorer<\/h2>\n<p>Att beakta s\u00e4kerhets\u00e5tg\u00e4rder vid anv\u00e4ndning av skopcylindrar \u00e4r av yttersta vikt. Korrekt installation, drift och underh\u00e5ll b\u00f6r f\u00f6ljas f\u00f6r att minimera risker och s\u00e4kerst\u00e4lla en s\u00e4ker arbetsmilj\u00f6.<\/p>\n<h2>Feldiagnos och fels\u00f6kning<\/h2>\n<p>Vanliga fel och problem som kan uppst\u00e5 med skopcylindrar kan diagnostiseras och l\u00f6sas med hj\u00e4lp av f\u00f6ljande tips och l\u00f6sningar. Dessutom kan f\u00f6rebyggande \u00e5tg\u00e4rder vidtas f\u00f6r att minimera potentiella problem.<\/p>\n<p><img decoding=\"async\" src=\"https:\/\/www.hydraulic-cylinders.net\/wp-content\/uploads\/2025\/01\/songte-bushings-with-all-kinds-of-excavator-models.webp\" alt=\"Bild f\u00f6r diagnos av fel p\u00e5 skopcylindern\"><\/p>\n<h2>Slutsats<\/h2>\n<p>V\u00e5rt f\u00f6retag \u00e4r en ledande tillverkare och grossistdistribut\u00f6r av hydraulcylindrar p\u00e5 den inhemska och internationella marknaden. Vi prioriterar h\u00f6gsta kvalitet och anv\u00e4nder strategier f\u00f6r industriell produktionsledning i v\u00e5r v\u00e4lutrustade tillverkningsverkstad. Med fokus p\u00e5 teknisk talang, avancerad digital tillverkningsutrustning och professionella testsystem f\u00f6rb\u00e4ttrar vi kontinuerligt v\u00e5r tillverkningsplattform, f\u00f6rb\u00e4ttrar produktkvaliteten och har en stark f\u00f6rm\u00e5ga att m\u00f6ta olika kunders behov vad g\u00e4ller effektivitet, precision och h\u00f6gkvalitativa hydraulcylindrar.<\/p>\n<p><img decoding=\"async\" src=\"https:\/\/www.hydraulic-cylinders.net\/wp-content\/uploads\/2025\/01\/songte-company-3.webp\" alt=\"F\u00f6retagsbild\"><\/p>\n<p><em>F\u00f6rfattare: lyl<\/em><\/p>","protected":false},"excerpt":{"rendered":"<p>Bucket Cylinder For Doosan Large Excavator DH340LC Introduction Bucket Cylinder is a specially designed hydraulic cylinder used to control the movement of the bucket in heavy machinery such as excavators, backhoe loaders, and wheel loaders. Its main function is to enable the bucket to lift, lower, and tilt, making it convenient for various material handling [&hellip;]<\/p>","protected":false},"featured_media":14761,"comment_status":"open","ping_status":"closed","template":"","meta":{"_et_pb_use_builder":"","_et_pb_old_content":"","_et_gb_content_width":""},"product_brand":[],"product_cat":[1494],"product_tag":[1495,1496],"class_list":{"0":"post-15296","1":"product","2":"type-product","3":"status-publish","4":"has-post-thumbnail","6":"product_cat-bucket-cylinders","7":"product_tag-bucket-cylinders","8":"product_tag-hydraulic-cylinders","10":"first","11":"instock","12":"shipping-taxable","13":"product-type-simple"},"amp_enabled":true,"_links":{"self":[{"href":"https:\/\/www.hydraulic-cylinders.net\/sv\/wp-json\/wp\/v2\/product\/15296","targetHints":{"allow":["GET"]}}],"collection":[{"href":"https:\/\/www.hydraulic-cylinders.net\/sv\/wp-json\/wp\/v2\/product"}],"about":[{"href":"https:\/\/www.hydraulic-cylinders.net\/sv\/wp-json\/wp\/v2\/types\/product"}],"replies":[{"embeddable":true,"href":"https:\/\/www.hydraulic-cylinders.net\/sv\/wp-json\/wp\/v2\/comments?post=15296"}],"wp:featuredmedia":[{"embeddable":true,"href":"https:\/\/www.hydraulic-cylinders.net\/sv\/wp-json\/wp\/v2\/media\/14761"}],"wp:attachment":[{"href":"https:\/\/www.hydraulic-cylinders.net\/sv\/wp-json\/wp\/v2\/media?parent=15296"}],"wp:term":[{"taxonomy":"product_brand","embeddable":true,"href":"https:\/\/www.hydraulic-cylinders.net\/sv\/wp-json\/wp\/v2\/product_brand?post=15296"},{"taxonomy":"product_cat","embeddable":true,"href":"https:\/\/www.hydraulic-cylinders.net\/sv\/wp-json\/wp\/v2\/product_cat?post=15296"},{"taxonomy":"product_tag","embeddable":true,"href":"https:\/\/www.hydraulic-cylinders.net\/sv\/wp-json\/wp\/v2\/product_tag?post=15296"}],"curies":[{"name":"wp","href":"https:\/\/api.w.org\/{rel}","templated":true}]}}