{"id":15307,"date":"2025-01-19T14:21:53","date_gmt":"2025-01-19T14:21:53","guid":{"rendered":"https:\/\/www.hydraulic-cylinders.net\/product\/bucket-cylinder-for-hyundai-small-excavator-r80-7\/"},"modified":"2025-01-19T14:21:55","modified_gmt":"2025-01-19T14:21:55","slug":"bucket-cylinder-for-hyundai-small-excavator-r80-7","status":"publish","type":"product","link":"https:\/\/www.hydraulic-cylinders.net\/sv\/produkt\/bucket-cylinder-for-hyundai-small-excavator-r80-7\/","title":{"rendered":"Skopscylinder f\u00f6r Hyundai liten gr\u00e4vmaskin R80-7"},"content":{"rendered":"<p><!DOCTYPE html><br \/>\n<html><br \/>\n<head><br \/>\n\t<title>Skopscylinder f\u00f6r Hyundai liten gr\u00e4vmaskin R80-7<\/title><br \/>\n<\/head><br \/>\n<body><\/p>\n<h1>Skopscylinder f\u00f6r Hyundai liten gr\u00e4vmaskin R80-7<\/h1>\n<h2>Introduktion<\/h2>\n<p>Skopcylindern till Hyundai liten gr\u00e4vmaskin R80-7 \u00e4r en specialdesignad hydraulcylinder som anv\u00e4nds f\u00f6r att styra skopans r\u00f6relse i tunga maskiner som gr\u00e4vmaskiner, gr\u00e4vlastare och frontlastare. Dess huvudsakliga funktion \u00e4r att m\u00f6jligg\u00f6ra lyftning, s\u00e4nkning och lutning av skopan, vilket g\u00f6r den l\u00e4mplig f\u00f6r olika materialhanteringsuppgifter. I hydraulsystemet uppn\u00e5r skopcylindern exakt kontroll \u00f6ver skopan genom att utnyttja tryckf\u00f6r\u00e4ndringarna i hydrauloljan, vilket g\u00f6r det m\u00f6jligt f\u00f6r f\u00f6rare att effektivt hantera tunga laster och anpassa sig till komplexa arbetsmilj\u00f6er och olika driftsbehov.<\/p>\n<p>\t<img decoding=\"async\" src=\"https:\/\/www.hydraulic-cylinders.net\/wp-content\/uploads\/2025\/01\/songte-company-2.webp\" alt=\"Produktbild\"><\/p>\n<h2>Drag<\/h2>\n<ul>\n<li>H\u00f6g h\u00e5llfasthet och h\u00e5llbarhet: Vanligtvis tillverkad av h\u00f6gh\u00e5llfast st\u00e5l eller aluminium, t\u00e5l h\u00f6gt tryck och tunga belastningar, \u00e4r anpassningsbar till tuffa arbetsmilj\u00f6er, utformad med h\u00e4nsyn till slitstyrka och korrosionsbest\u00e4ndighet, vilket f\u00f6rl\u00e4nger livsl\u00e4ngden.<\/li>\n<li>Effektiv hydraulisk drift: Utnyttjar hydrauloljans tryck f\u00f6r att uppn\u00e5 smidiga ut- och indragningsr\u00f6relser, kan reagera snabbt p\u00e5 kontrollkommandon, ge starka tryck- och dragkrafter, l\u00e4mplig f\u00f6r hantering av tunga laster och komplexa driftsuppgifter.<\/li>\n<li>Olika typer: Kan v\u00e4ljas som enkelverkande (hydrauliska anv\u00e4nds endast i en riktning) eller dubbelverkande (hydrauliska anv\u00e4nds i b\u00e5da riktningarna) cylindrar enligt specifika driftskrav, d\u00e4r vissa modeller \u00e4r teleskopiska, vilket m\u00f6jligg\u00f6r st\u00f6rre utdrag utan att \u00f6ka ytterm\u00e5tten, l\u00e4mpliga f\u00f6r applikationer med begr\u00e4nsat utrymme.<\/li>\n<li>Perfekt ers\u00e4ttning: V\u00e5ra produkter kan perfekt ers\u00e4tta dessa hydraulcylindrar. <\/li>\n<\/ul>\n<p>\t<img decoding=\"async\" src=\"https:\/\/www.hydraulic-cylinders.net\/wp-content\/uploads\/2025\/01\/songte-cylinder-head-with-all-kinds-excavator-models.webp\" alt=\"Produktbild\"><\/p>\n<h2>Applikationer<\/h2>\n<ul>\n<li>Byggutrustning: De finns i gr\u00e4vmaskiner och \u00e4r avg\u00f6rande f\u00f6r att gr\u00e4va, lasta och flytta jord eller skr\u00e4p. I gr\u00e4vlastare hj\u00e4lper skopcylindern till vid b\u00e5de gr\u00e4vning och lyftning.<\/li>\n<li>Jordbruksmaskiner: Anv\u00e4nds i frontlastare f\u00f6r att \u00f6sa, lyfta och transportera jord, h\u00f6 och andra material.<\/li>\n<li>Gr\u00e4vmaskiner: Skopans cylinder m\u00f6jligg\u00f6r gr\u00e4vning genom att l\u00e5ta skopan tr\u00e4nga ner i jorden.<\/li>\n<li>Lastare: I frontlastare hj\u00e4lper de till att lyfta och dumpa gods effektivt.<\/li>\n<\/ul>\n<h2>Design\u00f6verv\u00e4ganden och urvalskriterier<\/h2>\n<ul>\n<li>B\u00e4rf\u00f6rm\u00e5ga: Diskutera cylinderns f\u00f6rm\u00e5ga att motst\u00e5 tunga belastningar.<\/li>\n<li>T\u00e4tning: Diskutera vikten av korrekt t\u00e4tning f\u00f6r att f\u00f6rhindra oljel\u00e4ckage och s\u00e4kerst\u00e4lla tillf\u00f6rlitlig prestanda.<\/li>\n<li>Durability: Examine the cylinder&#8217;s durability, considering factors such as wear resistance and corrosion resistance.<\/li>\n<li>S\u00e4kerhet: Diskutera s\u00e4kerhetsaspekter i konstruktionen, inklusive \u00e5tg\u00e4rder f\u00f6r att f\u00f6rebygga olyckor.<\/li>\n<li>Underh\u00e5llbarhet: Diskutera hur enkelt och l\u00e4ttillg\u00e4ngligt underh\u00e5llsarbetet f\u00f6r cylindern \u00e4r.<\/li>\n<\/ul>\n<p>\t<img decoding=\"async\" src=\"https:\/\/www.hydraulic-cylinders.net\/wp-content\/uploads\/2025\/01\/songte-oil-pipes-and-spare-parts.webp\" alt=\"Produktbild\"><\/p>\n<h2>T\u00e4tning och sm\u00f6rjning<\/h2>\n<p>Skopscylindern anv\u00e4nder olika t\u00e4tningar, s\u00e5som kolvt\u00e4tningar och kolvst\u00e5ngst\u00e4tningar, tillverkade av slitstarka material som polyuretan och nitrilgummi. Cylinderhuset och de g\u00e4ngade \u00e4ndarna genomg\u00e5r en finbehandling f\u00f6r att f\u00f6rb\u00e4ttra slitstyrkan. Regelbunden sm\u00f6rjning med en l\u00e4mplig m\u00e4ngd hydraulolja \u00e4r n\u00f6dv\u00e4ndig f\u00f6r att s\u00e4kerst\u00e4lla smidig drift.<\/p>\n<h2>Regelbunden inspektion och f\u00f6rebyggande underh\u00e5ll<\/h2>\n<ul>\n<li>Kontrollera regelbundet cylindern f\u00f6r tecken p\u00e5 slitage, skador eller l\u00e4ckor.<\/li>\n<li>S\u00e4kerst\u00e4ll korrekt sm\u00f6rjning av alla r\u00f6rliga delar.<\/li>\n<li>Byt ut t\u00e4tningarna vid behov f\u00f6r att bibeh\u00e5lla optimal prestanda.<\/li>\n<li>Utf\u00f6r kalibreringskontroller f\u00f6r att s\u00e4kerst\u00e4lla korrekt drift.<\/li>\n<\/ul>\n<h2>Guide f\u00f6r korrekt produktinstallation<\/h2>\n<p>Korrekt installation \u00e4r avg\u00f6rande f\u00f6r optimal prestanda och livsl\u00e4ngd hos skopcylindern. F\u00f6lj dessa riktlinjer:<\/p>\n<ul>\n<li>Ge korrekt v\u00e4gledning f\u00f6r uppriktning under installationsprocessen.<\/li>\n<li>Rekommendera anv\u00e4ndning av l\u00e4mpliga monteringsf\u00e4sten f\u00f6r att f\u00e4sta cylindern.<\/li>\n<li>Ange rekommenderade procedurer f\u00f6r inspektion, reparation och utbyte.<\/li>\n<li>Ge tips f\u00f6r att f\u00f6rl\u00e4nga livsl\u00e4ngden p\u00e5 skopcylindern.<\/li>\n<\/ul>\n<p>\t<img decoding=\"async\" src=\"https:\/\/www.hydraulic-cylinders.net\/wp-content\/uploads\/2025\/01\/songte-chushion-collar.webp\" alt=\"Produktbild\"><\/p>\n<h2>S\u00e4kerhetsaspekter och milj\u00f6faktorer<\/h2>\n<p>N\u00e4r skopcylindern anv\u00e4nds \u00e4r det viktigt att vidta s\u00e4kerhets\u00e5tg\u00e4rder f\u00f6r att s\u00e4kerst\u00e4lla f\u00f6rarnas v\u00e4lbefinnande och f\u00f6rhindra olyckor. T\u00e4nk p\u00e5 f\u00f6ljande faktorer:<\/p>\n<ul>\n<li>Korrekt utbildning f\u00f6r operat\u00f6rer f\u00f6r att hantera utrustningen p\u00e5 ett s\u00e4kert s\u00e4tt.<\/li>\n<li>Efterlevnad av s\u00e4kerhetsstandarder och f\u00f6reskrifter.<\/li>\n<li>Implementera milj\u00f6v\u00e4nliga metoder vid anv\u00e4ndning och avfallshantering av hydraulv\u00e4tskor.<\/li>\n<\/ul>\n<p>\t<img decoding=\"async\" src=\"https:\/\/www.hydraulic-cylinders.net\/wp-content\/uploads\/2025\/01\/songte-bushings-with-all-kinds-of-excavator-models.webp\" alt=\"Produktbild\"><\/p>\n<h2>Fels\u00f6kning och vanliga problem<\/h2>\n<ul>\n<li>L\u00e4ckage: Ge tips och l\u00f6sningar f\u00f6r att \u00e5tg\u00e4rda oljel\u00e4ckor.<\/li>\n<li>D\u00e5lig prestanda: Diskutera m\u00f6jliga orsaker till minskad prestanda och hur man kan \u00e5tg\u00e4rda dem.<\/li>\n<li>Buller eller vibrationer: F\u00f6rklara potentiella orsaker till buller eller vibrationer och ge f\u00f6rslag p\u00e5 fels\u00f6kningsmetoder.<\/li>\n<\/ul>\n<h2>Underh\u00e5llstips och l\u00f6sningar<\/h2>\n<p>Erbjud r\u00e5d om underh\u00e5llsuppgifter, inklusive regelbundna inspektioner, korrekt sm\u00f6rjning, byte av t\u00e4tningar och kalibreringskontroller. Betona vikten av korrekt installation, sm\u00f6rjning och justering. Ge v\u00e4gledning om korrekt justering av cylindern under installationen. Rekommendera inspektions-, reparations- och utbytesprocedurer. Dela tips f\u00f6r att f\u00f6rl\u00e4nga skopcylinderns livsl\u00e4ngd.<\/p>\n<p>\t<img decoding=\"async\" src=\"https:\/\/hzpt.com\/wp-content\/uploads\/2024\/11\/songte-company-1.webp\" alt=\"Produktbild\"><\/p>\n<h2>Om v\u00e5rt f\u00f6retag<\/h2>\n<p>Vi \u00e4r en tillverkare av hydraulcylindrar f\u00f6r reservdelar och en av de ledande tillverkarna och grossistdistribut\u00f6rerna p\u00e5 den inhemska och internationella marknaden. Vi f\u00f6ljer principerna om utm\u00e4rkt kvalitet och f\u00f6rlitar oss p\u00e5 industrialiserade produktionsstrategier i v\u00e5r f\u00f6rfinade tillverkningsverkstad. Genom att utnyttja tekniska talanger, avancerad digital tillverkningsutrustning och professionella testsystem f\u00f6rb\u00e4ttrar vi kontinuerligt v\u00e5r tillverkningsplattform, finslipar v\u00e5ra produktionsv\u00e4gar f\u00f6r produktkvalitet och besitter starka innovationsf\u00f6rm\u00e5gor. Vi str\u00e4var efter att m\u00f6ta olika kunders behov med h\u00f6g effektivitet, h\u00f6g precision och h\u00f6gkvalitativa principer.<\/p>\n<p>\t<img decoding=\"async\" src=\"https:\/\/www.hydraulic-cylinders.net\/wp-content\/uploads\/2025\/01\/songte-company-3.webp\" alt=\"Produktbild\"><\/p>\n<h2>V\u00e5ra f\u00f6retags h\u00f6jdpunkter<\/h2>\n<ul>\n<li>Professionalism: Highlight the company&#8217;s expertise and specialization in hydraulic cylinders.<\/li>\n<li>Internationella certifieringar: N\u00e4mn alla relevanta certifieringar eller standarder som f\u00f6retaget har erh\u00e5llit.<\/li>\n<li>Customization Services: Discuss the company&#8217;s ability to provide customized solutions for specific customer requirements.<\/li>\n<li>Produktionsutrustning: Lyft fram den avancerade tillverkningsutrustning som f\u00f6retaget anv\u00e4nder.<\/li>\n<li>After-Sales Service: Explain the company&#8217;s commitment to providing excellent after-sales service and support.<\/li>\n<\/ul>\n<p>F\u00f6rfattare: lyl<\/p>\n<p><\/body><br \/>\n<\/html><\/p>","protected":false},"excerpt":{"rendered":"<p>Bucket Cylinder For Hyundai Small Excavator R80-7 Bucket Cylinder For Hyundai Small Excavator R80-7 Introduction The bucket cylinder for Hyundai small excavator R80-7 is a specially designed hydraulic cylinder used to control the movement of the bucket in heavy machinery such as excavators, backhoe loaders, and front-end loaders. Its main function is to enable the [&hellip;]<\/p>","protected":false},"featured_media":14771,"comment_status":"open","ping_status":"closed","template":"","meta":{"_et_pb_use_builder":"","_et_pb_old_content":"","_et_gb_content_width":""},"product_brand":[],"product_cat":[1494],"product_tag":[1495,1496],"class_list":{"0":"post-15307","1":"product","2":"type-product","3":"status-publish","4":"has-post-thumbnail","6":"product_cat-bucket-cylinders","7":"product_tag-bucket-cylinders","8":"product_tag-hydraulic-cylinders","10":"first","11":"instock","12":"shipping-taxable","13":"product-type-simple"},"amp_enabled":true,"_links":{"self":[{"href":"https:\/\/www.hydraulic-cylinders.net\/sv\/wp-json\/wp\/v2\/product\/15307","targetHints":{"allow":["GET"]}}],"collection":[{"href":"https:\/\/www.hydraulic-cylinders.net\/sv\/wp-json\/wp\/v2\/product"}],"about":[{"href":"https:\/\/www.hydraulic-cylinders.net\/sv\/wp-json\/wp\/v2\/types\/product"}],"replies":[{"embeddable":true,"href":"https:\/\/www.hydraulic-cylinders.net\/sv\/wp-json\/wp\/v2\/comments?post=15307"}],"wp:featuredmedia":[{"embeddable":true,"href":"https:\/\/www.hydraulic-cylinders.net\/sv\/wp-json\/wp\/v2\/media\/14771"}],"wp:attachment":[{"href":"https:\/\/www.hydraulic-cylinders.net\/sv\/wp-json\/wp\/v2\/media?parent=15307"}],"wp:term":[{"taxonomy":"product_brand","embeddable":true,"href":"https:\/\/www.hydraulic-cylinders.net\/sv\/wp-json\/wp\/v2\/product_brand?post=15307"},{"taxonomy":"product_cat","embeddable":true,"href":"https:\/\/www.hydraulic-cylinders.net\/sv\/wp-json\/wp\/v2\/product_cat?post=15307"},{"taxonomy":"product_tag","embeddable":true,"href":"https:\/\/www.hydraulic-cylinders.net\/sv\/wp-json\/wp\/v2\/product_tag?post=15307"}],"curies":[{"name":"wp","href":"https:\/\/api.w.org\/{rel}","templated":true}]}}