{"id":15308,"date":"2025-01-19T14:21:57","date_gmt":"2025-01-19T14:21:57","guid":{"rendered":"https:\/\/www.hydraulic-cylinders.net\/product\/bucket-cylinder-for-hyundai-small-excavator-r130-5\/"},"modified":"2025-01-19T14:21:59","modified_gmt":"2025-01-19T14:21:59","slug":"bucket-cylinder-for-hyundai-small-excavator-r130-5","status":"publish","type":"product","link":"https:\/\/www.hydraulic-cylinders.net\/sv\/produkt\/bucket-cylinder-for-hyundai-small-excavator-r130-5\/","title":{"rendered":"Skopscylinder f\u00f6r Hyundai liten gr\u00e4vmaskin R130-5"},"content":{"rendered":"<h1>Skopscylinder f\u00f6r Hyundai liten gr\u00e4vmaskin R130-5<\/h1>\n<h2>Introduktion<\/h2>\n<p>Skopcylindern till Hyundai liten gr\u00e4vmaskin R130-5 \u00e4r en specialdesignad hydraulcylinder som huvudsakligen anv\u00e4nds f\u00f6r att styra skopans r\u00f6relse i tunga maskiner, s\u00e5som gr\u00e4vmaskiner, gr\u00e4vlastare och frontlastare. Dess huvudsakliga funktion \u00e4r att g\u00f6ra det m\u00f6jligt att lyfta, s\u00e4nka och luta skopan, vilket g\u00f6r det enklare att hantera olika materialhanteringsuppgifter. I hydraulsystemet uppn\u00e5r skopcylindern exakt kontroll \u00f6ver skopan genom f\u00f6r\u00e4ndringar i hydrauloljetrycket, vilket g\u00f6r det m\u00f6jligt f\u00f6r f\u00f6rare att effektivt hantera tunga laster och anpassa sig till komplexa arbetsmilj\u00f6er och olika arbetskrav.<\/p>\n<p><img decoding=\"async\" src=\"https:\/\/www.hydraulic-cylinders.net\/wp-content\/uploads\/2025\/01\/songte-company-2.webp\" alt=\"Skopscylinder\" \/><\/p>\n<h2>Drag<\/h2>\n<ul>\n<li>H\u00f6g h\u00e5llfasthet och h\u00e5llbarhet: Vanligtvis tillverkad av h\u00f6gh\u00e5llfast st\u00e5l eller aluminium, t\u00e5l den h\u00f6gt tryck och tunga belastningar, anpassar sig till tuffa arbetsmilj\u00f6er och \u00e4r konstruerad f\u00f6r slitstyrka och korrosionsbest\u00e4ndighet, vilket f\u00f6rl\u00e4nger dess livsl\u00e4ngd.<\/li>\n<li>Effektiv hydraulisk drift: Smidiga f\u00f6rl\u00e4ngnings- och sammandragningsr\u00f6relser uppn\u00e5s genom att utnyttja hydrauloljans tryck. Den kan snabbt reagera p\u00e5 man\u00f6verkommandon, ge kraftfull drag- och tryckkraft och \u00e4r l\u00e4mplig f\u00f6r hantering av tunga laster och komplexa arbetsuppgifter.<\/li>\n<li>Olika typer: Den kan v\u00e4ljas som enkelverkande (hydraulisk endast i en riktning) eller dubbelverkande (hydraulisk i b\u00e5da riktningarna) cylinder beroende p\u00e5 behov f\u00f6r att uppfylla olika driftskrav. Vissa modeller \u00e4r teleskopiska, vilket m\u00f6jligg\u00f6r st\u00f6rre utdrag utan att \u00f6ka de yttersta m\u00e5tten, l\u00e4mpliga f\u00f6r applikationer med begr\u00e4nsat utrymme.<\/li>\n<li>L\u00e4tt att installera och underh\u00e5lla: V\u00e5ra produkter kan perfekt ers\u00e4tta dessa hydraulcylindrar.<\/li>\n<\/ul>\n<p><img decoding=\"async\" src=\"https:\/\/www.hydraulic-cylinders.net\/wp-content\/uploads\/2025\/01\/songte-cylinder-head-with-all-kinds-excavator-models.webp\" alt=\"Skopscylindermodeller\" \/><\/p>\n<h2>Applikationer<\/h2>\n<p>Skopscylindern har ett brett anv\u00e4ndningsomr\u00e5de, inklusive:<\/p>\n<ul>\n<li>Byggmaskiner: I gr\u00e4vmaskiner \u00e4r de avg\u00f6rande f\u00f6r att gr\u00e4va, lasta och flytta jord eller skr\u00e4p. I gr\u00e4vlastare hj\u00e4lper skopcylindern till med b\u00e5de gr\u00e4vning och lyftning. <\/li>\n<li>Jordbruksmaskiner: Anv\u00e4nds i frontlastare f\u00f6r att skopa upp, lyfta och transportera jord, h\u00f6 och andra material. <\/li>\n<li>Gr\u00e4vmaskiner: Skopans cylinder uppn\u00e5r gr\u00e4vningsverkan genom att l\u00e5ta skopan tr\u00e4nga ner i jorden. <\/li>\n<li>Lastare: I frontlastare hj\u00e4lper de till med att lyfta och tilta gods effektivt. <\/li>\n<\/ul>\n<h2>Design\u00f6verv\u00e4ganden och urvalskriterier<\/h2>\n<p>Vid anv\u00e4ndning av skopcylindern b\u00f6r f\u00f6ljande design\u00f6verv\u00e4ganden och urvalskriterier beaktas:<\/p>\n<ul>\n<li>B\u00e4rf\u00f6rm\u00e5ga: Cylindern m\u00e5ste kunna b\u00e4ra vikten av den last den b\u00e4r.<\/li>\n<li>T\u00e4tning: Olika t\u00e4tningskomponenter m\u00e5ste v\u00e4ljas baserat p\u00e5 deras slitstyrka, s\u00e5som kolvt\u00e4tningar, kolvst\u00e5ngst\u00e4tningar etc. Valet av t\u00e4tningsmaterial b\u00f6r ocks\u00e5 beaktas f\u00f6r att f\u00f6rhindra l\u00e4ckage av hydraulolja.<\/li>\n<li>H\u00e5llbarhet: Cylindern m\u00e5ste kunna motst\u00e5 de tunga belastningar och tuffa arbetsmilj\u00f6er den kan uts\u00e4ttas f\u00f6r, och ytan p\u00e5 cylinderkroppen och den g\u00e4ngade \u00e4nden b\u00f6r behandlas v\u00e4l f\u00f6r att f\u00f6rb\u00e4ttra slitstyrkan.<\/li>\n<li>S\u00e4kerhet: S\u00e4kerhets\u00e5tg\u00e4rder b\u00f6r vidtas f\u00f6r att f\u00f6rhindra olyckor under drift.<\/li>\n<li>Underh\u00e5ll: Cylindern beh\u00f6ver sm\u00f6rjas regelbundet med hydraulolja, och olika komponenter b\u00f6r kontrolleras regelbundet f\u00f6r underh\u00e5ll.<\/li>\n<\/ul>\n<p><img decoding=\"async\" src=\"https:\/\/www.hydraulic-cylinders.net\/wp-content\/uploads\/2025\/01\/songte-oil-pipes-and-spare-parts.webp\" alt=\"Reservdelar\" \/><\/p>\n<h2>T\u00e4tning och sm\u00f6rjning<\/h2>\n<p>Olika t\u00e4tningskomponenter som kolvt\u00e4tningar, kolvst\u00e5ngst\u00e4tningar etc. beh\u00f6ver anv\u00e4ndas, och t\u00e4tningsmaterial som polyuretan och nitrilgummi etc. b\u00f6r beaktas f\u00f6r deras slitstyrka f\u00f6r att f\u00f6rhindra oljel\u00e4ckage. Cylinderhuset och den g\u00e4ngade \u00e4ndytan b\u00f6r finbehandlas f\u00f6r att f\u00f6rb\u00e4ttra slitstyrkan och sm\u00f6rjas regelbundet med hydraulolja f\u00f6r att s\u00e4kerst\u00e4lla smidig drift.<\/p>\n<h2>Underh\u00e5ll och reparation<\/h2>\n<p>Regelbundna kontroller, l\u00e4mplig sm\u00f6rjning, byte av t\u00e4tningar och kalibreringskontroller \u00e4r alla vanliga underh\u00e5llsuppgifter. Korrekt installation, sm\u00f6rjning och justering \u00e4r avg\u00f6rande, och korrekt uppriktningsanvisning b\u00f6r ges under installationen. Det rekommenderas att anv\u00e4nda l\u00e4mpliga installationsf\u00e4sten f\u00f6r att fixera cylindern och tillhandah\u00e5lla rekommenderade inspektions-, reparations- och utbytesprocedurer f\u00f6r att f\u00f6rl\u00e4nga cylinderns livsl\u00e4ngd.<\/p>\n<p><img decoding=\"async\" src=\"https:\/\/www.hydraulic-cylinders.net\/wp-content\/uploads\/2025\/01\/songte-chushion-collar.webp\" alt=\"Kuddekrage\" \/><\/p>\n<h2>S\u00e4kerhets- och milj\u00f6h\u00e4nsyn<\/h2>\n<p>Vid anv\u00e4ndning av skopcylindern b\u00f6r s\u00e4kerhets\u00e5tg\u00e4rder vidtas f\u00f6r att f\u00f6rhindra olyckor under drift. Milj\u00f6h\u00e4nsyn som oljel\u00e4ckage och avfallshantering b\u00f6r ocks\u00e5 beaktas.<\/p>\n<h2>Vanliga problem och fels\u00f6kning<\/h2>\n<p>Vanliga problem med skopcylindern inkluderar l\u00e4ckor, onormala ljud och deformation av cylinderhuset. Fels\u00f6kningstips och l\u00f6sningar kan hj\u00e4lpa l\u00e4sarna att diagnostisera och l\u00f6sa problem effektivt, och f\u00f6rebyggande \u00e5tg\u00e4rder kan minimera potentiella problem.<\/p>\n<p><img decoding=\"async\" src=\"https:\/\/www.hydraulic-cylinders.net\/wp-content\/uploads\/2025\/01\/songte-bushings-with-all-kinds-of-excavator-models.webp\" alt=\"Bussningar\" \/><\/p>\n<h2>Om v\u00e5rt f\u00f6retag<\/h2>\n<p>Vi \u00e4r en tillverkare av hydraulcylindrar som specialiserar oss p\u00e5 ers\u00e4ttningscylindrar. V\u00e5ra produkter \u00e4r kompletta, vilket g\u00f6r oss till en av de ledande tillverkarna och grossistdistribut\u00f6rerna av hydraulcylindrar p\u00e5 den inhemska och internationella marknaden. Vi f\u00f6ljer principen om utm\u00e4rkt kvalitet och f\u00f6rlitar oss p\u00e5 den industriella produktionsstrategin i en f\u00f6rfinad tillverkningsverkstad. Vi f\u00f6rb\u00e4ttrar kontinuerligt tillverkningsplattformen, finslipar produktkvaliteten i produktionen och har stark kreativitet och h\u00f6g effektivitet, h\u00f6g noggrannhet och h\u00f6gkvalitativa principer f\u00f6r att m\u00f6ta kundernas olika behov.<\/p>\n<p><img decoding=\"async\" src=\"https:\/\/hzpt.com\/wp-content\/uploads\/2024\/11\/songte-company-1.webp\" alt=\"F\u00f6retag\" \/><\/p>\n<h2>Professionalism<\/h2>\n<p>V\u00e5rt f\u00f6retag har en grupp professionell teknisk personal som kan designa och utveckla kundanpassade hydraulcylindrar enligt kundens krav. Vi har ett erfaret team som kan erbjuda professionella tj\u00e4nster och p\u00e5litlig support till kunderna.<\/p>\n<h2>Internationell certifiering<\/h2>\n<p>Vi har erh\u00e5llit internationella certifieringar som ISO9001 och har klarat olika kvalitets- och s\u00e4kerhetstester f\u00f6r att s\u00e4kerst\u00e4lla att v\u00e5ra produkter uppfyller internationella standarder och \u00e4r av h\u00f6g kvalitet.<\/p>\n<h2>Anpassade tj\u00e4nster<\/h2>\n<p>V\u00e5rt f\u00f6retag erbjuder kundanpassade tj\u00e4nster och kan producera hydraulcylindrar enligt kundens krav och ritningar, vilket ger kunderna skr\u00e4ddarsydda hydraulcylinderl\u00f6sningar f\u00f6r att m\u00f6ta deras unika behov.<\/p>\n<h2>Produktionsutrustning<\/h2>\n<p>V\u00e5rt f\u00f6retag har en komplett upps\u00e4ttning avancerad produktionsutrustning och testutrustning, inklusive CNC-svarvar, CNC-bearbetningscentra, ytslipmaskiner och annan tillverkningsutrustning. Vi anv\u00e4nder en f\u00f6rfinad tillverkningsprocess f\u00f6r att s\u00e4kerst\u00e4lla noggrannheten och kvaliteten hos varje hydraulcylinder.<\/p>\n<h2>Eftermarknadsservice<\/h2>\n<p>V\u00e5rt f\u00f6retag erbjuder kunderna h\u00f6gkvalitativ eftermarknadsservice, inklusive regelbundet underh\u00e5ll, reparation och utbyte av delar. Vi erbjuder \u00e4ven kunderna teknisk support och v\u00e4gledning f\u00f6r att hj\u00e4lpa dem att l\u00f6sa problem vid anv\u00e4ndning av hydraulcylindrar.<\/p>\n<p>F\u00f6rfattare: lyl<\/p>","protected":false},"excerpt":{"rendered":"<p>Bucket Cylinder For Hyundai Small Excavator R130-5 Introduction The bucket cylinder for Hyundai small excavator R130-5 is a specially designed hydraulic cylinder mainly used to control the movement of the bucket in heavy machinery, such as excavators, backhoe loaders, and front-end loaders. Its main function is to enable the bucket to be lifted, lowered, and [&hellip;]<\/p>","protected":false},"featured_media":14769,"comment_status":"open","ping_status":"closed","template":"","meta":{"_et_pb_use_builder":"","_et_pb_old_content":"","_et_gb_content_width":""},"product_brand":[],"product_cat":[1494],"product_tag":[1495,1496],"class_list":{"0":"post-15308","1":"product","2":"type-product","3":"status-publish","4":"has-post-thumbnail","6":"product_cat-bucket-cylinders","7":"product_tag-bucket-cylinders","8":"product_tag-hydraulic-cylinders","10":"first","11":"instock","12":"shipping-taxable","13":"product-type-simple"},"amp_enabled":true,"_links":{"self":[{"href":"https:\/\/www.hydraulic-cylinders.net\/sv\/wp-json\/wp\/v2\/product\/15308","targetHints":{"allow":["GET"]}}],"collection":[{"href":"https:\/\/www.hydraulic-cylinders.net\/sv\/wp-json\/wp\/v2\/product"}],"about":[{"href":"https:\/\/www.hydraulic-cylinders.net\/sv\/wp-json\/wp\/v2\/types\/product"}],"replies":[{"embeddable":true,"href":"https:\/\/www.hydraulic-cylinders.net\/sv\/wp-json\/wp\/v2\/comments?post=15308"}],"wp:featuredmedia":[{"embeddable":true,"href":"https:\/\/www.hydraulic-cylinders.net\/sv\/wp-json\/wp\/v2\/media\/14769"}],"wp:attachment":[{"href":"https:\/\/www.hydraulic-cylinders.net\/sv\/wp-json\/wp\/v2\/media?parent=15308"}],"wp:term":[{"taxonomy":"product_brand","embeddable":true,"href":"https:\/\/www.hydraulic-cylinders.net\/sv\/wp-json\/wp\/v2\/product_brand?post=15308"},{"taxonomy":"product_cat","embeddable":true,"href":"https:\/\/www.hydraulic-cylinders.net\/sv\/wp-json\/wp\/v2\/product_cat?post=15308"},{"taxonomy":"product_tag","embeddable":true,"href":"https:\/\/www.hydraulic-cylinders.net\/sv\/wp-json\/wp\/v2\/product_tag?post=15308"}],"curies":[{"name":"wp","href":"https:\/\/api.w.org\/{rel}","templated":true}]}}