{"id":15310,"date":"2025-01-19T14:22:11","date_gmt":"2025-01-19T14:22:11","guid":{"rendered":"https:\/\/www.hydraulic-cylinders.net\/product\/bucket-cylinder-for-hyundai-small-excavator-r110-7-9\/"},"modified":"2025-01-19T14:22:13","modified_gmt":"2025-01-19T14:22:13","slug":"bucket-cylinder-for-hyundai-small-excavator-r110-7-9","status":"publish","type":"product","link":"https:\/\/www.hydraulic-cylinders.net\/sv\/produkt\/bucket-cylinder-for-hyundai-small-excavator-r110-7-9\/","title":{"rendered":"Skopscylinder f\u00f6r Hyundai liten gr\u00e4vmaskin R110-7-9"},"content":{"rendered":"<h1>Skopscylinder f\u00f6r Hyundai liten gr\u00e4vmaskin R110-7-9<\/h1>\n<h2>Introduktion<\/h2>\n<h3>Definiera skopcylinder<\/h3>\n<p>En skopcylinder \u00e4r en specialdesignad hydraulcylinder som anv\u00e4nds f\u00f6r att styra skopans r\u00f6relse i tunga maskiner som gr\u00e4vmaskiner, gr\u00e4vmaskiner och frontlastare. Dess huvudsakliga funktion \u00e4r att g\u00f6ra det m\u00f6jligt f\u00f6r skopan att lyfta, s\u00e4nka och luta, vilket underl\u00e4ttar olika materialhanteringsuppgifter. I hydraulsystemet uppn\u00e5r skopcylindern exakt kontroll \u00f6ver skopan genom att \u00e4ndra hydrauloljans tryck, vilket g\u00f6r att f\u00f6raren effektivt kan hantera tunga f\u00f6rem\u00e5l och anpassa sig till komplexa arbetsmilj\u00f6er och olika arbetskrav.<\/p>\n<p><img decoding=\"async\" src=\"https:\/\/www.hydraulic-cylinders.net\/wp-content\/uploads\/2025\/01\/songte-company-2.webp\" alt=\"Bild av skopcylinder\"><\/p>\n<h3>Egenskaper hos skopcylindern<\/h3>\n<ul>\n<li>H\u00f6g h\u00e5llfasthet och h\u00e5llbarhet: Den \u00e4r vanligtvis tillverkad av h\u00f6gh\u00e5llfast st\u00e5l eller aluminium, t\u00e5l h\u00f6gt tryck och tunga belastningar, anpassar sig till tuffa arbetsmilj\u00f6er och \u00e4r konstruerad med slitstyrka och korrosionsbest\u00e4ndighet f\u00f6r att f\u00f6rl\u00e4nga livsl\u00e4ngden.<\/li>\n<li>Effektiv hydraulisk drift: Smidiga f\u00f6rl\u00e4ngnings- och sammandragningsr\u00f6relser uppn\u00e5s med hj\u00e4lp av trycket fr\u00e5n hydrauloljan, som kan reagera snabbt p\u00e5 kontrollkommandon, ge stark tryck- och dragkraft och \u00e4r l\u00e4mplig f\u00f6r hantering av tunga f\u00f6rem\u00e5l och komplexa arbetsuppgifter.<\/li>\n<li>Olika typer: Enkelverkande (hydrauliska cylindrar i endast en riktning) eller dubbelverkande (hydrauliska cylindrar i tv\u00e5 riktningar) cylindrar kan v\u00e4ljas efter behov f\u00f6r att m\u00f6ta olika driftskrav. Vissa modeller \u00e4r teleskopiska, vilket m\u00f6jligg\u00f6r st\u00f6rre expansion utan att \u00f6ka de yttre m\u00e5tten, vilket g\u00f6r dem l\u00e4mpliga f\u00f6r till\u00e4mpningar med begr\u00e4nsat utrymme.<\/li>\n<li>Kostnadseffektivt: V\u00e5ra produkter kan perfekt ers\u00e4tta dessa hydraulcylindrar och \u00e4r utformade f\u00f6r att ge kunderna ett prisv\u00e4rt alternativ f\u00f6r att minska sina kostnader.<\/li>\n<li>Flexibilitet: Vi kan producera denna produkt enligt kundens krav, med h\u00e4nsyn till varje kunds specifika behov och krav.<\/li>\n<\/ul>\n<p><img decoding=\"async\" src=\"https:\/\/www.hydraulic-cylinders.net\/wp-content\/uploads\/2025\/01\/songte-cylinder-head-with-all-kinds-excavator-models.webp\" alt=\"Bild av skopcylindermodeller\"><\/p>\n<h3>Till\u00e4mpningar av hinkcylinder<\/h3>\n<p>Skopscylindrar anv\u00e4nds i en m\u00e4ngd olika industrier och till\u00e4mpningar, inklusive:<\/p>\n<ul>\n<li>Byggmaskiner: I gr\u00e4vmaskiner \u00e4r de avg\u00f6rande f\u00f6r gr\u00e4vning, lastning och flyttning av jord eller skr\u00e4p. I gr\u00e4vmaskiner med gr\u00e4vaggregat hj\u00e4lper skopcylindrar till b\u00e5de vid gr\u00e4vning och lyftning. <\/li>\n<li>Jordbruksmaskiner: Anv\u00e4nds i frontlastare f\u00f6r att \u00f6sa, lyfta och transportera jord, h\u00f6 och andra material. <\/li>\n<li>Gr\u00e4vmaskiner: En skopcylinder m\u00f6jligg\u00f6r gr\u00e4vning genom att skopan kan tr\u00e4nga ner i jorden. <\/li>\n<li>Lastare: I frontlastare hj\u00e4lper de till att lyfta och luta last effektivt.<\/li>\n<\/ul>\n<p>Nedan f\u00f6ljer n\u00e5gra specifika exempel p\u00e5 till\u00e4mpningar f\u00f6r skopcylindrar:<\/p>\n<h4>Byggutrustning<\/h4>\n<p>I gr\u00e4vmaskiner anv\u00e4nds skopcylindrar f\u00f6r att gr\u00e4va, lasta och flytta jord eller skr\u00e4p. Med hj\u00e4lp av skopcylindern kan gr\u00e4vmaskinen uppn\u00e5 ett exakt gr\u00e4vdjup och en exakt vinkel, och f\u00f6raren kan enkelt styra skopans r\u00f6relse. P\u00e5 liknande s\u00e4tt, i gr\u00e4vmaskiner, till\u00e5ter skopcylindern skopan att tr\u00e4nga ner i jorden och underl\u00e4ttar lyftning och dumpning av skr\u00e4p.<\/p>\n<h4>Jordbruksmaskiner<\/h4>\n<p>Skopcylindern anv\u00e4nds i frontlastare f\u00f6r att skopa, lyfta och transportera jord, h\u00f6 och andra material. Cylinderns smidiga ut- och sammandragningsr\u00f6relser m\u00f6jligg\u00f6r effektiv hantering av tunga material, och f\u00f6raren kan anv\u00e4nda joysticken f\u00f6r att styra skopans r\u00f6relse.<\/p>\n<h4>Gr\u00e4vmaskiner<\/h4>\n<p>Skopans cylinder m\u00f6jligg\u00f6r gr\u00e4vning genom att l\u00e5ta skopan tr\u00e4nga ner i jorden. Cylindern kan styra b\u00e5de gr\u00e4vningsdjupet och -vinkeln, vilket g\u00f6r den till en viktig del av gr\u00e4vmaskinen.<\/p>\n<h4>Lastare<\/h4>\n<p>I frontlastare hj\u00e4lper skopcylindrar till att lyfta och luta last effektivt. Cylinderns ut- och sammandragningsr\u00f6relser m\u00f6jligg\u00f6r smidig lyftning, och f\u00f6raren kan enkelt styra skopan.<\/p>\n<h3>Design\u00f6verv\u00e4ganden och urvalskriterier<\/h3>\n<p>N\u00e4r man v\u00e4ljer en skopcylinder \u00e4r det viktigt att beakta f\u00f6ljande design- och urvalskriterier:<\/p>\n<ul>\n<li>B\u00e4rf\u00f6rm\u00e5ga: Cylindern ska kunna motst\u00e5 den erforderliga lastkapaciteten och hydrauloljans tryck.<\/li>\n<li>T\u00e4tning: Cylindern ska vara ordentligt t\u00e4tad f\u00f6r att f\u00f6rhindra oljel\u00e4ckage och kontaminering.<\/li>\n<li>H\u00e5llbarhet: Cylindern b\u00f6r vara tillverkad av h\u00f6gkvalitativa material som t\u00e5l tuffa arbetsmilj\u00f6er och f\u00f6rl\u00e4nger livsl\u00e4ngden.<\/li>\n<li>S\u00e4kerhet: Cylinderns design b\u00f6r ta h\u00e4nsyn till s\u00e4kerhetsaspekter f\u00f6r att f\u00f6rhindra olyckor eller skador p\u00e5 utrustningen.<\/li>\n<li>Underh\u00e5ll: Cylindern b\u00f6r vara konstruerad f\u00f6r att m\u00f6jligg\u00f6ra enkelt underh\u00e5ll, reparation och utbyte av delar.<\/li>\n<\/ul>\n<p><img decoding=\"async\" src=\"https:\/\/www.hydraulic-cylinders.net\/wp-content\/uploads\/2025\/01\/songte-oil-pipes-and-spare-parts.webp\" alt=\"Bild av reservdelar till skopa\"><\/p>\n<h3>T\u00e4tning och sm\u00f6rjning<\/h3>\n<p>Skopscylindern anv\u00e4nder olika t\u00e4tningskomponenter s\u00e5som kolvt\u00e4tningar, kolvst\u00e5ngst\u00e4tningar etc., tillverkade av slitstarka material som polyuretan och nitrilgummi f\u00f6r att f\u00f6rhindra l\u00e4ckage av hydraulolja. Cylinderhuset och g\u00e4ng\u00e4ndytorna genomg\u00e5r fin bearbetning, vilket f\u00f6rb\u00e4ttrar slitstyrkan och korrosionsbest\u00e4ndigheten. Det \u00e4r viktigt att regelbundet tills\u00e4tta l\u00e4mplig m\u00e4ngd hydraulolja f\u00f6r att s\u00e4kerst\u00e4lla korrekt sm\u00f6rjning av cylindern.<\/p>\n<h3>Underh\u00e5ll och reparation<\/h3>\n<p>Regelbundet underh\u00e5ll och reparation \u00e4r avg\u00f6rande f\u00f6r att s\u00e4kerst\u00e4lla att skopcylindern fungerar korrekt och har en l\u00e5ng livsl\u00e4ngd. Vanliga underh\u00e5llsuppgifter inkluderar regelbundna inspektioner, sm\u00f6rjning, byte av t\u00e4tningar och kalibreringskontroller. Det \u00e4r viktigt att installera cylindern korrekt, justera den ordentligt och anv\u00e4nda l\u00e4mpliga st\u00f6df\u00e4sten f\u00f6r att s\u00e4kra den p\u00e5 plats. Vid funktionsfel kr\u00e4vs snabb diagnos och reparation. Vi tillhandah\u00e5ller reservdelar och renoveringstj\u00e4nster f\u00f6r att f\u00f6rl\u00e4nga cylinderns livsl\u00e4ngd.<\/p>\n<p><img decoding=\"async\" src=\"https:\/\/www.hydraulic-cylinders.net\/wp-content\/uploads\/2025\/01\/songte-chushion-collar.webp\" alt=\"Bild av skopcylinderkrage\"><\/p>\n<h3>S\u00e4kerhets- och milj\u00f6h\u00e4nsyn<\/h3>\n<p>Vid anv\u00e4ndning av skopcylindrar \u00e4r det viktigt att f\u00f6lja s\u00e4kerhetsf\u00f6reskrifterna f\u00f6r att f\u00f6rhindra olyckor och skador p\u00e5 utrustningen. Det \u00e4r viktigt att s\u00e4kerst\u00e4lla att cylindern \u00e4r korrekt installerad och justerad f\u00f6r att f\u00f6rhindra slitage. Regelbunden inspektion och underh\u00e5ll \u00e4r ocks\u00e5 n\u00f6dv\u00e4ndigt f\u00f6r att s\u00e4kerst\u00e4lla att cylindern fungerar korrekt och f\u00f6rhindra olyckor. Det \u00e4r viktigt att ta h\u00e4nsyn till milj\u00f6h\u00e4nsyn, s\u00e5som korrekt hantering av anv\u00e4nd hydraulolja och andra avfallsprodukter.<\/p>\n<h3>Fels\u00f6kning och vanliga problem<\/h3>\n<p>Vanliga problem med skopcylindrar inkluderar oljel\u00e4ckage, otillr\u00e4cklig sm\u00f6rjning och felaktig inriktning. Cylindern kan sluta fungera om t\u00e4tningarna \u00e4r slitna eller skadade. Regelbunden inspektion och underh\u00e5ll kan f\u00f6rhindra dessa problem. Om problem uppst\u00e5r rekommenderar vi att du r\u00e5dfr\u00e5gar v\u00e5rt tekniska team f\u00f6r snabb diagnos och reparation.<\/p>\n<p><img decoding=\"async\" src=\"https:\/\/www.hydraulic-cylinders.net\/wp-content\/uploads\/2025\/01\/songte-bushings-with-all-kinds-of-excavator-models.webp\" alt=\"Bild p\u00e5 skopcylinderbussningar\"><\/p>\n<h2>Om v\u00e5rt f\u00f6retag<\/h2>\n<p>Vi \u00e4r en ledande tillverkare och grossist av hydraulcylindrar och erbjuder ett brett utbud av produkter och l\u00f6sningar f\u00f6r att m\u00f6ta behoven hos olika branscher. Vi f\u00f6ljer en filosofi om h\u00f6gsta kvalitet och anv\u00e4nder avancerade tillverkningsstrategier i v\u00e5ra fina tillverkningsverkst\u00e4der. V\u00e5rt f\u00f6retag investerar i teknik, utrustning och professionella testsystem f\u00f6r att utveckla en effektiv, precis och h\u00f6gkvalitativ produktionslinje som uppfyller v\u00e5ra kunders behov. Vi kan erbjuda skr\u00e4ddarsydda tj\u00e4nster och l\u00f6sningar f\u00f6r att m\u00f6ta varje kunds specifika behov.<\/p>\n<h3>Professionalism<\/h3>\n<p>V\u00e5rt erfarna team av experter erbjuder expertkunskap och r\u00e5dgivning till v\u00e5ra kunder, vilket s\u00e4kerst\u00e4ller att vi uppfyller deras krav och \u00f6vertr\u00e4ffar deras f\u00f6rv\u00e4ntningar. Vi ser till att varje produkt testas och inspekteras f\u00f6r att garantera h\u00f6g kvalitet och funktionalitet.<\/p>\n<h3>Internationell certifiering<\/h3>\n<p>V\u00e5ra produkter har certifierats av internationella organisationer och standarder, vilket s\u00e4kerst\u00e4ller att v\u00e5r tillverkningsprocess och kvalitetskontroll uppfyller branschstandarder. V\u00e5ra produkter exporteras till kunder \u00f6ver hela v\u00e4rlden, och vi har byggt upp ett rykte f\u00f6r kvalitet, tillf\u00f6rlitlighet och effektivitet.<\/p>\n<h3>Anpassning<\/h3>\n<p>Vi kan anpassa v\u00e5ra produkter f\u00f6r att m\u00f6ta varje kunds specifika krav, vilket s\u00e4kerst\u00e4ller att vi erbjuder den b\u00e4sta l\u00f6sningen f\u00f6r deras behov. V\u00e5ra produkter \u00e4r utformade f\u00f6r att vara flexibla, kostnadseffektiva och anpassningsbara till olika arbetsmilj\u00f6er och till\u00e4mpningar.<\/p>\n<h3>Produktionsutrustning<\/h3>\n<p>Vi anv\u00e4nder avancerad tillverkningsutrustning och maskiner f\u00f6r att s\u00e4kerst\u00e4lla att v\u00e5ra produkter uppfyller h\u00f6gsta kvalitetsstandard. V\u00e5r produktionslinje \u00e4r utrustad med de senaste CNC-maskinerna, slipmaskinerna, svarvarna och annan specialutrustning f\u00f6r att m\u00f6ta varje kunds specifika behov.<\/p>\n<h3>Eftermarknadsservice<\/h3>\n<p>Vi erbjuder service och support efter f\u00f6rs\u00e4ljning f\u00f6r att s\u00e4kerst\u00e4lla att v\u00e5ra kunder \u00e4r n\u00f6jda med v\u00e5ra produkter. Vi erbjuder teknisk support, reservdelar och renoveringstj\u00e4nster f\u00f6r att f\u00f6rl\u00e4nga livsl\u00e4ngden p\u00e5 v\u00e5ra produkter och maximera deras v\u00e4rde f\u00f6r v\u00e5ra kunder.<\/p>\n<p><img decoding=\"async\" src=\"https:\/\/hzpt.com\/wp-content\/uploads\/2024\/11\/songte-company-1.webp\" alt=\"V\u00e5r f\u00f6retagsbild\"><\/p>\n<p>F\u00f6rfattare: lyl<\/p>","protected":false},"excerpt":{"rendered":"<p>Bucket Cylinder For Hyundai Small Excavator R110-7-9 Introduction Defining Bucket Cylinder A bucket cylinder is a specially designed hydraulic cylinder used to control the movement of the bucket in heavy machinery such as excavators, backhoe excavators, and front-end loaders. Its main function is to enable the bucket to lift, lower and tilt, thus facilitating various [&hellip;]<\/p>","protected":false},"featured_media":14762,"comment_status":"open","ping_status":"closed","template":"","meta":{"_et_pb_use_builder":"","_et_pb_old_content":"","_et_gb_content_width":""},"product_brand":[],"product_cat":[1494],"product_tag":[1495,1496],"class_list":{"0":"post-15310","1":"product","2":"type-product","3":"status-publish","4":"has-post-thumbnail","6":"product_cat-bucket-cylinders","7":"product_tag-bucket-cylinders","8":"product_tag-hydraulic-cylinders","10":"first","11":"instock","12":"shipping-taxable","13":"product-type-simple"},"amp_enabled":true,"_links":{"self":[{"href":"https:\/\/www.hydraulic-cylinders.net\/sv\/wp-json\/wp\/v2\/product\/15310","targetHints":{"allow":["GET"]}}],"collection":[{"href":"https:\/\/www.hydraulic-cylinders.net\/sv\/wp-json\/wp\/v2\/product"}],"about":[{"href":"https:\/\/www.hydraulic-cylinders.net\/sv\/wp-json\/wp\/v2\/types\/product"}],"replies":[{"embeddable":true,"href":"https:\/\/www.hydraulic-cylinders.net\/sv\/wp-json\/wp\/v2\/comments?post=15310"}],"wp:featuredmedia":[{"embeddable":true,"href":"https:\/\/www.hydraulic-cylinders.net\/sv\/wp-json\/wp\/v2\/media\/14762"}],"wp:attachment":[{"href":"https:\/\/www.hydraulic-cylinders.net\/sv\/wp-json\/wp\/v2\/media?parent=15310"}],"wp:term":[{"taxonomy":"product_brand","embeddable":true,"href":"https:\/\/www.hydraulic-cylinders.net\/sv\/wp-json\/wp\/v2\/product_brand?post=15310"},{"taxonomy":"product_cat","embeddable":true,"href":"https:\/\/www.hydraulic-cylinders.net\/sv\/wp-json\/wp\/v2\/product_cat?post=15310"},{"taxonomy":"product_tag","embeddable":true,"href":"https:\/\/www.hydraulic-cylinders.net\/sv\/wp-json\/wp\/v2\/product_tag?post=15310"}],"curies":[{"name":"wp","href":"https:\/\/api.w.org\/{rel}","templated":true}]}}