{"id":15312,"date":"2025-01-19T14:22:19","date_gmt":"2025-01-19T14:22:19","guid":{"rendered":"https:\/\/www.hydraulic-cylinders.net\/product\/bucket-cylinder-for-hyundai-middle-excavator-r170lc-5\/"},"modified":"2025-01-19T14:22:21","modified_gmt":"2025-01-19T14:22:21","slug":"bucket-cylinder-for-hyundai-middle-excavator-r170lc-5","status":"publish","type":"product","link":"https:\/\/www.hydraulic-cylinders.net\/sv\/produkt\/bucket-cylinder-for-hyundai-middle-excavator-r170lc-5\/","title":{"rendered":"Skopscylinder f\u00f6r Hyundai mellangr\u00e4vmaskin R170LC-5"},"content":{"rendered":"<h1>Skopscylinder f\u00f6r Hyundai mellangr\u00e4vmaskin R170LC-5<\/h1>\n<h2>Introduktion<\/h2>\n<p>Skopcylindern f\u00f6r Hyundai Middle Excavator R170LC-5 \u00e4r en specialiserad hydraulcylinder som fr\u00e4mst anv\u00e4nds f\u00f6r att styra r\u00f6relsen hos gr\u00e4vmaskinsskopor i tunga maskiner som gr\u00e4vmaskiner, traktorgr\u00e4vmaskiner och frontlastare. Dess huvudsakliga funktion \u00e4r att g\u00f6ra det m\u00f6jligt f\u00f6r skopan att lyfta, s\u00e4nka och luta, vilket g\u00f6r det enklare att hantera olika materialf\u00f6rflyttningsuppgifter. I hydraulsystemet anv\u00e4nder skopcylindern tryckf\u00f6r\u00e4ndringarna i hydrauloljan f\u00f6r att uppn\u00e5 exakt kontroll \u00f6ver skopan, vilket g\u00f6r det m\u00f6jligt f\u00f6r f\u00f6rare att hantera tunga laster effektivt och anpassa sig till komplexa arbetsmilj\u00f6er och olika arbetskrav.<\/p>\n<p><img decoding=\"async\" src=\"https:\/\/www.hydraulic-cylinders.net\/wp-content\/uploads\/2025\/01\/songte-company-2.webp\"><\/p>\n<h2>Produktegenskaper<\/h2>\n<ul>\n<li>\n<h3>H\u00f6g styrka och h\u00e5llbarhet<\/h3>\n<p>Skopscylindern \u00e4r vanligtvis tillverkad av h\u00f6gh\u00e5llfast st\u00e5l eller aluminium och t\u00e5l h\u00f6gt tryck och tunga belastningar, vilket g\u00f6r den l\u00e4mplig f\u00f6r tuffa arbetsmilj\u00f6er. Konstruktionen tar \u00e4ven h\u00e4nsyn till slitstyrka och korrosionsbest\u00e4ndighet f\u00f6r att f\u00f6rl\u00e4nga cylinderns livsl\u00e4ngd.<\/p>\n<\/li>\n<li>\n<h3>Effektiv hydraulisk drift<\/h3>\n<p>Genom att utnyttja hydrauloljans tryck f\u00f6r att uppn\u00e5 smidig ut- och indragning kan cylindern reagera snabbt p\u00e5 kommandon och ge stark tryck- och dragkraft, l\u00e4mplig f\u00f6r hantering av tunga laster och komplexa arbetsuppgifter.<\/p>\n<\/li>\n<li>\n<h3>Olika typer<\/h3>\n<p>Enkel- eller dubbelverkande cylindrar kan v\u00e4ljas efter behov f\u00f6r att m\u00f6ta olika driftskrav. Vissa modeller \u00e4r teleskopiska, vilket m\u00f6jligg\u00f6r st\u00f6rre utdrag utan att \u00f6ka de yttersta m\u00e5tten, l\u00e4mpliga f\u00f6r applikationer med begr\u00e4nsat utrymme.<\/p>\n<\/li>\n<li>\n<h3>Perfekt ers\u00e4ttning<\/h3>\n<p>V\u00e5r produkt kan perfekt ers\u00e4tta dessa hydraulcylindrar. <\/p>\n<\/li>\n<\/ul>\n<p><img decoding=\"async\" src=\"https:\/\/www.hydraulic-cylinders.net\/wp-content\/uploads\/2025\/01\/songte-cylinder-head-with-all-kinds-excavator-models.webp\"><\/p>\n<h2>Applikationer<\/h2>\n<p>Skopcylindern f\u00f6r Hyundai Middle Excavator R170LC-5 kan anv\u00e4ndas i stor utstr\u00e4ckning i olika tunga maskiner, inklusive:<\/p>\n<ul>\n<li>\n<h3>Byggutrustning<\/h3>\n<p>I gr\u00e4vmaskiner \u00e4r de viktiga f\u00f6r att gr\u00e4va, lasta och flytta jord eller skr\u00e4p. I gr\u00e4vmaskiner med gr\u00e4vaggregat hj\u00e4lper cylindern till med b\u00e5de gr\u00e4vning och lyftning. <\/p>\n<\/li>\n<li>\n<h3>Jordbruksmaskiner<\/h3>\n<p>Cylindern, som anv\u00e4nds i frontlastare f\u00f6r att hantera jord, h\u00f6 och andra material, kan lyftas och lutas f\u00f6r effektiv t\u00f6mning. <\/p>\n<\/li>\n<li>\n<h3>Gr\u00e4vmaskiner<\/h3>\n<p>Skopans cylinder g\u00f6r att skopan kan tr\u00e4nga ner i jorden vid gr\u00e4vning. <\/p>\n<\/li>\n<li>\n<h3>Lastare<\/h3>\n<p>I frontlastare hj\u00e4lper de till med att lyfta och lossa gods effektivt. <\/p>\n<\/li>\n<\/ul>\n<h2>Design\u00f6verv\u00e4ganden och urvalskriterier<\/h2>\n<p>Skopcylindern f\u00f6r Hyundai mellangr\u00e4vmaskin R170LC-5 \u00e4r konstruerad med h\u00e4nsyn till olika faktorer, inklusive:<\/p>\n<ul>\n<li>\n<h3>B\u00e4rkraft<\/h3>\n<p>Cylindern ska kunna motst\u00e5 den maximala belastning som den kommer att anv\u00e4ndas f\u00f6r att hantera. <\/p>\n<\/li>\n<li>\n<h3>T\u00e4tningsprestanda<\/h3>\n<p>Cylindern ska ha tillf\u00f6rlitlig t\u00e4tningsprestanda f\u00f6r att f\u00f6rhindra oljel\u00e4ckage och s\u00e4kerst\u00e4lla smidig drift. <\/p>\n<\/li>\n<li>\n<h3>Varaktighet<\/h3>\n<p>Cylindern b\u00f6r vara tillverkad av h\u00f6gkvalitativa material med stor slitstyrka och korrosionsbest\u00e4ndighet f\u00f6r att f\u00f6rl\u00e4nga dess livsl\u00e4ngd. <\/p>\n<\/li>\n<li>\n<h3>S\u00e4kerhet<\/h3>\n<p>Cylindern b\u00f6r konstrueras med s\u00e4kerhetsaspekter i \u00e5tanke f\u00f6r att f\u00f6rhindra olyckor orsakade av cylinderfel. <\/p>\n<\/li>\n<li>\n<h3>Underh\u00e5llbarhet<\/h3>\n<p>Cylindern b\u00f6r vara l\u00e4ttsk\u00f6tt f\u00f6r att minska underh\u00e5llskostnader och stillest\u00e5ndstid. <\/p>\n<\/li>\n<\/ul>\n<p><img decoding=\"async\" src=\"https:\/\/www.hydraulic-cylinders.net\/wp-content\/uploads\/2025\/01\/songte-oil-pipes-and-spare-parts.webp\"><\/p>\n<h2>T\u00e4tning och sm\u00f6rjning<\/h2>\n<p>Skopcylindern till Hyundai Middle Excavator R170LC-5 anv\u00e4nder olika t\u00e4tningskomponenter, s\u00e5som kolvt\u00e4tningar och st\u00e5ngt\u00e4tningar, tillverkade av slitstarka material som polyuretan och nitrilgummi. Cylinderhuset, kolven och st\u00e5ngytan \u00e4r ocks\u00e5 finbehandlade f\u00f6r att f\u00f6rb\u00e4ttra slitstyrkan. Regelbunden sm\u00f6rjning med l\u00e4mplig hydraulolja \u00e4r n\u00f6dv\u00e4ndig f\u00f6r att s\u00e4kerst\u00e4lla smidig drift. <\/p>\n<h2>Regelbunden inspektion och f\u00f6rebyggande underh\u00e5ll<\/h2>\n<p>Regelbunden inspektion och f\u00f6rebyggande underh\u00e5ll \u00e4r viktigt f\u00f6r att s\u00e4kerst\u00e4lla s\u00e4ker och effektiv drift av skopcylindern f\u00f6r Hyundai mellangr\u00e4vmaskin R170LC-5. N\u00e5gra f\u00f6rebyggande underh\u00e5lls\u00e5tg\u00e4rder inkluderar:<\/p>\n<ul>\n<li>Regelbunden sm\u00f6rjning<\/li>\n<li>Byte av t\u00e4tning<\/li>\n<li>Kalibreringskontroll<\/li>\n<\/ul>\n<h2>Produktinstallationsguide<\/h2>\n<p>Korrekt installation \u00e4r avg\u00f6rande f\u00f6r s\u00e4ker och effektiv drift av skopcylindern f\u00f6r Hyundai mellangr\u00e4vmaskin R170LC-5. F\u00f6ljande steg ger en v\u00e4gledning f\u00f6r korrekt installation:<\/p>\n<ol>\n<li>Rikta in cylindern mot monteringsytan.<\/li>\n<li>Anv\u00e4nd l\u00e4mpliga monteringsf\u00e4sten f\u00f6r att f\u00e4sta cylindern.<\/li>\n<li>Anslut hydraulslangarna till cylindern.<\/li>\n<li>Se till att slangarna inte \u00e4r vridna eller vikta.<\/li>\n<li>Spola hydraulsystemet f\u00f6re drift.<\/li>\n<\/ol>\n<p>Vikten av korrekt installation, sm\u00f6rjning och justering betonas f\u00f6r att f\u00f6rb\u00e4ttra cylinderns livsl\u00e4ngd och prestanda. Vi rekommenderar att man anv\u00e4nder l\u00e4mpliga installationsverktyg och f\u00f6ljer de rekommenderade procedurerna f\u00f6r inspektion, reparation och utbyte f\u00f6r att s\u00e4kerst\u00e4lla b\u00e4sta resultat. <\/p>\n<p><img decoding=\"async\" src=\"https:\/\/www.hydraulic-cylinders.net\/wp-content\/uploads\/2025\/01\/songte-chushion-collar.webp\"><\/p>\n<h2>S\u00e4kerhetsaspekter och milj\u00f6faktorer<\/h2>\n<p>Det \u00e4r viktigt att f\u00f6lja s\u00e4kerhets\u00e5tg\u00e4rder vid anv\u00e4ndning av skopcylindern f\u00f6r Hyundai Middle Excavator R170LC-5. Cylindern b\u00f6r anv\u00e4ndas inom sina angivna parametrar f\u00f6r att f\u00f6rhindra olyckor. Milj\u00f6faktorer som temperatur och fuktighet b\u00f6r ocks\u00e5 beaktas vid anv\u00e4ndning av cylindern.<\/p>\n<h2>Fels\u00f6kning och vanliga problem<\/h2>\n<p>F\u00f6ljande \u00e4r vanliga problem som kan uppst\u00e5 vid anv\u00e4ndning av skopcylindern f\u00f6r Hyundai mellangr\u00e4vmaskin R170LC-5:<\/p>\n<ul>\n<li>Oljel\u00e4ckage<\/li>\n<li>L\u00e5ngsam drift<\/li>\n<li>Oregelbunden drift<\/li>\n<li>Buller<\/li>\n<\/ul>\n<p>F\u00f6r att l\u00f6sa dessa problem b\u00f6r l\u00e4mpliga fels\u00f6knings\u00e5tg\u00e4rder vidtas. Till exempel kan oljel\u00e4ckage orsakas av skadade t\u00e4tningar eller l\u00f6sa anslutningar. L\u00e5ngsam drift kan bero p\u00e5 l\u00e5gt hydrauloljetryck. Oregelbunden drift kan orsakas av en felaktig ventil eller cylinder. Buller kan orsakas av luft som \u00e4r inst\u00e4ngd i hydraulsystemet. Regelbunden inspektion och f\u00f6rebyggande underh\u00e5ll kan bidra till att f\u00f6rhindra att dessa problem uppst\u00e5r.<\/p>\n<p><img decoding=\"async\" src=\"https:\/\/www.hydraulic-cylinders.net\/wp-content\/uploads\/2025\/01\/songte-bushings-with-all-kinds-of-excavator-models.webp\"><\/p>\n<h2>Om v\u00e5rt f\u00f6retag<\/h2>\n<p>Vi \u00e4r en tillverkare av hydraulcylindrar f\u00f6r reservdelar och erbjuder ett komplett produktsortiment. Vi har blivit en av de ledande tillverkarna och grossistdistribut\u00f6rerna av hydraulcylindrar p\u00e5 den inhemska och internationella marknaden. Vi f\u00f6ljer strategin f\u00f6r utm\u00e4rkt kvalitet och f\u00f6rlitar oss p\u00e5 industrialiserad produktionsledning i fintillverkningsverkst\u00e4der. Vi f\u00f6rb\u00e4ttrar kontinuerligt verkstadens tillverkningsplattform, f\u00f6rb\u00e4ttrar produktens produktionskvalitet och har stark kreativ f\u00f6rm\u00e5ga. Vi anv\u00e4nder h\u00f6g effektivitet, h\u00f6g precision och h\u00f6g kvalitet som v\u00e5ra principer f\u00f6r att m\u00f6ta olika kunders behov.<\/p>\n<p>Vi str\u00e4var efter att tillhandah\u00e5lla professionella, internationellt certifierade, kundanpassade tj\u00e4nster, samt avancerad produktionsutrustning och utm\u00e4rkt eftermarknadsservice. V\u00e5rt f\u00f6retag forts\u00e4tter att v\u00e4xa och utvecklas, och vi \u00e4r \u00f6vertygade om att vi kan erbjuda v\u00e5ra kunder kvalitetsprodukter och tj\u00e4nster.<\/p>\n<p><img decoding=\"async\" src=\"https:\/\/hzpt.com\/wp-content\/uploads\/2024\/11\/songte-company-1.webp\"><\/p>\n<p>F\u00f6rfattare: lyl<\/p>","protected":false},"excerpt":{"rendered":"<p>Bucket Cylinder For Hyundai Middle Excavator R170LC-5 Introduction The Bucket Cylinder for Hyundai Middle Excavator R170LC-5 is a specialized hydraulic cylinder primarily used to control the motion of excavator buckets in heavy machinery such as excavators, backhoe excavators, and front-end loaders. Its main function is to enable the bucket to lift, lower, and tilt, making [&hellip;]<\/p>","protected":false},"featured_media":14789,"comment_status":"open","ping_status":"closed","template":"","meta":{"_et_pb_use_builder":"","_et_pb_old_content":"","_et_gb_content_width":""},"product_brand":[],"product_cat":[1494],"product_tag":[1495,1496],"class_list":{"0":"post-15312","1":"product","2":"type-product","3":"status-publish","4":"has-post-thumbnail","6":"product_cat-bucket-cylinders","7":"product_tag-bucket-cylinders","8":"product_tag-hydraulic-cylinders","10":"first","11":"instock","12":"shipping-taxable","13":"product-type-simple"},"amp_enabled":true,"_links":{"self":[{"href":"https:\/\/www.hydraulic-cylinders.net\/sv\/wp-json\/wp\/v2\/product\/15312","targetHints":{"allow":["GET"]}}],"collection":[{"href":"https:\/\/www.hydraulic-cylinders.net\/sv\/wp-json\/wp\/v2\/product"}],"about":[{"href":"https:\/\/www.hydraulic-cylinders.net\/sv\/wp-json\/wp\/v2\/types\/product"}],"replies":[{"embeddable":true,"href":"https:\/\/www.hydraulic-cylinders.net\/sv\/wp-json\/wp\/v2\/comments?post=15312"}],"wp:featuredmedia":[{"embeddable":true,"href":"https:\/\/www.hydraulic-cylinders.net\/sv\/wp-json\/wp\/v2\/media\/14789"}],"wp:attachment":[{"href":"https:\/\/www.hydraulic-cylinders.net\/sv\/wp-json\/wp\/v2\/media?parent=15312"}],"wp:term":[{"taxonomy":"product_brand","embeddable":true,"href":"https:\/\/www.hydraulic-cylinders.net\/sv\/wp-json\/wp\/v2\/product_brand?post=15312"},{"taxonomy":"product_cat","embeddable":true,"href":"https:\/\/www.hydraulic-cylinders.net\/sv\/wp-json\/wp\/v2\/product_cat?post=15312"},{"taxonomy":"product_tag","embeddable":true,"href":"https:\/\/www.hydraulic-cylinders.net\/sv\/wp-json\/wp\/v2\/product_tag?post=15312"}],"curies":[{"name":"wp","href":"https:\/\/api.w.org\/{rel}","templated":true}]}}