{"id":15314,"date":"2025-01-19T14:22:28","date_gmt":"2025-01-19T14:22:28","guid":{"rendered":"https:\/\/www.hydraulic-cylinders.net\/product\/bucket-cylinder-for-hyundai-middle-excavator-r210-5d\/"},"modified":"2025-01-19T14:22:29","modified_gmt":"2025-01-19T14:22:29","slug":"bucket-cylinder-for-hyundai-middle-excavator-r210-5d","status":"publish","type":"product","link":"https:\/\/www.hydraulic-cylinders.net\/sv\/produkt\/bucket-cylinder-for-hyundai-middle-excavator-r210-5d\/","title":{"rendered":"Skopscylinder f\u00f6r Hyundai mellangr\u00e4vmaskin R210-5D"},"content":{"rendered":"<h1>Skopscylinder f\u00f6r Hyundai mellangr\u00e4vmaskin R210-5D<\/h1>\n<h2>Introduktion<\/h2>\n<p>En skopcylinder \u00e4r en specialdesignad hydraulcylinder som anv\u00e4nds f\u00f6r att styra skopans r\u00f6relse i tunga maskiner, s\u00e5som gr\u00e4vmaskiner, gr\u00e4vlastare och frontlastare. Dess huvudsakliga funktion \u00e4r att g\u00f6ra det m\u00f6jligt f\u00f6r skopan att lyfta, s\u00e4nka och luta, vilket underl\u00e4ttar olika materialhanteringsuppgifter. I hydraulsystemet uppn\u00e5r skopcylindern exakt kontroll \u00f6ver skopan genom att variera hydrauloljans tryck, vilket g\u00f6r det m\u00f6jligt f\u00f6r operat\u00f6rer att hantera tunga f\u00f6rem\u00e5l effektivt och anpassa sig till komplexa arbetsmilj\u00f6er och olika driftskrav.<\/p>\n<p><img decoding=\"async\" src=\"https:\/\/www.hydraulic-cylinders.net\/wp-content\/uploads\/2025\/01\/songte-company-2.webp\" \/><\/p>\n<h2>Drag<\/h2>\n<ul>\n<li>\n<h3>H\u00f6g styrka och h\u00e5llbarhet<\/h3>\n<p>Skopscylindrar \u00e4r vanligtvis tillverkade av h\u00f6gh\u00e5llfast st\u00e5l eller aluminium, kapabla att motst\u00e5 h\u00f6gt tryck och tunga belastningar, och konstruerade med slitstyrka och korrosionsbest\u00e4ndighet i \u00e5tanke f\u00f6r att f\u00f6rl\u00e4nga deras livsl\u00e4ngd.<\/p>\n<\/li>\n<li>\n<h3>Effektiv hydraulisk drift<\/h3>\n<p>Skopscylindrar utnyttjar hydrauloljans tryck f\u00f6r att uppn\u00e5 j\u00e4mn f\u00f6rl\u00e4ngning och sammandragning, reagerar snabbt p\u00e5 styrkommandon, ger kraftfulla tryck- och dragkrafter och \u00e4r idealiska f\u00f6r hantering av tunga f\u00f6rem\u00e5l och komplexa driftsuppgifter.<\/p>\n<\/li>\n<li>\n<h3>Olika typer<\/h3>\n<p>Skopscylindrar kan v\u00e4ljas som enkelverkande (hydrauliska cylindrar anv\u00e4nds endast i en riktning) eller dubbelverkande (hydrauliska cylindrar anv\u00e4nds i tv\u00e5 riktningar) beroende p\u00e5 driftskrav. Vissa modeller \u00e4r teleskopiska, vilket m\u00f6jligg\u00f6r st\u00f6rre expansion utan att \u00f6ka de yttre m\u00e5tten, l\u00e4mpliga f\u00f6r applikationer med begr\u00e4nsat utrymme.<\/p>\n<\/li>\n<li>\n<h3>Perfekt ers\u00e4ttning<\/h3>\n<p>V\u00e5ra produkter kan perfekt ers\u00e4tta dessa hydraulcylindrar.<\/p>\n<\/li>\n<\/ul>\n<p><img decoding=\"async\" src=\"https:\/\/www.hydraulic-cylinders.net\/wp-content\/uploads\/2025\/01\/songte-cylinder-head-with-all-kinds-excavator-models.webp\" \/><\/p>\n<h2>Applikationer<\/h2>\n<p>Skopscylindrar anv\u00e4nds ofta inom olika industrier f\u00f6r olika \u00e4ndam\u00e5l, inklusive:<\/p>\n<ul>\n<li>\n<h3>Byggutrustning<\/h3>\n<p>Skopcylindrar \u00e4r viktiga f\u00f6r gr\u00e4vmaskiner vid gr\u00e4vning, lastning och flyttning av jord eller skr\u00e4p. I gr\u00e4vlastare hj\u00e4lper skopcylindrar till med b\u00e5de gr\u00e4vning och lyftning.<\/p>\n<\/li>\n<li>\n<h3>Jordbruksmaskiner<\/h3>\n<p>Skopcylindrar anv\u00e4nds i frontlastare f\u00f6r att skopa, lyfta och transportera jord, h\u00f6 och andra material. I gr\u00e4vmaskiner m\u00f6jligg\u00f6r skopcylindern gr\u00e4vning genom att l\u00e5ta skopan tr\u00e4nga ner i jorden.<\/p>\n<\/li>\n<li>\n<h3>Lastare<\/h3>\n<p>Skopcylindrar hj\u00e4lper till att lyfta och dumpa gods effektivt i frontlastare.<\/p>\n<\/li>\n<\/ul>\n<h2>Design\u00f6verv\u00e4ganden och urvalskriterier<\/h2>\n<ul>\n<li>\n<h3>B\u00e4rkraft<\/h3>\n<p>Cylindern m\u00e5ste vara konstruerad f\u00f6r att motst\u00e5 h\u00f6ga belastningar och tryck, och de material som anv\u00e4nds m\u00e5ste vara mycket h\u00e5llbara och motst\u00e5ndskraftiga mot slitage och korrosion.<\/p>\n<\/li>\n<li>\n<h3>T\u00e4tning och sm\u00f6rjning<\/h3>\n<p>Cylindern m\u00e5ste anv\u00e4nda olika t\u00e4tningar, s\u00e5som kolvt\u00e4tningsringar och st\u00e5ngt\u00e4tningsringar, tillverkade av slitstarka material som polyuretan och nitrilgummi. Cylinderhuset och g\u00e4ngornas \u00e4ndar m\u00e5ste genomg\u00e5 en finbehandling f\u00f6r att f\u00f6rb\u00e4ttra slitstyrkan. Tillr\u00e4cklig m\u00e4ngd hydraulolja m\u00e5ste tills\u00e4ttas regelbundet f\u00f6r sm\u00f6rjning.<\/p>\n<\/li>\n<li>\n<h3>H\u00e5llbarhet och s\u00e4kerhet<\/h3>\n<p>Cylindern m\u00e5ste konstrueras med s\u00e4kerhet i \u00e5tanke, med \u00e5tg\u00e4rder som tryckavlastningsventiler. Korrekt underh\u00e5ll och regelbunden inspektion m\u00e5ste utf\u00f6ras f\u00f6r att s\u00e4kerst\u00e4lla dess h\u00e5llbarhet och s\u00e4kerhet.<\/p>\n<\/li>\n<\/ul>\n<p><img decoding=\"async\" src=\"https:\/\/www.hydraulic-cylinders.net\/wp-content\/uploads\/2025\/01\/songte-oil-pipes-and-spare-parts.webp\" \/><\/p>\n<h2>Underh\u00e5ll och reparation<\/h2>\n<p>Regelbundet underh\u00e5ll och l\u00e4mplig sm\u00f6rjning \u00e4r n\u00f6dv\u00e4ndigt f\u00f6r att skopcylindrarna ska h\u00e5lla l\u00e4nge. Vanliga underh\u00e5llsuppgifter inkluderar:<\/p>\n<ul>\n<li>\n<h3>Periodisk inspektion<\/h3>\n<p>Inspektera cylindern regelbundet f\u00f6r att s\u00e4kerst\u00e4lla korrekt funktion och uppt\u00e4cka eventuella problem.<\/p>\n<\/li>\n<li>\n<h3>Sm\u00f6rjning<\/h3>\n<p>Tills\u00e4tt regelbundet l\u00e4mplig m\u00e4ngd hydraulolja f\u00f6r att s\u00e4kerst\u00e4lla korrekt sm\u00f6rjning av cylindern.<\/p>\n<\/li>\n<li>\n<h3>Byte av t\u00e4tning<\/h3>\n<p>Replacing seals, such as piston sealing rings and rod sealing rings, when necessary to maintain the cylinder&#8217;s integrity.<\/p>\n<\/li>\n<li>\n<h3>Kalibreringskontroll<\/h3>\n<p>Kontrollera cylinderns kalibrering regelbundet f\u00f6r att s\u00e4kerst\u00e4lla att den fungerar som avsett.<\/p>\n<\/li>\n<\/ul>\n<p><img decoding=\"async\" src=\"https:\/\/www.hydraulic-cylinders.net\/wp-content\/uploads\/2025\/01\/songte-chushion-collar.webp\" \/><\/p>\n<h2>S\u00e4kerhets- och milj\u00f6h\u00e4nsyn<\/h2>\n<p>S\u00e4kerhets\u00e5tg\u00e4rder b\u00f6r vidtas vid anv\u00e4ndning av skopcylindrar f\u00f6r att minimera risken f\u00f6r skador p\u00e5 f\u00f6rare och \u00e5sk\u00e5dare. Det \u00e4r ocks\u00e5 viktigt att beakta milj\u00f6faktorer, s\u00e5som korrekt kassering av anv\u00e4nd hydraulolja och t\u00e4tningar, f\u00f6r att minska f\u00f6roreningar.<\/p>\n<h2>Fels\u00f6kning och vanliga problem<\/h2>\n<p>Vanliga problem med skopcylindern inkluderar l\u00e4ckor, l\u00e5ngsam drift och l\u00e5gt tryck. Fels\u00f6kningstips och l\u00f6sningar inkluderar:<\/p>\n<ul>\n<li>\n<h3>L\u00e4ckage<\/h3>\n<p>Kontrollera t\u00e4tningarna och byt ut dem vid behov.<\/p>\n<\/li>\n<li>\n<h3>L\u00e5ngsam drift<\/h3>\n<p>Kontrollera om hydrauloljeniv\u00e5n \u00e4r tillr\u00e4cklig och justera styrventilen vid behov.<\/p>\n<\/li>\n<li>\n<h3>L\u00e5gt tryck<\/h3>\n<p>Kontrollera om hydraulpumpen fungerar korrekt och justera s\u00e4kerhetsventilen vid behov.<\/p>\n<\/li>\n<li>\n<h3>F\u00f6rebyggande \u00e5tg\u00e4rder<\/h3>\n<p>Regelbundet underh\u00e5ll och inspektion kan hj\u00e4lpa till att f\u00f6rhindra vanliga problem och s\u00e4kerst\u00e4lla cylinderns livsl\u00e4ngd.<\/p>\n<\/li>\n<\/ul>\n<p><img decoding=\"async\" src=\"https:\/\/www.hydraulic-cylinders.net\/wp-content\/uploads\/2025\/01\/songte-bushings-with-all-kinds-of-excavator-models.webp\" \/><\/p>\n<h2>Om oss<\/h2>\n<p>Vi \u00e4r en tillverkare av hydraulcylindrar f\u00f6r reservdelar. V\u00e5rt breda produktsortiment har gjort oss till en av de ledande tillverkarna och grossisterna av hydraulcylindrar p\u00e5 den inhemska och internationella marknaden. Vi f\u00f6ljer principen om utm\u00e4rkt kvalitet och f\u00f6rlitar oss p\u00e5 de industrialiserade produktionsstrategierna i v\u00e5ra sofistikerade tillverkningsverkst\u00e4der. Med fokus p\u00e5 teknisk talang, digital avancerad tillverkningsutrustning och professionella testsystem forts\u00e4tter v\u00e5r tillverkningsplattform att f\u00f6rb\u00e4ttras och produktkvaliteten och produktionsv\u00e4garna f\u00f6rb\u00e4ttras f\u00f6r att m\u00f6ta olika kundkrav med h\u00f6g effektivitet, precision och kvalitet.<\/p>\n<h3>Professionalism<\/h3>\n<p>V\u00e5rt f\u00f6retag har \u00e5tagit sig att f\u00f6rse kunderna med professionella och p\u00e5litliga produkter och l\u00f6sningar f\u00f6r hydraulcylindrar, med st\u00f6d av ett team av skickliga ingenj\u00f6rer och tekniker som har erfarenhet inom hydrauliska maskiner.<\/p>\n<h3>Internationell certifiering<\/h3>\n<p>V\u00e5rt f\u00f6retag har erh\u00e5llit internationella certifieringar, s\u00e5som ISO9001, vilket garanterar kvaliteten p\u00e5 v\u00e5ra produkter.<\/p>\n<h3>Anpassad service<\/h3>\n<p>We offer customized services tailored to meet our customers&#8217; specific requirements.<\/p>\n<h3>Produktionsutrustning<\/h3>\n<p>V\u00e5rt f\u00f6retag har avancerad produktionsutrustning och testutrustning, vilket s\u00e4kerst\u00e4ller att v\u00e5ra produkter uppfyller h\u00f6ga standarder.<\/p>\n<h3>Eftermarknadsservice<\/h3>\n<p>V\u00e5rt f\u00f6retag erbjuder omfattande och snabb eftermarknadsservice f\u00f6r att s\u00e4kerst\u00e4lla kundn\u00f6jdhet.<\/p>\n<p><img decoding=\"async\" src=\"https:\/\/hzpt.com\/wp-content\/uploads\/2024\/11\/songte-company-1.webp\" \/><\/p>\n<p>F\u00f6rfattare: lyl.<\/p>","protected":false},"excerpt":{"rendered":"<p>Bucket Cylinder For Hyundai Middle Excavator R210-5D Introduction A bucket cylinder is a specially designed hydraulic cylinder used to control the movement of the bucket in heavy machinery, such as excavators, backhoe loaders, and front-end loaders. Its main function is to enable the bucket to lift, lower, and tilt, thus facilitating various material handling tasks. [&hellip;]<\/p>","protected":false},"featured_media":14787,"comment_status":"open","ping_status":"closed","template":"","meta":{"_et_pb_use_builder":"","_et_pb_old_content":"","_et_gb_content_width":""},"product_brand":[],"product_cat":[1494],"product_tag":[1495,1496],"class_list":{"0":"post-15314","1":"product","2":"type-product","3":"status-publish","4":"has-post-thumbnail","6":"product_cat-bucket-cylinders","7":"product_tag-bucket-cylinders","8":"product_tag-hydraulic-cylinders","10":"first","11":"instock","12":"shipping-taxable","13":"product-type-simple"},"amp_enabled":true,"_links":{"self":[{"href":"https:\/\/www.hydraulic-cylinders.net\/sv\/wp-json\/wp\/v2\/product\/15314","targetHints":{"allow":["GET"]}}],"collection":[{"href":"https:\/\/www.hydraulic-cylinders.net\/sv\/wp-json\/wp\/v2\/product"}],"about":[{"href":"https:\/\/www.hydraulic-cylinders.net\/sv\/wp-json\/wp\/v2\/types\/product"}],"replies":[{"embeddable":true,"href":"https:\/\/www.hydraulic-cylinders.net\/sv\/wp-json\/wp\/v2\/comments?post=15314"}],"wp:featuredmedia":[{"embeddable":true,"href":"https:\/\/www.hydraulic-cylinders.net\/sv\/wp-json\/wp\/v2\/media\/14787"}],"wp:attachment":[{"href":"https:\/\/www.hydraulic-cylinders.net\/sv\/wp-json\/wp\/v2\/media?parent=15314"}],"wp:term":[{"taxonomy":"product_brand","embeddable":true,"href":"https:\/\/www.hydraulic-cylinders.net\/sv\/wp-json\/wp\/v2\/product_brand?post=15314"},{"taxonomy":"product_cat","embeddable":true,"href":"https:\/\/www.hydraulic-cylinders.net\/sv\/wp-json\/wp\/v2\/product_cat?post=15314"},{"taxonomy":"product_tag","embeddable":true,"href":"https:\/\/www.hydraulic-cylinders.net\/sv\/wp-json\/wp\/v2\/product_tag?post=15314"}],"curies":[{"name":"wp","href":"https:\/\/api.w.org\/{rel}","templated":true}]}}