{"id":15324,"date":"2025-01-19T14:23:14","date_gmt":"2025-01-19T14:23:14","guid":{"rendered":"https:\/\/www.hydraulic-cylinders.net\/product\/bucket-cylinder-for-hyundai-large-excavator-r350lc-7\/"},"modified":"2025-01-19T14:23:16","modified_gmt":"2025-01-19T14:23:16","slug":"bucket-cylinder-for-hyundai-large-excavator-r350lc-7","status":"publish","type":"product","link":"https:\/\/www.hydraulic-cylinders.net\/sv\/produkt\/bucket-cylinder-for-hyundai-large-excavator-r350lc-7\/","title":{"rendered":"Skopscylinder f\u00f6r Hyundai stor gr\u00e4vmaskin R350LC-7"},"content":{"rendered":"<h1>Skopscylinder f\u00f6r Hyundai stor gr\u00e4vmaskin R350LC-7<\/h1>\n<h2>Introduktion<\/h2>\n<h3>Definiera skopcylindern<\/h3>\n<p>En skopcylinder \u00e4r en specialdesignad hydraulcylinder som fr\u00e4mst anv\u00e4nds f\u00f6r att styra skopans r\u00f6relse i tunga maskiner som gr\u00e4vmaskiner, gr\u00e4vlastare och frontlastare. Dess huvudsakliga funktion \u00e4r att g\u00f6ra det m\u00f6jligt f\u00f6r skopan att lyfta, s\u00e4nka och luta, vilket g\u00f6r det enklare att utf\u00f6ra olika materialhanteringsuppgifter. I hydraulsystemet uppn\u00e5r skopcylindern exakt kontroll \u00f6ver skopan genom tryckf\u00f6r\u00e4ndringen i hydrauloljan, vilket g\u00f6r att f\u00f6raren kan hantera tunga laster effektivt och anpassa sig till komplexa arbetsmilj\u00f6er och varierande arbetsbehov.<\/p>\n<p><img decoding=\"async\" src=\"https:\/\/www.hydraulic-cylinders.net\/wp-content\/uploads\/2025\/01\/songte-company-2.webp\" alt=\"Bild av skopcylinder\"><\/p>\n<h3>Drag<\/h3>\n<ul>\n<li>H\u00f6g h\u00e5llfasthet och h\u00e5llbarhet: Den \u00e4r vanligtvis tillverkad av h\u00f6gh\u00e5llfast st\u00e5l eller aluminium, t\u00e5l h\u00f6gt tryck och tunga belastningar, anpassar sig till tuffa arbetsmilj\u00f6er och har \u00f6verv\u00e4ganden g\u00e4llande slitstyrka och korrosionsbest\u00e4ndighet, vilket f\u00f6rl\u00e4nger livsl\u00e4ngden.<\/li>\n<li>Effektiv hydraulisk drift: Smidiga f\u00f6rl\u00e4ngnings- och sammandragningsr\u00f6relser uppn\u00e5s med hj\u00e4lp av hydrauloljans tryck, vilket ger kraftfulla tryck- och dragkrafter, l\u00e4mpliga f\u00f6r hantering av tunga laster och komplexa arbetsuppgifter.<\/li>\n<li>Olika typer: Enkelverkande (hydrauliska endast i en riktning) eller dubbelverkande (hydrauliska i b\u00e5da riktningarna) cylindrar kan v\u00e4ljas efter behov f\u00f6r att m\u00f6ta olika driftskrav. Vissa modeller \u00e4r teleskopiska, vilket m\u00f6jligg\u00f6r st\u00f6rre utdrag utan att \u00f6ka de yttersta m\u00e5tten, l\u00e4mpliga f\u00f6r applikationer med begr\u00e4nsat utrymme.<\/li>\n<li>L\u00e4tt att byta ut: V\u00e5r produkt kan perfekt ers\u00e4tta dessa hydraulcylindrar.<\/li>\n<\/ul>\n<p><img decoding=\"async\" src=\"https:\/\/www.hydraulic-cylinders.net\/wp-content\/uploads\/2025\/01\/songte-cylinder-head-with-all-kinds-excavator-models.webp\" alt=\"Bild f\u00f6r utbyte av skopcylinder\"><\/p>\n<h3>Applikationer<\/h3>\n<p>Skopscylindern anv\u00e4nds ofta inom olika omr\u00e5den, inklusive:<\/p>\n<h4>Byggutrustning<\/h4>\n<ul>\n<li>Gr\u00e4vmaskiner: Gr\u00e4vmaskinens skopor m\u00f6jligg\u00f6r gr\u00e4vning och gr\u00e4vning. <\/li>\n<li>Gr\u00e4vlastare: Gr\u00e4vlastarens skopcylindrar bidrar till b\u00e5de gr\u00e4vning och lyftning.<\/li>\n<\/ul>\n<h4>Jordbruksmaskiner<\/h4>\n<ul>\n<li>Frontlastare: Anv\u00e4nds f\u00f6r att plocka upp, lyfta och transportera jord, h\u00f6 och andra material.<\/li>\n<\/ul>\n<p>Detta \u00e4r bara n\u00e5gra exempel p\u00e5 de m\u00e5nga till\u00e4mpningarna av skopcylindrar.<\/p>\n<h3>Design\u00f6verv\u00e4ganden och urvalskriterier<\/h3>\n<p>Vid design och val av skopcylindrar beaktas n\u00e5gra viktiga faktorer:<\/p>\n<h4>B\u00e4rkraft<\/h4>\n<p>Cylindern m\u00e5ste kunna motst\u00e5 tunga belastningar utan deformation eller fel, vilket s\u00e4kerst\u00e4ller l\u00e5ngsiktig s\u00e4ker och tillf\u00f6rlitlig drift.<\/p>\n<h4>T\u00e4tning<\/h4>\n<p>T\u00e4tningssystemet m\u00e5ste kunna f\u00f6rhindra eller minimera internt och externt l\u00e4ckage av hydraulolja, vilket s\u00e4kerst\u00e4ller effektiv och ren drift.<\/p>\n<h4>Varaktighet<\/h4>\n<p>Cylindern m\u00e5ste vara h\u00e5llbar och motst\u00e5ndskraftig mot slitage, korrosion och skador fr\u00e5n milj\u00f6n och yttre krafter, vilket s\u00e4kerst\u00e4ller en l\u00e5ng livsl\u00e4ngd.<\/p>\n<h4>S\u00e4kerhet<\/h4>\n<p>Cylindern m\u00e5ste konstrueras och tillverkas f\u00f6r att s\u00e4kerst\u00e4lla s\u00e4ker och tillf\u00f6rlitlig drift, och skydda operat\u00f6rer och utrustning fr\u00e5n olyckor och skador.<\/p>\n<h4>Underh\u00e5llbarhet<\/h4>\n<p>Cylindern b\u00f6r vara konstruerad f\u00f6r att vara l\u00e4tt att underh\u00e5lla, vilket m\u00f6jligg\u00f6r enkel \u00e5tkomst till interna komponenter och utbyte av slitdelar, vilket minskar stillest\u00e5ndstid och underh\u00e5llskostnader.<\/p>\n<p><img decoding=\"async\" src=\"https:\/\/www.hydraulic-cylinders.net\/wp-content\/uploads\/2025\/01\/songte-oil-pipes-and-spare-parts.webp\" alt=\"Bild av skopcylinderdesign\"><\/p>\n<h3>T\u00e4tning och sm\u00f6rjning<\/h3>\n<p>Skopscylindern anv\u00e4nder olika t\u00e4tningselement, s\u00e5som kolvt\u00e4tningar och st\u00e5ngt\u00e4tningar, tillverkade av slitstarka material som polyuretan och nitrilgummi, f\u00f6r att f\u00f6rhindra inre och utre oljel\u00e4ckage. Cylinderhuset och den g\u00e4ngade \u00e4ndytan genomg\u00e5r fin bearbetning f\u00f6r att f\u00f6rb\u00e4ttra slitstyrkan.<\/p>\n<p>Cylindern kr\u00e4ver regelbunden sm\u00f6rjning f\u00f6r att s\u00e4kerst\u00e4lla smidig drift. Det rekommenderas att anv\u00e4nda en l\u00e4mplig hydraulolja och tills\u00e4tta den i l\u00e4mpliga m\u00e4ngder med j\u00e4mna mellanrum.<\/p>\n<h3>Underh\u00e5ll och reparation<\/h3>\n<p>Regelbunden inspektion och f\u00f6rebyggande underh\u00e5ll \u00e4r avg\u00f6rande f\u00f6r att s\u00e4kerst\u00e4lla l\u00e5ngsiktig tillf\u00f6rlitlig drift av skopcylindern. F\u00f6ljande underh\u00e5lls\u00e5tg\u00e4rder rekommenderas:<\/p>\n<ul>\n<li>Regelbunden inspektion<\/li>\n<li>Korrekt sm\u00f6rjning<\/li>\n<li>Byte av t\u00e4tning<\/li>\n<li>Kalibreringskontroll<\/li>\n<\/ul>\n<p>Det \u00e4r viktigt att ge korrekt v\u00e4gledning f\u00f6r korrekt installation av cylindern, inklusive att rikta in cylindern korrekt och anv\u00e4nda l\u00e4mpliga monteringsf\u00e4sten f\u00f6r att s\u00e4kra cylindern. Rekommenderade inspektions-, reparations- och utbytesprocedurer tillhandah\u00e5lls, inklusive reservdelar och ombyggnadstj\u00e4nster, f\u00f6r att \u00f6ka skopcylinderns livsl\u00e4ngd.<\/p>\n<p><img decoding=\"async\" src=\"https:\/\/www.hydraulic-cylinders.net\/wp-content\/uploads\/2025\/01\/songte-chushion-collar.webp\" alt=\"Bild f\u00f6r underh\u00e5ll av skopcylinder\"><\/p>\n<h3>S\u00e4kerhetsaspekter och milj\u00f6faktorer<\/h3>\n<p>Skopscylindern \u00e4r en kritisk komponent i tunga maskiner, och s\u00e4kerhetsaspekter \u00e4r av st\u00f6rsta vikt. L\u00e4mpliga \u00e5tg\u00e4rder b\u00f6r vidtas f\u00f6r att s\u00e4kerst\u00e4lla s\u00e4ker drift och f\u00f6rhindra olyckor eller skador.<\/p>\n<p>Milj\u00f6faktorer som temperatur, luftfuktighet och f\u00f6roreningar kan p\u00e5verka skopcylinderns funktion och livsl\u00e4ngd. L\u00e4mpliga \u00e5tg\u00e4rder b\u00f6r vidtas f\u00f6r att skydda cylindern och s\u00e4kerst\u00e4lla korrekt drift.<\/p>\n<h3>Fels\u00f6kning och vanliga problem<\/h3>\n<p>Vanliga problem relaterade till skopcylindern inkluderar oljel\u00e4ckor, l\u00e5ngsam drift och onormalt ljud. Fels\u00f6kningstips och l\u00f6sningar ges f\u00f6r att hj\u00e4lpa till att diagnostisera och l\u00f6sa problem, samt f\u00f6rebyggande \u00e5tg\u00e4rder f\u00f6r att minimera potentiella problem.<\/p>\n<p><img decoding=\"async\" src=\"https:\/\/www.hydraulic-cylinders.net\/wp-content\/uploads\/2025\/01\/songte-bushings-with-all-kinds-of-excavator-models.webp\" alt=\"Fels\u00f6kningsbild f\u00f6r skopcylinder\"><\/p>\n<h2>Om v\u00e5rt f\u00f6retag<\/h2>\n<p>Vi \u00e4r en tillverkare av hydraulcylindrar f\u00f6r reservdelar, med ett komplett produktsortiment och \u00e4r nu en av de ledande tillverkarna och grossistdistribut\u00f6rerna av hydraulcylindrar p\u00e5 inhemska och utl\u00e4ndska marknader. Vi f\u00f6ljer principen om h\u00f6gsta kvalitet, f\u00f6rlitar oss p\u00e5 strategier f\u00f6r industriell produktionsledning i fina tillverkningsverkst\u00e4der och f\u00f6rb\u00e4ttrar st\u00e4ndigt verkstadens tillverkningsplattform och finslipar produktionslinjens produktkvalitet. V\u00e5rt f\u00f6retag har stark kreativitet, h\u00f6g effektivitet, h\u00f6g precision och h\u00f6gkvalitativa principer f\u00f6r att m\u00f6ta kundernas olika behov.<\/p>\n<h3>Professionalism<\/h3>\n<p>V\u00e5rt team best\u00e5r av yrkesverksamma med l\u00e5ng erfarenhet inom branschen och som str\u00e4var efter att tillhandah\u00e5lla h\u00f6gkvalitativa produkter och tj\u00e4nster.<\/p>\n<h3>Internationell certifiering<\/h3>\n<p>Vi har internationella certifieringar som ISO 9001, CE och SGS, vilket s\u00e4kerst\u00e4ller att v\u00e5ra produkter uppfyller h\u00f6ga kvalitetsstandarder.<\/p>\n<h3>Anpassningstj\u00e4nster<\/h3>\n<p>Vi erbjuder anpassningstj\u00e4nster f\u00f6r att m\u00f6ta specifika kunders behov och krav, och tillhandah\u00e5ller skr\u00e4ddarsydda l\u00f6sningar f\u00f6r olika applikationer.<\/p>\n<h3>Produktionsutrustning<\/h3>\n<p>V\u00e5rt f\u00f6retag har avancerad produktionsutrustning och teknik, inklusive CNC-bearbetningscentraler, svetsrobotar och annan avancerad digital tillverkningsutrustning.<\/p>\n<h3>Eftermarknadsservice<\/h3>\n<p>Vi erbjuder omfattande eftermarknadsservice, inklusive teknisk support, reparation och underh\u00e5llstj\u00e4nster, f\u00f6r att s\u00e4kerst\u00e4lla kundn\u00f6jdhet och l\u00e5ngsiktigt samarbete.<\/p>\n<p><img decoding=\"async\" src=\"https:\/\/www.hydraulic-cylinders.net\/wp-content\/uploads\/2025\/01\/songte-company-3.webp\" alt=\"Bild av f\u00f6retagets hinkcylinder\"><\/p>\n<p>F\u00f6rfattare: lyl<\/p>","protected":false},"excerpt":{"rendered":"<p>Bucket Cylinder For Hyundai Large Excavator R350LC-7 Introduction Defining the Bucket Cylinder A bucket cylinder is a specially designed hydraulic cylinder that is primarily used to control the movement of the bucket in heavy machinery such as excavators, backhoe loaders, and front-end loaders. Its main function is to enable the bucket to lift, lower, and [&hellip;]<\/p>","protected":false},"featured_media":14765,"comment_status":"open","ping_status":"closed","template":"","meta":{"_et_pb_use_builder":"","_et_pb_old_content":"","_et_gb_content_width":""},"product_brand":[],"product_cat":[1494],"product_tag":[1495,1496],"class_list":{"0":"post-15324","1":"product","2":"type-product","3":"status-publish","4":"has-post-thumbnail","6":"product_cat-bucket-cylinders","7":"product_tag-bucket-cylinders","8":"product_tag-hydraulic-cylinders","10":"first","11":"instock","12":"shipping-taxable","13":"product-type-simple"},"amp_enabled":true,"_links":{"self":[{"href":"https:\/\/www.hydraulic-cylinders.net\/sv\/wp-json\/wp\/v2\/product\/15324","targetHints":{"allow":["GET"]}}],"collection":[{"href":"https:\/\/www.hydraulic-cylinders.net\/sv\/wp-json\/wp\/v2\/product"}],"about":[{"href":"https:\/\/www.hydraulic-cylinders.net\/sv\/wp-json\/wp\/v2\/types\/product"}],"replies":[{"embeddable":true,"href":"https:\/\/www.hydraulic-cylinders.net\/sv\/wp-json\/wp\/v2\/comments?post=15324"}],"wp:featuredmedia":[{"embeddable":true,"href":"https:\/\/www.hydraulic-cylinders.net\/sv\/wp-json\/wp\/v2\/media\/14765"}],"wp:attachment":[{"href":"https:\/\/www.hydraulic-cylinders.net\/sv\/wp-json\/wp\/v2\/media?parent=15324"}],"wp:term":[{"taxonomy":"product_brand","embeddable":true,"href":"https:\/\/www.hydraulic-cylinders.net\/sv\/wp-json\/wp\/v2\/product_brand?post=15324"},{"taxonomy":"product_cat","embeddable":true,"href":"https:\/\/www.hydraulic-cylinders.net\/sv\/wp-json\/wp\/v2\/product_cat?post=15324"},{"taxonomy":"product_tag","embeddable":true,"href":"https:\/\/www.hydraulic-cylinders.net\/sv\/wp-json\/wp\/v2\/product_tag?post=15324"}],"curies":[{"name":"wp","href":"https:\/\/api.w.org\/{rel}","templated":true}]}}