{"id":15331,"date":"2025-01-19T14:23:44","date_gmt":"2025-01-19T14:23:44","guid":{"rendered":"https:\/\/www.hydraulic-cylinders.net\/product\/bucket-cylinder-for-hyundai-large-excavator-r450lc-5\/"},"modified":"2025-01-19T14:23:46","modified_gmt":"2025-01-19T14:23:46","slug":"bucket-cylinder-for-hyundai-large-excavator-r450lc-5","status":"publish","type":"product","link":"https:\/\/www.hydraulic-cylinders.net\/sv\/produkt\/bucket-cylinder-for-hyundai-large-excavator-r450lc-5\/","title":{"rendered":"Skopscylinder f\u00f6r Hyundai stor gr\u00e4vmaskin R450LC-5"},"content":{"rendered":"<p><!--Title--><\/p>\n<h1>Skopscylinder f\u00f6r Hyundai stor gr\u00e4vmaskin R450LC-5<\/h1>\n<p><!--Introduction--><\/p>\n<h2>Introduktion<\/h2>\n<p>A bucket cylinder for Hyundai large excavator R450LC-5 is a specialized hydraulic cylinder used to control the bucket&#8217;s movements in heavy machinery such as excavators, backhoes, and front-end loaders. Its main function is to enable the bucket to lift, lower and tilt, making it easier to handle various material handling tasks. In the hydraulic system, the bucket cylinder controls the bucket&#8217;s precise movement by changing the hydraulic oil&#8217;s pressure, allowing operators to efficiently handle heavy loads and adapt to complex work environments and diverse operational demands.<\/p>\n<p><!--Product Image--><br \/>\n<img decoding=\"async\" src=\"https:\/\/www.hydraulic-cylinders.net\/wp-content\/uploads\/2025\/01\/songte-company-2.webp\" alt=\"Bild av skopcylinder\"><\/p>\n<p><!--Product Features--><\/p>\n<h2>Produktegenskaper<\/h2>\n<ul>\n<li>H\u00f6g h\u00e5llfasthet och h\u00e5llbarhet: Vanligtvis tillverkad av h\u00f6gh\u00e5llfast st\u00e5l eller aluminium, t\u00e5l h\u00f6gt tryck och tunga belastningar, l\u00e4mplig f\u00f6r tuffa arbetsmilj\u00f6er, konstruerad med slitstyrka och korrosionsbest\u00e4ndighet i \u00e5tanke, och med f\u00f6rl\u00e4ngd livsl\u00e4ngd.<\/li>\n<li>Effektiva hydrauliska funktioner: Smidiga ut- och indragningsr\u00f6relser uppn\u00e5s med hj\u00e4lp av hydrauloljetryck, svarar snabbt p\u00e5 man\u00f6verkommandon, ger starka tryck- och dragkrafter och \u00e4r l\u00e4mpliga f\u00f6r hantering av tunga laster och komplexa arbetsuppgifter.<\/li>\n<li>Olika typer: Enkelverkande (hydrauliska i endast en riktning) eller dubbelverkande (hydrauliska i b\u00e5da riktningarna) cylindrar kan v\u00e4ljas efter behov f\u00f6r att m\u00f6ta olika driftskrav. Vissa modeller \u00e4r teleskopiska, vilket m\u00f6jligg\u00f6r st\u00f6rre utdrag utan att \u00f6ka de yttre m\u00e5tten, l\u00e4mpliga f\u00f6r utrymmesbegr\u00e4nsade till\u00e4mpningar.<\/li>\n<li>Perfekt ers\u00e4ttning: V\u00e5ra produkter kan perfekt ers\u00e4tta dessa hydraulcylindrar.<\/li>\n<\/ul>\n<p><!--Product Replacement Image--><br \/>\n<img decoding=\"async\" src=\"https:\/\/www.hydraulic-cylinders.net\/wp-content\/uploads\/2025\/01\/songte-cylinder-head-with-all-kinds-excavator-models.webp\" alt=\"Produktbytesbild\"><\/p>\n<p><!--Product Applications--><\/p>\n<h2>Produktapplikationer<\/h2>\n<p>Skopscylindern anv\u00e4nds ofta i olika industriella till\u00e4mpningar, inklusive men inte begr\u00e4nsat till:<\/p>\n<ul>\n<li>Byggutrustning: I gr\u00e4vmaskiner \u00e4r de viktiga f\u00f6r gr\u00e4vning, lastning och flyttning av jord eller skr\u00e4p. I gr\u00e4vlastare hj\u00e4lper skopcylindern till b\u00e5de vid gr\u00e4vning och lyftning.<\/li>\n<li>Jordbruksmaskiner: Anv\u00e4nds f\u00f6r frontlastare, f\u00f6r att plocka upp, lyfta och transportera jord, h\u00f6 och andra material. Skopans cylinder i gr\u00e4vmaskiner m\u00f6jligg\u00f6r gr\u00e4vning genom att l\u00e5ta skopan tr\u00e4nga ner i jorden.<\/li>\n<li>Lastare: I frontlastare hj\u00e4lper de till att lyfta och dumpa last effektivt.<\/li>\n<\/ul>\n<p><!--Design and Selection Standards--><\/p>\n<h2>Design- och urvalsstandarder<\/h2>\n<p>Standarder f\u00f6r design och urval av skopcylinder inkluderar:<\/p>\n<ul>\n<li>B\u00e4rf\u00f6rm\u00e5ga: Den ska kunna motst\u00e5 den maximala vikt och det maximala tryck den uts\u00e4tts f\u00f6r, vilket s\u00e4kerst\u00e4ller s\u00e4ker och stabil drift.<\/li>\n<li>T\u00e4tning: Skopans cylinder b\u00f6r t\u00e4tas f\u00f6r att f\u00f6rhindra v\u00e4tskel\u00e4ckage och s\u00e4kerst\u00e4lla effektiv hydraulisk drift. H\u00f6gkvalitativa t\u00e4tningsmaterial b\u00f6r anv\u00e4ndas f\u00f6r att s\u00e4kerst\u00e4lla l\u00e5ng livsl\u00e4ngd.<\/li>\n<li>H\u00e5llbarhet: Skopscylindern b\u00f6r ha utm\u00e4rkt slitstyrka och korrosionsbest\u00e4ndighet f\u00f6r att s\u00e4kerst\u00e4lla en l\u00e5ng livsl\u00e4ngd.<\/li>\n<li>S\u00e4kerhet: Skopscylindern b\u00f6r vara konstruerad med s\u00e4kerhetsfunktioner, s\u00e5som s\u00e4kerhetsventiler f\u00f6r att f\u00f6rhindra \u00f6verbelastning eller pl\u00f6tsliga hydrauliska tryckfall, vilket s\u00e4kerst\u00e4ller f\u00f6rarens s\u00e4kerhet.<\/li>\n<li>Underh\u00e5ll: Skopscylindern b\u00f6r vara konstruerad med tanke p\u00e5 enkelt underh\u00e5ll, vilket g\u00f6r den enkel att inspektera, underh\u00e5lla och reparera vid behov.<\/li>\n<\/ul>\n<p><!--Product Pipes and Spare Parts Image--><br \/>\n<img decoding=\"async\" src=\"https:\/\/www.hydraulic-cylinders.net\/wp-content\/uploads\/2025\/01\/songte-oil-pipes-and-spare-parts.webp\" alt=\"Produktr\u00f6r och reservdelar bild\"><\/p>\n<p><!--Sealing and Lubrication--><\/p>\n<h2>T\u00e4tning och sm\u00f6rjning<\/h2>\n<p>The bucket cylinder&#8217;s efficient operation relies on proper sealing and lubrication. The following measures are taken:<\/p>\n<ul>\n<li>Olika t\u00e4tningskomponenter, s\u00e5som kolvt\u00e4tningar och kolvst\u00e5ngst\u00e4tningar, anv\u00e4nds f\u00f6r att s\u00e4kerst\u00e4lla t\u00e4tning. De b\u00f6r vara tillverkade av slitstarka material som polyuretan och nitrilgummi.<\/li>\n<li>Cylinderhuset och g\u00e4ng\u00e4ndens yta \u00e4r fint bearbetade f\u00f6r att f\u00f6rb\u00e4ttra slitstyrkan.<\/li>\n<li>Skopscylindern b\u00f6r sm\u00f6rjas regelbundet med l\u00e4mplig m\u00e4ngd hydraulolja f\u00f6r att s\u00e4kerst\u00e4lla smidig drift och f\u00f6rl\u00e4nga livsl\u00e4ngden.<\/li>\n<\/ul>\n<p><!--Maintenance and Repair--><\/p>\n<h2>Underh\u00e5ll och reparation<\/h2>\n<p>Regelbundet underh\u00e5ll och reparationer \u00e4r avg\u00f6rande f\u00f6r skopcylinderns livsl\u00e4ngd. F\u00f6ljande underh\u00e5llsuppgifter b\u00f6r utf\u00f6ras:<\/p>\n<ul>\n<li>Regelbundna inspektioner: Kontrollera om det finns oljel\u00e4ckage, deformation och skador p\u00e5 cylinderhuset, st\u00e5ngen och kolven. S\u00e4kerst\u00e4ll korrekt installation och uppriktning.<\/li>\n<li>Korrekt sm\u00f6rjning: Sm\u00f6rj skopcylindern med l\u00e4mplig m\u00e4ngd hydraulolja regelbundet f\u00f6r att s\u00e4kerst\u00e4lla smidig drift.<\/li>\n<li>Byte av t\u00e4tningar: Byt ut t\u00e4tningarna regelbundet f\u00f6r att s\u00e4kerst\u00e4lla att de \u00e4r t\u00e4ta.<\/li>\n<li>Kalibreringskontroll: Utf\u00f6r kalibreringskontroller f\u00f6r att s\u00e4kerst\u00e4lla s\u00e4ker och korrekt drift.<\/li>\n<\/ul>\n<p><!--Product Cushion Collar Image--><br \/>\n<img decoding=\"async\" src=\"https:\/\/www.hydraulic-cylinders.net\/wp-content\/uploads\/2025\/01\/songte-chushion-collar.webp\" alt=\"Produktbild av kuddekrage\"><\/p>\n<p><!--Safety Considerations--><\/p>\n<h2>S\u00e4kerhets\u00f6verv\u00e4ganden<\/h2>\n<p>Vid anv\u00e4ndning av en skopcylinder b\u00f6r f\u00f6ljande s\u00e4kerhets\u00e5tg\u00e4rder vidtas:<\/p>\n<ul>\n<li>S\u00e4kerst\u00e4ll korrekt installation och justering f\u00f6r att undvika olyckor.<\/li>\n<li>Observe the manufacturer&#8217;s operating instructions and safety precautions.<\/li>\n<li>Anv\u00e4nd l\u00e4mplig personlig skyddsutrustning (PPE) s\u00e5som handskar, skyddsglas\u00f6gon och skyddshj\u00e4lm.<\/li>\n<li>\u00d6verbelasta inte skopcylindern och observera dess maximala arbetstryck och lastkapacitet.<\/li>\n<li>S\u00e4kerst\u00e4ll korrekt underh\u00e5ll f\u00f6r att undvika olyckor.<\/li>\n<\/ul>\n<p><!--Product Bushings and Excavator Models Image--><br \/>\n<img decoding=\"async\" src=\"https:\/\/www.hydraulic-cylinders.net\/wp-content\/uploads\/2025\/01\/songte-bushings-with-all-kinds-of-excavator-models.webp\" alt=\"Produktbussningar och gr\u00e4vmaskinsmodeller Bild\"><\/p>\n<p><!--About Us--><\/p>\n<h2>Om oss<\/h2>\n<p>Vi \u00e4r en ledande tillverkare och grossistdistribut\u00f6r av hydraulcylindrar p\u00e5 den inhemska och internationella marknaden och erbjuder ett komplett sortiment av hydraulcylindrar. P\u00e5 v\u00e5rt f\u00f6retag f\u00f6ljer vi k\u00e4rnv\u00e4rdena excellens och kvalitet och f\u00f6rlitar oss p\u00e5 industrialiserade produktionsledningsstrategier i finjusterade tillverkningsverkst\u00e4der. Vi f\u00f6rb\u00e4ttrar kontinuerligt v\u00e5r tillverkningsplattform, fr\u00e5n anv\u00e4ndning av digital avancerad tillverkningsutrustning, tekniska talanger och professionella testsystem till perfekta produktionslinjer av produktkvalitet. Med h\u00f6g effektivitet, h\u00f6g precision och h\u00f6g kvalitet som v\u00e5ra principer m\u00f6ter vi v\u00e5ra kunders olika behov.<\/p>\n<p><!--Company Image--><br \/>\n<img decoding=\"async\" src=\"https:\/\/hzpt.com\/wp-content\/uploads\/2024\/11\/songte-company-1.webp\" alt=\"F\u00f6retagsbild\"><\/p>\n<p><!--Company Details--><\/p>\n<h2>F\u00f6retagsuppgifter<\/h2>\n<ul>\n<li>Professionalism: V\u00e5rt f\u00f6retag har ett team av professionella experter som kan erbjuda kunderna de mest professionella tj\u00e4nsterna.<\/li>\n<li>Internationell certifiering: V\u00e5ra produkter har klarat olika internationella certifieringar, s\u00e5som ISO9001 och CE, vilket garanterar kvalitet och s\u00e4kerhet.<\/li>\n<li>Anpassningstj\u00e4nster: Vi kan erbjuda kundanpassade tj\u00e4nster efter kundens behov, s\u00e5som anpassade cylinderstorlekar, material och funktioner.<\/li>\n<li>Avancerad produktionsutrustning: V\u00e5rt f\u00f6retag har en komplett upps\u00e4ttning avancerad utrustning f\u00f6r tillverkning av hydraulcylindrar, s\u00e5som CNC-svarvar, honingsmaskiner och automatiska svetsmaskiner.<\/li>\n<li>Eftermarknadsservice: V\u00e5rt f\u00f6retag erbjuder kunderna perfekt eftermarknadsservice, s\u00e5som reparation och utbyte av delar samt ombyggnadstj\u00e4nster, vilket s\u00e4kerst\u00e4ller produktkvalitet och anv\u00e4ndarn\u00f6jdhet.<\/li>\n<\/ul>\n<p><!--Author--><\/p>\n<p>F\u00f6rfattare: lyl<\/p>","protected":false},"excerpt":{"rendered":"<p>Bucket Cylinder For Hyundai Large Excavator R450LC-5 Introduction A bucket cylinder for Hyundai large excavator R450LC-5 is a specialized hydraulic cylinder used to control the bucket&#8217;s movements in heavy machinery such as excavators, backhoes, and front-end loaders. Its main function is to enable the bucket to lift, lower and tilt, making it easier to handle [&hellip;]<\/p>","protected":false},"featured_media":14784,"comment_status":"open","ping_status":"closed","template":"","meta":{"_et_pb_use_builder":"","_et_pb_old_content":"","_et_gb_content_width":""},"product_brand":[],"product_cat":[1494],"product_tag":[1495,1496],"class_list":{"0":"post-15331","1":"product","2":"type-product","3":"status-publish","4":"has-post-thumbnail","6":"product_cat-bucket-cylinders","7":"product_tag-bucket-cylinders","8":"product_tag-hydraulic-cylinders","10":"first","11":"instock","12":"shipping-taxable","13":"product-type-simple"},"amp_enabled":true,"_links":{"self":[{"href":"https:\/\/www.hydraulic-cylinders.net\/sv\/wp-json\/wp\/v2\/product\/15331","targetHints":{"allow":["GET"]}}],"collection":[{"href":"https:\/\/www.hydraulic-cylinders.net\/sv\/wp-json\/wp\/v2\/product"}],"about":[{"href":"https:\/\/www.hydraulic-cylinders.net\/sv\/wp-json\/wp\/v2\/types\/product"}],"replies":[{"embeddable":true,"href":"https:\/\/www.hydraulic-cylinders.net\/sv\/wp-json\/wp\/v2\/comments?post=15331"}],"wp:featuredmedia":[{"embeddable":true,"href":"https:\/\/www.hydraulic-cylinders.net\/sv\/wp-json\/wp\/v2\/media\/14784"}],"wp:attachment":[{"href":"https:\/\/www.hydraulic-cylinders.net\/sv\/wp-json\/wp\/v2\/media?parent=15331"}],"wp:term":[{"taxonomy":"product_brand","embeddable":true,"href":"https:\/\/www.hydraulic-cylinders.net\/sv\/wp-json\/wp\/v2\/product_brand?post=15331"},{"taxonomy":"product_cat","embeddable":true,"href":"https:\/\/www.hydraulic-cylinders.net\/sv\/wp-json\/wp\/v2\/product_cat?post=15331"},{"taxonomy":"product_tag","embeddable":true,"href":"https:\/\/www.hydraulic-cylinders.net\/sv\/wp-json\/wp\/v2\/product_tag?post=15331"}],"curies":[{"name":"wp","href":"https:\/\/api.w.org\/{rel}","templated":true}]}}