{"id":15339,"date":"2025-01-19T14:24:21","date_gmt":"2025-01-19T14:24:21","guid":{"rendered":"https:\/\/www.hydraulic-cylinders.net\/product\/bucket-cylinder-for-kobelco-small-excavator-sk115\/"},"modified":"2025-01-19T14:24:23","modified_gmt":"2025-01-19T14:24:23","slug":"bucket-cylinder-for-kobelco-small-excavator-sk115","status":"publish","type":"product","link":"https:\/\/www.hydraulic-cylinders.net\/sv\/produkt\/bucket-cylinder-for-kobelco-small-excavator-sk115\/","title":{"rendered":"Skopscylinder f\u00f6r Kobelco liten gr\u00e4vmaskin SK115"},"content":{"rendered":"<h1>Skopscylinder f\u00f6r Kobelco liten gr\u00e4vmaskin SK115<\/h1>\n<h2>Introduktion<\/h2>\n<p>En skopcylinder \u00e4r en specialdesignad hydraulcylinder som anv\u00e4nds f\u00f6r att styra r\u00f6relsen hos skopor i tunga maskiner som gr\u00e4vmaskiner, gr\u00e4vlastare och frontlastare. Dess huvudsakliga funktion \u00e4r att g\u00f6ra det m\u00f6jligt f\u00f6r skopan att utf\u00f6ra lyft-, s\u00e4nk- och tiltnings\u00e5tg\u00e4rder, vilket underl\u00e4ttar olika materialhanteringsuppgifter. I hydrauliska system uppn\u00e5r skopcylindrar exakt kontroll \u00f6ver skopan genom att utnyttja f\u00f6r\u00e4ndringar i hydrauloljetrycket, vilket g\u00f6r det m\u00f6jligt f\u00f6r operat\u00f6rer att effektivt hantera tunga laster och anpassa sig till komplexa arbetsmilj\u00f6er och olika driftskrav.<\/p>\n<p><img decoding=\"async\" src=\"https:\/\/www.hydraulic-cylinders.net\/wp-content\/uploads\/2025\/01\/songte-company-2.webp\"><\/p>\n<h2>Drag<\/h2>\n<ul>\n<li>High Strength and Durability: Typically made from high-strength steel or aluminum, bucket cylinders can withstand high pressure and heavy loads, adapting to harsh working conditions. The design takes into account wear resistance and corrosion resistance, thereby extending the product&#8217;s lifespan.<\/li>\n<li>Effektiv hydraulisk drift: Genom att utnyttja hydrauloljans tryck uppn\u00e5r skopcylindrar smidiga ut- och inf\u00e4llningsr\u00f6relser, vilket m\u00f6jligg\u00f6r snabb respons p\u00e5 styrkommandon och ger kraftfulla tryck- och dragkrafter l\u00e4mpliga f\u00f6r hantering av tunga laster och komplexa driftsuppgifter.<\/li>\n<li>Olika typer: Skopscylindrar kan v\u00e4ljas som enkelverkande (hydraultryck anv\u00e4nds endast i en riktning) eller dubbelverkande (hydraultryck anv\u00e4nds i b\u00e5da riktningarna) cylindrar beroende p\u00e5 specifika driftsbehov. Vissa modeller \u00e4r teleskopiska, vilket m\u00f6jligg\u00f6r st\u00f6rre utdrag utan att \u00f6ka de yttersta m\u00e5tten, vilket g\u00f6r dem l\u00e4mpliga f\u00f6r applikationer med begr\u00e4nsat utrymme.<\/li>\n<li>Perfekt ers\u00e4ttning: V\u00e5ra produkter kan perfekt ers\u00e4tta dessa hydraulcylindrar.<\/li>\n<\/ul>\n<p><img decoding=\"async\" src=\"https:\/\/www.hydraulic-cylinders.net\/wp-content\/uploads\/2025\/01\/songte-cylinder-head-with-all-kinds-excavator-models.webp\"><\/p>\n<h2>Applikationer<\/h2>\n<p>Skopscylindrar anv\u00e4nds inom olika industrier och utrustningar:<\/p>\n<h3>Byggutrustning<\/h3>\n<p>I gr\u00e4vmaskiner \u00e4r de viktiga f\u00f6r att gr\u00e4va, lasta och flytta jord eller skr\u00e4p. I gr\u00e4vlastare hj\u00e4lper skopcylindrar till med b\u00e5de gr\u00e4vning och lyftning.<\/p>\n<h3>Jordbruksmaskiner<\/h3>\n<p>Anv\u00e4nds i frontlastare f\u00f6r att \u00f6sa, lyfta och transportera jord, h\u00f6 och andra material.<\/p>\n<h3>Gr\u00e4vmaskiner<\/h3>\n<p>Skopcylindrar m\u00f6jligg\u00f6r gr\u00e4vning genom att l\u00e5ta skopan tr\u00e4nga ner i jorden.<\/p>\n<h3>Lastare<\/h3>\n<p>I frontlastare hj\u00e4lper de till att lyfta och dumpa gods effektivt.<\/p>\n<p><img decoding=\"async\" src=\"https:\/\/www.hydraulic-cylinders.net\/wp-content\/uploads\/2025\/01\/songte-oil-pipes-and-spare-parts.webp\"><\/p>\n<h2>Design\u00f6verv\u00e4ganden och urvalskriterier<\/h2>\n<ul>\n<li>B\u00e4rf\u00f6rm\u00e5ga: Skopscylindrar \u00e4r konstruerade f\u00f6r att klara de specificerade belastningskraven och s\u00e4kerst\u00e4lla s\u00e4ker drift.<\/li>\n<li>T\u00e4tning: Olika t\u00e4tningar, s\u00e5som kolvt\u00e4tningar och kolvst\u00e5ngst\u00e4tningar tillverkade av slitstarka material som polyuretan och nitrilgummi, anv\u00e4nds f\u00f6r att s\u00e4kerst\u00e4lla effektiv t\u00e4tning och f\u00f6rhindra l\u00e4ckage.<\/li>\n<li>H\u00e5llbarhet: Cylinderhuset och de g\u00e4ngade \u00e4ndarna genomg\u00e5r en finbehandling f\u00f6r att f\u00f6rb\u00e4ttra slitstyrkan.<\/li>\n<li>S\u00e4kerhet: S\u00e4kerhetsfunktioner \u00e4r integrerade i konstruktionen f\u00f6r att f\u00f6rhindra olyckor och s\u00e4kerst\u00e4lla operat\u00f6rens skydd.<\/li>\n<li>Underh\u00e5llbarhet: H\u00e4nsyn tas till enkelt underh\u00e5ll och reparation, vilket m\u00f6jligg\u00f6r effektiv service och minimerar stillest\u00e5ndstid.<\/li>\n<\/ul>\n<p><img decoding=\"async\" src=\"https:\/\/www.hydraulic-cylinders.net\/wp-content\/uploads\/2025\/01\/songte-bushings-with-all-kinds-of-excavator-models.webp\"><\/p>\n<h2>T\u00e4tning och sm\u00f6rjning<\/h2>\n<p>Skopscylindrar anv\u00e4nder olika t\u00e4tningar, s\u00e5som kolvt\u00e4tningar och kolvst\u00e5ngst\u00e4tningar, tillverkade av slitstarka material. Cylinderhuset och de g\u00e4ngade \u00e4ndarna genomg\u00e5r en finbehandling f\u00f6r att f\u00f6rb\u00e4ttra slitstyrkan. Regelbunden sm\u00f6rjning med l\u00e4mplig m\u00e4ngd hydraulolja \u00e4r n\u00f6dv\u00e4ndig f\u00f6r att s\u00e4kerst\u00e4lla smidig drift och f\u00f6rl\u00e4nga cylinderns livsl\u00e4ngd.<\/p>\n<h2>Inspektion och f\u00f6rebyggande underh\u00e5ll<\/h2>\n<p>Regelbunden inspektion och f\u00f6rebyggande underh\u00e5lls\u00e5tg\u00e4rder \u00e4r avg\u00f6rande f\u00f6r optimal prestanda och livsl\u00e4ngd hos skopcylindern. Dessa \u00e5tg\u00e4rder inkluderar:<\/p>\n<ul>\n<li>Regelbunden inspektion av cylindern f\u00f6r tecken p\u00e5 slitage, skador eller l\u00e4ckage.<\/li>\n<li>Korrekt sm\u00f6rjning av cylinderkomponenterna.<\/li>\n<li>Byte av slitna t\u00e4tningar och regelbundna kalibreringskontroller.<\/li>\n<\/ul>\n<p><img decoding=\"async\" src=\"https:\/\/www.hydraulic-cylinders.net\/wp-content\/uploads\/2025\/01\/songte-chushion-collar.webp\"><\/p>\n<h2>S\u00e4kerhetsaspekter och milj\u00f6faktorer<\/h2>\n<p>Vid anv\u00e4ndning av skopcylindrar \u00e4r det viktigt att f\u00f6lja s\u00e4kerhets\u00e5tg\u00e4rder f\u00f6r att s\u00e4kerst\u00e4lla operat\u00f6rens s\u00e4kerhet och f\u00f6rhindra olyckor. Korrekt installation, drift och underh\u00e5ll \u00e4r avg\u00f6rande f\u00f6r att uppr\u00e4tth\u00e5lla en s\u00e4ker arbetsmilj\u00f6. Milj\u00f6faktorer b\u00f6r ocks\u00e5 beaktas f\u00f6r att minimera eventuell negativ p\u00e5verkan under drift.<\/p>\n<h2>Feldiagnos och vanliga problem<\/h2>\n<p>Vid fel \u00e4r det viktigt att diagnostisera och \u00e5tg\u00e4rda problemen snabbt. Vanliga problem som kan uppst\u00e5 inkluderar:<\/p>\n<ul>\n<li>L\u00e4ckage av hydraulv\u00e4tska.<\/li>\n<li>Felaktig eller ryckig r\u00f6relse av skopan.<\/li>\n<li>Minskad lyft- eller tryckkraft.<\/li>\n<\/ul>\n<p>F\u00f6r varje problem b\u00f6r snabb fels\u00f6kning och l\u00e4mpliga l\u00f6sningar implementeras, tillsammans med f\u00f6rebyggande \u00e5tg\u00e4rder f\u00f6r att minimera potentiella problem.<\/p>\n<p><img decoding=\"async\" src=\"https:\/\/www.hydraulic-cylinders.net\/wp-content\/uploads\/2025\/01\/songte-company-1.webp\"><\/p>\n<h2>Slutsats<\/h2>\n<p>Som en ledande tillverkare och grossistdistribut\u00f6r av hydraulcylindrar erbjuder v\u00e5rt f\u00f6retag ett omfattande produktsortiment. Vi prioriterar h\u00f6gsta kvalitet och anv\u00e4nder strategier f\u00f6r industriell produktionsledning i v\u00e5ra v\u00e4lutrustade tillverkningsverkst\u00e4der. Med v\u00e5r tekniska expertis, toppmoderna tillverkningsutrustning och professionella testsystem f\u00f6rb\u00e4ttrar vi kontinuerligt v\u00e5ra tillverkningsm\u00f6jligheter, f\u00f6rb\u00e4ttrar produktkvaliteten och har f\u00f6rm\u00e5gan att m\u00f6ta olika kundbehov med h\u00f6g effektivitet, precision och kvalitet. V\u00e5rt f\u00f6retag utm\u00e4rker sig genom professionalism, internationella certifieringar, kundanpassade tj\u00e4nster, produktionsutrustning och eftermarknadssupport.<\/p>\n<p><img decoding=\"async\" src=\"https:\/\/www.hydraulic-cylinders.net\/wp-content\/uploads\/2025\/01\/songte-company-3.webp\"><\/p>\n<p>F\u00f6rfattare: lyl<\/p>","protected":false},"excerpt":{"rendered":"<p>Bucket Cylinder For Kobelco Small Excavator SK115 Introduction A bucket cylinder is a specially designed hydraulic cylinder used to control the movement of buckets in heavy machinery such as excavators, backhoe loaders, and front-end loaders. Its main function is to enable the bucket to perform lifting, lowering, and tilting actions, facilitating various material handling tasks. [&hellip;]<\/p>","protected":false},"featured_media":14765,"comment_status":"open","ping_status":"closed","template":"","meta":{"_et_pb_use_builder":"","_et_pb_old_content":"","_et_gb_content_width":""},"product_brand":[],"product_cat":[1494],"product_tag":[1495,1496],"class_list":{"0":"post-15339","1":"product","2":"type-product","3":"status-publish","4":"has-post-thumbnail","6":"product_cat-bucket-cylinders","7":"product_tag-bucket-cylinders","8":"product_tag-hydraulic-cylinders","10":"first","11":"instock","12":"shipping-taxable","13":"product-type-simple"},"amp_enabled":true,"_links":{"self":[{"href":"https:\/\/www.hydraulic-cylinders.net\/sv\/wp-json\/wp\/v2\/product\/15339","targetHints":{"allow":["GET"]}}],"collection":[{"href":"https:\/\/www.hydraulic-cylinders.net\/sv\/wp-json\/wp\/v2\/product"}],"about":[{"href":"https:\/\/www.hydraulic-cylinders.net\/sv\/wp-json\/wp\/v2\/types\/product"}],"replies":[{"embeddable":true,"href":"https:\/\/www.hydraulic-cylinders.net\/sv\/wp-json\/wp\/v2\/comments?post=15339"}],"wp:featuredmedia":[{"embeddable":true,"href":"https:\/\/www.hydraulic-cylinders.net\/sv\/wp-json\/wp\/v2\/media\/14765"}],"wp:attachment":[{"href":"https:\/\/www.hydraulic-cylinders.net\/sv\/wp-json\/wp\/v2\/media?parent=15339"}],"wp:term":[{"taxonomy":"product_brand","embeddable":true,"href":"https:\/\/www.hydraulic-cylinders.net\/sv\/wp-json\/wp\/v2\/product_brand?post=15339"},{"taxonomy":"product_cat","embeddable":true,"href":"https:\/\/www.hydraulic-cylinders.net\/sv\/wp-json\/wp\/v2\/product_cat?post=15339"},{"taxonomy":"product_tag","embeddable":true,"href":"https:\/\/www.hydraulic-cylinders.net\/sv\/wp-json\/wp\/v2\/product_tag?post=15339"}],"curies":[{"name":"wp","href":"https:\/\/api.w.org\/{rel}","templated":true}]}}