{"id":15355,"date":"2025-01-19T14:25:34","date_gmt":"2025-01-19T14:25:34","guid":{"rendered":"https:\/\/www.hydraulic-cylinders.net\/product\/bucket-cylinder-for-kobelco-middle-excavator-sk250-8\/"},"modified":"2025-01-19T14:25:36","modified_gmt":"2025-01-19T14:25:36","slug":"bucket-cylinder-for-kobelco-middle-excavator-sk250-8","status":"publish","type":"product","link":"https:\/\/www.hydraulic-cylinders.net\/sv\/produkt\/bucket-cylinder-for-kobelco-middle-excavator-sk250-8\/","title":{"rendered":"Skopscylinder f\u00f6r Kobelco mellangr\u00e4vmaskin SK250-8"},"content":{"rendered":"<h1>Skopscylinder f\u00f6r Kobelco mellangr\u00e4vmaskin SK250-8<\/h1>\n<h2>Introduktion<\/h2>\n<h3>Vad \u00e4r en hinkcylinder?<\/h3>\n<p>En skopcylinder \u00e4r en specialiserad hydraulcylinder som \u00e4r konstruerad f\u00f6r att styra r\u00f6relsen hos skopor i tunga maskiner som gr\u00e4vmaskiner, gr\u00e4vlastare och frontlastare. Dess huvudsakliga funktion \u00e4r att g\u00f6ra det m\u00f6jligt f\u00f6r skopan att lyfta, s\u00e4nka och luta, vilket g\u00f6r det enklare att utf\u00f6ra olika materialhanteringsuppgifter. I hydraulsystemet uppn\u00e5r skopcylindern exakt kontroll \u00f6ver skopan genom f\u00f6r\u00e4ndringar i hydrauloljetrycket, vilket g\u00f6r det m\u00f6jligt f\u00f6r f\u00f6rare att effektivt hantera tunga laster och anpassa sig till komplexa arbetsmilj\u00f6er och olika driftskrav.<\/p>\n<p><img decoding=\"async\" src=\"https:\/\/www.hydraulic-cylinders.net\/wp-content\/uploads\/2025\/01\/songte-company-2.webp\" alt=\"Bild av skopcylinder\"><\/p>\n<h3>Funktioner hos skopcylindern<\/h3>\n<ul>\n<li><strong>H\u00f6g styrka och h\u00e5llbarhet:<\/strong> Den \u00e4r vanligtvis tillverkad av h\u00f6gh\u00e5llfast st\u00e5l eller aluminium och t\u00e5l h\u00f6gt tryck och tunga belastningar, vilket g\u00f6r den l\u00e4mplig f\u00f6r tuffa arbetsmilj\u00f6er. Konstruktionen tar h\u00e4nsyn till slitstyrka och korrosionsbest\u00e4ndighet, vilket f\u00f6rl\u00e4nger livsl\u00e4ngden.<\/li>\n<li><strong>Effektiv hydraulisk drift:<\/strong> Genom att anv\u00e4nda hydrauloljetryck f\u00f6r att uppn\u00e5 j\u00e4mn f\u00f6rl\u00e4ngning och sammandragning kan den snabbt reagera p\u00e5 kontrollkommandon, ge kraftfull tryck- och dragkraft och vara l\u00e4mplig f\u00f6r hantering av tunga laster och komplexa uppgifter.<\/li>\n<li><strong>Olika typer:<\/strong> Enkelverkande (hydrauliska cylindrar anv\u00e4nds endast i en riktning) eller dubbelverkande (hydrauliska cylindrar anv\u00e4nds i tv\u00e5 riktningar) kan v\u00e4ljas efter behov f\u00f6r att m\u00f6ta olika driftsbehov. Vissa modeller \u00e4r teleskopiska, vilket m\u00f6jligg\u00f6r st\u00f6rre utdrag utan att \u00f6ka de yttersta m\u00e5tten, och \u00e4r l\u00e4mpliga f\u00f6r applikationer med begr\u00e4nsat utrymme.<\/li>\n<li><strong>Enkel installation:<\/strong> V\u00e5r produkt kan perfekt ers\u00e4tta dessa hydraulcylindrar.<\/li>\n<li><strong>Anpassningsbar:<\/strong> Vi kan tillverka kundanpassade hydraulcylindrar enligt v\u00e5ra kunders specifika krav.<\/li>\n<\/ul>\n<p><img decoding=\"async\" src=\"https:\/\/www.hydraulic-cylinders.net\/wp-content\/uploads\/2025\/01\/songte-cylinder-head-with-all-kinds-excavator-models.webp\" alt=\"Bild av skopcylinder 2\"><\/p>\n<h3>Till\u00e4mpningar av hinkcylinder<\/h3>\n<h4>Byggutrustning<\/h4>\n<p>I gr\u00e4vmaskiner \u00e4r de avg\u00f6rande f\u00f6r att gr\u00e4va, lasta och flytta jord eller skr\u00e4p. I gr\u00e4vlastare hj\u00e4lper skopcylindern till vid b\u00e5de gr\u00e4vning och lyftning. <\/p>\n<h4>Jordbruksmaskiner<\/h4>\n<p>Anv\u00e4nds f\u00f6r frontlastare, f\u00f6r att plocka upp, lyfta och transportera jord, h\u00f6 och andra material. I gr\u00e4vmaskiner g\u00f6r skopcylindern att skopan kan tr\u00e4nga ner i jorden f\u00f6r gr\u00e4vning. I frontlastare hj\u00e4lper de till med att luta och dumpa last effektivt.<\/p>\n<h4>Andra applikationer<\/h4>\n<p>Skopcylindern anv\u00e4nds \u00e4ven i andra till\u00e4mpningar s\u00e5som gruvdrift, skogsbruk och materialhantering.<\/p>\n<h3>Design\u00f6verv\u00e4ganden och urvalskriterier<\/h3>\n<h4>B\u00e4rf\u00f6rm\u00e5ga<\/h4>\n<p>B\u00e4rf\u00f6rm\u00e5gan hos en skopcylinder \u00e4r avg\u00f6rande och den b\u00f6r v\u00e4ljas utifr\u00e5n den maximala belastning den beh\u00f6ver b\u00e4ra. Det \u00e4r viktigt att s\u00e4kerst\u00e4lla att cylindern kan hantera det maximala trycket och den belastning den kommer att uts\u00e4ttas f\u00f6r under drift.<\/p>\n<h4>T\u00e4tning och h\u00e5llbarhet<\/h4>\n<p>T\u00e4tning och h\u00e5llbarhet \u00e4r avg\u00f6rande f\u00f6r cylinderns prestanda och livsl\u00e4ngd. Kolvt\u00e4tningen och st\u00e5ngt\u00e4tningen b\u00f6r vara tillverkade av slitstarka och korrosionsbest\u00e4ndiga material som polyuretan och nitrilgummi. Cylinderhuset och de g\u00e4ngade \u00e4ndytorna b\u00f6r finbehandlas f\u00f6r att f\u00f6rb\u00e4ttra slitstyrkan. Regelbunden sm\u00f6rjning med l\u00e4mplig hydraulolja \u00e4r ocks\u00e5 n\u00f6dv\u00e4ndig f\u00f6r att bibeh\u00e5lla cylinderns optimala prestanda.<\/p>\n<p><img decoding=\"async\" src=\"https:\/\/www.hydraulic-cylinders.net\/wp-content\/uploads\/2025\/01\/songte-oil-pipes-and-spare-parts.webp\" alt=\"Bild av skopcylinder 3\"><\/p>\n<h3>Underh\u00e5ll och reparation<\/h3>\n<h4>Installation<\/h4>\n<p>Korrekt installation \u00e4r avg\u00f6rande f\u00f6r att s\u00e4kerst\u00e4lla skopcylinderns optimala prestanda och livsl\u00e4ngd. Det rekommenderas att rikta in cylindern korrekt under installationen och anv\u00e4nda l\u00e4mpliga monteringsf\u00e4sten f\u00f6r att s\u00e4kra den.<\/p>\n<h4>Underh\u00e5ll<\/h4>\n<ul>\n<li><strong>Regelbunden inspektion:<\/strong> Regelbunden inspektion av cylinderns skick \u00e4r n\u00f6dv\u00e4ndig f\u00f6r att uppt\u00e4cka slitage eller skador och vidta korrigerande \u00e5tg\u00e4rder i tid.<\/li>\n<li><strong>Sm\u00f6rjning:<\/strong> Regelbunden sm\u00f6rjning med l\u00e4mplig hydraulolja \u00e4r n\u00f6dv\u00e4ndig f\u00f6r att bibeh\u00e5lla cylinderns optimala prestanda.<\/li>\n<li><strong>Byte av t\u00e4tning:<\/strong> T\u00e4tningar b\u00f6r bytas ut regelbundet f\u00f6r att s\u00e4kerst\u00e4lla korrekt t\u00e4tning och f\u00f6rhindra oljel\u00e4ckage.<\/li>\n<\/ul>\n<h4>Reparera<\/h4>\n<p>F\u00f6r alla reparationer rekommenderas att du r\u00e5dfr\u00e5gar v\u00e5ra erfarna tekniker f\u00f6r att s\u00e4kerst\u00e4lla att arbetet utf\u00f6rs enligt h\u00f6gsta standard.<\/p>\n<h3>S\u00e4kerhets- och milj\u00f6h\u00e4nsyn<\/h3>\n<p>Vid hantering av skopcylindern \u00e4r det viktigt att vidta alla n\u00f6dv\u00e4ndiga s\u00e4kerhets\u00e5tg\u00e4rder f\u00f6r att f\u00f6rhindra olyckor. Korrekt hantering av anv\u00e4nd hydraulolja och annat farligt avfall \u00e4r ocks\u00e5 viktigt f\u00f6r att skydda milj\u00f6n.<\/p>\n<p><img decoding=\"async\" src=\"https:\/\/www.hydraulic-cylinders.net\/wp-content\/uploads\/2025\/01\/songte-chushion-collar.webp\" alt=\"Skopscylinderbild 4\"><\/p>\n<h3>Fels\u00f6kning och vanliga problem<\/h3>\n<p>Vanliga problem med skopcylindrar inkluderar oljel\u00e4ckage, skador p\u00e5 t\u00e4tningar och fel p\u00e5 kolvst\u00e5ngen. Om du st\u00f6ter p\u00e5 problem med din skopcylinder, v\u00e4nligen kontakta v\u00e5ra erfarna tekniker f\u00f6r hj\u00e4lp.<\/p>\n<h3>Om oss<\/h3>\n<p>Vi \u00e4r en tillverkare av hydraulcylindrar f\u00f6r reservdelar, erbjuder ett brett utbud av produkter och \u00e4r en av de ledande tillverkarna och grossistdistribut\u00f6rerna av hydraulcylindrar p\u00e5 den inhemska och internationella marknaden. Vi f\u00f6ljer strategin f\u00f6r utm\u00e4rkt kvalitet och f\u00f6rlitar oss p\u00e5 industrialisering av produktionsledning i sofistikerade tillverkningsverkst\u00e4der. V\u00e5rt f\u00f6retag f\u00f6rb\u00e4ttrar kontinuerligt verkstadens tillverkningsplattform, f\u00f6rb\u00e4ttrar produkternas produktionskvalitet och har en stark produktionsf\u00f6rm\u00e5ga. Vi tillgodoser kundernas olika behov genom att f\u00f6lja principerna om h\u00f6g effektivitet, h\u00f6g precision och h\u00f6g kvalitet. <\/p>\n<p><img decoding=\"async\" src=\"https:\/\/hzpt.com\/wp-content\/uploads\/2024\/11\/songte-company-1.webp\" alt=\"Skopscylinderbild 5\"><\/p>\n<h4>Professionalism<\/h4>\n<p>Vi har ett team av experter med m\u00e5nga \u00e5rs erfarenhet, teknisk expertis och avancerad tillverkningsutrustning.<\/p>\n<h4>Internationell certifiering<\/h4>\n<p>V\u00e5ra produkter \u00e4r certifierade av internationella organisationer och uppfyller de h\u00f6gsta standarderna f\u00f6r kvalitet och s\u00e4kerhet.<\/p>\n<h4>Anpassningstj\u00e4nster<\/h4>\n<p>Vi erbjuder anpassningstj\u00e4nster f\u00f6r att m\u00f6ta v\u00e5ra kunders specifika krav.<\/p>\n<h4>Produktionsutrustning<\/h4>\n<p>Vi har avancerad digital tillverkningsutrustning och professionella testsystem f\u00f6r att s\u00e4kerst\u00e4lla v\u00e5ra produkters h\u00f6ga kvalitet.<\/p>\n<h4>Eftermarknadsservice<\/h4>\n<p>Vi erbjuder omfattande eftermarknadsservice, inklusive reservdelsbyte och renovering, f\u00f6r att s\u00e4kerst\u00e4lla v\u00e5ra produkters l\u00e5nga livsl\u00e4ngd.<\/p>\n<p>F\u00f6rfattare: lyl.<\/p>","protected":false},"excerpt":{"rendered":"<p>Bucket Cylinder For Kobelco Middle Excavator SK250-8 Introduction What is a Bucket Cylinder? A bucket cylinder is a specialized hydraulic cylinder designed for controlling the movement of buckets in heavy machinery such as excavators, backhoe loaders, and front-end loaders. Its main function is to enable the bucket to lift, lower, and tilt, making it easier [&hellip;]<\/p>","protected":false},"featured_media":14762,"comment_status":"open","ping_status":"closed","template":"","meta":{"_et_pb_use_builder":"","_et_pb_old_content":"","_et_gb_content_width":""},"product_brand":[],"product_cat":[1494],"product_tag":[1495,1496],"class_list":{"0":"post-15355","1":"product","2":"type-product","3":"status-publish","4":"has-post-thumbnail","6":"product_cat-bucket-cylinders","7":"product_tag-bucket-cylinders","8":"product_tag-hydraulic-cylinders","10":"first","11":"instock","12":"shipping-taxable","13":"product-type-simple"},"amp_enabled":true,"_links":{"self":[{"href":"https:\/\/www.hydraulic-cylinders.net\/sv\/wp-json\/wp\/v2\/product\/15355","targetHints":{"allow":["GET"]}}],"collection":[{"href":"https:\/\/www.hydraulic-cylinders.net\/sv\/wp-json\/wp\/v2\/product"}],"about":[{"href":"https:\/\/www.hydraulic-cylinders.net\/sv\/wp-json\/wp\/v2\/types\/product"}],"replies":[{"embeddable":true,"href":"https:\/\/www.hydraulic-cylinders.net\/sv\/wp-json\/wp\/v2\/comments?post=15355"}],"wp:featuredmedia":[{"embeddable":true,"href":"https:\/\/www.hydraulic-cylinders.net\/sv\/wp-json\/wp\/v2\/media\/14762"}],"wp:attachment":[{"href":"https:\/\/www.hydraulic-cylinders.net\/sv\/wp-json\/wp\/v2\/media?parent=15355"}],"wp:term":[{"taxonomy":"product_brand","embeddable":true,"href":"https:\/\/www.hydraulic-cylinders.net\/sv\/wp-json\/wp\/v2\/product_brand?post=15355"},{"taxonomy":"product_cat","embeddable":true,"href":"https:\/\/www.hydraulic-cylinders.net\/sv\/wp-json\/wp\/v2\/product_cat?post=15355"},{"taxonomy":"product_tag","embeddable":true,"href":"https:\/\/www.hydraulic-cylinders.net\/sv\/wp-json\/wp\/v2\/product_tag?post=15355"}],"curies":[{"name":"wp","href":"https:\/\/api.w.org\/{rel}","templated":true}]}}