{"id":15356,"date":"2025-01-19T14:25:38","date_gmt":"2025-01-19T14:25:38","guid":{"rendered":"https:\/\/www.hydraulic-cylinders.net\/product\/bucket-cylinder-for-kobelco-middle-excavator-sk270d-8\/"},"modified":"2025-01-19T14:25:40","modified_gmt":"2025-01-19T14:25:40","slug":"bucket-cylinder-for-kobelco-middle-excavator-sk270d-8","status":"publish","type":"product","link":"https:\/\/www.hydraulic-cylinders.net\/sv\/produkt\/bucket-cylinder-for-kobelco-middle-excavator-sk270d-8\/","title":{"rendered":"Skopscylinder f\u00f6r Kobelco mellangr\u00e4vmaskin SK270D-8"},"content":{"rendered":"<h1>Skopscylinder f\u00f6r Kobelco mellangr\u00e4vmaskin SK270D-8<\/h1>\n<h2>Introduktion<\/h2>\n<p>Skopcylindern till Kobelco mellangr\u00e4vmaskin SK270D-8 \u00e4r en specialdesignad hydraulcylinder som anv\u00e4nds f\u00f6r att styra skopans r\u00f6relse i tunga maskiner, s\u00e5som gr\u00e4vmaskiner, traktorgr\u00e4vmaskiner och frontlastare. Dess huvudsakliga funktion \u00e4r att g\u00f6ra det m\u00f6jligt att lyfta, s\u00e4nka och luta skopan, vilket g\u00f6r det enklare att hantera olika materialhanteringsuppgifter. I hydraulsystemet uppn\u00e5r skopcylindern exakt kontroll \u00f6ver skopan genom tryckvariationer i hydrauloljan, vilket g\u00f6r det m\u00f6jligt f\u00f6r operat\u00f6rer att hantera tunga f\u00f6rem\u00e5l effektivt och anpassa sig till komplexa arbetsmilj\u00f6er och olika arbetskrav.<\/p>\n<p><img decoding=\"async\" src=\"https:\/\/www.hydraulic-cylinders.net\/wp-content\/uploads\/2025\/01\/songte-company-2.webp\" alt=\"Bild av skopcylinder\"><\/p>\n<h2>Drag<\/h2>\n<ul>\n<li>H\u00f6g h\u00e5llfasthet och h\u00e5llbarhet: Vanligtvis tillverkad av h\u00f6gh\u00e5llfast st\u00e5l eller aluminium, t\u00e5l h\u00f6gt tryck och tunga belastningar, \u00e4r anpassningsbar till tuffa arbetsmilj\u00f6er och konstruerad med slitstyrka och korrosionsbest\u00e4ndighet i \u00e5tanke f\u00f6r att f\u00f6rl\u00e4nga livsl\u00e4ngden.<\/li>\n<li>Effektiv hydraulisk drift: Smidig ut- och indragningsr\u00f6relse uppn\u00e5s genom att utnyttja hydrauloljans tryck. Den kan snabbt reagera p\u00e5 man\u00f6verkommandon och ge kraftfull tryck- och dragkraft, vilket g\u00f6r den l\u00e4mplig f\u00f6r hantering av tunga f\u00f6rem\u00e5l och komplexa arbetsuppgifter.<\/li>\n<li>Olika typer: Enkelverkande (med hydraulik endast i en riktning) eller dubbelverkande (med hydraulik i b\u00e5da riktningarna) cylindrar kan v\u00e4ljas efter behov f\u00f6r att m\u00f6ta olika driftskrav. Vissa modeller \u00e4r inf\u00e4llbara, vilket m\u00f6jligg\u00f6r st\u00f6rre r\u00e4ckvidd utan att \u00f6ka de yttre m\u00e5tten, vilket g\u00f6r dem l\u00e4mpliga f\u00f6r applikationer d\u00e4r utrymmet \u00e4r begr\u00e4nsat.<\/li>\n<li>Utbytbar: V\u00e5r produkt \u00e4r en perfekt ers\u00e4ttning f\u00f6r dessa hydraulcylindrar. <\/li>\n<\/ul>\n<p><img decoding=\"async\" src=\"https:\/\/www.hydraulic-cylinders.net\/wp-content\/uploads\/2025\/01\/songte-cylinder-head-with-all-kinds-excavator-models.webp\" alt=\"Bild av skopcylinder\"><\/p>\n<h2>Applikationer<\/h2>\n<h3>Byggutrustning<\/h3>\n<p>I gr\u00e4vmaskiner \u00e4r de viktiga f\u00f6r att gr\u00e4va, lasta och flytta jord eller skr\u00e4p. I gr\u00e4vmaskiner med gr\u00e4vaggregat hj\u00e4lper skopcylindern till b\u00e5de vid gr\u00e4vning och lyftning. I frontlastare hj\u00e4lper de till att lyfta och tilta gods effektivt.<\/p>\n<h3>Jordbruksmaskiner<\/h3>\n<p>Anv\u00e4nds f\u00f6r frontlastare f\u00f6r att \u00f6sa, lyfta och transportera jord, h\u00f6 och andra material. I gr\u00e4vmaskiner m\u00f6jligg\u00f6r skopcylindrar gr\u00e4vning genom att l\u00e5ta skopan tr\u00e4nga ner i jorden. <\/p>\n<h2>Design\u00f6verv\u00e4ganden och urvalskriterier<\/h2>\n<h3>B\u00e4rkraft<\/h3>\n<p>Skopscylindrar \u00e4r vanligtvis konstruerade f\u00f6r att motst\u00e5 h\u00f6ga tryckbelastningar och tunga belastningar. Valet av material och bearbetningsteknik b\u00f6r beaktas utifr\u00e5n dessa faktorer f\u00f6r att s\u00e4kerst\u00e4lla cylinderns l\u00e5ngsiktiga anv\u00e4ndning och tillf\u00f6rlitlighet.<\/p>\n<h3>T\u00e4tning<\/h3>\n<p>Olika t\u00e4tningskomponenter s\u00e5som kolvt\u00e4tningar, kolvst\u00e5ngst\u00e4tningar och andra b\u00f6r anv\u00e4ndas. Polyuretan, nitrilgummi och andra slitstarka material \u00e4r att f\u00f6redra f\u00f6r t\u00e4tningskomponenterna. Cylinderhuset och den g\u00e4ngade \u00e4ndytan b\u00f6r finbearbetas f\u00f6r att f\u00f6rb\u00e4ttra slitstyrkan. Regelbunden p\u00e5fyllning av hydraulolja \u00e4r avg\u00f6rande f\u00f6r sm\u00f6rjning.<\/p>\n<p><img decoding=\"async\" src=\"https:\/\/www.hydraulic-cylinders.net\/wp-content\/uploads\/2025\/01\/songte-oil-pipes-and-spare-parts.webp\" alt=\"Bild av skopcylinder\"><\/p>\n<h2>Underh\u00e5ll och fels\u00f6kning<\/h2>\n<p>Regelbundet underh\u00e5ll, inklusive sm\u00f6rjning, byte av t\u00e4tningar och kalibreringskontroller, \u00e4r avg\u00f6rande f\u00f6r att f\u00f6rl\u00e4nga livsl\u00e4ngden p\u00e5 skopcylindrar. Korrekta installations-, sm\u00f6rjnings- och justeringsprocedurer b\u00f6r f\u00f6ljas f\u00f6r att s\u00e4kerst\u00e4lla korrekt funktion. Det rekommenderas att cylindern riktas in korrekt, att l\u00e4mpliga installationsf\u00e4sten anv\u00e4nds f\u00f6r att s\u00e4kra cylindern och att rekommenderade inspektions-, reparations- och utbytesprocedurer f\u00f6ljs. <\/p>\n<ul>\n<li>Regelbunden inspektion<\/li>\n<li>L\u00e4mplig sm\u00f6rjning<\/li>\n<li>Kontroller av t\u00e4tningsbyte och kalibrering<\/li>\n<\/ul>\n<p><img decoding=\"async\" src=\"https:\/\/www.hydraulic-cylinders.net\/wp-content\/uploads\/2025\/01\/songte-chushion-collar.webp\" alt=\"Bild av skopcylinder\"><\/p>\n<h2>S\u00e4kerhets- och milj\u00f6h\u00e4nsyn<\/h2>\n<p>Skopscylindrar b\u00f6r hanteras med l\u00e4mpliga s\u00e4kerhets\u00e5tg\u00e4rder och i enlighet med tillverkarens instruktioner f\u00f6r att undvika olyckor och skador. Det \u00e4r viktigt att \u00e5tervinna eller kassera hydraulolja p\u00e5 r\u00e4tt s\u00e4tt f\u00f6r att skydda milj\u00f6n.<\/p>\n<p><img decoding=\"async\" src=\"https:\/\/www.hydraulic-cylinders.net\/wp-content\/uploads\/2025\/01\/songte-bushings-with-all-kinds-of-excavator-models.webp\" alt=\"Bild av skopcylinder\"><\/p>\n<h2>Om v\u00e5rt f\u00f6retag<\/h2>\n<p>Vi \u00e4r en ledande tillverkare och grossist av hydraulcylindrar p\u00e5 den inhemska och internationella marknaden, med ett komplett produktsortiment. Vi f\u00f6ljer strategin f\u00f6r industrialiserad produktionsledning baserad p\u00e5 utm\u00e4rkt kvalitet och f\u00f6rlitar oss p\u00e5 till\u00e4mpningen av teknisk talang, digital avancerad tillverkningsutrustning och professionella testsystem f\u00f6r att kontinuerligt f\u00f6rb\u00e4ttra tillverkningsplattformen i verkstaden och f\u00f6rb\u00e4ttra produktionsv\u00e4gen f\u00f6r produktkvalitet. Vi har stark kreativ f\u00f6rm\u00e5ga och f\u00f6ljer principerna om h\u00f6g effektivitet, h\u00f6g precision och h\u00f6g kvalitet f\u00f6r att m\u00f6ta kundernas olika behov.<\/p>\n<p><img decoding=\"async\" src=\"https:\/\/hzpt.com\/wp-content\/uploads\/2024\/11\/songte-company-1.webp\" alt=\"Bild av skopcylinder\"><\/p>\n<h3>Professionalism<\/h3>\n<p>Vi har ett professionellt team med m\u00e5nga \u00e5rs erfarenhet av tillverkning av hydraulcylindrar, vilket s\u00e4kerst\u00e4ller kvaliteten och tillf\u00f6rlitligheten hos v\u00e5ra produkter.<\/p>\n<h3>Internationell certifiering<\/h3>\n<p>V\u00e5ra produkter har klarat olika internationella certifieringsstandarder, s\u00e5som ISO9001, CE och andra, vilket garanterar produktkvalitet och tillf\u00f6rlitlighet.<\/p>\n<h3>Anpassning<\/h3>\n<p>Vi erbjuder anpassningstj\u00e4nster f\u00f6r att m\u00f6ta v\u00e5ra kunders varierande behov.<\/p>\n<h3>Produktionsutrustning<\/h3>\n<p>Vi har avancerad produktionsutrustning och teknik f\u00f6r att s\u00e4kerst\u00e4lla kvaliteten p\u00e5 v\u00e5ra produkter.<\/p>\n<h3>Eftermarknadsservice<\/h3>\n<p>Vi erbjuder omfattande eftermarknadsservice, inklusive reservdelsbyte och reparationer, f\u00f6r att f\u00f6rl\u00e4nga v\u00e5ra produkters livsl\u00e4ngd.<\/p>\n<p>F\u00f6rfattare: lyl<\/p>","protected":false},"excerpt":{"rendered":"<p>Bucket Cylinder For Kobelco Middle Excavator SK270D-8 Introduction The bucket cylinder for Kobelco middle excavator SK270D-8 is a specially designed hydraulic cylinder used to control the movement of the bucket in heavy machinery, such as excavators, backhoe excavators, and front-end loaders. Its main function is to enable the bucket to lift, lower, and tilt, making [&hellip;]<\/p>","protected":false},"featured_media":14761,"comment_status":"open","ping_status":"closed","template":"","meta":{"_et_pb_use_builder":"","_et_pb_old_content":"","_et_gb_content_width":""},"product_brand":[],"product_cat":[1494],"product_tag":[1495,1496],"class_list":{"0":"post-15356","1":"product","2":"type-product","3":"status-publish","4":"has-post-thumbnail","6":"product_cat-bucket-cylinders","7":"product_tag-bucket-cylinders","8":"product_tag-hydraulic-cylinders","10":"first","11":"instock","12":"shipping-taxable","13":"product-type-simple"},"amp_enabled":true,"_links":{"self":[{"href":"https:\/\/www.hydraulic-cylinders.net\/sv\/wp-json\/wp\/v2\/product\/15356","targetHints":{"allow":["GET"]}}],"collection":[{"href":"https:\/\/www.hydraulic-cylinders.net\/sv\/wp-json\/wp\/v2\/product"}],"about":[{"href":"https:\/\/www.hydraulic-cylinders.net\/sv\/wp-json\/wp\/v2\/types\/product"}],"replies":[{"embeddable":true,"href":"https:\/\/www.hydraulic-cylinders.net\/sv\/wp-json\/wp\/v2\/comments?post=15356"}],"wp:featuredmedia":[{"embeddable":true,"href":"https:\/\/www.hydraulic-cylinders.net\/sv\/wp-json\/wp\/v2\/media\/14761"}],"wp:attachment":[{"href":"https:\/\/www.hydraulic-cylinders.net\/sv\/wp-json\/wp\/v2\/media?parent=15356"}],"wp:term":[{"taxonomy":"product_brand","embeddable":true,"href":"https:\/\/www.hydraulic-cylinders.net\/sv\/wp-json\/wp\/v2\/product_brand?post=15356"},{"taxonomy":"product_cat","embeddable":true,"href":"https:\/\/www.hydraulic-cylinders.net\/sv\/wp-json\/wp\/v2\/product_cat?post=15356"},{"taxonomy":"product_tag","embeddable":true,"href":"https:\/\/www.hydraulic-cylinders.net\/sv\/wp-json\/wp\/v2\/product_tag?post=15356"}],"curies":[{"name":"wp","href":"https:\/\/api.w.org\/{rel}","templated":true}]}}