{"id":15365,"date":"2025-01-19T14:26:13","date_gmt":"2025-01-19T14:26:13","guid":{"rendered":"https:\/\/www.hydraulic-cylinders.net\/product\/bucket-cylinder-for-kobelco-large-excavator-sk450-6-6e\/"},"modified":"2025-01-19T14:26:21","modified_gmt":"2025-01-19T14:26:21","slug":"bucket-cylinder-for-kobelco-large-excavator-sk450-6-6e","status":"publish","type":"product","link":"https:\/\/www.hydraulic-cylinders.net\/sv\/produkt\/bucket-cylinder-for-kobelco-large-excavator-sk450-6-6e\/","title":{"rendered":"Skopscylinder f\u00f6r Kobelco stor gr\u00e4vmaskin SK450-6-6E"},"content":{"rendered":"<h1>Skopscylinder f\u00f6r Kobelco stor gr\u00e4vmaskin SK450-6-6E<\/h1>\n<h2>Introduktion<\/h2>\n<p>Skopcylindern till Kobelcos stora gr\u00e4vmaskin SK450-6-6E \u00e4r en specialdesignad hydraulcylinder som fr\u00e4mst anv\u00e4nds f\u00f6r att styra skopans r\u00f6relse i tunga maskiner som gr\u00e4vmaskiner, traktorgr\u00e4vmaskiner och frontlastare. Dess huvudsakliga funktion \u00e4r att m\u00f6jligg\u00f6ra lyftning, s\u00e4nkning och lutning av skopan, vilket underl\u00e4ttar olika materialhanteringsuppgifter. I hydraulsystemet uppn\u00e5r skopcylindern exakt kontroll \u00f6ver skopans r\u00f6relse genom f\u00f6r\u00e4ndringar i hydrauloljetrycket, vilket g\u00f6r det m\u00f6jligt f\u00f6r f\u00f6rare att hantera tunga laster effektivt och anpassa sig till komplexa arbetsmilj\u00f6er och olika driftsbehov.<\/p>\n<p><img decoding=\"async\" src=\"https:\/\/www.hydraulic-cylinders.net\/wp-content\/uploads\/2025\/01\/songte-company-2.webp\" \/><\/p>\n<h2>Drag<\/h2>\n<ul>\n<li>H\u00f6g h\u00e5llfasthet och h\u00e5llbarhet: Vanligtvis tillverkad av h\u00f6gh\u00e5llfast st\u00e5l eller aluminium, t\u00e5l den h\u00f6gt tryck och tunga belastningar och anpassar sig till tuffa arbetsmilj\u00f6er. Designen tar h\u00e4nsyn till slitstyrka och korrosionsbest\u00e4ndighet, vilket f\u00f6rl\u00e4nger livsl\u00e4ngden.<\/li>\n<li>Effektiv hydraulisk drift: Smidiga ut- och sammandragningsr\u00f6relser uppn\u00e5s genom att utnyttja hydrauloljetrycket, vilket m\u00f6jligg\u00f6r snabb respons p\u00e5 man\u00f6verkommandon och ger kraftfulla tryck- och dragkrafter, l\u00e4mpliga f\u00f6r hantering av tunga laster och komplexa driftsuppgifter.<\/li>\n<li>Olika typer: Enkelverkande (hydrauliska cylindrar anv\u00e4nds endast i en riktning) eller dubbelverkande (hydrauliska cylindrar anv\u00e4nds i b\u00e5da riktningarna) cylindrar kan v\u00e4ljas efter behov f\u00f6r att m\u00f6ta olika driftsbehov. Vissa modeller \u00e4r teleskopiska, vilket m\u00f6jligg\u00f6r st\u00f6rre expansion utan att \u00f6ka de yttre m\u00e5tten, l\u00e4mpliga f\u00f6r utrymmesbegr\u00e4nsade till\u00e4mpningar.<\/li>\n<li>Mycket anpassningsbar: V\u00e5r produkt kan perfekt ers\u00e4tta dessa hydraulcylindrar.<\/li>\n<\/ul>\n<p><img decoding=\"async\" src=\"https:\/\/www.hydraulic-cylinders.net\/wp-content\/uploads\/2025\/01\/songte-cylinder-head-with-all-kinds-excavator-models.webp\" \/><\/p>\n<h2>Ans\u00f6kan<\/h2>\n<p>Skopscylindern har ett brett anv\u00e4ndningsomr\u00e5de inom olika branscher. N\u00e5gra av de vanligaste till\u00e4mpningarna \u00e4r:<\/p>\n<ul>\n<li>Byggmaskiner: I gr\u00e4vmaskiner \u00e4r de avg\u00f6rande f\u00f6r att gr\u00e4va, lasta och flytta jord eller skr\u00e4p. I gr\u00e4vmaskiner med gr\u00e4vaggregat hj\u00e4lper skopcylindern till med b\u00e5de gr\u00e4vning och lyftning. <\/li>\n<li>Jordbruksmaskiner: Anv\u00e4nds i frontlastare, de skopar, lyfter och transporterar jord, h\u00f6 och andra material. <\/li>\n<li>Gr\u00e4vmaskiner: Skopans cylinder m\u00f6jligg\u00f6r gr\u00e4vning genom att l\u00e5ta skopan tr\u00e4nga ner i jorden. <\/li>\n<li>Lastare: I frontlastare hj\u00e4lper de till med att lyfta och dumpa last effektivt.<\/li>\n<\/ul>\n<p>V\u00e5r skopcylinder \u00e4r perfekt f\u00f6r dessa till\u00e4mpningar och fler. <\/p>\n<h2>Design\u00f6verv\u00e4ganden och urvalsstandarder<\/h2>\n<p>Skopscylindern \u00e4r en viktig komponent i hydrauliska system, och dess designaspekter och urvalsstandarder \u00e4r avg\u00f6rande f\u00f6r att s\u00e4kerst\u00e4lla optimal prestanda. N\u00e5gra av de viktigaste designaspekterna inkluderar:<\/p>\n<ul>\n<li>B\u00e4rf\u00f6rm\u00e5ga: Cylindern m\u00e5ste kunna motst\u00e5 belastningen utan att b\u00f6jas eller g\u00e5 s\u00f6nder.<\/li>\n<li>T\u00e4tning: Korrekt t\u00e4tning \u00e4r avg\u00f6rande f\u00f6r att f\u00f6rhindra oljel\u00e4ckage och s\u00e4kerst\u00e4lla optimal prestanda.<\/li>\n<li>H\u00e5llbarhet: Cylindern m\u00e5ste vara tillverkad av h\u00f6gkvalitativa material som \u00e4r motst\u00e5ndskraftiga mot slitage och korrosion f\u00f6r att s\u00e4kerst\u00e4lla en l\u00e5ng livsl\u00e4ngd.<\/li>\n<li>S\u00e4kerhet: Cylindern m\u00e5ste vara konstruerad med s\u00e4kerhet i \u00e5tanke, med funktioner som s\u00e4kerhetsventiler f\u00f6r att f\u00f6rhindra \u00f6verbelastning.<\/li>\n<li>Underh\u00e5llbarhet: Cylindern m\u00e5ste vara l\u00e4tt att underh\u00e5lla och reparera, med enkel \u00e5tkomst till komponenter och tydliga instruktioner f\u00f6r underh\u00e5ll och reparation.<\/li>\n<\/ul>\n<p>V\u00e5r skopcylinder uppfyller alla dessa konstruktions\u00f6verv\u00e4ganden, vilket s\u00e4kerst\u00e4ller optimal prestanda och l\u00e5ng livsl\u00e4ngd.<\/p>\n<p><img decoding=\"async\" src=\"https:\/\/www.hydraulic-cylinders.net\/wp-content\/uploads\/2025\/01\/songte-oil-pipes-and-spare-parts.webp\" \/><\/p>\n<h2>T\u00e4tning och sm\u00f6rjning<\/h2>\n<p>Skopscylindern anv\u00e4nder olika t\u00e4tningskomponenter s\u00e5som kolvt\u00e4tningar, kolvst\u00e5ngst\u00e4tningar etc., tillverkade av slitstarka material s\u00e5som polyuretan, nitrilgummi etc. T\u00e4tningssystemet m\u00e5ste sm\u00f6rjas ordentligt och cylindern b\u00f6r regelbundet underh\u00e5llas med l\u00e4mplig m\u00e4ngd hydraulolja f\u00f6r att s\u00e4kerst\u00e4lla optimal prestanda.<\/p>\n<h2>Underh\u00e5ll och reparation<\/h2>\n<p>Regelbundet underh\u00e5ll och reparation \u00e4r avg\u00f6rande f\u00f6r att s\u00e4kerst\u00e4lla optimal prestanda och l\u00e5ng livsl\u00e4ngd f\u00f6r skopcylindern. N\u00e5gra av de vanliga underh\u00e5llsuppgifterna inkluderar regelbundna inspektioner, korrekt sm\u00f6rjning och byte av t\u00e4tningar. Korrekt installation, sm\u00f6rjning och justering \u00e4r ocks\u00e5 avg\u00f6rande f\u00f6r optimal prestanda. Anv\u00e4ndning av korrekta monteringsdetaljer f\u00f6r att s\u00e4kra cylindern, rekommenderade inspektions-, reparations- och utbytesprocedurer, samt anv\u00e4ndning av renoveringstj\u00e4nster kan alla bidra till att f\u00f6rb\u00e4ttra skopcylinderns livsl\u00e4ngd.<\/p>\n<p><img decoding=\"async\" src=\"https:\/\/www.hydraulic-cylinders.net\/wp-content\/uploads\/2025\/01\/songte-chushion-collar.webp\" \/><\/p>\n<h2>S\u00e4kerhets- och milj\u00f6h\u00e4nsyn<\/h2>\n<p>Skopscylindern \u00e4r en viktig komponent i tunga maskiner, och s\u00e4kerhet m\u00e5ste vara h\u00f6gsta prioritet vid anv\u00e4ndning. Korrekt hantering, drift och underh\u00e5ll b\u00f6r f\u00f6ljas f\u00f6r att s\u00e4kerst\u00e4lla optimal s\u00e4kerhet och milj\u00f6skydd. <\/p>\n<h2>Vanliga fel och fels\u00f6kning<\/h2>\n<p>Vanliga fel i skopcylindern inkluderar oljel\u00e4ckage, trasiga t\u00e4tningar och skadade st\u00e4nger. Korrekt inspektion och underh\u00e5ll kan bidra till att f\u00f6rhindra dessa fel. Om fel uppst\u00e5r b\u00f6r korrekta fels\u00f6knings- och reparationsprocedurer f\u00f6ljas f\u00f6r att \u00e5terst\u00e4lla optimal prestanda. Det rekommenderas att vidta f\u00f6rebyggande \u00e5tg\u00e4rder f\u00f6r att minimera potentiella problem.<\/p>\n<p><img decoding=\"async\" src=\"https:\/\/www.hydraulic-cylinders.net\/wp-content\/uploads\/2025\/01\/songte-bushings-with-all-kinds-of-excavator-models.webp\" \/><\/p>\n<h2>Om v\u00e5rt f\u00f6retag<\/h2>\n<p>Vi \u00e4r en tillverkare av hydraulcylindrar f\u00f6r reservdelar med ett komplett produktsortiment. Vi \u00e4r en av de ledande tillverkarna och grossisterna av hydraulcylindrar p\u00e5 den inhemska och internationella marknaden. Vi f\u00f6ljer principen om utm\u00e4rkt kvalitet, f\u00f6rlitar oss p\u00e5 den industrialiserade produktionsstrategin fr\u00e5n fintillverkningsverkst\u00e4der och f\u00f6rb\u00e4ttrar kontinuerligt tillverkningsplattformen i v\u00e5ra verkst\u00e4der med tekniska talanger, digital avancerad tillverkningsutrustning och professionella testsystem. Vi str\u00e4var efter att tillhandah\u00e5lla h\u00f6geffektiva, h\u00f6gprecisions- och h\u00f6gkvalitativa produkter f\u00f6r att m\u00f6ta v\u00e5ra kunders olika behov. <\/p>\n<p>Vi str\u00e4var efter att erbjuda v\u00e5ra kunder professionella, internationellt certifierade och kundanpassade tj\u00e4nster. V\u00e5r produktionsutrustning och eftermarknadsservice \u00e4r av h\u00f6gsta klass, vilket s\u00e4kerst\u00e4ller optimal prestanda och l\u00e5ng livsl\u00e4ngd f\u00f6r v\u00e5ra produkter. <\/p>\n<p><img decoding=\"async\" src=\"https:\/\/hzpt.com\/wp-content\/uploads\/2024\/11\/songte-company-1.webp\" \/><\/p>\n<p><em>F\u00f6rfattare: lyl<\/em><\/p>","protected":false},"excerpt":{"rendered":"<p>Bucket Cylinder For Kobelco Large Excavator SK450-6-6E Introduction The bucket cylinder for Kobelco large excavator SK450-6-6E is a specially designed hydraulic cylinder primarily used to control the movement of the bucket in heavy machinery such as excavators, backhoe excavators, and front-end loaders. Its main function is to enable lifting, lowering, and tilting of the bucket, [&hellip;]<\/p>","protected":false},"featured_media":14776,"comment_status":"open","ping_status":"closed","template":"","meta":{"_et_pb_use_builder":"","_et_pb_old_content":"","_et_gb_content_width":""},"product_brand":[],"product_cat":[1494],"product_tag":[1495,1496],"class_list":{"0":"post-15365","1":"product","2":"type-product","3":"status-publish","4":"has-post-thumbnail","6":"product_cat-bucket-cylinders","7":"product_tag-bucket-cylinders","8":"product_tag-hydraulic-cylinders","10":"first","11":"instock","12":"shipping-taxable","13":"product-type-simple"},"amp_enabled":true,"_links":{"self":[{"href":"https:\/\/www.hydraulic-cylinders.net\/sv\/wp-json\/wp\/v2\/product\/15365","targetHints":{"allow":["GET"]}}],"collection":[{"href":"https:\/\/www.hydraulic-cylinders.net\/sv\/wp-json\/wp\/v2\/product"}],"about":[{"href":"https:\/\/www.hydraulic-cylinders.net\/sv\/wp-json\/wp\/v2\/types\/product"}],"replies":[{"embeddable":true,"href":"https:\/\/www.hydraulic-cylinders.net\/sv\/wp-json\/wp\/v2\/comments?post=15365"}],"wp:featuredmedia":[{"embeddable":true,"href":"https:\/\/www.hydraulic-cylinders.net\/sv\/wp-json\/wp\/v2\/media\/14776"}],"wp:attachment":[{"href":"https:\/\/www.hydraulic-cylinders.net\/sv\/wp-json\/wp\/v2\/media?parent=15365"}],"wp:term":[{"taxonomy":"product_brand","embeddable":true,"href":"https:\/\/www.hydraulic-cylinders.net\/sv\/wp-json\/wp\/v2\/product_brand?post=15365"},{"taxonomy":"product_cat","embeddable":true,"href":"https:\/\/www.hydraulic-cylinders.net\/sv\/wp-json\/wp\/v2\/product_cat?post=15365"},{"taxonomy":"product_tag","embeddable":true,"href":"https:\/\/www.hydraulic-cylinders.net\/sv\/wp-json\/wp\/v2\/product_tag?post=15365"}],"curies":[{"name":"wp","href":"https:\/\/api.w.org\/{rel}","templated":true}]}}