{"id":15367,"date":"2025-01-19T14:26:28","date_gmt":"2025-01-19T14:26:28","guid":{"rendered":"https:\/\/www.hydraulic-cylinders.net\/product\/bucket-cylinder-for-kobelco-large-excavator-sk495d\/"},"modified":"2025-01-19T14:26:30","modified_gmt":"2025-01-19T14:26:30","slug":"bucket-cylinder-for-kobelco-large-excavator-sk495d","status":"publish","type":"product","link":"https:\/\/www.hydraulic-cylinders.net\/sv\/produkt\/bucket-cylinder-for-kobelco-large-excavator-sk495d\/","title":{"rendered":"Skopcylinder f\u00f6r Kobelco stor gr\u00e4vmaskin SK495D"},"content":{"rendered":"<h1>Skopcylinder f\u00f6r Kobelco stor gr\u00e4vmaskin SK495D<\/h1>\n<h2>Introduktion<\/h2>\n<h3>Definition<\/h3>\n<p>En skopcylinder \u00e4r en specialiserad hydraulcylinder som anv\u00e4nds f\u00f6r att styra skopans r\u00f6relse i tunga maskiner som gr\u00e4vmaskiner, gr\u00e4vmaskiner och frontlastare. Dess huvudsakliga funktion \u00e4r att g\u00f6ra det m\u00f6jligt f\u00f6r skopan att lyfta, s\u00e4nka och luta, vilket g\u00f6r det enklare att hantera olika materialhanteringsuppgifter. I hydraulsystemet anv\u00e4nder skopcylindern f\u00f6r\u00e4ndringar i hydraultrycket f\u00f6r att uppn\u00e5 exakt kontroll \u00f6ver skopan, vilket g\u00f6r det m\u00f6jligt f\u00f6r operat\u00f6rer att hantera tunga laster effektivt och anpassa sig till komplexa arbetsmilj\u00f6er och olika driftsbehov.<\/p>\n<p><img decoding=\"async\" src=\"https:\/\/www.hydraulic-cylinders.net\/wp-content\/uploads\/2025\/01\/songte-company-2.webp\"><\/p>\n<h2>Drag<\/h2>\n<ul>\n<li><strong>H\u00f6g styrka och h\u00e5llbarhet:<\/strong> Vanligtvis tillverkad av h\u00f6gh\u00e5llfast st\u00e5l eller aluminium, t\u00e5l den h\u00f6gt tryck och tunga belastningar, anpassar sig till tuffa arbetsmilj\u00f6er och \u00e4r konstruerad med h\u00e4nsyn till slitstyrka och korrosionsbest\u00e4ndighet f\u00f6r att f\u00f6rl\u00e4nga livsl\u00e4ngden.<\/li>\n<li><strong>Effektiv hydraulisk drift:<\/strong> Genom att anv\u00e4nda hydrauloljetryck f\u00f6r att uppn\u00e5 j\u00e4mn f\u00f6rl\u00e4ngning och sammandragning kan den reagera snabbt p\u00e5 man\u00f6verkommandon och ge kraftfulla drag- och tryckkrafter som \u00e4r l\u00e4mpliga f\u00f6r hantering av tunga laster och komplexa arbetsuppgifter.<\/li>\n<li><strong>Olika typer:<\/strong> Enkelverkande (hydraulik anv\u00e4nds endast i en riktning) eller dubbelverkande (hydraulik anv\u00e4nds i b\u00e5da riktningarna) cylindrar kan v\u00e4ljas efter driftskrav. Vissa modeller \u00e4r teleskopiska, vilket m\u00f6jligg\u00f6r st\u00f6rre utdrag utan att \u00f6ka ytterm\u00e5tten, l\u00e4mpliga f\u00f6r applikationer med begr\u00e4nsat utrymme.<\/li>\n<li><strong>Mycket anpassningsbar:<\/strong> Vi kan producera cylindrar som perfekt ers\u00e4tter dessa hydraulcylindrar.<\/li>\n<\/ul>\n<p><img decoding=\"async\" src=\"https:\/\/www.hydraulic-cylinders.net\/wp-content\/uploads\/2025\/01\/songte-cylinder-head-with-all-kinds-excavator-models.webp\"><\/p>\n<h2>Applikationer<\/h2>\n<h3>Byggutrustning<\/h3>\n<p>I gr\u00e4vmaskiner \u00e4r de viktiga f\u00f6r att gr\u00e4va, lasta och flytta jord eller skr\u00e4p. I gr\u00e4vmaskiner med gr\u00e4vlastare hj\u00e4lper skopcylindrar till med gr\u00e4vning och lyftning. I frontlastare hj\u00e4lper de till att lyfta och dumpa gods effektivt.<\/p>\n<h3>Jordbruksmaskiner<\/h3>\n<p>Anv\u00e4nds i frontlastare f\u00f6r att skopa, lyfta och transportera jord, h\u00f6 och andra material. I gr\u00e4vmaskiner m\u00f6jligg\u00f6r skopcylindrar gr\u00e4vning genom att l\u00e5ta skopan tr\u00e4nga ner i jorden.<\/p>\n<h3>Andra applikationer<\/h3>\n<p>Skopcylindrar anv\u00e4nds ocks\u00e5 i annan tung utrustning, inklusive kranar, gaffeltruckar och hydraulpressar.<\/p>\n<h2>Design\u00f6verv\u00e4ganden och urvalskriterier<\/h2>\n<ul>\n<li><strong>B\u00e4rkraft:<\/strong> Cylindern m\u00e5ste kunna b\u00e4ra lastens vikt.<\/li>\n<li><strong>T\u00e4tning:<\/strong> Cylindern m\u00e5ste vara ordentligt t\u00e4tad f\u00f6r att f\u00f6rhindra l\u00e4ckage och s\u00e4kerst\u00e4lla problemfri drift.<\/li>\n<li><strong>Varaktighet:<\/strong> Cylindern m\u00e5ste kunna motst\u00e5 p\u00e5frestningarna vid h\u00e5rd anv\u00e4ndning och tuffa milj\u00f6f\u00f6rh\u00e5llanden.<\/li>\n<li><strong>S\u00e4kerhet:<\/strong> Cylindern m\u00e5ste vara konstruerad och installerad f\u00f6r att f\u00f6rhindra olyckor och skador.<\/li>\n<li><strong>Underh\u00e5llbarhet:<\/strong> Cylindern m\u00e5ste vara konstruerad f\u00f6r enkelt underh\u00e5ll och reparation.<\/li>\n<\/ul>\n<p><img decoding=\"async\" src=\"https:\/\/www.hydraulic-cylinders.net\/wp-content\/uploads\/2025\/01\/songte-oil-pipes-and-spare-parts.webp\"><\/p>\n<h2>T\u00e4tning och sm\u00f6rjning<\/h2>\n<p>Olika t\u00e4tningskomponenter, s\u00e5som kolvt\u00e4tningar och kolvst\u00e5ngst\u00e4tningar, anv\u00e4nds, och t\u00e4tningarna \u00e4r tillverkade av slitstarka material som polyuretan och nitrilgummi. Cylinderhuset och den g\u00e4ngade \u00e4ndytan \u00e4r noggrant bearbetade f\u00f6r att f\u00f6rb\u00e4ttra slitstyrkan. Regelbunden p\u00e5fyllning av hydraulolja kr\u00e4vs f\u00f6r sm\u00f6rjning.<\/p>\n<h2>Underh\u00e5ll och reparation<\/h2>\n<p>F\u00f6ljande \u00e4r vanliga underh\u00e5llsuppgifter f\u00f6r skopcylindrar:<\/p>\n<ul>\n<li>Regelbunden inspektion<\/li>\n<li>Korrekt sm\u00f6rjning<\/li>\n<li>Byte av t\u00e4tning<\/li>\n<li>Kalibrering<\/li>\n<\/ul>\n<p>Korrekt installation, sm\u00f6rjning och justering \u00e4r avg\u00f6rande, och korrekt inriktning av cylindern b\u00f6r s\u00e4kerst\u00e4llas under installationen. Det rekommenderas att anv\u00e4nda l\u00e4mpliga monteringsf\u00e4sten f\u00f6r att s\u00e4kra cylindern, och rekommenderade kontroll-, reparations- och utbytesprocedurer f\u00f6r att f\u00f6rl\u00e4nga cylinderns livsl\u00e4ngd.<\/p>\n<p><img decoding=\"async\" src=\"https:\/\/www.hydraulic-cylinders.net\/wp-content\/uploads\/2025\/01\/songte-chushion-collar.webp\"><\/p>\n<h2>S\u00e4kerhets- och milj\u00f6h\u00e4nsyn<\/h2>\n<p>Det \u00e4r viktigt att f\u00f6lja s\u00e4kerhetsprotokoll vid anv\u00e4ndning av skopcylindrar, inklusive att b\u00e4ra personlig skyddsutrustning och f\u00f6lja rekommenderade driftsprocedurer. Korrekt kassering av hydraulv\u00e4tska och andra material \u00e4r ocks\u00e5 viktigt f\u00f6r att skydda milj\u00f6n.<\/p>\n<h2>Vanliga problem och fels\u00f6kning<\/h2>\n<ul>\n<li>Cylindern l\u00e4cker<\/li>\n<li>Cylindern str\u00e4cker sig eller drar sig inte ihop ordentligt<\/li>\n<li>Cylindern l\u00e5ter konstigt<\/li>\n<\/ul>\n<p>F\u00f6r att fels\u00f6ka dessa problem kan du inspektera cylindern f\u00f6r tecken p\u00e5 skador eller slitage, kontrollera hydraulv\u00e4tskeniv\u00e5n och se till att cylindern \u00e4r korrekt installerad och justerad. Korrekt underh\u00e5ll och reparation kan bidra till att f\u00f6rhindra att dessa problem uppst\u00e5r.<\/p>\n<p><img decoding=\"async\" src=\"https:\/\/www.hydraulic-cylinders.net\/wp-content\/uploads\/2025\/01\/songte-bushings-with-all-kinds-of-excavator-models.webp\"><\/p>\n<h2>Om v\u00e5rt f\u00f6retag<\/h2>\n<p>Vi \u00e4r en tillverkare som tillverkar hydraulcylindrar f\u00f6r reservdelar, och v\u00e5rt f\u00f6retag erbjuder ett komplett sortiment av produkter. Vi har blivit en av de ledande tillverkarna och grossistdistribut\u00f6rerna av hydraulcylindrar p\u00e5 inhemska och utl\u00e4ndska marknader. Vi f\u00f6ljer principen om h\u00f6gsta kvalitet och f\u00f6rlitar oss p\u00e5 den industrialiserade produktionsstrategin fr\u00e5n fintillverkningsverkst\u00e4der. Vi f\u00f6rb\u00e4ttrar kontinuerligt verkstadens tillverkningsplattform genom att anv\u00e4nda tekniska talanger, digital avancerad tillverkningsutrustning och professionella testsystem, perfektionerar produktionsv\u00e4gen f\u00f6r produktkvalitet och har en stark skapande f\u00f6rm\u00e5ga att m\u00f6ta kundernas olika behov med h\u00f6g effektivitet, h\u00f6g precision och h\u00f6g kvalitet.<\/p>\n<p>Vi erbjuder professionella, internationellt certifierade, kundanpassade tj\u00e4nster, tillverkningsutrustning och eftermarknadsservice f\u00f6r att ut\u00f6ka v\u00e5rt f\u00f6retags introduktion.<\/p>\n<p><img decoding=\"async\" src=\"https:\/\/hzpt.com\/wp-content\/uploads\/2024\/11\/songte-company-1.webp\"><\/p>\n<p>F\u00f6rfattare: lyl.<\/p>","protected":false},"excerpt":{"rendered":"<p>Bucket Cylinder For Kobelco Large Excavator SK495D Introduction Definition A bucket cylinder is a specialized hydraulic cylinder used to control the movement of the bucket in heavy-duty machinery such as excavators, backhoes, and front-end loaders. Its main function is to enable the bucket to lift, lower, and tilt, making it easier to handle various material-handling [&hellip;]<\/p>","protected":false},"featured_media":14771,"comment_status":"open","ping_status":"closed","template":"","meta":{"_et_pb_use_builder":"","_et_pb_old_content":"","_et_gb_content_width":""},"product_brand":[],"product_cat":[1494],"product_tag":[1495,1496],"class_list":{"0":"post-15367","1":"product","2":"type-product","3":"status-publish","4":"has-post-thumbnail","6":"product_cat-bucket-cylinders","7":"product_tag-bucket-cylinders","8":"product_tag-hydraulic-cylinders","10":"first","11":"instock","12":"shipping-taxable","13":"product-type-simple"},"amp_enabled":true,"_links":{"self":[{"href":"https:\/\/www.hydraulic-cylinders.net\/sv\/wp-json\/wp\/v2\/product\/15367","targetHints":{"allow":["GET"]}}],"collection":[{"href":"https:\/\/www.hydraulic-cylinders.net\/sv\/wp-json\/wp\/v2\/product"}],"about":[{"href":"https:\/\/www.hydraulic-cylinders.net\/sv\/wp-json\/wp\/v2\/types\/product"}],"replies":[{"embeddable":true,"href":"https:\/\/www.hydraulic-cylinders.net\/sv\/wp-json\/wp\/v2\/comments?post=15367"}],"wp:featuredmedia":[{"embeddable":true,"href":"https:\/\/www.hydraulic-cylinders.net\/sv\/wp-json\/wp\/v2\/media\/14771"}],"wp:attachment":[{"href":"https:\/\/www.hydraulic-cylinders.net\/sv\/wp-json\/wp\/v2\/media?parent=15367"}],"wp:term":[{"taxonomy":"product_brand","embeddable":true,"href":"https:\/\/www.hydraulic-cylinders.net\/sv\/wp-json\/wp\/v2\/product_brand?post=15367"},{"taxonomy":"product_cat","embeddable":true,"href":"https:\/\/www.hydraulic-cylinders.net\/sv\/wp-json\/wp\/v2\/product_cat?post=15367"},{"taxonomy":"product_tag","embeddable":true,"href":"https:\/\/www.hydraulic-cylinders.net\/sv\/wp-json\/wp\/v2\/product_tag?post=15367"}],"curies":[{"name":"wp","href":"https:\/\/api.w.org\/{rel}","templated":true}]}}