{"id":15369,"date":"2025-01-19T14:26:44","date_gmt":"2025-01-19T14:26:44","guid":{"rendered":"https:\/\/www.hydraulic-cylinders.net\/product\/bucket-cylinder-for-kobelco-large-excavator-sk330-8\/"},"modified":"2025-01-19T14:26:46","modified_gmt":"2025-01-19T14:26:46","slug":"bucket-cylinder-for-kobelco-large-excavator-sk330-8","status":"publish","type":"product","link":"https:\/\/www.hydraulic-cylinders.net\/sv\/produkt\/bucket-cylinder-for-kobelco-large-excavator-sk330-8\/","title":{"rendered":"Skopcylinder f\u00f6r Kobelco stor gr\u00e4vmaskin SK330-8"},"content":{"rendered":"<h1>Skopcylinder f\u00f6r Kobelco stor gr\u00e4vmaskin SK330-8<\/h1>\n<h2>Introduktion<\/h2>\n<p>Skopcylindern f\u00f6r Kobelco Large Excavator SK330-8 \u00e4r en specialdesignad hydraulcylinder som fr\u00e4mst anv\u00e4nds f\u00f6r att styra skopans r\u00f6relse i tunga maskiner som gr\u00e4vmaskiner, gr\u00e4vmaskiner och frontlastare. Dess huvudsakliga funktion \u00e4r att g\u00f6ra det m\u00f6jligt att lyfta, s\u00e4nka och luta skopan, vilket g\u00f6r det enklare att utf\u00f6ra olika materialhanteringsuppgifter. I hydraulsystemet uppn\u00e5r skopcylindern exakt kontroll \u00f6ver skopan genom f\u00f6r\u00e4ndringar i hydrauloljetrycket, vilket g\u00f6r det m\u00f6jligt f\u00f6r f\u00f6raren att effektivt hantera tunga laster, anpassa sig till komplexa arbetsmilj\u00f6er och m\u00f6ta olika driftsbehov.<\/p>\n<p><img decoding=\"async\" src=\"https:\/\/www.hydraulic-cylinders.net\/wp-content\/uploads\/2025\/01\/songte-company-2.webp\" alt=\"Skopscylinder\" \/><\/p>\n<h2>Drag<\/h2>\n<ul>\n<li>\n<h3>H\u00f6g styrka och h\u00e5llbarhet<\/h3>\n<p>Skopscylindern, som vanligtvis \u00e4r tillverkad av h\u00f6gh\u00e5llfast st\u00e5l eller aluminium, t\u00e5l h\u00f6gt tryck och tunga belastningar och anpassar sig till tuffa arbetsmilj\u00f6er. Konstruktionen tar h\u00e4nsyn till slitstyrka och korrosionsbest\u00e4ndighet, vilket f\u00f6rl\u00e4nger livsl\u00e4ngden.<\/p>\n<\/li>\n<li>\n<h3>Effektiv hydraulisk drift<\/h3>\n<p>Genom att utnyttja hydrauloljans tryck f\u00f6r att uppn\u00e5 j\u00e4mn ut- och sammandragning kan skopcylindern snabbt reagera p\u00e5 man\u00f6verkommandon, vilket ger kraftfulla tryck- och dragkrafter l\u00e4mpliga f\u00f6r hantering av tunga laster och komplexa uppgifter.<\/p>\n<\/li>\n<li>\n<h3>Olika typer<\/h3>\n<p>Skopcylindern kan v\u00e4ljas som enkelverkande (hydrauliskt endast i en riktning) eller dubbelverkande (hydrauliskt i b\u00e5da riktningarna) cylinder beroende p\u00e5 driftsbehov. Vissa modeller \u00e4r teleskopiska, vilket m\u00f6jligg\u00f6r st\u00f6rre utdrag utan att \u00f6ka ytterm\u00e5tten, l\u00e4mpliga f\u00f6r applikationer med begr\u00e4nsat utrymme.<\/p>\n<\/li>\n<li>\n<h3>Produktionskapacitet<\/h3>\n<p>Vi kan producera denna produkt och v\u00e5r produkt kan perfekt ers\u00e4tta dessa hydraulcylindrar.<\/p>\n<p>    <img decoding=\"async\" src=\"https:\/\/www.hydraulic-cylinders.net\/wp-content\/uploads\/2025\/01\/songte-cylinder-head-with-all-kinds-excavator-models.webp\" alt=\"Gr\u00e4vmaskinsmodeller\" \/>\n  <\/li>\n<\/ul>\n<h2>Applikationer<\/h2>\n<p>Skopscylindern anv\u00e4nds ofta i olika tunga maskiner, inklusive:<\/p>\n<ul>\n<li>\n<h3>Byggutrustning<\/h3>\n<p>I gr\u00e4vmaskiner \u00e4r de avg\u00f6rande f\u00f6r att gr\u00e4va, lasta och flytta jord eller skr\u00e4p. I gr\u00e4vmaskiner med gr\u00e4vaggregat hj\u00e4lper skopcylindern till med b\u00e5de gr\u00e4vning och lyftning. I frontlastare hj\u00e4lper de till med effektiv lyftning och dumpning av material.<\/p>\n<\/li>\n<li>\n<h3>Jordbruksmaskiner<\/h3>\n<p>Anv\u00e4nds i frontlastare f\u00f6r att \u00f6sa, lyfta och transportera jord, h\u00f6 och andra material.<\/p>\n<\/li>\n<li>\n<h3>Gr\u00e4vmaskiner<\/h3>\n<p>Skopans cylinder g\u00f6r att skopan kan tr\u00e4nga ner i jorden f\u00f6r att utf\u00f6ra gr\u00e4vnings\u00e5tg\u00e4rder.<\/p>\n<\/li>\n<li>\n<h3>Lastare<\/h3>\n<p>I frontlastare hj\u00e4lper de till med effektiv lyftning och lossning av gods.<\/p>\n<\/li>\n<\/ul>\n<h2>Design\u00f6verv\u00e4ganden och urvalskriterier<\/h2>\n<p>Konstruktions\u00f6verv\u00e4ganden f\u00f6r skopcylindern \u00e4r avg\u00f6rande, inklusive dess b\u00e4rf\u00f6rm\u00e5ga, t\u00e4tning, h\u00e5llbarhet, s\u00e4kerhet och underh\u00e5llbarhet. N\u00e5gra av de viktigaste diskussionspunkterna inkluderar:<\/p>\n<ul>\n<li>\n<h3>B\u00e4rf\u00f6rm\u00e5ga<\/h3>\n<p>Skopcylindern m\u00e5ste kunna motst\u00e5 tryck och belastningar i tuffa arbetsmilj\u00f6er, s\u00e5 materialval och strukturell utformning \u00e4r avg\u00f6rande.<\/p>\n<\/li>\n<li>\n<h3>T\u00e4tning<\/h3>\n<p>Skopscylindern anv\u00e4nder olika t\u00e4tningar, s\u00e5som kolvt\u00e4tningar och kolvst\u00e5ngst\u00e4tningar, vilka b\u00f6r vara tillverkade av slitstarka material som polyuretan och nitrilgummi. Cylinderhuset och g\u00e4ng\u00e4nden \u00e4r finbearbetade f\u00f6r att f\u00f6rb\u00e4ttra slitstyrkan. Regelbunden sm\u00f6rjning med hydraulolja kr\u00e4vs.<\/p>\n<p>    <img decoding=\"async\" src=\"https:\/\/www.hydraulic-cylinders.net\/wp-content\/uploads\/2025\/01\/songte-oil-pipes-and-spare-parts.webp\" alt=\"Oljer\u00f6r och reservdelar\" \/>\n  <\/li>\n<li>\n<h3>Varaktighet<\/h3>\n<p>Skopscylindern b\u00f6r konstrueras f\u00f6r att motst\u00e5 slitage och korrosion, vilket f\u00f6rl\u00e4nger livsl\u00e4ngden och minimerar underh\u00e5llsfrekvensen.<\/p>\n<\/li>\n<li>\n<h3>S\u00e4kerhet<\/h3>\n<p>Skopscylindern m\u00e5ste uppfylla s\u00e4kerhetsf\u00f6reskrifter, s\u00e5som ISO-s\u00e4kerhetsstandarder, f\u00f6r att s\u00e4kerst\u00e4lla s\u00e4ker drift.<\/p>\n<\/li>\n<li>\n<h3>Underh\u00e5llbarhet<\/h3>\n<p>Skopcylindern ska vara l\u00e4tt att underh\u00e5lla och reparera, med reservdelar l\u00e4ttillg\u00e4ngliga.<\/p>\n<\/li>\n<\/ul>\n<h2>Underh\u00e5ll och reparation<\/h2>\n<p>Regelbundet underh\u00e5ll och reparationer \u00e4r avg\u00f6rande f\u00f6r att f\u00f6rl\u00e4nga skopcylinderns livsl\u00e4ngd. F\u00f6ljande \u00e4r n\u00e5gra av de vanliga underh\u00e5llsuppgifterna:<\/p>\n<ul>\n<li>\n<h3>Regelbunden inspektion<\/h3>\n<p>Regelbunden inspektion av skopcylindern kan hj\u00e4lpa till att uppt\u00e4cka potentiella problem innan de uppst\u00e5r.<\/p>\n<\/li>\n<li>\n<h3>Sm\u00f6rjning<\/h3>\n<p>Skopcylindern kr\u00e4ver regelbunden sm\u00f6rjning med hydraulolja f\u00f6r att s\u00e4kerst\u00e4lla smidig drift.<\/p>\n<\/li>\n<li>\n<h3>Byte av t\u00e4tning och kalibreringskontroll<\/h3>\n<p>Regelbundet t\u00e4tningsbyte och kalibreringskontroller kan f\u00f6rhindra l\u00e4ckage och s\u00e4kerst\u00e4lla korrekt funktion av skopcylindern.<\/p>\n<\/li>\n<\/ul>\n<p>Korrekt installation, sm\u00f6rjning och justering \u00e4r avg\u00f6rande f\u00f6r skopcylinderns prestanda. Korrekt uppriktningsv\u00e4gledning vid installation av cylindern \u00e4r avg\u00f6rande, och det rekommenderas att anv\u00e4nda l\u00e4mpliga monteringsf\u00e4sten f\u00f6r att s\u00e4kra cylindern. De rekommenderade inspektions-, reparations- och utbytesprocedurerna kan f\u00f6rb\u00e4ttra skopcylinderns livsl\u00e4ngd.<\/p>\n<p><img decoding=\"async\" src=\"https:\/\/www.hydraulic-cylinders.net\/wp-content\/uploads\/2025\/01\/songte-chushion-collar.webp\" alt=\"Kuddekrage\" \/><\/p>\n<h2>S\u00e4kerhets- och milj\u00f6h\u00e4nsyn<\/h2>\n<p>L\u00e4mpliga s\u00e4kerhets\u00e5tg\u00e4rder m\u00e5ste vidtas vid anv\u00e4ndning av skopcylindern, s\u00e5som att f\u00f6lja s\u00e4kerhetsf\u00f6reskrifter och b\u00e4ra skyddsutrustning. Skopcylindern b\u00f6r ocks\u00e5 anv\u00e4ndas p\u00e5 ett milj\u00f6v\u00e4nligt s\u00e4tt, s\u00e5 att allt avfall kasseras p\u00e5 r\u00e4tt s\u00e4tt.<\/p>\n<h2>Fels\u00f6kning och vanliga problem<\/h2>\n<p>Skopscylindern kan st\u00f6ta p\u00e5 n\u00e5gra vanliga problem, inklusive l\u00e4ckage, otillr\u00e4cklig kraft och l\u00e5ngsam r\u00f6relse. Korrekt fels\u00f6kning och snabb probleml\u00f6sning kan minimera driftstopp och minska underh\u00e5llskostnaderna. N\u00e5gra f\u00f6rebyggande \u00e5tg\u00e4rder inkluderar anv\u00e4ndning av h\u00f6gkvalitativ hydraulolja, regelbunden inspektion, reparation och utbyte av t\u00e4tningar samt korrekt installation och justering.<\/p>\n<p><img decoding=\"async\" src=\"https:\/\/www.hydraulic-cylinders.net\/wp-content\/uploads\/2025\/01\/songte-bushings-with-all-kinds-of-excavator-models.webp\" alt=\"Bussningar med gr\u00e4vmaskinsmodeller\" \/><\/p>\n<h2>Om v\u00e5rt f\u00f6retag<\/h2>\n<p>Vi \u00e4r en tillverkare av hydraulcylindrar f\u00f6r ers\u00e4ttning med ett komplett produktsortiment och \u00e4r en av de ledande tillverkarna och grossistdistribut\u00f6rerna av hydraulcylindrar p\u00e5 den inhemska och internationella marknaden. Vi f\u00f6ljer principen om utm\u00e4rkt kvalitet, f\u00f6rlitar oss p\u00e5 den industrialiserade produktionsstrategin fr\u00e5n fintillverkningsverkst\u00e4der, och f\u00f6rb\u00e4ttrar kontinuerligt verkstadens tillverkningsplattform, f\u00f6rb\u00e4ttrar produktens kvalitetsproduktionsv\u00e4g och har stark kreativ f\u00f6rm\u00e5ga. Vi m\u00f6ter kundernas olika behov med h\u00f6g effektivitet, h\u00f6g precision och h\u00f6gkvalitativa produkter.<\/p>\n<p><img decoding=\"async\" src=\"https:\/\/hzpt.com\/wp-content\/uploads\/2024\/11\/songte-company-1.webp\" alt=\"F\u00f6retags\u00f6versikt\" \/><\/p>\n<h3>V\u00e5rt f\u00f6retags styrkor inkluderar:<\/h3>\n<ul>\n<li>\n<p>Professionalism<\/p>\n<\/li>\n<li>\n<p>Internationell certifiering<\/p>\n<\/li>\n<li>\n<p>Anpassad tj\u00e4nst<\/p>\n<\/li>\n<li>\n<p>Avancerad produktionsutrustning<\/p>\n<\/li>\n<li>\n<p>Eftermarknadsservice<\/p>\n<\/li>\n<\/ul>\n<p>F\u00f6rfattare: lyl<\/p>","protected":false},"excerpt":{"rendered":"<p>Bucket Cylinder For Kobelco Large Excavator SK330-8 Introduction The Bucket Cylinder for Kobelco Large Excavator SK330-8 is a specially designed hydraulic cylinder primarily used to control the movement of the bucket in heavy machinery such as excavators, backhoe excavators, and front-end loaders. Its main function is to enable the bucket to lift, lower, and tilt, [&hellip;]<\/p>","protected":false},"featured_media":14765,"comment_status":"open","ping_status":"closed","template":"","meta":{"_et_pb_use_builder":"","_et_pb_old_content":"","_et_gb_content_width":""},"product_brand":[],"product_cat":[1494],"product_tag":[1495,1496],"class_list":{"0":"post-15369","1":"product","2":"type-product","3":"status-publish","4":"has-post-thumbnail","6":"product_cat-bucket-cylinders","7":"product_tag-bucket-cylinders","8":"product_tag-hydraulic-cylinders","10":"first","11":"instock","12":"shipping-taxable","13":"product-type-simple"},"amp_enabled":true,"_links":{"self":[{"href":"https:\/\/www.hydraulic-cylinders.net\/sv\/wp-json\/wp\/v2\/product\/15369","targetHints":{"allow":["GET"]}}],"collection":[{"href":"https:\/\/www.hydraulic-cylinders.net\/sv\/wp-json\/wp\/v2\/product"}],"about":[{"href":"https:\/\/www.hydraulic-cylinders.net\/sv\/wp-json\/wp\/v2\/types\/product"}],"replies":[{"embeddable":true,"href":"https:\/\/www.hydraulic-cylinders.net\/sv\/wp-json\/wp\/v2\/comments?post=15369"}],"wp:featuredmedia":[{"embeddable":true,"href":"https:\/\/www.hydraulic-cylinders.net\/sv\/wp-json\/wp\/v2\/media\/14765"}],"wp:attachment":[{"href":"https:\/\/www.hydraulic-cylinders.net\/sv\/wp-json\/wp\/v2\/media?parent=15369"}],"wp:term":[{"taxonomy":"product_brand","embeddable":true,"href":"https:\/\/www.hydraulic-cylinders.net\/sv\/wp-json\/wp\/v2\/product_brand?post=15369"},{"taxonomy":"product_cat","embeddable":true,"href":"https:\/\/www.hydraulic-cylinders.net\/sv\/wp-json\/wp\/v2\/product_cat?post=15369"},{"taxonomy":"product_tag","embeddable":true,"href":"https:\/\/www.hydraulic-cylinders.net\/sv\/wp-json\/wp\/v2\/product_tag?post=15369"}],"curies":[{"name":"wp","href":"https:\/\/api.w.org\/{rel}","templated":true}]}}