{"id":15374,"date":"2025-01-19T14:27:03","date_gmt":"2025-01-19T14:27:03","guid":{"rendered":"https:\/\/www.hydraulic-cylinders.net\/product\/bucket-cylinder-for-kobelco-large-excavator-sk950dlc\/"},"modified":"2025-01-19T14:27:05","modified_gmt":"2025-01-19T14:27:05","slug":"bucket-cylinder-for-kobelco-large-excavator-sk950dlc","status":"publish","type":"product","link":"https:\/\/www.hydraulic-cylinders.net\/sv\/produkt\/bucket-cylinder-for-kobelco-large-excavator-sk950dlc\/","title":{"rendered":"Skopcylinder f\u00f6r Kobelco stor gr\u00e4vmaskin SK950DLC"},"content":{"rendered":"<h1>Skopcylinder f\u00f6r Kobelco stor gr\u00e4vmaskin SK950DLC<\/h1>\n<h2>Introduktion<\/h2>\n<p>Skopcylindern till Kobelcos stora gr\u00e4vmaskin SK950DLC \u00e4r en specialiserad hydraulcylinder som fr\u00e4mst \u00e4r utformad f\u00f6r att styra skopans r\u00f6relse i tunga maskiner som gr\u00e4vmaskiner, traktorgr\u00e4vmaskiner och frontlastare. Dess huvudsakliga syfte \u00e4r att g\u00f6ra det m\u00f6jligt att lyfta, s\u00e4nka och luta skopan, vilket g\u00f6r det enklare att utf\u00f6ra olika materialhanteringsuppgifter. I hydraulsystemet uppn\u00e5r skopcylindern exakt kontroll \u00f6ver skopans r\u00f6relse genom att \u00e4ndra hydrauloljans tryck, vilket g\u00f6r det m\u00f6jligt f\u00f6r operat\u00f6rer att hantera tunga f\u00f6rem\u00e5l effektivt och anpassa sig till komplexa arbetsmilj\u00f6er och olika arbetskrav.<\/p>\n<p><img decoding=\"async\" src=\"https:\/\/www.hydraulic-cylinders.net\/wp-content\/uploads\/2025\/01\/songte-company-2.webp\" alt=\"Bild av skopcylinder\"><\/p>\n<h2>Drag<\/h2>\n<ul>\n<li>\n<h3>H\u00f6g styrka och h\u00e5llbarhet<\/h3>\n<p>Cylindern \u00e4r vanligtvis tillverkad av h\u00f6gh\u00e5llfast st\u00e5l eller aluminium, vilket t\u00e5l h\u00f6gt tryck och tunga belastningar och anpassar sig till tuffa arbetsmilj\u00f6er. Konstruktionen tar h\u00e4nsyn till slitstyrka och korrosionsbest\u00e4ndighet, vilket f\u00f6rl\u00e4nger dess livsl\u00e4ngd.<\/p>\n<\/li>\n<li>\n<h3>Effektiv hydraulisk drift<\/h3>\n<p>Cylindern anv\u00e4nder hydrauloljetryck f\u00f6r att uppn\u00e5 en j\u00e4mn teleskopisk r\u00f6relse, reagerar snabbt p\u00e5 man\u00f6verkommandon och ger en kraftfull tryck- och dragkraft l\u00e4mplig f\u00f6r hantering av tunga f\u00f6rem\u00e5l och komplexa arbetsuppgifter.<\/p>\n<\/li>\n<li>\n<h3>Olika typer<\/h3>\n<p>Cylindern kan v\u00e4ljas som enkelverkande (hydraulisk anv\u00e4nds endast i en riktning) eller dubbelverkande (hydraulisk anv\u00e4nds i b\u00e5da riktningarna) beroende p\u00e5 behovet f\u00f6r att m\u00f6ta olika driftskrav. Vissa modeller \u00e4r teleskopiska, vilket m\u00f6jligg\u00f6r st\u00f6rre expansion utan att \u00f6ka den yttre storleken, l\u00e4mpliga f\u00f6r applikationer med begr\u00e4nsat utrymme.<\/p>\n<\/li>\n<li>\n<h3>Perfekt ers\u00e4ttning<\/h3>\n<p>Vi kan producera den h\u00e4r produkten, och v\u00e5r produkt kan perfekt ers\u00e4tta dessa hydraulcylindrar.<\/p>\n<\/li>\n<\/ul>\n<p><img decoding=\"async\" src=\"https:\/\/www.hydraulic-cylinders.net\/wp-content\/uploads\/2025\/01\/songte-cylinder-head-with-all-kinds-excavator-models.webp\" alt=\"Produktbytesbild\"><\/p>\n<h2>Applikationer<\/h2>\n<p>Skopscylindern anv\u00e4nds ofta i olika tunga maskiner, inklusive:<\/p>\n<ul>\n<li>\n<h3>Byggutrustning<\/h3>\n<p>I gr\u00e4vmaskiner \u00e4r de viktiga f\u00f6r gr\u00e4vning, lastning och flyttning av jord eller skr\u00e4p. I gr\u00e4vmaskiner med gr\u00e4vaggregat hj\u00e4lper skopcylindrar till med b\u00e5de gr\u00e4vning och lyftning. <\/p>\n<\/li>\n<li>\n<h3>Jordbruksmaskiner<\/h3>\n<p>Anv\u00e4nds i frontlastare f\u00f6r att skopa, lyfta och transportera jord, h\u00f6 och andra material. I gr\u00e4vmaskiner m\u00f6jligg\u00f6r skopcylindrar gr\u00e4vning genom att l\u00e5ta skopan tr\u00e4nga ner i jorden. <\/p>\n<\/li>\n<li>\n<h3>Lastare<\/h3>\n<p>I frontlastare hj\u00e4lper de till med att lyfta och tilta laster effektivt.<\/p>\n<\/li>\n<\/ul>\n<h2>Design\u00f6verv\u00e4ganden och urvalskriterier<\/h2>\n<p>Vid konstruktion och val av hydraulcylindrar m\u00e5ste flera faktorer beaktas:<\/p>\n<ul>\n<li>\n<h3>B\u00e4rf\u00f6rm\u00e5ga<\/h3>\n<p>Cylindern m\u00e5ste kunna hantera den maximala belastningen som appliceras under drift.<\/p>\n<\/li>\n<li>\n<h3>T\u00e4tning<\/h3>\n<p>Cylindern m\u00e5ste ha effektiv t\u00e4tning f\u00f6r att f\u00f6rhindra att oljel\u00e4ckor, damm och andra f\u00f6roreningar tr\u00e4nger in i cylindern.<\/p>\n<\/li>\n<li>\n<h3>Varaktighet<\/h3>\n<p>Cylindern m\u00e5ste vara tillverkad av h\u00f6gkvalitativa material och konstruerad f\u00f6r att t\u00e5la tuffa arbetsmilj\u00f6er, vilket s\u00e4kerst\u00e4ller l\u00e5ng livsl\u00e4ngd.<\/p>\n<\/li>\n<li>\n<h3>S\u00e4kerhet<\/h3>\n<p>Cylindern m\u00e5ste vara konstruerad med s\u00e4kerhetsfunktioner, s\u00e5som tryckavlastningsventiler, f\u00f6r att f\u00f6rhindra olyckor p\u00e5 grund av \u00f6verbelastning eller fel i hydraulsystemet.<\/p>\n<\/li>\n<li>\n<h3>Underh\u00e5llbarhet<\/h3>\n<p>Cylindern m\u00e5ste vara konstruerad s\u00e5 att underh\u00e5ll och reparation \u00e4r enkelt och kostnadseffektivt.<\/p>\n<\/li>\n<\/ul>\n<p><img decoding=\"async\" src=\"https:\/\/www.hydraulic-cylinders.net\/wp-content\/uploads\/2025\/01\/songte-oil-pipes-and-spare-parts.webp\" alt=\"Bild av reservdelar\"><\/p>\n<h2>T\u00e4tning och sm\u00f6rjning<\/h2>\n<p>Hydraulcylindern anv\u00e4nder olika t\u00e4tningskomponenter, s\u00e5som kolvt\u00e4tningar, kolvst\u00e5ngst\u00e4tningar och avstrykart\u00e4tningar f\u00f6r att f\u00f6rhindra oljel\u00e4ckage. Dessa t\u00e4tningar \u00e4r tillverkade av slitstarka material som polyuretan och nitrilgummi. Cylinderhuset och den g\u00e4ngade \u00e4ndytan \u00e4r finbearbetade f\u00f6r att f\u00f6rb\u00e4ttra slitstyrkan. Regelbunden tillsats av l\u00e4mplig m\u00e4ngd hydraulolja \u00e4r n\u00f6dv\u00e4ndig f\u00f6r sm\u00f6rjning.<\/p>\n<h2>Underh\u00e5ll och reparation<\/h2>\n<p>Regelbunden inspektion och f\u00f6rebyggande underh\u00e5ll \u00e4r avg\u00f6rande f\u00f6r att s\u00e4kerst\u00e4lla att hydraulcylindern fungerar korrekt. De vanligaste underh\u00e5llsuppgifterna inkluderar kontroll, sm\u00f6rjning och byte av t\u00e4tningar. Korrekt installation, sm\u00f6rjning och justering \u00e4r avg\u00f6rande f\u00f6r att f\u00f6rl\u00e4nga cylinderns livsl\u00e4ngd. Anv\u00e4ndning av l\u00e4mpliga monteringsf\u00e4sten rekommenderas f\u00f6r att s\u00e4kra cylindern. De rekommenderade inspektions-, reparations- och utbytesprocedurerna b\u00f6r f\u00f6ljas f\u00f6r att s\u00e4kerst\u00e4lla att cylindern fungerar korrekt.<\/p>\n<p><img decoding=\"async\" src=\"https:\/\/www.hydraulic-cylinders.net\/wp-content\/uploads\/2025\/01\/songte-chushion-collar.webp\" alt=\"Bild av kuddekrage\"><\/p>\n<h2>S\u00e4kerhetsaspekter och milj\u00f6faktorer<\/h2>\n<p>Under drift b\u00f6r s\u00e4kerhets\u00e5tg\u00e4rder vidtas f\u00f6r att f\u00f6rhindra olyckor, s\u00e5som att placera ut varningsskyltar och undvika \u00f6verbelastning. Milj\u00f6faktorer som temperatur, fuktighet och fr\u00e4tande \u00e4mnen b\u00f6r ocks\u00e5 beaktas vid val och konstruktion av hydraulcylindrar.<\/p>\n<h2>Fels\u00f6kning och vanliga problem<\/h2>\n<p>De vanligaste problemen med hydraulcylindrar \u00e4r oljel\u00e4ckor, skador p\u00e5 kolvst\u00e5ngen och otillr\u00e4ckligt tryck. Fels\u00f6kning inneb\u00e4r att man inspekterar de skadade komponenterna och reparerar eller byter ut dem vid behov. F\u00f6rebyggande \u00e5tg\u00e4rder som regelbunden inspektion och underh\u00e5ll kan minska f\u00f6rekomsten av dessa problem.<\/p>\n<p><img decoding=\"async\" src=\"https:\/\/www.hydraulic-cylinders.net\/wp-content\/uploads\/2025\/01\/songte-bushings-with-all-kinds-of-excavator-models.webp\" alt=\"Bussningar Bild\"><\/p>\n<h2>Om v\u00e5rt f\u00f6retag<\/h2>\n<p>Vi \u00e4r en tillverkare av hydraulcylindrar f\u00f6r reservdelar och erbjuder ett komplett sortiment av produkter. Vi har blivit en av de ledande tillverkarna och grossistdistribut\u00f6rerna av hydraulcylindrar p\u00e5 inhemska och internationella marknader. Vi f\u00f6ljer principen om utm\u00e4rkt kvalitet och f\u00f6rlitar oss p\u00e5 den industriella produktionsledningsstrategin hos fintillverkningsverkst\u00e4der. Vi f\u00f6rb\u00e4ttrar kontinuerligt tillverkningsplattformen i v\u00e5ra verkst\u00e4der med hj\u00e4lp av teknisk talang, digital avancerad tillverkningsutrustning och professionella testsystem, vilket full\u00e4ndar produktkvaliteten i produktionen och har en stark kreativ f\u00f6rm\u00e5ga. Vi tillgodoser olika kundbehov med h\u00f6g effektivitet, h\u00f6g precision och h\u00f6gkvalitativa principer.<\/p>\n<p><img decoding=\"async\" src=\"https:\/\/hzpt.com\/wp-content\/uploads\/2024\/11\/songte-company-1.webp\" alt=\"F\u00f6retagsbild\"><\/p>\n<h3>Professionalism<\/h3>\n<p>Vi har ett team av experter som str\u00e4var efter att ge kunderna produkter och tj\u00e4nster av h\u00f6gsta kvalitet.<\/p>\n<h3>Internationell certifiering<\/h3>\n<p>V\u00e5ra produkter har internationella certifieringar, s\u00e5som ISO9001, CE och ROHS, vilket garanterar produktkvalitet och s\u00e4kerhet.<\/p>\n<h3>Anpassningstj\u00e4nster<\/h3>\n<p>Vi erbjuder anpassningstj\u00e4nster som m\u00f6ter kundernas specifika behov och krav.<\/p>\n<h3>Produktionsutrustning<\/h3>\n<p>Vi har avancerad produktionsutrustning, s\u00e5som CNC-maskiner, automatiska svetsmaskiner och hydrauliska testmaskiner, vilket s\u00e4kerst\u00e4ller h\u00f6g precision och kvalitet i produktionen.<\/p>\n<h3>Eftermarknadsservice<\/h3>\n<p>Vi erbjuder omfattande eftermarknadstj\u00e4nster, s\u00e5som teknisk support, underh\u00e5ll och reparation, vilket s\u00e4kerst\u00e4ller att kunderna kan anv\u00e4nda v\u00e5ra produkter med fullst\u00e4ndig sinnesro.<\/p>\n<h4>F\u00f6rfattare: lyl<\/h4>","protected":false},"excerpt":{"rendered":"<p>Bucket Cylinder For Kobelco Large Excavator SK950DLC Introduction The bucket cylinder for Kobelco large excavator SK950DLC is a specialized hydraulic cylinder designed primarily to control the movement of the bucket in heavy machinery such as excavators, backhoe excavators, and front-end loaders. Its main purpose is to enable the bucket to lift, lower, and tilt, making [&hellip;]<\/p>","protected":false},"featured_media":14787,"comment_status":"open","ping_status":"closed","template":"","meta":{"_et_pb_use_builder":"","_et_pb_old_content":"","_et_gb_content_width":""},"product_brand":[],"product_cat":[1494],"product_tag":[1495,1496],"class_list":{"0":"post-15374","1":"product","2":"type-product","3":"status-publish","4":"has-post-thumbnail","6":"product_cat-bucket-cylinders","7":"product_tag-bucket-cylinders","8":"product_tag-hydraulic-cylinders","10":"first","11":"instock","12":"shipping-taxable","13":"product-type-simple"},"amp_enabled":true,"_links":{"self":[{"href":"https:\/\/www.hydraulic-cylinders.net\/sv\/wp-json\/wp\/v2\/product\/15374","targetHints":{"allow":["GET"]}}],"collection":[{"href":"https:\/\/www.hydraulic-cylinders.net\/sv\/wp-json\/wp\/v2\/product"}],"about":[{"href":"https:\/\/www.hydraulic-cylinders.net\/sv\/wp-json\/wp\/v2\/types\/product"}],"replies":[{"embeddable":true,"href":"https:\/\/www.hydraulic-cylinders.net\/sv\/wp-json\/wp\/v2\/comments?post=15374"}],"wp:featuredmedia":[{"embeddable":true,"href":"https:\/\/www.hydraulic-cylinders.net\/sv\/wp-json\/wp\/v2\/media\/14787"}],"wp:attachment":[{"href":"https:\/\/www.hydraulic-cylinders.net\/sv\/wp-json\/wp\/v2\/media?parent=15374"}],"wp:term":[{"taxonomy":"product_brand","embeddable":true,"href":"https:\/\/www.hydraulic-cylinders.net\/sv\/wp-json\/wp\/v2\/product_brand?post=15374"},{"taxonomy":"product_cat","embeddable":true,"href":"https:\/\/www.hydraulic-cylinders.net\/sv\/wp-json\/wp\/v2\/product_cat?post=15374"},{"taxonomy":"product_tag","embeddable":true,"href":"https:\/\/www.hydraulic-cylinders.net\/sv\/wp-json\/wp\/v2\/product_tag?post=15374"}],"curies":[{"name":"wp","href":"https:\/\/api.w.org\/{rel}","templated":true}]}}