{"id":15380,"date":"2025-01-19T14:27:33","date_gmt":"2025-01-19T14:27:33","guid":{"rendered":"https:\/\/www.hydraulic-cylinders.net\/product\/bucket-cylinder-for-grand-cme150lc\/"},"modified":"2025-01-19T14:27:35","modified_gmt":"2025-01-19T14:27:35","slug":"bucket-cylinder-for-grand-cme150lc","status":"publish","type":"product","link":"https:\/\/www.hydraulic-cylinders.net\/sv\/produkt\/bucket-cylinder-for-grand-cme150lc\/","title":{"rendered":"Skopscylinder f\u00f6r Grand CME150LC"},"content":{"rendered":"<h1>Skopscylinder f\u00f6r Grand CME150LC<\/h1>\n<h2>Introduktion<\/h2>\n<p>Skopcylindern f\u00f6r Grand CME150LC \u00e4r en typ av specialiserad hydraulcylinder som fr\u00e4mst anv\u00e4nds f\u00f6r att styra r\u00f6relsen hos spadar i tunga maskiner som gr\u00e4vmaskiner, traktorgr\u00e4vare och frontlastare. Dess prim\u00e4ra funktion \u00e4r att g\u00f6ra det m\u00f6jligt f\u00f6r skopan att lyfta, s\u00e4nka och luta, vilket g\u00f6r det enklare att hantera olika materialhanteringsuppgifter. I hydraulsystemet styr skopcylindern exakt skopans r\u00f6relse genom f\u00f6r\u00e4ndringar i hydrauloljetrycket, vilket g\u00f6r det m\u00f6jligt f\u00f6r f\u00f6rare att effektivt hantera tunga laster och anpassa sig till komplexa arbetsmilj\u00f6er och olika arbetskrav.<\/p>\n<p><img decoding=\"async\" src=\"https:\/\/www.hydraulic-cylinders.net\/wp-content\/uploads\/2025\/01\/songte-company-2.webp\" alt=\"Skopscylinder f\u00f6r Grand CME150LC\"><\/p>\n<h2>Drag<\/h2>\n<ul>\n<li>H\u00f6g h\u00e5llfasthet och h\u00e5llbarhet: Den \u00e4r vanligtvis tillverkad av h\u00f6gh\u00e5llfast st\u00e5l eller aluminium, t\u00e5l h\u00f6gt tryck och tunga belastningar, anpassar sig till tuffa arbetsmilj\u00f6er och \u00e4r konstruerad med h\u00e4nsyn till slitstyrka och korrosionsbest\u00e4ndighet f\u00f6r att f\u00f6rl\u00e4nga livsl\u00e4ngden.<\/li>\n<li>Effektiv hydraulisk drift: Anv\u00e4nder hydrauloljetryck f\u00f6r att uppn\u00e5 smidiga ut- och sammandragningsr\u00f6relser, kan snabbt reagera p\u00e5 kontrollkommandon, ge stark tryck- och dragkraft och \u00e4r l\u00e4mplig f\u00f6r hantering av tunga laster och komplexa arbetsuppgifter.<\/li>\n<li>Olika typer: Enkelverkande (hydrauliska cylindrar anv\u00e4nds endast i en riktning) eller dubbelverkande (hydrauliska cylindrar anv\u00e4nds i tv\u00e5 riktningar) cylindrar kan v\u00e4ljas efter behov f\u00f6r att m\u00f6ta olika driftskrav. Vissa modeller \u00e4r teleskopiska, vilket m\u00f6jligg\u00f6r st\u00f6rre utdrag utan att \u00f6ka de yttre m\u00e5tten, l\u00e4mpliga f\u00f6r applikationer med begr\u00e4nsat utrymme.<\/li>\n<li>Specialtillverkning: V\u00e5ra produkter kan perfekt ers\u00e4tta dessa hydraulcylindrar.<\/li>\n<li>Enkelt underh\u00e5ll: Enkel struktur, enkel installation och demontering, bekv\u00e4mt underh\u00e5ll och h\u00f6g kostnadseffektivitet.<\/li>\n<\/ul>\n<p><img decoding=\"async\" src=\"https:\/\/www.hydraulic-cylinders.net\/wp-content\/uploads\/2025\/01\/songte-cylinder-head-with-all-kinds-excavator-models.webp\" alt=\"Skopscylinder f\u00f6r Grand CME150LC\"><\/p>\n<h2>Applikationer<\/h2>\n<p>Skopcylindern till Grand CME150LC anv\u00e4nds flitigt inom olika branscher, s\u00e5som:<\/p>\n<ul>\n<li>Byggutrustning: I gr\u00e4vmaskiner \u00e4r de viktiga f\u00f6r att gr\u00e4va, lasta och flytta jord eller skr\u00e4p. I gr\u00e4vmaskiner med gr\u00e4vaggregat hj\u00e4lper skopcylindern till med b\u00e5de gr\u00e4vning och lyftning. <\/li>\n<li>Jordbruksmaskiner: Anv\u00e4nds f\u00f6r frontlastare, f\u00f6r att plocka upp, lyfta och transportera jord, h\u00f6 och andra material. <\/li>\n<li>Gr\u00e4vmaskiner: Skopans cylinder utf\u00f6r gr\u00e4vnings\u00e5tg\u00e4rder genom att l\u00e5ta skopan tr\u00e4nga ner i jorden. <\/li>\n<li>Lastare: Frontlastare hj\u00e4lper till med att lyfta och tilta last effektivt.<\/li>\n<\/ul>\n<p>Ovanst\u00e5ende till\u00e4mpningar \u00e4r inte utt\u00f6mmande och kan anpassas efter kundens krav och utrustningens specifikationer.<\/p>\n<h2>Design\u00f6verv\u00e4ganden och urvalsstandarder<\/h2>\n<ul>\n<li>B\u00e4rf\u00f6rm\u00e5ga: Hydraulcylindern m\u00e5ste b\u00e4ra utrustningens eller maskinens last, vilket kr\u00e4ver att den har tillr\u00e4cklig styrka och styvhet f\u00f6r att motst\u00e5 deformation eller skador under tryck.<\/li>\n<li>T\u00e4tning: Hydraulcylindern m\u00e5ste vara t\u00e4tt t\u00e4tad f\u00f6r att undvika oljel\u00e4ckage, minska energif\u00f6rluster och f\u00f6rhindra att externa f\u00f6roreningar kommer in i systemet. H\u00f6gkvalitativa och slitstarka polyuretan- eller nitrilgummimaterial anv\u00e4nds vanligtvis f\u00f6r t\u00e4tningsringar.<\/li>\n<li>H\u00e5llbarhet: Hydraulcylindern m\u00e5ste ha utm\u00e4rkt korrosionsbest\u00e4ndighet och slitstyrka f\u00f6r att anpassa sig till olika tuffa milj\u00f6er, f\u00f6rl\u00e4nga livsl\u00e4ngden och minska underh\u00e5llskostnaderna.<\/li>\n<li>S\u00e4kerhet: Hydraulcylindern m\u00e5ste ha tillf\u00f6rlitliga s\u00e4kerhets\u00e5tg\u00e4rder f\u00f6r att f\u00f6rhindra olyckor orsakade av skador eller fel p\u00e5 utrustningen, s\u00e5som s\u00e4kerhetsventiler eller \u00f6verbelastningsskydd.<\/li>\n<li>Underh\u00e5ll: Hydraulcylindern m\u00e5ste vara enkel att installera, demontera och underh\u00e5lla, vilket minskar stillest\u00e5ndstid och kostnader samt f\u00f6rb\u00e4ttrar arbetseffektiviteten.<\/li>\n<\/ul>\n<p><img decoding=\"async\" src=\"https:\/\/www.hydraulic-cylinders.net\/wp-content\/uploads\/2025\/01\/songte-oil-pipes-and-spare-parts.webp\" alt=\"Skopscylinder f\u00f6r Grand CME150LC\"><\/p>\n<h2>T\u00e4tning och sm\u00f6rjning<\/h2>\n<p>Skopscylindern till Grand CME150LC \u00e4r utrustad med olika t\u00e4tningskomponenter, s\u00e5som kolvt\u00e4tningar och kolvst\u00e5ngst\u00e4tningar, och tillverkad av slitstarka och slitstarka material som polyuretan eller nitrilgummi f\u00f6r att ge utm\u00e4rkt t\u00e4tning och h\u00e5llbarhet. Dessutom \u00e4r cylinderns innerv\u00e4gg och g\u00e4ngade \u00e4ndyta fint bearbetade f\u00f6r att f\u00f6rb\u00e4ttra slitstyrkan och f\u00f6rl\u00e4nga livsl\u00e4ngden. Regelbundet underh\u00e5ll inkluderar att tills\u00e4tta en l\u00e4mplig m\u00e4ngd hydraulolja f\u00f6r att sm\u00f6rja cylindern och s\u00e4kerst\u00e4lla att den fungerar smidigt.<\/p>\n<h2>Inspektion och f\u00f6rebyggande underh\u00e5lls\u00e5tg\u00e4rder<\/h2>\n<p>Regelbunden inspektion och f\u00f6rebyggande underh\u00e5ll \u00e4r n\u00f6dv\u00e4ndigt f\u00f6r att s\u00e4kerst\u00e4lla skopcylinderns s\u00e4kra och stabila drift f\u00f6r Grand CME150LC. <\/p>\n<ul>\n<li>Regelbunden inspektion: Kontrollera hydraulcylinderns skick, inklusive hydrauloljeniv\u00e5, t\u00e4tningsstatus och helhetsintryck. Eventuella sprickor, l\u00e4ckor eller slitage b\u00f6r repareras eller bytas ut i tid. <\/li>\n<li>L\u00e4mplig sm\u00f6rjning: Tills\u00e4tt l\u00e4mplig m\u00e4ngd hydraulolja f\u00f6r att s\u00e4kerst\u00e4lla att hydraulcylindern fungerar smidigt. <\/li>\n<li>Byte av t\u00e4tningar och kalibreringsinspektion: Byt regelbundet ut t\u00e4tningarna och kontrollera kalibreringen f\u00f6r att s\u00e4kerst\u00e4lla cylinderns t\u00e4tningsprestanda och stabilitet.<\/li>\n<\/ul>\n<p>Korrekt installation, sm\u00f6rjning och justering \u00e4r viktiga faktorer f\u00f6r att f\u00f6rl\u00e4nga skopcylinderns livsl\u00e4ngd f\u00f6r Grand CME150LC. Korrekt inriktning och anv\u00e4ndning av l\u00e4mpliga monteringsf\u00e4sten f\u00f6r att s\u00e4kra cylindern under installationen rekommenderas. Regelbunden inspektion, reparation och utbyte \u00e4r avg\u00f6rande f\u00f6r att s\u00e4kerst\u00e4lla cylinderns optimala prestanda och livsl\u00e4ngd. <\/p>\n<p><img decoding=\"async\" src=\"https:\/\/www.hydraulic-cylinders.net\/wp-content\/uploads\/2025\/01\/songte-chushion-collar.webp\" alt=\"Skopscylinder f\u00f6r Grand CME150LC\"><\/p>\n<h2>S\u00e4kerhetsaspekter och milj\u00f6faktorer<\/h2>\n<p>Vid anv\u00e4ndning av skopcylindern till Grand CME150LC m\u00e5ste s\u00e4kerhets\u00e5tg\u00e4rder vidtas f\u00f6r att f\u00f6rhindra olyckor orsakade av skador eller fel p\u00e5 utrustningen. Det \u00e4r viktigt att f\u00f6lja tillverkarens instruktioner noggrant, och endast utbildad personal b\u00f6r hantera installation, reparation och utbyte. Dessutom b\u00f6r milj\u00f6faktorer som temperatur, fuktighet och exponering f\u00f6r fr\u00e4tande \u00e4mnen beaktas vid val av l\u00e4mplig hydraulcylinder.<\/p>\n<h2>Fels\u00f6kning och vanliga problem<\/h2>\n<p>Vanliga problem med skopcylindern till Grand CME150LC inkluderar oljel\u00e4ckage, fastnat lyft och felaktiga tryckavlastningsventiler. F\u00f6r att diagnostisera och \u00e5tg\u00e4rda dessa problem \u00e4r det viktigt att f\u00f6lja tillverkarens instruktioner noggrant och s\u00f6ka professionell hj\u00e4lp vid behov.<\/p>\n<h2>Slutsats<\/h2>\n<p>Vi \u00e4r en ledande tillverkare och grossist av hydraulcylindrar v\u00e4rlden \u00f6ver. Vi erbjuder ett brett utbud av produkter och kundanpassade tj\u00e4nster f\u00f6r att m\u00f6ta v\u00e5ra kunders olika behov. V\u00e5ra produkter \u00e4r tillverkade av material av h\u00f6gsta kvalitet och tillverkas med hj\u00e4lp av toppmodern digital utrustning och professionella testsystem f\u00f6r att s\u00e4kerst\u00e4lla maximal kvalitet och h\u00e5llbarhet. Vi erbjuder utm\u00e4rkt eftermarknadsservice och str\u00e4var efter att leverera produkter av b\u00e4sta kvalitet till konkurrenskraftiga priser till v\u00e5ra kunder.<\/p>\n<p><img decoding=\"async\" src=\"https:\/\/hzpt.com\/wp-content\/uploads\/2024\/11\/songte-company-1.webp\" alt=\"Skopscylinder f\u00f6r Grand CME150LC\"><\/p>\n<h3>Om f\u00f6rfattaren<\/h3>\n<p>F\u00f6rfattare: lyl<\/p>","protected":false},"excerpt":{"rendered":"<p>Bucket Cylinder For Grand CME150LC Introduction The Bucket Cylinder for Grand CME150LC is a type of specialized hydraulic cylinder primarily used to control the movement of shovels in heavy machinery such as excavators, backhoe excavators, and front loaders. Its primary function is to enable the shovel to lift, lower, and tilt, making it easier to [&hellip;]<\/p>","protected":false},"featured_media":14776,"comment_status":"open","ping_status":"closed","template":"","meta":{"_et_pb_use_builder":"","_et_pb_old_content":"","_et_gb_content_width":""},"product_brand":[],"product_cat":[1494],"product_tag":[1495,1496],"class_list":{"0":"post-15380","1":"product","2":"type-product","3":"status-publish","4":"has-post-thumbnail","6":"product_cat-bucket-cylinders","7":"product_tag-bucket-cylinders","8":"product_tag-hydraulic-cylinders","10":"first","11":"instock","12":"shipping-taxable","13":"product-type-simple"},"amp_enabled":true,"_links":{"self":[{"href":"https:\/\/www.hydraulic-cylinders.net\/sv\/wp-json\/wp\/v2\/product\/15380","targetHints":{"allow":["GET"]}}],"collection":[{"href":"https:\/\/www.hydraulic-cylinders.net\/sv\/wp-json\/wp\/v2\/product"}],"about":[{"href":"https:\/\/www.hydraulic-cylinders.net\/sv\/wp-json\/wp\/v2\/types\/product"}],"replies":[{"embeddable":true,"href":"https:\/\/www.hydraulic-cylinders.net\/sv\/wp-json\/wp\/v2\/comments?post=15380"}],"wp:featuredmedia":[{"embeddable":true,"href":"https:\/\/www.hydraulic-cylinders.net\/sv\/wp-json\/wp\/v2\/media\/14776"}],"wp:attachment":[{"href":"https:\/\/www.hydraulic-cylinders.net\/sv\/wp-json\/wp\/v2\/media?parent=15380"}],"wp:term":[{"taxonomy":"product_brand","embeddable":true,"href":"https:\/\/www.hydraulic-cylinders.net\/sv\/wp-json\/wp\/v2\/product_brand?post=15380"},{"taxonomy":"product_cat","embeddable":true,"href":"https:\/\/www.hydraulic-cylinders.net\/sv\/wp-json\/wp\/v2\/product_cat?post=15380"},{"taxonomy":"product_tag","embeddable":true,"href":"https:\/\/www.hydraulic-cylinders.net\/sv\/wp-json\/wp\/v2\/product_tag?post=15380"}],"curies":[{"name":"wp","href":"https:\/\/api.w.org\/{rel}","templated":true}]}}