{"id":15396,"date":"2025-01-19T14:28:44","date_gmt":"2025-01-19T14:28:44","guid":{"rendered":"https:\/\/www.hydraulic-cylinders.net\/product\/bucket-cylinder-for-volvo-middle-excavator-ec210bp\/"},"modified":"2025-01-19T14:28:46","modified_gmt":"2025-01-19T14:28:46","slug":"bucket-cylinder-for-volvo-middle-excavator-ec210bp","status":"publish","type":"product","link":"https:\/\/www.hydraulic-cylinders.net\/sv\/produkt\/bucket-cylinder-for-volvo-middle-excavator-ec210bp\/","title":{"rendered":"Skopscylinder f\u00f6r Volvo mellangr\u00e4vmaskin EC210BP"},"content":{"rendered":"<h1>Skopscylinder f\u00f6r Volvo mellangr\u00e4vmaskin EC210BP<\/h1>\n<h2>Introduktion<\/h2>\n<p>Skopcylindern till Volvo Middle Excavator EC210BP \u00e4r en specialiserad hydraulcylinder konstruerad f\u00f6r att styra r\u00f6relsen hos spadar i tunga maskiner som gr\u00e4vmaskiner, traktorgr\u00e4vmaskiner och frontlastare. Dess prim\u00e4ra funktion \u00e4r att g\u00f6ra det m\u00f6jligt f\u00f6r skopan att lyfta, s\u00e4nka och luta, vilket g\u00f6r det enklare att hantera olika materialf\u00f6rflyttningsuppgifter. I hydraulsystemet uppn\u00e5r skopcylindern exakt kontroll \u00f6ver skopans r\u00f6relse genom f\u00f6r\u00e4ndringar i hydrauloljetrycket, vilket g\u00f6r det m\u00f6jligt f\u00f6r f\u00f6rare att effektivt hantera tunga laster, anpassa sig till komplexa arbetsmilj\u00f6er och olika driftskrav.<\/p>\n<p><img decoding=\"async\" src=\"https:\/\/www.hydraulic-cylinders.net\/wp-content\/uploads\/2025\/01\/songte-company-2.webp\" alt=\"Skopscylinder f\u00f6r Volvo mellangr\u00e4vmaskin EC210BP\"><\/p>\n<h2>Drag<\/h2>\n<ul>\n<li>H\u00f6g h\u00e5llfasthet och h\u00e5llbarhet: vanligtvis tillverkad av h\u00f6gh\u00e5llfast st\u00e5l eller aluminium, t\u00e5l h\u00f6gt tryck och tunga belastningar, anpassar sig till tuffa arbetsmilj\u00f6er, \u00e4r konstruerad med h\u00e4nsyn till slitstyrka och korrosionsbest\u00e4ndighet och f\u00f6rl\u00e4nger livsl\u00e4ngden.<\/li>\n<li>Effektiv hydraulisk drift: anv\u00e4nder hydrauloljetryck f\u00f6r att uppn\u00e5 smidiga ut- och sammandragningsr\u00f6relser, kan reagera snabbt p\u00e5 styrkommandon, ger kraftfull tryck- och dragkraft och \u00e4r l\u00e4mplig f\u00f6r hantering av tunga laster och komplexa driftsuppgifter.<\/li>\n<li>Olika typer: finns som enkelverkande (hydraulisk funktion endast i en riktning) eller dubbelverkande (hydraulisk funktion i tv\u00e5 riktningar) cylindrar, f\u00f6r att m\u00f6ta olika driftskrav. Vissa modeller \u00e4r teleskopiska, vilket m\u00f6jligg\u00f6r st\u00f6rre utbyggnader utan att \u00f6ka de yttre m\u00e5tten, l\u00e4mpliga f\u00f6r applikationer med begr\u00e4nsat utrymme.<\/li>\n<li>Kan ers\u00e4tta andra hydraulcylindrar: V\u00e5r produkt kan perfekt ers\u00e4tta befintliga hydraulcylindrar.<\/li>\n<\/ul>\n<p><img decoding=\"async\" src=\"https:\/\/www.hydraulic-cylinders.net\/wp-content\/uploads\/2025\/01\/songte-cylinder-head-with-all-kinds-excavator-models.webp\" alt=\"Skopscylinder f\u00f6r Volvo mellangr\u00e4vmaskin EC210BP\"><\/p>\n<h2>Applikationer<\/h2>\n<p>Skopcylindern till Volvo Middle Excavator EC210BP anv\u00e4nds ofta i entreprenadmaskiner som:<\/p>\n<ul>\n<li>Gr\u00e4vmaskiner: skopcylindern g\u00f6r att skopan kan gr\u00e4va och flytta jorden.<\/li>\n<li>Gr\u00e4vmaskiner: skopcylindern \u00e4r anv\u00e4ndbar f\u00f6r b\u00e5de gr\u00e4vning och lyftning.<\/li>\n<li>Jordbruksmaskiner: anv\u00e4nds i frontlastare f\u00f6r att \u00f6sa, lyfta och transportera jord, h\u00f6 och andra material.<\/li>\n<li>Frontlastare: skopcylindern hj\u00e4lper till att lyfta och luta f\u00f6r att lossa last effektivt.<\/li>\n<\/ul>\n<p>L\u00e5t oss diskutera dessa till\u00e4mpningar i detalj nedan:<\/p>\n<h3>Byggutrustning<\/h3>\n<p>I gr\u00e4vmaskiner g\u00f6r skopcylindern att skopan kan tr\u00e4nga ner i jorden f\u00f6r gr\u00e4vning. I gr\u00e4vmaskiner \u00e4r skopcylindern anv\u00e4ndbar f\u00f6r b\u00e5de gr\u00e4vning och lyftning. Skopcylindern g\u00f6r det m\u00f6jligt f\u00f6r skopan att gr\u00e4va ner och flytta jorden. Skopcylindern hj\u00e4lper till att lyfta, s\u00e4nka och luta skopan f\u00f6r att lossa last effektivt. Frontlastare anv\u00e4nder skopcylindern f\u00f6r att lyfta och luta f\u00f6r att lossa last effektivt. <\/p>\n<h2>Design\u00f6verv\u00e4ganden och urvalskriterier<\/h2>\n<p>Design- och urvalskriterierna f\u00f6r skopcylindern f\u00f6r Volvos mellangr\u00e4vmaskin EC210BP \u00e4r viktiga f\u00f6r att s\u00e4kerst\u00e4lla f\u00f6ljande faktorer:<\/p>\n<ul>\n<li>B\u00e4rkraft<\/li>\n<li>T\u00e4tningsprestanda<\/li>\n<li>Varaktighet<\/li>\n<li>S\u00e4kerhet<\/li>\n<li>Underh\u00e5llbarhet<\/li>\n<\/ul>\n<p><img decoding=\"async\" src=\"https:\/\/www.hydraulic-cylinders.net\/wp-content\/uploads\/2025\/01\/songte-oil-pipes-and-spare-parts.webp\" alt=\"Skopscylinder f\u00f6r Volvo mellangr\u00e4vmaskin EC210BP\"><\/p>\n<h2>T\u00e4tning och sm\u00f6rjning<\/h2>\n<p>Skopcylindern till Volvos mellangr\u00e4vmaskin EC210BP anv\u00e4nder olika t\u00e4tningskomponenter som kolvt\u00e4tningar, st\u00e5ngt\u00e4tningar etc., tillverkade av slitstarka material som polyuretan, nitrilgummi med flera. Cylinderns hus och den g\u00e4ngade \u00e4ndytan genomg\u00e5r en fin ytbehandling f\u00f6r att \u00f6ka slitstyrkan. Det kr\u00e4vs regelbunden tillsats av l\u00e4mplig hydraulolja f\u00f6r sm\u00f6rjning.<\/p>\n<h2>Underh\u00e5ll och f\u00f6rebyggande \u00e5tg\u00e4rder<\/h2>\n<p>Skopcylindern f\u00f6r Volvos mellangr\u00e4vmaskin EC210BP kr\u00e4ver regelbunden inspektion och f\u00f6rebyggande underh\u00e5lls\u00e5tg\u00e4rder s\u00e5som:<\/p>\n<ul>\n<li>Regelbunden inspektion<\/li>\n<li>Korrekt sm\u00f6rjning<\/li>\n<li>Byte av t\u00e4tning<\/li>\n<li>Kalibreringskontroll<\/li>\n<\/ul>\n<p>Det \u00e4r viktigt att ge korrekt installationsanvisning f\u00f6r att rikta in cylindern korrekt och rekommendera att l\u00e4mpliga installationsf\u00e4sten anv\u00e4nds f\u00f6r att s\u00e4kra cylindern. Vi rekommenderar specifika inspektions-, reparations- och utbytesprocedurer f\u00f6r att f\u00f6rb\u00e4ttra cylinderns livsl\u00e4ngd.<\/p>\n<p><img decoding=\"async\" src=\"https:\/\/www.hydraulic-cylinders.net\/wp-content\/uploads\/2025\/01\/songte-chushion-collar.webp\" alt=\"Skopscylinder f\u00f6r Volvo mellangr\u00e4vmaskin EC210BP\"><\/p>\n<h2>S\u00e4kerhetsaspekter och milj\u00f6faktorer<\/h2>\n<p>Skopcylindern till Volvo Middle Excavator EC210BP kr\u00e4ver l\u00e4mpliga s\u00e4kerhets\u00e5tg\u00e4rder f\u00f6r att undvika personskador eller skador. Det \u00e4r viktigt att f\u00f6lja korrekta s\u00e4kerhetsinstruktioner vid hantering eller installation av cylindern f\u00f6r s\u00e4ker drift. Milj\u00f6faktorer som temperatur, luftfuktighet och fukt kan ocks\u00e5 p\u00e5verka cylinderns prestanda och h\u00e5llbarhet.<\/p>\n<p><img decoding=\"async\" src=\"https:\/\/www.hydraulic-cylinders.net\/wp-content\/uploads\/2025\/01\/songte-bushings-with-all-kinds-of-excavator-models.webp\" alt=\"Skopscylinder f\u00f6r Volvo mellangr\u00e4vmaskin EC210BP\"><\/p>\n<h2>Fels\u00f6kning och vanliga problem<\/h2>\n<p>Skopans cylinder till Volvos mellangr\u00e4vmaskin EC210BP kan ha vissa vanliga problem, s\u00e5som oljel\u00e4ckage, skador p\u00e5 kolvst\u00e4nger och annat. Det \u00e4r viktigt att identifiera problemet och tillhandah\u00e5lla l\u00e4mpliga l\u00f6sningar, s\u00e5som byte av t\u00e4tningar, byte av kolvst\u00e4nger och annat, f\u00f6r att s\u00e4kerst\u00e4lla problemfri drift.<\/p>\n<h2>Om v\u00e5rt f\u00f6retag<\/h2>\n<p>Vi \u00e4r en ledande tillverkare och grossistdistribut\u00f6r av hydraulcylindrar, inklusive skopcylindern f\u00f6r Volvos mellangr\u00e4vmaskin EC210BP. Vi erbjuder ett komplett sortiment av produkter och str\u00e4var efter att tillhandah\u00e5lla utm\u00e4rkt kvalitet, effektiv produktion och kundservice i toppklass. V\u00e5ra produkter \u00e4r internationellt certifierade och kan anpassas f\u00f6r att m\u00f6ta olika driftskrav. Vi anv\u00e4nder den senaste tekniken, utrustningen och professionella inspektionssystem f\u00f6r att tillverka h\u00f6gkvalitativa produkter, vilket ger utm\u00e4rkt h\u00e5llbarhet, effektivitet och precision. <\/p>\n<p><img decoding=\"async\" src=\"https:\/\/hzpt.com\/wp-content\/uploads\/2024\/11\/songte-company-1.webp\" alt=\"Skopscylinder f\u00f6r Volvo mellangr\u00e4vmaskin EC210BP\"><\/p>\n<p>Vi tror p\u00e5 att leverera produkter av h\u00f6gsta kvalitet och ge utm\u00e4rkt kundservice. Vi erbjuder ett brett utbud av tj\u00e4nster som produktanpassning, produktionsutrustning och eftermarknadsservice. V\u00e5rt erfarna och skickliga team s\u00e4kerst\u00e4ller produkter och tj\u00e4nster av h\u00f6gsta kvalitet f\u00f6r att m\u00f6ta v\u00e5ra kunders olika krav.<\/p>\n<p>F\u00f6rfattare: lyl<\/p>","protected":false},"excerpt":{"rendered":"<p>Bucket Cylinder For Volvo Middle Excavator EC210BP Introduction The bucket cylinder for Volvo Middle Excavator EC210BP is a specialized hydraulic cylinder designed for controlling the movement of shovels in heavy machinery such as excavators, backhoe excavators, and front loaders. Its primary function is to enable the bucket to lift, lower, and tilt, making it easier [&hellip;]<\/p>","protected":false},"featured_media":14773,"comment_status":"open","ping_status":"closed","template":"","meta":{"_et_pb_use_builder":"","_et_pb_old_content":"","_et_gb_content_width":""},"product_brand":[],"product_cat":[1494],"product_tag":[1495,1496],"class_list":{"0":"post-15396","1":"product","2":"type-product","3":"status-publish","4":"has-post-thumbnail","6":"product_cat-bucket-cylinders","7":"product_tag-bucket-cylinders","8":"product_tag-hydraulic-cylinders","10":"first","11":"instock","12":"shipping-taxable","13":"product-type-simple"},"amp_enabled":true,"_links":{"self":[{"href":"https:\/\/www.hydraulic-cylinders.net\/sv\/wp-json\/wp\/v2\/product\/15396","targetHints":{"allow":["GET"]}}],"collection":[{"href":"https:\/\/www.hydraulic-cylinders.net\/sv\/wp-json\/wp\/v2\/product"}],"about":[{"href":"https:\/\/www.hydraulic-cylinders.net\/sv\/wp-json\/wp\/v2\/types\/product"}],"replies":[{"embeddable":true,"href":"https:\/\/www.hydraulic-cylinders.net\/sv\/wp-json\/wp\/v2\/comments?post=15396"}],"wp:featuredmedia":[{"embeddable":true,"href":"https:\/\/www.hydraulic-cylinders.net\/sv\/wp-json\/wp\/v2\/media\/14773"}],"wp:attachment":[{"href":"https:\/\/www.hydraulic-cylinders.net\/sv\/wp-json\/wp\/v2\/media?parent=15396"}],"wp:term":[{"taxonomy":"product_brand","embeddable":true,"href":"https:\/\/www.hydraulic-cylinders.net\/sv\/wp-json\/wp\/v2\/product_brand?post=15396"},{"taxonomy":"product_cat","embeddable":true,"href":"https:\/\/www.hydraulic-cylinders.net\/sv\/wp-json\/wp\/v2\/product_cat?post=15396"},{"taxonomy":"product_tag","embeddable":true,"href":"https:\/\/www.hydraulic-cylinders.net\/sv\/wp-json\/wp\/v2\/product_tag?post=15396"}],"curies":[{"name":"wp","href":"https:\/\/api.w.org\/{rel}","templated":true}]}}