{"id":15397,"date":"2025-01-19T14:28:48","date_gmt":"2025-01-19T14:28:48","guid":{"rendered":"https:\/\/www.hydraulic-cylinders.net\/product\/bucket-cylinder-for-volvo-middle-excavator-ecr235e\/"},"modified":"2025-01-19T14:28:50","modified_gmt":"2025-01-19T14:28:50","slug":"bucket-cylinder-for-volvo-middle-excavator-ecr235e","status":"publish","type":"product","link":"https:\/\/www.hydraulic-cylinders.net\/sv\/produkt\/bucket-cylinder-for-volvo-middle-excavator-ecr235e\/","title":{"rendered":"Skopscylinder f\u00f6r Volvo mellangr\u00e4vmaskin ECR235E"},"content":{"rendered":"<h1>Skopscylinder f\u00f6r Volvo mellangr\u00e4vmaskin ECR235E<\/h1>\n<h2>Introduktion<\/h2>\n<p>En skopcylinder \u00e4r en specialdesignad hydraulcylinder som fr\u00e4mst anv\u00e4nds f\u00f6r att styra skopans r\u00f6relse i tunga maskiner som gr\u00e4vmaskiner, gr\u00e4vmaskiner och frontlastare. Dess huvudsakliga funktion \u00e4r att g\u00f6ra det m\u00f6jligt f\u00f6r skopan att lyfta, s\u00e4nka och luta, vilket g\u00f6r det enklare att hantera olika materialhanteringsuppgifter. I hydraulsystemet uppn\u00e5r skopcylindern exakt kontroll \u00f6ver skopan genom tryckf\u00f6r\u00e4ndringen av hydrauloljan, vilket g\u00f6r det m\u00f6jligt f\u00f6r operat\u00f6rer att effektivt hantera tunga laster och anpassa sig till komplexa arbetsmilj\u00f6er och olika arbetskrav.<\/p>\n<p><img decoding=\"async\" src=\"https:\/\/www.hydraulic-cylinders.net\/wp-content\/uploads\/2025\/01\/songte-company-2.webp\" alt=\"Skopcylinder f\u00f6r Volvo mellangr\u00e4vmaskin ECR235E\"><\/p>\n<h2>Drag<\/h2>\n<ul>\n<li>H\u00f6g h\u00e5llfasthet och h\u00e5llbarhet: Vanligtvis tillverkad av h\u00f6gh\u00e5llfast st\u00e5l eller aluminium, t\u00e5l den h\u00f6gt tryck och tunga belastningar, anpassar sig till tuffa arbetsmilj\u00f6er och \u00e4r utformad med slitstyrka och korrosionsbest\u00e4ndighet f\u00f6r att f\u00f6rl\u00e4nga dess livsl\u00e4ngd.<\/li>\n<li>Effektiv hydraulisk drift: Genom att anv\u00e4nda hydrauloljans tryck f\u00f6r att uppn\u00e5 j\u00e4mn expansion och kontraktion kan den snabbt reagera p\u00e5 styrkommandon, ge kraftfull tryck- och dragkraft och \u00e4r l\u00e4mplig f\u00f6r hantering av tunga laster och komplexa arbetsuppgifter.<\/li>\n<li>Olika typer: Enkelverkande (hydrauliska cylindrar anv\u00e4nds endast i en riktning) eller dubbelverkande (hydrauliska cylindrar anv\u00e4nds i b\u00e5da riktningarna) cylindrar kan v\u00e4ljas efter behov f\u00f6r att m\u00f6ta olika driftsbehov. Vissa modeller \u00e4r teleskopiska, vilket m\u00f6jligg\u00f6r st\u00f6rre utdrag utan att \u00f6ka de yttre m\u00e5tten, l\u00e4mpliga f\u00f6r applikationer med begr\u00e4nsat utrymme.<\/li>\n<li>Perfekt ers\u00e4ttning: V\u00e5ra produkter kan perfekt ers\u00e4tta dessa hydraulcylindrar.<\/li>\n<\/ul>\n<p><img decoding=\"async\" src=\"https:\/\/www.hydraulic-cylinders.net\/wp-content\/uploads\/2025\/01\/songte-cylinder-head-with-all-kinds-excavator-models.webp\" alt=\"Perfekt ers\u00e4ttning f\u00f6r Volvos mellangr\u00e4vmaskin ECR235E\"><\/p>\n<h2>Applikationer<\/h2>\n<h3>Byggutrustning:<\/h3>\n<p>I gr\u00e4vmaskiner \u00e4r de viktiga f\u00f6r att gr\u00e4va, lasta och flytta jord eller skr\u00e4p. I gr\u00e4vmaskiner med gr\u00e4vaggregat hj\u00e4lper skopcylindrar till med gr\u00e4vning och lyftning. I frontlastare hj\u00e4lper de till med att lyfta och dumpa last effektivt.<\/p>\n<h3>Jordbruksmaskiner:<\/h3>\n<p>De anv\u00e4nds i frontlastare och plockar upp, lyfter och transporterar jord, h\u00f6 och andra material. I gr\u00e4vmaskiner uppn\u00e5r skopcylindrar gr\u00e4vningseffekt genom att l\u00e5ta skopan tr\u00e4nga ner i jorden.<\/p>\n<h2>Design\u00f6verv\u00e4ganden och urvalskriterier<\/h2>\n<h3>Lastkapacitet:<\/h3>\n<p>Den valda hydraulcylindern ska kunna b\u00e4ra maskinens och skopans maximala belastning. Det \u00e4r viktigt att s\u00e4kerst\u00e4lla att cylinderns b\u00e4rf\u00f6rm\u00e5ga \u00e4r st\u00f6rre \u00e4n eller lika med maskinens maximala viktkapacitet. <\/p>\n<h3>T\u00e4tning och sm\u00f6rjning:<\/h3>\n<p>Hydraulcylinderns t\u00e4tning och sm\u00f6rjning \u00e4r avg\u00f6rande f\u00f6r dess prestanda och livsl\u00e4ngd. Cylindern anv\u00e4nder olika t\u00e4tningar s\u00e5som kolvt\u00e4tningar, kolvst\u00e5ngst\u00e4tningar etc. T\u00e4tningarna \u00e4r tillverkade av slitstarka material som polyuretan och nitrilgummi, vilka skyddar cylindern fr\u00e5n slitage. Regelbunden sm\u00f6rjning med hydraulolja \u00e4r avg\u00f6rande f\u00f6r att minska slitage och s\u00e4kerst\u00e4lla smidig drift. <\/p>\n<p><img decoding=\"async\" src=\"https:\/\/www.hydraulic-cylinders.net\/wp-content\/uploads\/2025\/01\/songte-oil-pipes-and-spare-parts.webp\" alt=\"Hydrauliska oljer\u00f6r och reservdelar\"><\/p>\n<h2>Underh\u00e5ll och reparation<\/h2>\n<h3>Produktinstallation:<\/h3>\n<p>Under installationen \u00e4r det viktigt att rikta in cylindern korrekt och fixera den med l\u00e4mpliga monteringsf\u00e4sten f\u00f6r att f\u00f6rhindra feljustering eller skador. De rekommenderade inspektions-, reparations- och utbytesprocedurerna b\u00f6r f\u00f6ljas f\u00f6r att s\u00e4kerst\u00e4lla cylinderns l\u00e5nga livsl\u00e4ngd.<\/p>\n<h3>Underh\u00e5llsuppgifter:<\/h3>\n<ul>\n<li>Regelbunden inspektion: Cylindern b\u00f6r inspekteras regelbundet f\u00f6r l\u00e4ckor, skador eller slitage.<\/li>\n<li>Sm\u00f6rjning: Cylindern ska sm\u00f6rjas med hydraulolja enligt tillverkarens rekommendationer.<\/li>\n<li>Byte av t\u00e4tning: Cylinderns t\u00e4tningar b\u00f6r bytas ut regelbundet f\u00f6r att s\u00e4kerst\u00e4lla att cylindern fungerar korrekt.<\/li>\n<li>Kalibreringskontroller: Cylinderns kalibrering b\u00f6r kontrolleras regelbundet f\u00f6r att s\u00e4kerst\u00e4lla att den fungerar optimalt.<\/li>\n<\/ul>\n<p><img decoding=\"async\" src=\"https:\/\/www.hydraulic-cylinders.net\/wp-content\/uploads\/2025\/01\/songte-chushion-collar.webp\" alt=\"Hinkcylinderd\u00e4mpningskrage\"><\/p>\n<h2>S\u00e4kerhetsaspekter och milj\u00f6faktorer<\/h2>\n<p>Vid anv\u00e4ndning av hydraulcylindrar b\u00f6r s\u00e4kerhets\u00e5tg\u00e4rder vidtas f\u00f6r att f\u00f6rhindra olyckor. Det \u00e4r viktigt att f\u00f6lja tillverkarens instruktioner och riktlinjer. Cylindern ska kasseras enligt milj\u00f6f\u00f6reskrifter och riktlinjer.<\/p>\n<h2>Feldiagnos och fels\u00f6kning<\/h2>\n<p>Vanliga problem i samband med hydraulcylindrar inkluderar l\u00e4ckage, otillr\u00e4cklig kraft och felaktig inriktning. Korrekt diagnos och fels\u00f6kning b\u00f6r utf\u00f6ras f\u00f6r att identifiera och \u00e5tg\u00e4rda problemet. Regelbundna inspektioner och f\u00f6rebyggande underh\u00e5ll kan bidra till att undvika potentiella problem.<\/p>\n<p><img decoding=\"async\" src=\"https:\/\/www.hydraulic-cylinders.net\/wp-content\/uploads\/2025\/01\/songte-bushings-with-all-kinds-of-excavator-models.webp\" alt=\"Skopscylinderbussningar\"><\/p>\n<h2>Om v\u00e5rt f\u00f6retag<\/h2>\n<p>Vi \u00e4r en tillverkare av hydraulcylindrar f\u00f6r reservdelar med ett brett produktsortiment. Vi \u00e4r en av de ledande tillverkarna och grossistdistribut\u00f6rerna av hydraulcylindrar p\u00e5 den inhemska och internationella marknaden. Vi f\u00f6ljer den utm\u00e4rkta kvaliteten, f\u00f6rlitar oss p\u00e5 den industriella produktionsledningsstrategin i sofistikerade tillverkningsverkst\u00e4der och f\u00f6rb\u00e4ttrar kontinuerligt verkstadens tillverkningsplattform genom att anv\u00e4nda tekniska talanger, digital avancerad tillverkningsutrustning och professionella detekteringssystem f\u00f6r att full\u00e4nda produktkvaliteten i produktionsv\u00e4gen. Vi har en stark kreativ f\u00f6rm\u00e5ga och str\u00e4var efter att m\u00f6ta kundernas olika behov med principerna om h\u00f6g effektivitet, h\u00f6g precision och h\u00f6g kvalitet.<\/p>\n<ul>\n<li>Professionalism: Vi har ett team av erfarna yrkesm\u00e4n som \u00e4r dedikerade till att tillhandah\u00e5lla h\u00f6gkvalitativa hydraulcylindrar.<\/li>\n<li>Internationell certifiering: V\u00e5ra produkter \u00e4r certifierade f\u00f6r att uppfylla internationella standarder, vilket s\u00e4kerst\u00e4ller h\u00f6gsta kvalitetsstandarder.<\/li>\n<li>Anpassningstj\u00e4nster: Vi tillhandah\u00e5ller kundanpassade hydraulcylindrar enligt kundens krav.<\/li>\n<li>Produktionsutrustning: V\u00e5ra tillverkningsanl\u00e4ggningar \u00e4r utrustade med avancerad utrustning f\u00f6r att s\u00e4kerst\u00e4lla effektivitet och kvalitet.<\/li>\n<li>Eftermarknadsservice: Vi erbjuder eftermarknadsservice, inklusive reservdelsbyte och ombyggnad, f\u00f6r att f\u00f6rl\u00e4nga livsl\u00e4ngden p\u00e5 hydraulcylindrar.<\/li>\n<\/ul>\n<p><img decoding=\"async\" src=\"https:\/\/hzpt.com\/wp-content\/uploads\/2024\/11\/songte-company-1.webp\" alt=\"Om v\u00e5rt f\u00f6retag\"><\/p>\n<h4>F\u00f6rfattare: lyl<\/h4>","protected":false},"excerpt":{"rendered":"<p>Bucket Cylinder For Volvo Middle Excavator ECR235E Introduction A bucket cylinder is a specially designed hydraulic cylinder primarily used to control the movement of the bucket in heavy machinery such as excavators, backhoe excavators, and front-end loaders. Its main function is to enable the bucket to lift, lower, and tilt, making it easier to handle [&hellip;]<\/p>","protected":false},"featured_media":14771,"comment_status":"open","ping_status":"closed","template":"","meta":{"_et_pb_use_builder":"","_et_pb_old_content":"","_et_gb_content_width":""},"product_brand":[],"product_cat":[1494],"product_tag":[1495,1496],"class_list":{"0":"post-15397","1":"product","2":"type-product","3":"status-publish","4":"has-post-thumbnail","6":"product_cat-bucket-cylinders","7":"product_tag-bucket-cylinders","8":"product_tag-hydraulic-cylinders","10":"first","11":"instock","12":"shipping-taxable","13":"product-type-simple"},"amp_enabled":true,"_links":{"self":[{"href":"https:\/\/www.hydraulic-cylinders.net\/sv\/wp-json\/wp\/v2\/product\/15397","targetHints":{"allow":["GET"]}}],"collection":[{"href":"https:\/\/www.hydraulic-cylinders.net\/sv\/wp-json\/wp\/v2\/product"}],"about":[{"href":"https:\/\/www.hydraulic-cylinders.net\/sv\/wp-json\/wp\/v2\/types\/product"}],"replies":[{"embeddable":true,"href":"https:\/\/www.hydraulic-cylinders.net\/sv\/wp-json\/wp\/v2\/comments?post=15397"}],"wp:featuredmedia":[{"embeddable":true,"href":"https:\/\/www.hydraulic-cylinders.net\/sv\/wp-json\/wp\/v2\/media\/14771"}],"wp:attachment":[{"href":"https:\/\/www.hydraulic-cylinders.net\/sv\/wp-json\/wp\/v2\/media?parent=15397"}],"wp:term":[{"taxonomy":"product_brand","embeddable":true,"href":"https:\/\/www.hydraulic-cylinders.net\/sv\/wp-json\/wp\/v2\/product_brand?post=15397"},{"taxonomy":"product_cat","embeddable":true,"href":"https:\/\/www.hydraulic-cylinders.net\/sv\/wp-json\/wp\/v2\/product_cat?post=15397"},{"taxonomy":"product_tag","embeddable":true,"href":"https:\/\/www.hydraulic-cylinders.net\/sv\/wp-json\/wp\/v2\/product_tag?post=15397"}],"curies":[{"name":"wp","href":"https:\/\/api.w.org\/{rel}","templated":true}]}}