{"id":15402,"date":"2025-01-19T14:29:09","date_gmt":"2025-01-19T14:29:09","guid":{"rendered":"https:\/\/www.hydraulic-cylinders.net\/product\/bucket-cylinder-for-volvo-large-excavator-ec380el\/"},"modified":"2025-01-19T14:29:11","modified_gmt":"2025-01-19T14:29:11","slug":"bucket-cylinder-for-volvo-large-excavator-ec380el","status":"publish","type":"product","link":"https:\/\/www.hydraulic-cylinders.net\/sv\/produkt\/bucket-cylinder-for-volvo-large-excavator-ec380el\/","title":{"rendered":"Skopscylinder f\u00f6r Volvo storgr\u00e4vmaskin EC380EL"},"content":{"rendered":"<h1>Skopscylinder f\u00f6r Volvo storgr\u00e4vmaskin EC380EL<\/h1>\n<h2>Introduktion<\/h2>\n<p>En skopcylinder \u00e4r en specialiserad hydraulcylinder som styr skopans r\u00f6relse i tunga maskiner som gr\u00e4vmaskiner, gr\u00e4vmaskiner och lastare. Dess huvudsakliga funktion \u00e4r att g\u00f6ra det m\u00f6jligt f\u00f6r skopan att lyfta, s\u00e4nka och luta, vilket underl\u00e4ttar olika materialhanteringsuppgifter. I hydraulsystemet styr skopcylindrarna skopans exakta r\u00f6relse genom att \u00e4ndra hydrauloljans tryck, vilket g\u00f6r det m\u00f6jligt f\u00f6r operat\u00f6rer att effektivt hantera tunga laster, anpassa sig till komplexa arbetsmilj\u00f6er och olika driftsbehov.<\/p>\n<p><img decoding=\"async\" src=\"https:\/\/www.hydraulic-cylinders.net\/wp-content\/uploads\/2025\/01\/songte-company-2.webp\" alt=\"Skopscylinder f\u00f6r Volvo storgr\u00e4vmaskin EC380EL\" \/><\/p>\n<h2>Drag<\/h2>\n<ul>\n<li>H\u00f6g h\u00e5llfasthet och h\u00e5llbarhet: Vanligtvis tillverkad av h\u00f6gh\u00e5llfast st\u00e5l eller aluminium, t\u00e5l h\u00f6gt tryck och tunga belastningar, anpassar sig till tuffa arbetsmilj\u00f6er, \u00e4r konstruerad med slitstyrka och korrosionsbest\u00e4ndighet, vilket f\u00f6rl\u00e4nger livsl\u00e4ngden.<\/li>\n<li>Effektiv hydraulisk drift: Utnyttjar hydrauloljetrycket f\u00f6r att uppn\u00e5 j\u00e4mn f\u00f6rl\u00e4ngning och sammandragning, vilket ger kraftfull tryck- och dragkraft, l\u00e4mplig f\u00f6r hantering av tunga laster och komplexa driftsuppgifter.<\/li>\n<li>Olika typer: Skopscylindrar kan vara enkelverkande (hydrauliska anv\u00e4nds endast i en riktning) eller dubbelverkande (hydrauliska anv\u00e4nds i tv\u00e5 riktningar) efter behov f\u00f6r att m\u00f6ta olika driftskrav. Vissa modeller \u00e4r teleskopiska, vilket m\u00f6jligg\u00f6r st\u00f6rre utdrag utan att \u00f6ka de yttre m\u00e5tten, l\u00e4mpliga f\u00f6r utrymmesbegr\u00e4nsade till\u00e4mpningar.<\/li>\n<li>Perfekt ers\u00e4ttning: V\u00e5ra produkter kan perfekt ers\u00e4tta dessa hydraulcylindrar.<\/li>\n<\/ul>\n<p><img decoding=\"async\" src=\"https:\/\/www.hydraulic-cylinders.net\/wp-content\/uploads\/2025\/01\/songte-cylinder-head-with-all-kinds-excavator-models.webp\" alt=\"Skopscylinder f\u00f6r Volvo storgr\u00e4vmaskin EC380EL\" \/><\/p>\n<h2>Applikationer<\/h2>\n<p><strong>Byggutrustning:<\/strong> I gr\u00e4vmaskiner \u00e4r de viktiga f\u00f6r att gr\u00e4va, lasta och flytta jord eller skr\u00e4p. I gr\u00e4vmaskiner med gr\u00e4vaggregat hj\u00e4lper skopcylindrar till med b\u00e5de gr\u00e4vning och lyft. F\u00f6r frontlastare hj\u00e4lper de till att lyfta och tilta laster effektivt.<\/p>\n<p><strong>Jordbruksmaskiner:<\/strong> Anv\u00e4nds f\u00f6r frontlastare, f\u00f6r att plocka upp, lyfta och transportera jord, h\u00f6 och andra material; i gr\u00e4vmaskiner m\u00f6jligg\u00f6r skopcylindrar gr\u00e4vnings\u00e5tg\u00e4rder genom att l\u00e5ta skopan tr\u00e4nga ner i jorden.<\/p>\n<h2>Design\u00f6verv\u00e4ganden och urvalskriterier<\/h2>\n<ul>\n<li>B\u00e4rf\u00f6rm\u00e5ga: Cylindern m\u00e5ste uppfylla driftens kraftkrav.<\/li>\n<li>T\u00e4tning: Skopscylindrar kr\u00e4ver god t\u00e4tning f\u00f6r att f\u00f6rhindra l\u00e4ckage, minska slitage och f\u00f6rb\u00e4ttra h\u00e5llbarheten.<\/li>\n<li>H\u00e5llbarhet: Skopscylindrar b\u00f6r vara h\u00e5llbara och motst\u00e5ndskraftiga mot korrosion och slitage f\u00f6r att f\u00f6rl\u00e4nga livsl\u00e4ngden.<\/li>\n<li>S\u00e4kerhet: S\u00e4kerhetsfunktioner som tryckavlastningsventiler b\u00f6r \u00f6verv\u00e4gas f\u00f6r att f\u00f6rhindra \u00f6verbelastning eller ov\u00e4ntade skador p\u00e5 cylindern.<\/li>\n<li>Underh\u00e5ll: Underh\u00e5llsaspekter som enkelt underh\u00e5ll, livsl\u00e4ngd och kostnad b\u00f6r beaktas i designen.<\/li>\n<\/ul>\n<p><img decoding=\"async\" src=\"https:\/\/www.hydraulic-cylinders.net\/wp-content\/uploads\/2025\/01\/songte-oil-pipes-and-spare-parts.webp\" alt=\"Skopscylinder f\u00f6r Volvo storgr\u00e4vmaskin EC380EL\" \/><\/p>\n<h2>T\u00e4tning och sm\u00f6rjning<\/h2>\n<p>Olika t\u00e4tningar anv\u00e4nds i skopcylindrar, s\u00e5som kolvt\u00e4tningar, kolvst\u00e5ngst\u00e4tningar etc. Tillverkade av slitstarka material som polyuretan, nitrilgummi etc. Cylinderhuset och den g\u00e4ngade \u00e4ndytan \u00e4r fint bearbetade f\u00f6r att f\u00f6rb\u00e4ttra slitstyrkan. Snabb sm\u00f6rjning med en l\u00e4mplig m\u00e4ngd hydraulolja \u00e4r avg\u00f6rande f\u00f6r att s\u00e4kerst\u00e4lla smidig drift och f\u00f6rl\u00e4nga cylinderns livsl\u00e4ngd.<\/p>\n<h2>F\u00f6rebyggande underh\u00e5ll och fels\u00f6kning<\/h2>\n<p>Regelbunden inspektion och f\u00f6rebyggande underh\u00e5ll kan minska potentiella fel. Vanliga underh\u00e5llsuppgifter inkluderar sm\u00f6rjning, byte av t\u00e4tningar och kalibrering av cylindern. Korrekt installation, sm\u00f6rjning och justering \u00e4r avg\u00f6rande f\u00f6r att s\u00e4kerst\u00e4lla korrekt cylinderfunktion. Det rekommenderas att anv\u00e4nda l\u00e4mpliga installationsf\u00e4sten f\u00f6r att fixera cylindern, f\u00f6lja rekommenderade inspektions-, reparations- och utbytesprocedurer, och tillhandah\u00e5lla ombyggnadstj\u00e4nster f\u00f6r att f\u00f6rl\u00e4nga cylinderns livsl\u00e4ngd.<\/p>\n<p><img decoding=\"async\" src=\"https:\/\/www.hydraulic-cylinders.net\/wp-content\/uploads\/2025\/01\/songte-chushion-collar.webp\" alt=\"Skopscylinder f\u00f6r Volvo storgr\u00e4vmaskin EC380EL\" \/><\/p>\n<h2>S\u00e4kerhets- och milj\u00f6h\u00e4nsyn<\/h2>\n<p>Skopscylindrar kr\u00e4ver l\u00e4mpliga s\u00e4kerhets\u00e5tg\u00e4rder vid anv\u00e4ndning av maskiner. S\u00e4kerhetsfunktioner som tryckavlastningsventiler b\u00f6r installeras f\u00f6r att f\u00f6rhindra \u00f6verbelastning eller skador. Korrekt kassering av avfall och gamla cylindrar \u00e4r avg\u00f6rande f\u00f6r att skydda milj\u00f6n.<\/p>\n<h2>Tillverkarens introduktion<\/h2>\n<p>Vi \u00e4r en tillverkare av hydraulcylindrar f\u00f6r reservdelar och erbjuder ett komplett sortiment av produkter. Som en av de ledande tillverkarna och grossistdistribut\u00f6rerna av hydraulcylindrar p\u00e5 inhemska och utl\u00e4ndska marknader, f\u00f6ljer vi utm\u00e4rkt kvalitet och f\u00f6rlitar oss p\u00e5 strategier f\u00f6r industriell produktionsledning i noggrant utformade tillverkningsverkst\u00e4der. Vi f\u00f6rb\u00e4ttrar kontinuerligt verkstadens tillverkningsplattform, finslipar produktionsv\u00e4gen f\u00f6r produktkvalitet och har starka innovationsm\u00f6jligheter, vilket ger h\u00f6g effektivitet, h\u00f6g precision och h\u00f6g kvalitet f\u00f6r att m\u00f6ta kundernas olika behov.<\/p>\n<p><img decoding=\"async\" src=\"https:\/\/hzpt.com\/wp-content\/uploads\/2024\/11\/songte-company-1.webp\" alt=\"Skopscylinder f\u00f6r Volvo storgr\u00e4vmaskin EC380EL\" \/><\/p>\n<h3>Professionalism:<\/h3>\n<p>V\u00e5rt f\u00f6retag har ett team av professionella experter p\u00e5 produktion av hydraulcylindrar med m\u00e5nga \u00e5rs erfarenhet.<\/p>\n<h3>Internationell certifiering:<\/h3>\n<p>V\u00e5ra produkter har klarat internationella certifieringar som ISO 9001, CE, etc.<\/p>\n<h3>Anpassad tj\u00e4nst:<\/h3>\n<p>Vi erbjuder skr\u00e4ddarsydda tj\u00e4nster f\u00f6r kunders olika behov.<\/p>\n<h3>Produktionsutrustning:<\/h3>\n<p>Vi anv\u00e4nder avancerad utrustning f\u00f6r numerisk styrning f\u00f6r att s\u00e4kerst\u00e4lla produktkvaliteten.<\/p>\n<h3>Eftermarknadsservice:<\/h3>\n<p>Vi erbjuder kunderna utm\u00e4rkt eftermarknadsservice f\u00f6r att s\u00e4kerst\u00e4lla produktprestanda och kundn\u00f6jdhet.<\/p>\n<p>F\u00f6rfattare: lyl.<\/p>\n<p><img decoding=\"async\" src=\"https:\/\/www.hydraulic-cylinders.net\/wp-content\/uploads\/2025\/01\/songte-bushings-with-all-kinds-of-excavator-models.webp\" alt=\"Skopscylinder f\u00f6r Volvo storgr\u00e4vmaskin EC380EL\" \/><\/p>","protected":false},"excerpt":{"rendered":"<p>Bucket Cylinder For Volvo Large Excavator EC380EL Introduction A bucket cylinder is a specialized hydraulic cylinder that controls the movement of the bucket in heavy machinery such as excavators, backhoes, and loaders. Its main function is to enable the bucket to perform lifting, lowering, and tilting, making it easier for various material handling tasks. In [&hellip;]<\/p>","protected":false},"featured_media":14789,"comment_status":"open","ping_status":"closed","template":"","meta":{"_et_pb_use_builder":"","_et_pb_old_content":"","_et_gb_content_width":""},"product_brand":[],"product_cat":[1494],"product_tag":[1495,1496],"class_list":{"0":"post-15402","1":"product","2":"type-product","3":"status-publish","4":"has-post-thumbnail","6":"product_cat-bucket-cylinders","7":"product_tag-bucket-cylinders","8":"product_tag-hydraulic-cylinders","10":"first","11":"instock","12":"shipping-taxable","13":"product-type-simple"},"amp_enabled":true,"_links":{"self":[{"href":"https:\/\/www.hydraulic-cylinders.net\/sv\/wp-json\/wp\/v2\/product\/15402","targetHints":{"allow":["GET"]}}],"collection":[{"href":"https:\/\/www.hydraulic-cylinders.net\/sv\/wp-json\/wp\/v2\/product"}],"about":[{"href":"https:\/\/www.hydraulic-cylinders.net\/sv\/wp-json\/wp\/v2\/types\/product"}],"replies":[{"embeddable":true,"href":"https:\/\/www.hydraulic-cylinders.net\/sv\/wp-json\/wp\/v2\/comments?post=15402"}],"wp:featuredmedia":[{"embeddable":true,"href":"https:\/\/www.hydraulic-cylinders.net\/sv\/wp-json\/wp\/v2\/media\/14789"}],"wp:attachment":[{"href":"https:\/\/www.hydraulic-cylinders.net\/sv\/wp-json\/wp\/v2\/media?parent=15402"}],"wp:term":[{"taxonomy":"product_brand","embeddable":true,"href":"https:\/\/www.hydraulic-cylinders.net\/sv\/wp-json\/wp\/v2\/product_brand?post=15402"},{"taxonomy":"product_cat","embeddable":true,"href":"https:\/\/www.hydraulic-cylinders.net\/sv\/wp-json\/wp\/v2\/product_cat?post=15402"},{"taxonomy":"product_tag","embeddable":true,"href":"https:\/\/www.hydraulic-cylinders.net\/sv\/wp-json\/wp\/v2\/product_tag?post=15402"}],"curies":[{"name":"wp","href":"https:\/\/api.w.org\/{rel}","templated":true}]}}