{"id":15438,"date":"2025-01-19T14:31:52","date_gmt":"2025-01-19T14:31:52","guid":{"rendered":"https:\/\/www.hydraulic-cylinders.net\/product\/bucket-cylinder-for-sany-middle-excavator-sy235cq\/"},"modified":"2025-01-19T14:31:54","modified_gmt":"2025-01-19T14:31:54","slug":"bucket-cylinder-for-sany-middle-excavator-sy235cq","status":"publish","type":"product","link":"https:\/\/www.hydraulic-cylinders.net\/sv\/produkt\/bucket-cylinder-for-sany-middle-excavator-sy235cq\/","title":{"rendered":"Skopscylinder f\u00f6r Sany Middle Excavator SY235CQ"},"content":{"rendered":"<h1>Skopscylinder f\u00f6r Sany Middle Excavator SY235CQ<\/h1>\n<h2>Introduktion<\/h2>\n<p>En skopcylinder \u00e4r en specialdesignad hydraulcylinder som fr\u00e4mst anv\u00e4nds f\u00f6r att styra skopans r\u00f6relse i tunga maskiner som gr\u00e4vmaskiner, gr\u00e4vmaskiner och frontlastare. Dess huvudsakliga funktion \u00e4r att g\u00f6ra det m\u00f6jligt f\u00f6r skopan att lyfta, s\u00e4nka och luta, vilket g\u00f6r det enklare f\u00f6r olika materialhanteringsuppgifter. I hydraulsystemet uppn\u00e5r skopcylindern exakt kontroll \u00f6ver skopan genom f\u00f6r\u00e4ndringar i hydrauloljetrycket, vilket g\u00f6r det m\u00f6jligt f\u00f6r f\u00f6rare att effektivt hantera tunga laster och anpassa sig till komplexa arbetsmilj\u00f6er och olika arbetskrav.<\/p>\n<p><img decoding=\"async\" src=\"https:\/\/www.hydraulic-cylinders.net\/wp-content\/uploads\/2025\/01\/songte-company-2.webp\" alt=\"Bild av skopcylinder\"><\/p>\n<h2>Drag<\/h2>\n<ul>\n<li>H\u00f6g h\u00e5llfasthet och h\u00e5llbarhet: Den \u00e4r vanligtvis tillverkad av h\u00f6gh\u00e5llfast st\u00e5l eller aluminium, t\u00e5l h\u00f6gt tryck och tunga belastningar, anpassar sig till tuffa arbetsmilj\u00f6er och tar h\u00e4nsyn till slitstyrka och korrosionsbest\u00e4ndighet i designen f\u00f6r att f\u00f6rl\u00e4nga livsl\u00e4ngden.<\/li>\n<li>Effektiv hydraulisk drift: Smidiga ut- och sammandragningsr\u00f6relser uppn\u00e5s med hj\u00e4lp av hydrauloljetryck, vilket ger kraftfulla tryck- och dragkrafter som \u00e4r l\u00e4mpliga f\u00f6r hantering av tunga laster och komplexa arbetsuppgifter.<\/li>\n<li>Olika typer: Enkelverkande (hydrauliska cylindrar anv\u00e4nds endast i en riktning) eller dubbelverkande (hydrauliska cylindrar anv\u00e4nds i b\u00e5da riktningarna) cylindrar kan v\u00e4ljas efter behov f\u00f6r att m\u00f6ta olika driftskrav. Vissa modeller \u00e4r teleskopiska, vilket m\u00f6jligg\u00f6r st\u00f6rre utdrag utan att \u00f6ka de yttre m\u00e5tten och \u00e4r l\u00e4mpliga f\u00f6r applikationer med begr\u00e4nsat utrymme.<\/li>\n<li>Kan ers\u00e4tta hydraulcylindrar fr\u00e5n andra m\u00e4rken: V\u00e5ra produkter kan perfekt ers\u00e4tta hydraulcylindrar fr\u00e5n andra m\u00e4rken.<\/li>\n<\/ul>\n<p><img decoding=\"async\" src=\"https:\/\/www.hydraulic-cylinders.net\/wp-content\/uploads\/2025\/01\/songte-cylinder-head-with-all-kinds-excavator-models.webp\" alt=\"Bild av skopcylinder\"><\/p>\n<h2>Applikationer<\/h2>\n<ul>\n<li>Byggmaskiner: I gr\u00e4vmaskiner \u00e4r de avg\u00f6rande f\u00f6r att gr\u00e4va, lasta och flytta jord eller skr\u00e4p. I gr\u00e4vmaskiner med gr\u00e4vaggregat hj\u00e4lper skopcylindern till med b\u00e5de gr\u00e4vning och lyftning. I frontlastare hj\u00e4lper de till att lyfta och dumpa last effektivt.<\/li>\n<li>Jordbruksmaskiner: Anv\u00e4nds i frontlastare f\u00f6r att \u00f6sa, lyfta och transportera jord, h\u00f6 och andra material. <\/li>\n<li>Gr\u00e4vmaskiner: Skopans cylinder m\u00f6jligg\u00f6r gr\u00e4vning genom att l\u00e5ta skopan tr\u00e4nga ner i jorden. <\/li>\n<\/ul>\n<p>Var och en av dessa till\u00e4mpningar kan f\u00f6rklaras ytterligare med minst 200 ord.<\/p>\n<h2>Design\u00f6verv\u00e4ganden och urvalskriterier<\/h2>\n<ul>\n<li>B\u00e4rf\u00f6rm\u00e5ga: Hydraulcylinderns b\u00e4rf\u00f6rm\u00e5ga \u00e4r avg\u00f6rande f\u00f6r att s\u00e4kerst\u00e4lla att enheten kan b\u00e4ra och lyfta tunga laster. <\/li>\n<li>T\u00e4tningsf\u00f6rm\u00e5ga: H\u00f6gkvalitativa t\u00e4tningar \u00e4r n\u00f6dv\u00e4ndiga f\u00f6r att f\u00f6rhindra l\u00e4ckage av hydraulv\u00e4tska och bibeh\u00e5lla smidig drift. <\/li>\n<li>H\u00e5llbarhet: Hydraulcylindern m\u00e5ste kunna motst\u00e5 och anpassa sig till tuffa driftsmilj\u00f6er, vilket s\u00e4kerst\u00e4ller dess l\u00e5nga livsl\u00e4ngd. <\/li>\n<li>S\u00e4kerhet: S\u00e4kerhetsfunktioner som tryckavlastningsventiler och s\u00e4kerhetsventiler m\u00e5ste inf\u00f6rlivas i konstruktionen f\u00f6r att s\u00e4kerst\u00e4lla att anordningen fungerar s\u00e4kert och effektivt.<\/li>\n<li>Underh\u00e5ll: Hydraulcylindern m\u00e5ste vara l\u00e4tt att underh\u00e5lla och reparera, med l\u00e4ttillg\u00e4ngliga reservdelar och tillbeh\u00f6r.<\/li>\n<\/ul>\n<p><img decoding=\"async\" src=\"https:\/\/www.hydraulic-cylinders.net\/wp-content\/uploads\/2025\/01\/songte-oil-pipes-and-spare-parts.webp\" alt=\"Bild av skopcylinder\"><\/p>\n<h2>T\u00e4tning och sm\u00f6rjning av cylindern<\/h2>\n<p>Olika t\u00e4tningskomponenter, s\u00e5som kolvt\u00e4tningar och st\u00e5ngt\u00e4tningar, anv\u00e4nds f\u00f6r att uppr\u00e4tth\u00e5lla en t\u00e4tning mellan hydraulcylinderns r\u00f6rliga delar och f\u00f6rhindra l\u00e4ckage av hydraulv\u00e4tska. T\u00e4tningarna \u00e4r tillverkade av slitstarka material som polyuretan, nitrilgummi och andra material som t\u00e5l tuffa driftsf\u00f6rh\u00e5llanden. Dessutom \u00e4r cylinderhuset och de g\u00e4ngade \u00e4ndytorna fint bearbetade f\u00f6r att f\u00f6rb\u00e4ttra slitstyrkan. Regelbunden sm\u00f6rjning med l\u00e4mplig m\u00e4ngd hydraulolja \u00e4r n\u00f6dv\u00e4ndig f\u00f6r att uppr\u00e4tth\u00e5lla en smidig drift.<\/p>\n<p><img decoding=\"async\" src=\"https:\/\/www.hydraulic-cylinders.net\/wp-content\/uploads\/2025\/01\/songte-chushion-collar.webp\" alt=\"Bild av skopcylinder\"><\/p>\n<h2>Regelbunden inspektion och f\u00f6rebyggande underh\u00e5ll<\/h2>\n<p>Regelbunden inspektion och f\u00f6rebyggande underh\u00e5ll \u00e4r avg\u00f6rande f\u00f6r att s\u00e4kerst\u00e4lla att hydraulcylindern fungerar smidigt och s\u00e4kert. F\u00f6ljande \u00e4r n\u00e5gra vanliga underh\u00e5llsuppgifter:<\/p>\n<ul>\n<li>Regelbunden inspektion och sm\u00f6rjning av r\u00f6rliga delar<\/li>\n<li>Byte av slitna eller skadade t\u00e4tningar<\/li>\n<li>Kalibreringsinspektion f\u00f6r att s\u00e4kerst\u00e4lla cylinderns noggrannhet och s\u00e4kerhet<\/li>\n<\/ul>\n<p>Det \u00e4r viktigt att rikta in cylindern korrekt under installationen och anv\u00e4nda l\u00e4mpliga monteringsf\u00e4sten f\u00f6r att s\u00e4kra cylindern. Vi rekommenderar att du f\u00f6ljer de rekommenderade inspektions-, reparations- och utbytesprocedurerna f\u00f6r att f\u00f6rl\u00e4nga cylinderns livsl\u00e4ngd.<\/p>\n<h2>S\u00e4kerhetsaspekter och milj\u00f6faktorer<\/h2>\n<p>S\u00e4kerhets\u00e5tg\u00e4rder \u00e4r avg\u00f6rande vid anv\u00e4ndning av hydraulcylindrar f\u00f6r att f\u00f6rhindra olyckor och s\u00e4kerst\u00e4lla arbetstagarnas s\u00e4kerhet. Det \u00e4r ocks\u00e5 viktigt att beakta milj\u00f6p\u00e5verkan av anv\u00e4ndningen av hydraulcylindrar och s\u00e4kerst\u00e4lla korrekt hantering av hydraulv\u00e4tskor och annat avfall.<\/p>\n<h2>Vanliga feldiagnoser och l\u00f6sningar<\/h2>\n<p>Vanliga fel i hydraulcylindrar inkluderar v\u00e4tskel\u00e4ckage, otillr\u00e4ckligt tryck och felaktig positionering. Korrekt diagnos och snabb reparation \u00e4r n\u00f6dv\u00e4ndiga f\u00f6r att f\u00f6rhindra skador och s\u00e4kerst\u00e4lla att hydraulcylindern fungerar s\u00e4kert och smidigt. Regelbunden inspektion och f\u00f6rebyggande underh\u00e5ll kan hj\u00e4lpa till att identifiera och l\u00f6sa potentiella problem.<\/p>\n<p><img decoding=\"async\" src=\"https:\/\/www.hydraulic-cylinders.net\/wp-content\/uploads\/2025\/01\/songte-bushings-with-all-kinds-of-excavator-models.webp\" alt=\"Bild av skopcylinder\"><\/p>\n<h2>Om v\u00e5rt f\u00f6retag<\/h2>\n<p>Vi \u00e4r en tillverkare av hydraulcylindrar som kan ers\u00e4tta hydraulcylindrar fr\u00e5n andra m\u00e4rken. Med ett komplett sortiment av produkttyper har vi blivit en av de ledande tillverkarna och grossistdistribut\u00f6rerna av hydraulcylindrar p\u00e5 den inhemska och internationella marknaden. Vi f\u00f6ljer principen om utm\u00e4rkt kvalitet och f\u00f6rlitar oss p\u00e5 den industriella produktionsledningsstrategin hos fintillverkningsverkst\u00e4der f\u00f6r att kontinuerligt f\u00f6rb\u00e4ttra verkstadens tillverkningsplattform, f\u00f6rb\u00e4ttra produktkvaliteten i produktionslinjen och ha stark kreativ f\u00f6rm\u00e5ga att tillhandah\u00e5lla effektiva, h\u00f6gprecisions- och h\u00f6gkvalitativa produkter f\u00f6r att m\u00f6ta kundernas olika behov.<\/p>\n<p><img decoding=\"async\" src=\"https:\/\/hzpt.com\/wp-content\/uploads\/2024\/11\/songte-company-1.webp\" alt=\"Bild av skopcylinder\"><\/p>\n<p>Vi erbjuder professionella tj\u00e4nster, internationell certifiering, kundanpassade tj\u00e4nster, produktionsutrustning och eftermarknadsservice. V\u00e5ra produkter tillverkas av teknisk personal med hj\u00e4lp av digital avancerad tillverkningsutrustning och professionella testsystem, vilket kontinuerligt f\u00f6rb\u00e4ttrar kvaliteten p\u00e5 tillverkningsplattformen och tillhandah\u00e5ller h\u00f6gkvalitativa produkter och tj\u00e4nster som uppfyller kundernas krav.<\/p>\n<p>F\u00f6rfattare: lyl.<\/p>","protected":false},"excerpt":{"rendered":"<p>Bucket Cylinder For Sany Middle Excavator SY235CQ Introduction A bucket cylinder is a specially designed hydraulic cylinder primarily used to control the movement of the bucket in heavy machinery such as excavators, backhoe excavators, and front-end loaders. Its main function is to enable the bucket to lift, lower, and tilt, making it easier for various [&hellip;]<\/p>","protected":false},"featured_media":14780,"comment_status":"open","ping_status":"closed","template":"","meta":{"_et_pb_use_builder":"","_et_pb_old_content":"","_et_gb_content_width":""},"product_brand":[],"product_cat":[1494],"product_tag":[1495,1496],"class_list":{"0":"post-15438","1":"product","2":"type-product","3":"status-publish","4":"has-post-thumbnail","6":"product_cat-bucket-cylinders","7":"product_tag-bucket-cylinders","8":"product_tag-hydraulic-cylinders","10":"first","11":"instock","12":"shipping-taxable","13":"product-type-simple"},"amp_enabled":true,"_links":{"self":[{"href":"https:\/\/www.hydraulic-cylinders.net\/sv\/wp-json\/wp\/v2\/product\/15438","targetHints":{"allow":["GET"]}}],"collection":[{"href":"https:\/\/www.hydraulic-cylinders.net\/sv\/wp-json\/wp\/v2\/product"}],"about":[{"href":"https:\/\/www.hydraulic-cylinders.net\/sv\/wp-json\/wp\/v2\/types\/product"}],"replies":[{"embeddable":true,"href":"https:\/\/www.hydraulic-cylinders.net\/sv\/wp-json\/wp\/v2\/comments?post=15438"}],"wp:featuredmedia":[{"embeddable":true,"href":"https:\/\/www.hydraulic-cylinders.net\/sv\/wp-json\/wp\/v2\/media\/14780"}],"wp:attachment":[{"href":"https:\/\/www.hydraulic-cylinders.net\/sv\/wp-json\/wp\/v2\/media?parent=15438"}],"wp:term":[{"taxonomy":"product_brand","embeddable":true,"href":"https:\/\/www.hydraulic-cylinders.net\/sv\/wp-json\/wp\/v2\/product_brand?post=15438"},{"taxonomy":"product_cat","embeddable":true,"href":"https:\/\/www.hydraulic-cylinders.net\/sv\/wp-json\/wp\/v2\/product_cat?post=15438"},{"taxonomy":"product_tag","embeddable":true,"href":"https:\/\/www.hydraulic-cylinders.net\/sv\/wp-json\/wp\/v2\/product_tag?post=15438"}],"curies":[{"name":"wp","href":"https:\/\/api.w.org\/{rel}","templated":true}]}}