{"id":15439,"date":"2025-01-19T14:31:56","date_gmt":"2025-01-19T14:31:56","guid":{"rendered":"https:\/\/www.hydraulic-cylinders.net\/product\/bucket-cylinder-for-sany-middle-excavator-sy265cq\/"},"modified":"2025-01-19T14:31:58","modified_gmt":"2025-01-19T14:31:58","slug":"bucket-cylinder-for-sany-middle-excavator-sy265cq","status":"publish","type":"product","link":"https:\/\/www.hydraulic-cylinders.net\/sv\/produkt\/bucket-cylinder-for-sany-middle-excavator-sy265cq\/","title":{"rendered":"Skopscylinder f\u00f6r Sany Middle Excavator SY265CQ"},"content":{"rendered":"<h1>Skopscylinder f\u00f6r Sany Middle Excavator SY265CQ<\/h1>\n<h2>Introduktion<\/h2>\n<p>Skopcylindern till Sany mellangr\u00e4vmaskin SY265CQ \u00e4r en specialdesignad hydraulcylinder som fr\u00e4mst anv\u00e4nds f\u00f6r att styra skopans r\u00f6relse i tunga maskiner som gr\u00e4vmaskiner, traktorgr\u00e4vmaskiner och frontlastare. Dess huvudsakliga funktion \u00e4r att l\u00e5ta skopan lyftas, s\u00e4nkas och lutas, vilket g\u00f6r det enklare att hantera olika materialhanteringsuppgifter. I hydrauliska system anv\u00e4nder skopcylindrar f\u00f6r\u00e4ndringar i hydrauloljetrycket f\u00f6r att noggrant styra skopan, vilket g\u00f6r det m\u00f6jligt f\u00f6r f\u00f6rare att effektivt hantera tunga laster och anpassa sig till komplexa arbetsmilj\u00f6er och olika arbetskrav.<\/p>\n<p><img decoding=\"async\" src=\"https:\/\/www.hydraulic-cylinders.net\/wp-content\/uploads\/2025\/01\/songte-company-2.webp\" alt=\"Bild av skopcylinder\"><\/p>\n<h2>Drag<\/h2>\n<ul>\n<li>H\u00f6g h\u00e5llfasthet och h\u00e5llbarhet: Den \u00e4r vanligtvis tillverkad av h\u00f6gh\u00e5llfast st\u00e5l eller aluminium, t\u00e5l h\u00f6gt tryck och tunga belastningar, anpassar sig till tuffa arbetsmilj\u00f6er och \u00e4r konstruerad f\u00f6r att ta h\u00e4nsyn till slitstyrka och korrosionsbest\u00e4ndighet f\u00f6r att f\u00f6rl\u00e4nga livsl\u00e4ngden.<\/li>\n<li>Effektiv hydraulisk drift: Anv\u00e4ndningen av hydrauliskt oljetryck uppn\u00e5r smidiga ut- och indragningsr\u00f6relser, kan snabbt reagera p\u00e5 styrkommandon, ger kraftfulla tryck- och dragkrafter och \u00e4r l\u00e4mplig f\u00f6r hantering av tunga laster och komplexa arbetsuppgifter.<\/li>\n<li>Olika typer: Enkelverkande (med hydraulik i endast en riktning) eller dubbelverkande (med hydraulik i b\u00e5da riktningarna) cylindrar kan v\u00e4ljas enligt kraven f\u00f6r att m\u00f6ta olika driftsbehov. Vissa modeller \u00e4r teleskopiska, vilket m\u00f6jligg\u00f6r st\u00f6rre utdrag utan att \u00f6ka ytterm\u00e5tten, l\u00e4mpliga f\u00f6r utrymmesbegr\u00e4nsade till\u00e4mpningar.<\/li>\n<li>Utbytbar: V\u00e5r produkt kan perfekt ers\u00e4tta dessa hydraulcylindrar och vi kan producera denna produkt.<\/li>\n<\/ul>\n<p><img decoding=\"async\" src=\"https:\/\/www.hydraulic-cylinders.net\/wp-content\/uploads\/2025\/01\/songte-cylinder-head-with-all-kinds-excavator-models.webp\" alt=\"Bild av utbytbar cylinder\"><\/p>\n<h2>Applikationer<\/h2>\n<p>Skopscylindern kan anv\u00e4ndas i en m\u00e4ngd olika tunga maskiner, inklusive:<\/p>\n<ul>\n<li>Byggmaskiner: I gr\u00e4vmaskiner \u00e4r de viktiga f\u00f6r att gr\u00e4va, lasta och flytta jord eller skr\u00e4p. I gr\u00e4vmaskiner med gr\u00e4vaggregat hj\u00e4lper skopcylindern till med b\u00e5de gr\u00e4vning och lyftning. <\/li>\n<li>Jordbruksmaskiner: Anv\u00e4nds f\u00f6r frontlastare, f\u00f6r att plocka upp, lyfta och transportera jord, h\u00f6 och andra material. <\/li>\n<li>Gr\u00e4vmaskiner: Skopans cylinder utf\u00f6r gr\u00e4vning genom att l\u00e5ta skopan tr\u00e4nga ner i jorden. <\/li>\n<li>Lastare: I frontlastare hj\u00e4lper de till med att lyfta och tilta gods.<\/li>\n<\/ul>\n<h2>Design\u00f6verv\u00e4ganden och urvalskriterier<\/h2>\n<p>Vid konstruktion av skopcylindrar inkluderar viktiga \u00f6verv\u00e4ganden b\u00e4rf\u00f6rm\u00e5ga, t\u00e4tning, h\u00e5llbarhet, s\u00e4kerhet och underh\u00e5llbarhet. H\u00e4r \u00e4r n\u00e5gra punkter att diskutera:<\/p>\n<ul>\n<li>B\u00e4rf\u00f6rm\u00e5ga: Cylindern b\u00f6r vara dimensionerad f\u00f6r att hantera de maximala belastningarna i den specifika till\u00e4mpningen. <\/li>\n<li>T\u00e4tning: Olika t\u00e4tningskomponenter som kolvt\u00e4tningar, kolvst\u00e5ngst\u00e4tningar etc. anv\u00e4nds, och t\u00e4tningskomponenterna \u00e4r tillverkade av slitstarka material som polyuretan, nitrilgummi etc. <\/li>\n<li>H\u00e5llbarhet: Cylindern b\u00f6r vara konstruerad med slitstarka material och ytor f\u00f6r att f\u00f6rl\u00e4nga livsl\u00e4ngden. <\/li>\n<li>S\u00e4kerhet: Korrekt installation och underh\u00e5ll \u00e4r avg\u00f6rande f\u00f6r att s\u00e4kerst\u00e4lla s\u00e4ker drift av cylindern. <\/li>\n<li>Underh\u00e5llbarhet: Cylindern b\u00f6r vara konstruerad s\u00e5 att den \u00e4r enkel att demontera och montera ihop f\u00f6r underh\u00e5ll och reparation.<\/li>\n<\/ul>\n<p><img decoding=\"async\" src=\"https:\/\/www.hydraulic-cylinders.net\/wp-content\/uploads\/2025\/01\/songte-oil-pipes-and-spare-parts.webp\" alt=\"Bild av reservdelar\"><\/p>\n<h2>T\u00e4tning och sm\u00f6rjning<\/h2>\n<p>Skopscylindern anv\u00e4nder olika t\u00e4tningskomponenter f\u00f6r att f\u00f6rhindra l\u00e4ckage av hydraulv\u00e4tska. Kolvar och kolvst\u00e5ngst\u00e4tningar \u00e4r vanligtvis tillverkade av polyuretan eller nitrilgummi f\u00f6r att motst\u00e5 slitage. Cylinderkroppar och g\u00e4ngade \u00e4ndytor \u00e4r finbearbetade f\u00f6r att f\u00f6rb\u00e4ttra slitstyrkan. Tillr\u00e4ckligt med hydraulv\u00e4tska kr\u00e4vs f\u00f6r att sm\u00f6rja cylindern, f\u00f6rhindra korrosion och fr\u00e4mja smidig drift. <\/p>\n<h2>Underh\u00e5ll och reparation<\/h2>\n<p>Regelbunden inspektion och f\u00f6rebyggande underh\u00e5ll \u00e4r avg\u00f6rande f\u00f6r att s\u00e4kerst\u00e4lla maximal prestanda och livsl\u00e4ngd f\u00f6r skopcylindern. H\u00e4r \u00e4r tre vanliga underh\u00e5llsuppgifter:<\/p>\n<ul>\n<li>Regelbundna kontroller: Kontrollera regelbundet slitage, l\u00e4ckor och att den fungerar korrekt. <\/li>\n<li>Sm\u00f6rjning: Applicera sm\u00f6rjmedel p\u00e5 cylinderkomponenterna enligt rekommendationerna f\u00f6r att f\u00f6rhindra slitage. <\/li>\n<li>Byte av t\u00e4tning och kalibreringskontroll: Byt ut slitna t\u00e4tningar och kalibrera cylindern vid behov f\u00f6r att s\u00e4kerst\u00e4lla korrekt funktion.<\/li>\n<\/ul>\n<p><img decoding=\"async\" src=\"https:\/\/www.hydraulic-cylinders.net\/wp-content\/uploads\/2025\/01\/songte-chushion-collar.webp\" alt=\"Underh\u00e5llsbild\"><\/p>\n<h2>S\u00e4kerhet och milj\u00f6<\/h2>\n<p>N\u00e4r man anv\u00e4nder skopcylindern \u00e4r det viktigt att f\u00f6lja l\u00e4mpliga s\u00e4kerhets\u00e5tg\u00e4rder f\u00f6r att f\u00f6rhindra olyckor och skador. S\u00e4kerst\u00e4ll att cylindern installeras och anv\u00e4nds korrekt f\u00f6r att undvika skador och oljel\u00e4ckage. Dessutom b\u00f6r milj\u00f6h\u00e4nsyn, s\u00e5som korrekt kassering av hydraulv\u00e4tska, beaktas.<\/p>\n<h2>Feldiagnos och fels\u00f6kning<\/h2>\n<p>N\u00e4r man upplever problem med skopcylindern \u00e4r korrekt diagnos och fels\u00f6kning avg\u00f6rande f\u00f6r att l\u00f6sa problemet effektivt. H\u00e4r \u00e4r n\u00e5gra tips f\u00f6r fels\u00f6kning:<\/p>\n<ul>\n<li>Kontrollera om det finns l\u00e4ckor och skadade t\u00e4tningar. <\/li>\n<li>Kontrollera cylindern f\u00f6r synliga skador eller slitage. <\/li>\n<li>Se till att hydraulv\u00e4tskan har r\u00e4tt niv\u00e5 f\u00f6r att f\u00f6rhindra l\u00e4ckage eller skador. <\/li>\n<\/ul>\n<p>F\u00f6r att f\u00f6rebygga problem innan de uppst\u00e5r rekommenderas regelbundet underh\u00e5ll och inspektion.<\/p>\n<p><img decoding=\"async\" src=\"https:\/\/www.hydraulic-cylinders.net\/wp-content\/uploads\/2025\/01\/songte-bushings-with-all-kinds-of-excavator-models.webp\" alt=\"Fels\u00f6kningsbild\"><\/p>\n<h2>Om v\u00e5rt f\u00f6retag<\/h2>\n<p>Vi \u00e4r en tillverkare av hydraulcylindrar f\u00f6r reservdelar med ett komplett produktsortiment och har blivit en av de ledande tillverkarna och grossistdistribut\u00f6rerna av hydraulcylindrar p\u00e5 inhemska och utl\u00e4ndska marknader. Vi f\u00f6ljer principen om h\u00f6gsta kvalitet, f\u00f6rlitar oss p\u00e5 industrialiserade produktionsledningsstrategier i sofistikerade tillverkningsverkst\u00e4der, f\u00f6rb\u00e4ttrar kontinuerligt tillverkningsplattformen i verkstaden, perfektionerar produktionsv\u00e4gen f\u00f6r produktkvalitet och har starka produktionskapaciteter. Vi tillgodoser olika kundbehov med h\u00f6g effektivitet, h\u00f6g precision och h\u00f6ga kvalitetsprinciper.<\/p>\n<p>V\u00e5rt f\u00f6retag erbjuder professionella, anpassningsbara tj\u00e4nster och vi har erh\u00e5llit internationella certifieringar. Vi anv\u00e4nder avancerad utrustning f\u00f6r att producera v\u00e5ra produkter och erbjuder utm\u00e4rkt eftermarknadsservice. <\/p>\n<p><img decoding=\"async\" src=\"https:\/\/www.hydraulic-cylinders.net\/wp-content\/uploads\/2025\/01\/songte-company-3.webp\" alt=\"V\u00e5r f\u00f6retagsbild\"><\/p>\n<p>F\u00f6rfattare: lyl<\/p>","protected":false},"excerpt":{"rendered":"<p>Bucket Cylinder For Sany Middle Excavator SY265CQ Introduction The bucket cylinder for Sany middle excavator SY265CQ is a specially designed hydraulic cylinder primarily used to control the movement of the bucket in heavy machinery such as excavators, backhoe excavators, and front-end loaders. Its main function is to allow the bucket to lift, lower, and tilt, [&hellip;]<\/p>","protected":false},"featured_media":14778,"comment_status":"open","ping_status":"closed","template":"","meta":{"_et_pb_use_builder":"","_et_pb_old_content":"","_et_gb_content_width":""},"product_brand":[],"product_cat":[1494],"product_tag":[1495,1496],"class_list":{"0":"post-15439","1":"product","2":"type-product","3":"status-publish","4":"has-post-thumbnail","6":"product_cat-bucket-cylinders","7":"product_tag-bucket-cylinders","8":"product_tag-hydraulic-cylinders","10":"first","11":"instock","12":"shipping-taxable","13":"product-type-simple"},"amp_enabled":true,"_links":{"self":[{"href":"https:\/\/www.hydraulic-cylinders.net\/sv\/wp-json\/wp\/v2\/product\/15439","targetHints":{"allow":["GET"]}}],"collection":[{"href":"https:\/\/www.hydraulic-cylinders.net\/sv\/wp-json\/wp\/v2\/product"}],"about":[{"href":"https:\/\/www.hydraulic-cylinders.net\/sv\/wp-json\/wp\/v2\/types\/product"}],"replies":[{"embeddable":true,"href":"https:\/\/www.hydraulic-cylinders.net\/sv\/wp-json\/wp\/v2\/comments?post=15439"}],"wp:featuredmedia":[{"embeddable":true,"href":"https:\/\/www.hydraulic-cylinders.net\/sv\/wp-json\/wp\/v2\/media\/14778"}],"wp:attachment":[{"href":"https:\/\/www.hydraulic-cylinders.net\/sv\/wp-json\/wp\/v2\/media?parent=15439"}],"wp:term":[{"taxonomy":"product_brand","embeddable":true,"href":"https:\/\/www.hydraulic-cylinders.net\/sv\/wp-json\/wp\/v2\/product_brand?post=15439"},{"taxonomy":"product_cat","embeddable":true,"href":"https:\/\/www.hydraulic-cylinders.net\/sv\/wp-json\/wp\/v2\/product_cat?post=15439"},{"taxonomy":"product_tag","embeddable":true,"href":"https:\/\/www.hydraulic-cylinders.net\/sv\/wp-json\/wp\/v2\/product_tag?post=15439"}],"curies":[{"name":"wp","href":"https:\/\/api.w.org\/{rel}","templated":true}]}}