{"id":1544,"date":"2023-09-28T07:34:40","date_gmt":"2023-09-28T07:34:40","guid":{"rendered":"https:\/\/hydraulic-cylinders.net\/?post_type=product&#038;p=1544"},"modified":"2025-04-11T03:25:48","modified_gmt":"2025-04-11T03:25:48","slug":"aerial-work-platform-steering-cylinder","status":"publish","type":"product","link":"https:\/\/www.hydraulic-cylinders.net\/sv\/produkt\/aerial-work-platform-steering-cylinder\/","title":{"rendered":"Styrcylinder f\u00f6r arbetsplattform p\u00e5 h\u00f6ger sida"},"content":{"rendered":"<h1 style=\"text-align: center;\"><strong>Styrcylinder f\u00f6r arbetsplattform p\u00e5 h\u00f6ger sida<\/strong><\/h1>\n<p><img loading=\"lazy\" decoding=\"async\" class=\"aligncenter wp-image-1545\" src=\"https:\/\/hydraulic-cylinders.net\/wp-content\/uploads\/2023\/09\/steering-cylinder-300x300.webp\" alt=\"\" width=\"400\" height=\"400\" \/><\/p>\n<p>Styrcylindern p\u00e5 arbetsplattformen \u00e4r en viktig komponent som \u00e4r utformad f\u00f6r att f\u00f6rb\u00e4ttra man\u00f6vrerbarhet och kontroll i arbetsplattformar. Denna specialiserade hydraulcylinder \u00e4r avg\u00f6rande f\u00f6r att styra plattformen, vilket g\u00f6r det m\u00f6jligt f\u00f6r operat\u00f6rer att navigera s\u00e4kert och effektivt p\u00e5 h\u00f6ga h\u00f6jder.<\/p>\n<p>Styrningen av arbetsplattformen \u00e4r oumb\u00e4rlig f\u00f6r att f\u00f6rb\u00e4ttra man\u00f6vrerbarhet, kontroll och f\u00f6rarkomfort i f\u00f6rh\u00f6jda arbetsmilj\u00f6er. Med sin robusta konstruktion, precisa styrning, f\u00f6rb\u00e4ttrade man\u00f6vrerbarhet och f\u00f6rarcentrerade design underl\u00e4ttar denna hydraulcylinder smidig navigering och effektiv \u00e5tkomst i olika arbetstill\u00e4mpningar p\u00e5 f\u00f6rh\u00f6jda platser. Genom att f\u00f6lja de rekommenderade anv\u00e4ndningsmetoderna och underh\u00e5llspraxisen kan operat\u00f6rer maximera livsl\u00e4ngden och prestandan hos styrningen av arbetsplattformen, vilket bidrar till \u00f6kad produktivitet, s\u00e4kerhet och f\u00f6rtroende i f\u00f6rh\u00f6jda arbetsscenarier. Investera i denna viktiga hydrauliska komponent f\u00f6r att h\u00f6ja din arbetsplattforms man\u00f6vrerbarhet, kontroll och effektivitet, vilket l\u00e5ser upp nya produktivitetsniv\u00e5er och framg\u00e5ng i arbetsuppgifter p\u00e5 f\u00f6rh\u00f6jda platser.<\/p>\n<p>Styrcylinder f\u00f6r arbetsplattform p\u00e5 en arbetsplattform, viktiga egenskaper:<\/p>\n<ol>\n<li>Robust konstruktion:<\/li>\n<\/ol>\n<ul>\n<li>Styrcylindern f\u00f6r arbetsplattformen \u00e4r konstruerad av h\u00f6gkvalitativa material, vilket garanterar h\u00e5llbarhet och tillf\u00f6rlitlighet.<\/li>\n<li>Den \u00e4r konstruerad f\u00f6r att klara av kraven i kr\u00e4vande arbetsmilj\u00f6er och tunga belastningar.<\/li>\n<\/ul>\n<ol start=\"2\">\n<li>Exakt styrning:<\/li>\n<\/ol>\n<ul>\n<li>Denna cylinder m\u00f6jligg\u00f6r exakt styrning, vilket g\u00f6r det m\u00f6jligt f\u00f6r operat\u00f6rer att man\u00f6vrera arbetsplattformen med precision och tillf\u00f6rsikt.<\/li>\n<li>Det s\u00e4kerst\u00e4ller smidig och responsiv styrning, vilket m\u00f6jligg\u00f6r exakt positionering och navigering i tr\u00e5nga utrymmen eller komplexa arbetsplatser.<\/li>\n<\/ul>\n<ol start=\"3\">\n<li>F\u00f6rb\u00e4ttrad man\u00f6vrerbarhet:<\/li>\n<\/ol>\n<ul>\n<li>Styrcylindern p\u00e5 arbetsplattformen f\u00f6rb\u00e4ttrar plattformens \u00f6vergripande man\u00f6vrerbarhet, vilket g\u00f6r det m\u00f6jligt f\u00f6r operat\u00f6rer att navigera effektivt och komma \u00e5t sv\u00e5r\u00e5tkomliga omr\u00e5den.<\/li>\n<li>Det m\u00f6jligg\u00f6r mjuka sv\u00e4ngar och precisa justeringar, vilket bidrar till \u00f6kad produktivitet och m\u00e5ngsidighet i upph\u00f6jda arbetstill\u00e4mpningar.<\/li>\n<\/ul>\n<ol start=\"4\">\n<li>F\u00f6rarkomfort:<\/li>\n<\/ol>\n<ul>\n<li>Styrcylindern \u00e4r konstruerad f\u00f6r att ge ergonomisk kontroll, minska f\u00f6rartr\u00f6tthet och \u00f6ka komforten under l\u00e4ngre arbetsperioder.<\/li>\n<li>Den erbjuder smidig och enkel styrning, vilket minimerar f\u00f6rarens anstr\u00e4ngning och s\u00e4kerst\u00e4ller en bekv\u00e4m arbetsupplevelse.<\/li>\n<\/ul>\n<h2><strong>Parameter f\u00f6r styrcylinder f\u00f6r arbetsplattform p\u00e5 luften:<\/strong><\/h2>\n<table border=\"1\" cellspacing=\"0\" cellpadding=\"0\">\n<tbody>\n<tr>\n<td>Produktnamn<\/td>\n<td>Styrcylinder f\u00f6r arbetsplattform p\u00e5 h\u00f6ger sida<\/td>\n<\/tr>\n<tr>\n<td>Drag:<\/td>\n<td>Styrsystem f\u00f6r chassid\u00e4ck p\u00e5 arbetsfordon<\/td>\n<\/tr>\n<tr>\n<td>Borrdiameter:<\/td>\n<td>63 mm\uff5e200 mm<\/td>\n<\/tr>\n<tr>\n<td>St\u00e5ngdiameter:<\/td>\n<td>36 mm\uff5e140 mm<br \/>\nSlagl\u00e4ngd \u22641000 mm<\/td>\n<\/tr>\n<tr>\n<td>Tryck:<\/td>\n<td>30 MPa (maximalt tryck)<\/td>\n<\/tr>\n<tr>\n<td>Hydraulisk styrcylinder applikationer:<\/td>\n<td>Arbetsplattform i luften<\/td>\n<\/tr>\n<\/tbody>\n<\/table>\n<h2><strong>Identifieringsdiagram f\u00f6r arbetsplattform p\u00e5 h\u00f6ger sida:<\/strong><\/h2>\n<p><img loading=\"lazy\" decoding=\"async\" class=\"alignnone wp-image-1517 size-full\" src=\"https:\/\/hydraulic-cylinders.net\/wp-content\/uploads\/2023\/09\/aerial-work-platform-cylinder-construct.webp\" alt=\"\" width=\"600\" height=\"400\" srcset=\"https:\/\/hydraulic-cylinders.net\/wp-content\/uploads\/2023\/09\/aerial-work-platform-cylinder-construct.webp 600w, https:\/\/hydraulic-cylinders.net\/wp-content\/uploads\/2023\/09\/aerial-work-platform-cylinder-construct-480x320.webp 480w\" sizes=\"(min-width: 0px) and (max-width: 480px) 480px, (min-width: 481px) 600px, 100vw\" \/><\/p>\n<h2><strong>Anv\u00e4ndningsmetod f\u00f6r styrcylinder f\u00f6r luftarbetsplattform<\/strong><strong>:<\/strong><\/h2>\n<ol>\n<li><strong>Installation och installation:<\/strong><\/li>\n<\/ol>\n<ul>\n<li>F\u00f6lj tillverkarens instruktioner f\u00f6r korrekt installation och konfiguration av arbetsplattformens styrning.<\/li>\n<li>Se till att cylindern \u00e4r ordentligt monterad och justerad f\u00f6r att s\u00e4kerst\u00e4lla optimal prestanda.<\/li>\n<\/ul>\n<ol start=\"2\">\n<li><strong>Hydraulisk anslutning:<\/strong><\/li>\n<\/ol>\n<ul>\n<li>Anslut styrcylindern till arbetsplattformens hydraulsystem enligt de medf\u00f6ljande anvisningarna.<\/li>\n<li>S\u00e4kerst\u00e4ll att alla hydrauliska anslutningar \u00e4r s\u00e4kra och ordentligt t\u00e4tade f\u00f6r att f\u00f6rhindra l\u00e4ckage eller f\u00f6rlust av hydraulv\u00e4tska.<\/li>\n<\/ul>\n<ol start=\"3\">\n<li><strong>Styrningsman\u00f6vrering:<\/strong><\/li>\n<\/ol>\n<ul>\n<li>Aktivera man\u00f6vermekanismerna eller ratten p\u00e5 arbetsplattformen f\u00f6r att styra styrcylindern.<\/li>\n<li>F\u00f6lj de rekommenderade procedurerna och s\u00e4kerhetsf\u00f6reskrifterna under styrningen.<\/li>\n<\/ul>\n<ol start=\"4\">\n<li><strong>Responsivitet och precision:<\/strong><\/li>\n<\/ol>\n<ul>\n<li>Bekanta dig med styrresponsen och k\u00e4nsligheten hos plattformen utrustad med styrcylindern.<\/li>\n<li>\u00d6va p\u00e5 gradvisa och kontrollerade styrinsatser f\u00f6r att uppn\u00e5 exakt positionering och smidig man\u00f6vrering.<\/li>\n<\/ul>\n<h2><strong>Hur spolar man hydraulsystemet?<\/strong><\/h2>\n<p>Att spola ett hydraulsystem \u00e4r en viktig underh\u00e5llsprocedur som hj\u00e4lper till att ta bort f\u00f6roreningar, gammal v\u00e4tska och skr\u00e4p fr\u00e5n systemet, vilket s\u00e4kerst\u00e4ller optimal prestanda och livsl\u00e4ngd. H\u00e4r \u00e4r en steg-f\u00f6r-steg-guide om hur man spolar ett hydraulsystem:<\/p>\n<ol>\n<li><strong>Samla de n\u00f6dv\u00e4ndiga verktygen och f\u00f6rn\u00f6denheterna:<\/strong>\n<ul>\n<li>Skyddsglas\u00f6gon och handskar<\/li>\n<li>Avloppssk\u00e5l eller hink<\/li>\n<li>Rena trasor eller handdukar<\/li>\n<li>Skiftnyckel eller t\u00e5ng<\/li>\n<li>Spolv\u00e4tska f\u00f6r hydraulsystemet (rekommenderas av tillverkaren)<\/li>\n<li>Hydraulisk v\u00e4tska (vid behov)<\/li>\n<\/ul>\n<\/li>\n<li><strong>F\u00f6rbered arbetsomr\u00e5det:<\/strong>\n<ul>\n<li>Parkera utrustningen p\u00e5 en plan yta och aktivera alla s\u00e4kerhetsmekanismer, s\u00e5som att dra \u00e5t parkeringsbromsen eller blockera hjulen.<\/li>\n<li>Se till att det finns tillr\u00e4cklig ventilation i omr\u00e5det f\u00f6r att undvika inandning av \u00e5ngor fr\u00e5n spolv\u00e4tskan.<\/li>\n<\/ul>\n<\/li>\n<li><strong>Identifiera systemkomponenterna:<\/strong>\n<ul>\n<li>Bekanta dig med hydraulsystemets komponenter, inklusive beh\u00e5llare, filter, slangar och kopplingar.<\/li>\n<li>Se utrustningens manual eller tillverkarens riktlinjer f\u00f6r specifika instruktioner om hur du hittar dessa komponenter.<\/li>\n<\/ul>\n<\/li>\n<li><strong>T\u00f6m den befintliga v\u00e4tskan:<\/strong>\n<ul>\n<li>Placera dr\u00e4neringstr\u00e5get eller hinken under hydraultanken.<\/li>\n<li>Anv\u00e4nd en skiftnyckel eller t\u00e5ng f\u00f6r att lossa avtappningspluggen eller ta bort avtappningslocket, s\u00e5 att den gamla v\u00e4tskan kan rinna ut helt.<\/li>\n<li>Kassera den gamla v\u00e4tskan i enlighet med lokala f\u00f6reskrifter.<\/li>\n<\/ul>\n<\/li>\n<li><strong>Ta bort och reng\u00f6r filter:<\/strong>\n<ul>\n<li>Lokalisera hydraulfiltren och ta bort dem enligt tillverkarens anvisningar.<\/li>\n<li>Kontrollera filtren f\u00f6r tecken p\u00e5 smuts, skr\u00e4p eller skador.<\/li>\n<li>Reng\u00f6r eller byt ut filtren vid behov innan du s\u00e4tter tillbaka dem.<\/li>\n<\/ul>\n<\/li>\n<li><strong>Anslut spolningsutrustning:<\/strong>\n<ul>\n<li>Anslut en spolledning eller slang till hydraulsystemet och s\u00e4kerst\u00e4ll en s\u00e4ker anslutning.<\/li>\n<li>Placera den andra \u00e4nden av spolningsledningen i beh\u00e5llaren med spolv\u00e4tska.<\/li>\n<\/ul>\n<\/li>\n<li><strong>Spola systemet:<\/strong>\n<ul>\n<li>F\u00f6r l\u00e5ngsamt in spolv\u00e4tskan i hydraulsystemet genom att sl\u00e5 p\u00e5 utrustningen eller aktivera hydraulpumpen.<\/li>\n<li>L\u00e5t spolv\u00e4tskan cirkulera genom systemet under en angiven tid enligt tillverkarens rekommendationer.<\/li>\n<li>Man\u00f6vrera alla hydrauliska reglage f\u00f6r att s\u00e4kerst\u00e4lla att spolv\u00e4tskan n\u00e5r alla komponenter.<\/li>\n<\/ul>\n<\/li>\n<li><strong>T\u00f6m spolv\u00e4tskan:<\/strong>\n<ul>\n<li>Koppla bort spolledningen fr\u00e5n hydraulsystemet.<\/li>\n<li>S\u00e4tt tillbaka avtappningspluggen eller locket p\u00e5 beh\u00e5llaren.<\/li>\n<li>L\u00e5t spolv\u00e4tskan rinna ner helt i avtappningstr\u00e5get eller hinken.<\/li>\n<\/ul>\n<\/li>\n<li><strong>P\u00e5fyllning med ny hydraulv\u00e4tska:<\/strong>\n<ul>\n<li>Se till att beh\u00e5llaren \u00e4r ren och fri fr\u00e5n kvarvarande spolv\u00e4tska.<\/li>\n<li>Se utrustningens manual eller tillverkarens riktlinjer f\u00f6r l\u00e4mplig typ och m\u00e4ngd hydraulv\u00e4tska.<\/li>\n<li>H\u00e4ll eller pumpa l\u00e5ngsamt den nya hydraulv\u00e4tskan i beh\u00e5llaren och undvik att \u00f6verfylla.<\/li>\n<\/ul>\n<\/li>\n<li><strong>Lufta och testa systemet:<\/strong><\/li>\n<\/ol>\n<ul>\n<li>F\u00f6lj tillverkarens anvisningar f\u00f6r att lufta systemet, om det beh\u00f6vs.<\/li>\n<li>Starta utrustningen eller aktivera hydraulpumpen och man\u00f6vrera reglagen f\u00f6r att s\u00e4kerst\u00e4lla att systemet fungerar korrekt.<\/li>\n<li>Kontrollera om det finns n\u00e5gra l\u00e4ckor eller avvikelser under drift.<\/li>\n<\/ul>\n<h2><strong>Fabrikens kapacitet och kapacitet:<\/strong><\/h2>\n<h3>(1) Montering<\/h3>\n<p>Vi har en f\u00f6rstklassig oberoende forsknings- och utvecklingsplattform. Verkstaden f\u00f6r tillverkning av hydraulcylindrar har fyra halvautomatiska monteringslinjer f\u00f6r lyftcylindrar och en automatisk monteringslinje f\u00f6r tiltcylindrar, med en planerad \u00e5rlig produktionskapacitet p\u00e5 1 miljon enheter. Specialcylinderverkstaden \u00e4r utrustad med olika specifikationer f\u00f6r ett halvautomatiskt reng\u00f6ringsmonteringssystem med en planerad \u00e5rlig produktionskapacitet p\u00e5 200 000 och utrustad med k\u00e4nd CNC-bearbetningsutrustning, ett fleroperationscenter, en specialutrustning f\u00f6r h\u00f6gprecisionscylindrar, en robotsvetsmaskin, en automatisk reng\u00f6ringsmaskin, en automatisk cylindermonteringsmaskin och en automatisk produktionslinje f\u00f6r m\u00e5lning. Befintlig kritisk utrustning p\u00e5 mer \u00e4n 300 set (set). Optimal allokering och effektiv anv\u00e4ndning av utrustningsresurser s\u00e4kerst\u00e4ller produkternas noggrannhetskrav och uppfyller produkternas h\u00f6ga kvalitetsbehov.<\/p>\n<p><img loading=\"lazy\" decoding=\"async\" class=\"alignnone wp-image-626\" src=\"https:\/\/hydraulic-cylinders.net\/wp-content\/uploads\/2023\/08\/hydraulic-cylinder-product-1-300x158.webp\" alt=\"\" width=\"495\" height=\"260\" srcset=\"https:\/\/hydraulic-cylinders.net\/wp-content\/uploads\/2023\/08\/hydraulic-cylinder-product-1-300x158.webp 495w, https:\/\/hydraulic-cylinders.net\/wp-content\/uploads\/2023\/08\/hydraulic-cylinder-product-1-480x252.webp 480w\" sizes=\"(min-width: 0px) and (max-width: 480px) 480px, (min-width: 481px) 495px, 100vw\" \/> <img loading=\"lazy\" decoding=\"async\" class=\"alignnone wp-image-627\" src=\"https:\/\/hydraulic-cylinders.net\/wp-content\/uploads\/2023\/08\/hydraulic-cylinder-product-2-300x189.webp\" alt=\"\" width=\"413\" height=\"260\" \/><\/p>\n<h3>(2) Maskinbearbetning<\/h3>\n<p>Bearbetningsverkstaden \u00e4r utrustad med en specialanpassad svarvcentral f\u00f6r lutande r\u00e4ls, bearbetningscenter, h\u00f6ghastighetsh\u00f6nsmaskin, svetsrobot och annan relaterad utrustning, som kan hantera bearbetning av cylinderr\u00f6r med en maximal innerdiameter p\u00e5 400 mm och en maximal l\u00e4ngd p\u00e5 6 meter.<\/p>\n<p><img loading=\"lazy\" decoding=\"async\" class=\"alignnone wp-image-628 size-large\" src=\"https:\/\/hydraulic-cylinders.net\/wp-content\/uploads\/2023\/08\/hydraulic-cylinder-product-3-1024x391.webp\" alt=\"\" width=\"1024\" height=\"391\" srcset=\"https:\/\/hydraulic-cylinders.net\/wp-content\/uploads\/2023\/08\/hydraulic-cylinder-product-3-980x374.webp 980w, https:\/\/hydraulic-cylinders.net\/wp-content\/uploads\/2023\/08\/hydraulic-cylinder-product-3-480x183.webp 480w\" sizes=\"(min-width: 0px) and (max-width: 480px) 480px, (min-width: 481px) and (max-width: 980px) 980px, (min-width: 981px) 1024px, 100vw\" \/><\/p>\n<h3>(3) Svetsning<\/h3>\n<p><img loading=\"lazy\" decoding=\"async\" class=\"alignnone wp-image-629 size-large\" src=\"https:\/\/hydraulic-cylinders.net\/wp-content\/uploads\/2023\/08\/hydraulic-cylinder-product-4-1024x510.webp\" alt=\"\" width=\"1024\" height=\"510\" srcset=\"https:\/\/hydraulic-cylinders.net\/wp-content\/uploads\/2023\/08\/hydraulic-cylinder-product-4-980x488.webp 980w, https:\/\/hydraulic-cylinders.net\/wp-content\/uploads\/2023\/08\/hydraulic-cylinder-product-4-480x239.webp 480w\" sizes=\"(min-width: 0px) and (max-width: 480px) 480px, (min-width: 481px) and (max-width: 980px) 980px, (min-width: 981px) 1024px, 100vw\" \/><\/p>\n<h3>(4) M\u00e5lning och ytbehandling<\/h3>\n<p>Med sm\u00e5 och medelstora cylindriska automatiska vattenbaserade f\u00e4rgbel\u00e4ggningslinjer, f\u00f6r att uppn\u00e5 automatisk robotlastning och lossning samt automatisk sprutning, \u00e4r den designade kapaciteten 4000 stycken per skift;<br \/>\nVi har \u00e4ven en halvautomatisk f\u00e4rgproduktionslinje f\u00f6r stora cylindrar som drivs av en sl\u00e4pkedja, med en designkapacitet p\u00e5 60 l\u00e5dor per skift.<\/p>\n<p><img loading=\"lazy\" decoding=\"async\" class=\"alignnone wp-image-630\" src=\"https:\/\/hydraulic-cylinders.net\/wp-content\/uploads\/2023\/08\/hydraulic-cylinder-product-5-300x213.webp\" alt=\"\" width=\"366\" height=\"260\" \/> <img loading=\"lazy\" decoding=\"async\" class=\"alignnone wp-image-631\" src=\"https:\/\/hydraulic-cylinders.net\/wp-content\/uploads\/2023\/08\/hydraulic-cylinder-product-6-300x225.webp\" alt=\"\" width=\"347\" height=\"260\" \/><\/p>\n<h3>(5) Testning<\/h3>\n<p>Vi har f\u00f6rstklassiga inspektionsanl\u00e4ggningar och testb\u00e4ddar f\u00f6r att s\u00e4kerst\u00e4lla att cylinderns prestanda uppfyller kraven.<\/p>\n<p><img loading=\"lazy\" decoding=\"async\" class=\"alignnone wp-image-632\" src=\"https:\/\/hydraulic-cylinders.net\/wp-content\/uploads\/2023\/08\/hydraulic-cylinder-product-8-300x200.webp\" alt=\"\" width=\"389\" height=\"260\" \/><\/p>\n<p>&nbsp;<\/p>\n<p>&nbsp;<\/p>\n<p>Vi \u00e4r en av de b\u00e4sta tillverkarna av hydraulcylindrar. Vi kan erbjuda ett helt\u00e4ckande utbud av hydraulcylindrar. Vi tillhandah\u00e5ller \u00e4ven motsvarande <a href=\"https:\/\/hzpt.com\/agricultural-pto-gearbox\/\" target=\"_blank\" rel=\"noopener\">jordbruksv\u00e4xell\u00e5dor<\/a>Vi har exporterat v\u00e5ra produkter till kunder \u00f6ver hela v\u00e4rlden och f\u00e5tt ett gott rykte tack vare v\u00e5r \u00f6verl\u00e4gsna produktkvalitet och kundservice. Vi v\u00e4lkomnar kunder b\u00e5de hemma och utomlands att kontakta oss f\u00f6r att f\u00f6rhandla aff\u00e4rer, utbyta information och <a href=\"https:\/\/www.hydraulic-cylinders.net\/sv\/contact-us\/\">samarbeta med oss<\/a>!<\/p>","protected":false},"excerpt":{"rendered":"<p>Aerial Work Platform Steering Cylinder The aerial work platform steering cylinder is a critical component designed to enhance maneuverability and control in aerial work platforms. This specialized hydraulic cylinder is vital in steering the platform, allowing operators to navigate safely and efficiently at elevated heights. The aerial work platform steering is indispensable for enhancing maneuverability, [&hellip;]<\/p>","protected":false},"featured_media":1546,"comment_status":"open","ping_status":"closed","template":"","meta":{"_et_pb_use_builder":"","_et_pb_old_content":"","_et_gb_content_width":""},"product_brand":[],"product_cat":[1500,1550],"product_tag":[1380],"class_list":{"0":"post-1544","1":"product","2":"type-product","3":"status-publish","4":"has-post-thumbnail","6":"product_cat-aerial-work-vehicle-hydraulic-cylinder","7":"product_cat-double-acting-hydraulic-cylinder","8":"product_tag-hydraulic-cylinder","10":"first","11":"instock","12":"shipping-taxable","13":"product-type-simple"},"amp_enabled":true,"_links":{"self":[{"href":"https:\/\/www.hydraulic-cylinders.net\/sv\/wp-json\/wp\/v2\/product\/1544","targetHints":{"allow":["GET"]}}],"collection":[{"href":"https:\/\/www.hydraulic-cylinders.net\/sv\/wp-json\/wp\/v2\/product"}],"about":[{"href":"https:\/\/www.hydraulic-cylinders.net\/sv\/wp-json\/wp\/v2\/types\/product"}],"replies":[{"embeddable":true,"href":"https:\/\/www.hydraulic-cylinders.net\/sv\/wp-json\/wp\/v2\/comments?post=1544"}],"wp:featuredmedia":[{"embeddable":true,"href":"https:\/\/www.hydraulic-cylinders.net\/sv\/wp-json\/wp\/v2\/media\/1546"}],"wp:attachment":[{"href":"https:\/\/www.hydraulic-cylinders.net\/sv\/wp-json\/wp\/v2\/media?parent=1544"}],"wp:term":[{"taxonomy":"product_brand","embeddable":true,"href":"https:\/\/www.hydraulic-cylinders.net\/sv\/wp-json\/wp\/v2\/product_brand?post=1544"},{"taxonomy":"product_cat","embeddable":true,"href":"https:\/\/www.hydraulic-cylinders.net\/sv\/wp-json\/wp\/v2\/product_cat?post=1544"},{"taxonomy":"product_tag","embeddable":true,"href":"https:\/\/www.hydraulic-cylinders.net\/sv\/wp-json\/wp\/v2\/product_tag?post=1544"}],"curies":[{"name":"wp","href":"https:\/\/api.w.org\/{rel}","templated":true}]}}