{"id":15453,"date":"2025-01-19T14:32:58","date_gmt":"2025-01-19T14:32:58","guid":{"rendered":"https:\/\/www.hydraulic-cylinders.net\/product\/bucket-cylinder-for-sany-large-excavator-sy465h-9\/"},"modified":"2025-01-19T14:33:00","modified_gmt":"2025-01-19T14:33:00","slug":"bucket-cylinder-for-sany-large-excavator-sy465h-9","status":"publish","type":"product","link":"https:\/\/www.hydraulic-cylinders.net\/sv\/produkt\/bucket-cylinder-for-sany-large-excavator-sy465h-9\/","title":{"rendered":"Skopscylinder f\u00f6r Sany stor gr\u00e4vmaskin SY465H-9"},"content":{"rendered":"<h1>Skopscylinder f\u00f6r Sany stor gr\u00e4vmaskin SY465H-9<\/h1>\n<h2>Introduktion<\/h2>\n<p>The Bucket Cylinder for Sany Large Excavator SY465H-9 is a specially designed hydraulic cylinder used primarily to control the movement of buckets in heavy machinery such as excavators, backhoes, and front loaders. Its primary function is to enable the bucket to lift, lower, and tilt, making it easier to carry out various material handling tasks. In the hydraulic system, the bucket cylinder precisely controls the bucket&#8217;s movement through changes in hydraulic oil pressure, allowing operators to efficiently handle heavy loads and adapt to complex working environments and diverse job requirements.<\/p>\n<p><img decoding=\"async\" src=\"https:\/\/www.hydraulic-cylinders.net\/wp-content\/uploads\/2025\/01\/songte-company-2.webp\" alt=\"Bild av skopcylinder\"><\/p>\n<h2>Drag<\/h2>\n<ul>\n<li>H\u00f6g h\u00e5llfasthet och h\u00e5llbarhet: Den \u00e4r vanligtvis tillverkad av h\u00f6gh\u00e5llfast st\u00e5l eller aluminium och t\u00e5l h\u00f6gt tryck och tunga belastningar, vilket g\u00f6r den l\u00e4mplig f\u00f6r tuffa arbetsf\u00f6rh\u00e5llanden. Designen tar h\u00e4nsyn till slitstyrka och korrosionsbest\u00e4ndighet, vilket f\u00f6rl\u00e4nger livsl\u00e4ngden.<\/li>\n<li>Effektiv hydraulisk drift: Anv\u00e4nder hydrauloljetryck f\u00f6r att uppn\u00e5 smidig teleskopisk r\u00f6relse, kan reagera snabbt p\u00e5 kontrollkommandon, ger kraftfull tryck- och dragkraft, l\u00e4mplig f\u00f6r hantering av tunga laster och komplexa arbetsuppgifter.<\/li>\n<li>Olika typer: Enkelverkande (hydrauliska anv\u00e4nds endast i en riktning) eller dubbelverkande (hydrauliska anv\u00e4nds i tv\u00e5 riktningar) cylindrar kan v\u00e4ljas efter behov f\u00f6r att m\u00f6ta olika driftsbehov. Vissa modeller \u00e4r teleskopiska, vilket m\u00f6jligg\u00f6r st\u00f6rre utdrag utan att \u00f6ka de yttre m\u00e5tten, l\u00e4mpliga f\u00f6r applikationer med begr\u00e4nsat utrymme.<\/li>\n<li>Perfekt ers\u00e4ttning: V\u00e5ra produkter kan perfekt ers\u00e4tta dessa hydraulcylindrar.<\/li>\n<\/ul>\n<p><img decoding=\"async\" src=\"https:\/\/www.hydraulic-cylinders.net\/wp-content\/uploads\/2025\/01\/songte-cylinder-head-with-all-kinds-excavator-models.webp\" alt=\"Bild f\u00f6r utbyte av skopcylinder\"><\/p>\n<h2>Applikationer<\/h2>\n<p>Skopcylindern f\u00f6r Sany Large Excavator SY465H-9 anv\u00e4nds ofta i olika bygg- och jordbruksmaskiner, s\u00e5som:<\/p>\n<ul>\n<li>Byggmaskiner: I gr\u00e4vmaskiner \u00e4r de avg\u00f6rande f\u00f6r att gr\u00e4va, lasta och flytta jord eller skr\u00e4p. I gr\u00e4vmaskiner med gr\u00e4vaggregat hj\u00e4lper skopcylindrar till med gr\u00e4vning och lyftning. <\/li>\n<li>Jordbruksmaskiner: Anv\u00e4nds i frontlastare f\u00f6r att \u00f6sa, lyfta och transportera jord, h\u00f6 och andra material. <\/li>\n<li>Gr\u00e4vmaskiner: Skopcylindrar m\u00f6jligg\u00f6r gr\u00e4vning genom att l\u00e5ta skopan tr\u00e4nga ner i jorden. <\/li>\n<li>Frontlastare: Frontlastare hj\u00e4lper till med att lyfta och tippa gods effektivt.<\/li>\n<\/ul>\n<h2>Design\u00f6verv\u00e4ganden och urvalskriterier<\/h2>\n<p>Skopcylindern f\u00f6r Sany Large Excavator SY465H-9 \u00e4r konstruerad f\u00f6r att uppfylla specifika krav s\u00e5som b\u00e4rf\u00f6rm\u00e5ga, t\u00e4tning, h\u00e5llbarhet, s\u00e4kerhet och underh\u00e5llbarhet. N\u00e5gra viktiga design\u00f6verv\u00e4ganden och urvalskriterier inkluderar:<\/p>\n<ul>\n<li>B\u00e4rf\u00f6rm\u00e5ga: Cylindern m\u00e5ste vara konstruerad f\u00f6r att motst\u00e5 den maximala belastningen den uts\u00e4tts f\u00f6r utan att fel uppst\u00e5r.<\/li>\n<li>T\u00e4tning: Cylindern m\u00e5ste vara konstruerad f\u00f6r att f\u00f6rhindra att hydraulv\u00e4tska l\u00e4cker ut och att f\u00f6roreningar tr\u00e4nger in. <\/li>\n<li>H\u00e5llbarhet: Cylindern m\u00e5ste kunna motst\u00e5 tuffa milj\u00f6f\u00f6rh\u00e5llanden, motst\u00e5 slitage och korrosion och ha l\u00e5ng livsl\u00e4ngd.<\/li>\n<li>S\u00e4kerhet: Cylindern m\u00e5ste vara konstruerad f\u00f6r att minimera risken f\u00f6r olyckor och s\u00e4kerst\u00e4lla s\u00e4kerheten f\u00f6r personalen som anv\u00e4nder utrustningen.<\/li>\n<li>Underh\u00e5llbarhet: Cylindern m\u00e5ste vara konstruerad f\u00f6r enkelt underh\u00e5ll och reparation, med enkel \u00e5tkomst till utbytbara delar.<\/li>\n<\/ul>\n<p><img decoding=\"async\" src=\"https:\/\/www.hydraulic-cylinders.net\/wp-content\/uploads\/2025\/01\/songte-oil-pipes-and-spare-parts.webp\" alt=\"Bild av reservdelar till skopa\"><\/p>\n<h2>T\u00e4tning och sm\u00f6rjning<\/h2>\n<p>Skopcylindern f\u00f6r Sany Large Excavator SY465H-9 anv\u00e4nder olika t\u00e4tningskomponenter, s\u00e5som kolvt\u00e4tningar och st\u00e5ngt\u00e4tningar, tillverkade av slitstarka material som polyuretan och nitrilgummi. Cylinderhuset och de g\u00e4ngade \u00e4ndytorna \u00e4r exakt bearbetade f\u00f6r att f\u00f6rb\u00e4ttra slitstyrkan. Regelbunden sm\u00f6rjning med l\u00e4mplig m\u00e4ngd hydraulolja \u00e4r n\u00f6dv\u00e4ndig f\u00f6r att sm\u00f6rja cylindern och bibeh\u00e5lla dess korrekta funktion.<\/p>\n<h2>Underh\u00e5ll och reparation<\/h2>\n<p>Regelbundet underh\u00e5ll och f\u00f6rebyggande \u00e5tg\u00e4rder \u00e4r n\u00f6dv\u00e4ndiga f\u00f6r att s\u00e4kerst\u00e4lla l\u00e5ngsiktig tillf\u00f6rlitlig drift av skopcylindern f\u00f6r Sany Large Excavator SY465H-9. N\u00e5gra rekommenderade underh\u00e5llsuppgifter inkluderar regelbunden inspektion, l\u00e4mplig sm\u00f6rjning, byte av t\u00e4tningar och kalibreringskontroller. Korrekt installation, sm\u00f6rjning och justering \u00e4r avg\u00f6rande. Installationsprocessen b\u00f6r inkludera korrekt justeringsv\u00e4gledning f\u00f6r cylindern, med rekommenderade installationsf\u00e4sten f\u00f6r att s\u00e4kra cylindern p\u00e5 plats. De rekommenderade inspektions-, reparations- och utbytesprocedurerna b\u00f6r f\u00f6ljas f\u00f6r att \u00f6ka cylinderns livsl\u00e4ngd. <\/p>\n<p><img decoding=\"async\" src=\"https:\/\/www.hydraulic-cylinders.net\/wp-content\/uploads\/2025\/01\/songte-chushion-collar.webp\" alt=\"Bild f\u00f6r underh\u00e5ll av skopcylinder\"><\/p>\n<h2>S\u00e4kerhets- och milj\u00f6h\u00e4nsyn<\/h2>\n<p>Vid anv\u00e4ndning av skopcylindern till Sany Large Excavator SY465H-9 b\u00f6r l\u00e4mpliga s\u00e4kerhets\u00e5tg\u00e4rder vidtas f\u00f6r att undvika olyckor och s\u00e4kerst\u00e4lla personalens s\u00e4kerhet. Hydraulsystemet m\u00e5ste underh\u00e5llas p\u00e5 ett adekvat s\u00e4tt f\u00f6r att f\u00f6rhindra l\u00e4ckage av hydraulolja som kan f\u00f6rorena milj\u00f6n. <\/p>\n<h2>Feldiagnos och vanliga problem<\/h2>\n<p>N\u00e5gra vanliga problem som kan uppst\u00e5 vid anv\u00e4ndning av skopcylindern till Sany Large Excavator SY465H-9 inkluderar skador p\u00e5 t\u00e4tningar, b\u00f6jning av st\u00e5ng och deformation av cylinderv\u00e4ggen. Regelbunden inspektion, underh\u00e5ll och f\u00f6rebyggande \u00e5tg\u00e4rder kan bidra till att minska dessa problem. Om problemen kvarst\u00e5r kan det vara n\u00f6dv\u00e4ndigt att konsultera en kvalificerad tekniker f\u00f6r diagnos och reparation.<\/p>\n<p><img decoding=\"async\" src=\"https:\/\/www.hydraulic-cylinders.net\/wp-content\/uploads\/2025\/01\/songte-bushings-with-all-kinds-of-excavator-models.webp\" alt=\"Bild av fel p\u00e5 skopcylindern\"><\/p>\n<h2>Om v\u00e5rt f\u00f6retag<\/h2>\n<p>We are a manufacturer of hydraulic cylinder replacements, with a complete range of products, and have become one of the leading manufacturers and wholesale distributors of hydraulic cylinders in domestic and foreign markets. We adhere to excellent quality, rely on industrialized production management strategies in fine manufacturing workshops, continuously improve the manufacturing platform of the workshop, improve the quality production route of the product, and have strong creative capabilities. Our principle is to meet customers&#8217; diversified needs with high efficiency, high precision, and high quality. <\/p>\n<p><img decoding=\"async\" src=\"https:\/\/hzpt.com\/wp-content\/uploads\/2024\/11\/songte-company-1.webp\" alt=\"F\u00f6retagsbild\"><\/p>\n<h3>V\u00e5rt f\u00f6retag specialiserar sig p\u00e5:<\/h3>\n<ul>\n<li>Professionalism: Vi har professionella ingenj\u00f6rer och tekniker som tillhandah\u00e5ller tekniska tj\u00e4nster och eftermarknadstj\u00e4nster.<\/li>\n<li>Internationell certifiering: V\u00e5ra produkter har godk\u00e4nt internationella certifieringar som ISO9001 och CE.<\/li>\n<li>Anpassningstj\u00e4nster: V\u00e5ra produkter kan anpassas efter kundens krav f\u00f6r att m\u00f6ta deras specifika behov.<\/li>\n<li>Produktionsutrustning: Vi anv\u00e4nder avancerad produktionsutrustning och inspektionsinstrument, s\u00e5som CNC-bearbetningscentraler och trekoordinatm\u00e4tinstrument, f\u00f6r att s\u00e4kerst\u00e4lla produktkvaliteten.<\/li>\n<li>Eftermarknadsservice: Vi erbjuder ett komplett utbud av eftermarknadsservice, s\u00e5som reservdelsbyte och renovering, f\u00f6r att bibeh\u00e5lla v\u00e5ra produkters livsl\u00e4ngd.<\/li>\n<\/ul>\n<p><img decoding=\"async\" src=\"https:\/\/www.hydraulic-cylinders.net\/wp-content\/uploads\/2025\/01\/songte-company-3.webp\" alt=\"F\u00f6retagsbild\"><\/p>\n<p>F\u00f6rfattare: lyl<\/p>","protected":false},"excerpt":{"rendered":"<p>Bucket Cylinder For Sany Large Excavator SY465H-9 Introduction The Bucket Cylinder for Sany Large Excavator SY465H-9 is a specially designed hydraulic cylinder used primarily to control the movement of buckets in heavy machinery such as excavators, backhoes, and front loaders. Its primary function is to enable the bucket to lift, lower, and tilt, making it [&hellip;]<\/p>","protected":false},"featured_media":14780,"comment_status":"open","ping_status":"closed","template":"","meta":{"_et_pb_use_builder":"","_et_pb_old_content":"","_et_gb_content_width":""},"product_brand":[],"product_cat":[1494],"product_tag":[1495,1496],"class_list":{"0":"post-15453","1":"product","2":"type-product","3":"status-publish","4":"has-post-thumbnail","6":"product_cat-bucket-cylinders","7":"product_tag-bucket-cylinders","8":"product_tag-hydraulic-cylinders","10":"first","11":"instock","12":"shipping-taxable","13":"product-type-simple"},"amp_enabled":true,"_links":{"self":[{"href":"https:\/\/www.hydraulic-cylinders.net\/sv\/wp-json\/wp\/v2\/product\/15453","targetHints":{"allow":["GET"]}}],"collection":[{"href":"https:\/\/www.hydraulic-cylinders.net\/sv\/wp-json\/wp\/v2\/product"}],"about":[{"href":"https:\/\/www.hydraulic-cylinders.net\/sv\/wp-json\/wp\/v2\/types\/product"}],"replies":[{"embeddable":true,"href":"https:\/\/www.hydraulic-cylinders.net\/sv\/wp-json\/wp\/v2\/comments?post=15453"}],"wp:featuredmedia":[{"embeddable":true,"href":"https:\/\/www.hydraulic-cylinders.net\/sv\/wp-json\/wp\/v2\/media\/14780"}],"wp:attachment":[{"href":"https:\/\/www.hydraulic-cylinders.net\/sv\/wp-json\/wp\/v2\/media?parent=15453"}],"wp:term":[{"taxonomy":"product_brand","embeddable":true,"href":"https:\/\/www.hydraulic-cylinders.net\/sv\/wp-json\/wp\/v2\/product_brand?post=15453"},{"taxonomy":"product_cat","embeddable":true,"href":"https:\/\/www.hydraulic-cylinders.net\/sv\/wp-json\/wp\/v2\/product_cat?post=15453"},{"taxonomy":"product_tag","embeddable":true,"href":"https:\/\/www.hydraulic-cylinders.net\/sv\/wp-json\/wp\/v2\/product_tag?post=15453"}],"curies":[{"name":"wp","href":"https:\/\/api.w.org\/{rel}","templated":true}]}}