{"id":15454,"date":"2025-01-19T14:33:02","date_gmt":"2025-01-19T14:33:02","guid":{"rendered":"https:\/\/www.hydraulic-cylinders.net\/product\/bucket-cylinder-for-sany-large-excavator-sy880h-8\/"},"modified":"2025-01-19T14:33:04","modified_gmt":"2025-01-19T14:33:04","slug":"bucket-cylinder-for-sany-large-excavator-sy880h-8","status":"publish","type":"product","link":"https:\/\/www.hydraulic-cylinders.net\/sv\/produkt\/bucket-cylinder-for-sany-large-excavator-sy880h-8\/","title":{"rendered":"Skopscylinder f\u00f6r Sany stor gr\u00e4vmaskin SY880H-8"},"content":{"rendered":"<h1>Skopscylinder f\u00f6r Sany stor gr\u00e4vmaskin SY880H-8<\/h1>\n<h2>Introduktion<\/h2>\n<h3>Definiera skopcylinder<\/h3>\n<p>En skopcylinder \u00e4r en specialdesignad hydraulcylinder som anv\u00e4nds f\u00f6r att styra skopans r\u00f6relse i tunga maskiner som gr\u00e4vmaskiner, gr\u00e4vmaskiner och frontlastare. Dess huvudsakliga funktion \u00e4r att g\u00f6ra det m\u00f6jligt f\u00f6r skopan att lyfta, s\u00e4nka och luta, vilket g\u00f6r det enklare f\u00f6r f\u00f6raren att hantera tunga laster och anpassa sig till komplexa arbetsmilj\u00f6er och olika arbetskrav. I hydraulsystemet uppn\u00e5r skopcylindern exakt kontroll \u00f6ver skopan genom f\u00f6r\u00e4ndringar i hydrauloljetrycket, vilket ger effektiv hantering av tunga laster.<\/p>\n<p><img decoding=\"async\" src=\"https:\/\/www.hydraulic-cylinders.net\/wp-content\/uploads\/2025\/01\/songte-company-2.webp\"><\/p>\n<h3>Funktioner hos skopcylindern<\/h3>\n<ul>\n<li><strong>H\u00f6g styrka och h\u00e5llbarhet:<\/strong> Den \u00e4r vanligtvis tillverkad av h\u00f6gh\u00e5llfast st\u00e5l eller aluminium, t\u00e5l h\u00f6gt tryck och tunga belastningar, \u00e4r l\u00e4mplig f\u00f6r tuffa arbetsmilj\u00f6er och \u00e4r konstruerad med slitstyrka och korrosionsbest\u00e4ndighet i \u00e5tanke f\u00f6r att f\u00f6rl\u00e4nga dess livsl\u00e4ngd.<\/li>\n<li><strong>Effektiv hydraulisk drift:<\/strong> Genom att anv\u00e4nda hydrauloljetryck f\u00f6r att uppn\u00e5 j\u00e4mn f\u00f6rl\u00e4ngning och sammandragning kan den reagera snabbt p\u00e5 kontrollkommandon, vilket ger kraftfull tryck- och dragkraft, vilket g\u00f6r den l\u00e4mplig f\u00f6r hantering av tunga laster och komplexa arbetsuppgifter.<\/li>\n<li><strong>Olika typer:<\/strong> Enkelverkande (hydrauliska cylindrar endast i en riktning) eller dubbelverkande (hydrauliska cylindrar i b\u00e5da riktningarna) kan v\u00e4ljas efter behov f\u00f6r att m\u00f6ta olika driftskrav. Vissa modeller \u00e4r teleskopiska, vilket m\u00f6jligg\u00f6r st\u00f6rre expansion utan att \u00f6ka de yttre m\u00e5tten, vilket g\u00f6r dem l\u00e4mpliga f\u00f6r applikationer med begr\u00e4nsat utrymme.<\/li>\n<li><strong>V\u00e5r produkt:<\/strong> Vi kan producera denna produkt och v\u00e5r produkt kan perfekt ers\u00e4tta dessa hydraulcylindrar.<\/li>\n<\/ul>\n<p><img decoding=\"async\" src=\"https:\/\/www.hydraulic-cylinders.net\/wp-content\/uploads\/2025\/01\/songte-cylinder-head-with-all-kinds-excavator-models.webp\"><\/p>\n<h3>Till\u00e4mpningar av hinkcylinder<\/h3>\n<p>Skopscylindern anv\u00e4nds ofta i olika tunga maskiner, s\u00e5som:<\/p>\n<ul>\n<li><strong>Byggutrustning:<\/strong> I gr\u00e4vmaskiner \u00e4r de avg\u00f6rande f\u00f6r att gr\u00e4va, lasta och flytta jord eller skr\u00e4p. I gr\u00e4vlastare hj\u00e4lper skopcylindern till med b\u00e5de gr\u00e4vning och lyftning. <\/li>\n<li><strong>Jordbruksmaskiner:<\/strong> Anv\u00e4nds i frontlastare f\u00f6r att \u00f6sa, lyfta och transportera jord, h\u00f6 och andra material. <\/li>\n<li><strong>Gr\u00e4vmaskiner:<\/strong> Skopans cylinder m\u00f6jligg\u00f6r gr\u00e4vning genom att l\u00e5ta skopan tr\u00e4nga igenom jorden. <\/li>\n<li><strong>Lastare:<\/strong> I frontlastare hj\u00e4lper de till med lyftning och tiltning f\u00f6r effektiv t\u00f6mning.<\/li>\n<\/ul>\n<h3>Design\u00f6verv\u00e4ganden och urvalskriterier<\/h3>\n<p>Vid konstruktion och val av skopcylindrar m\u00e5ste flera viktiga faktorer beaktas, inklusive:<\/p>\n<ul>\n<li><strong>B\u00e4rf\u00f6rm\u00e5ga:<\/strong> Cylindern m\u00e5ste vara konstruerad f\u00f6r att klara den maximala belastning den uts\u00e4tts f\u00f6r.<\/li>\n<li><strong>T\u00e4tning:<\/strong> Cylindern m\u00e5ste vara konstruerad med h\u00f6gkvalitativa t\u00e4tningar f\u00f6r att f\u00f6rhindra l\u00e4ckage.<\/li>\n<li><strong>Varaktighet:<\/strong> Cylindern m\u00e5ste vara tillverkad av h\u00f6gkvalitativa material f\u00f6r att klara tuffa arbetsmilj\u00f6er.<\/li>\n<li><strong>S\u00e4kerhet:<\/strong> Cylindern m\u00e5ste vara konstruerad med s\u00e4kerhetsfunktioner f\u00f6r att f\u00f6rhindra olyckor.<\/li>\n<li><strong>Underh\u00e5llbarhet:<\/strong> Cylindern m\u00e5ste vara konstruerad f\u00f6r att vara l\u00e4tt att underh\u00e5lla, med l\u00e4ttillg\u00e4ngliga reservdelar och reparationstj\u00e4nster.<\/li>\n<\/ul>\n<p><img decoding=\"async\" src=\"https:\/\/www.hydraulic-cylinders.net\/wp-content\/uploads\/2025\/01\/songte-oil-pipes-and-spare-parts.webp\"><\/p>\n<h3>T\u00e4tning och sm\u00f6rjning av skopcylinder<\/h3>\n<p>Skopscylindrar kr\u00e4ver regelbunden t\u00e4tning och sm\u00f6rjning f\u00f6r att s\u00e4kerst\u00e4lla optimal prestanda. Detta inkluderar:<\/p>\n<ul>\n<li>Anv\u00e4ndning av h\u00f6gkvalitativa t\u00e4tningar, s\u00e5som kolvt\u00e4tningar och kolvst\u00e5ngst\u00e4tningar tillverkade av slitstarka material som polyuretan och nitrilgummi.<\/li>\n<li>F\u00f6rfining av ytan p\u00e5 cylinderhuset och g\u00e4ng\u00e4nden f\u00f6r att f\u00f6rb\u00e4ttra slitstyrkan.<\/li>\n<li>Tills\u00e4tt regelbundet en l\u00e4mplig m\u00e4ngd hydraulolja f\u00f6r sm\u00f6rjning.<\/li>\n<\/ul>\n<h3>Inspektion, underh\u00e5ll och reparation av skopcylinder<\/h3>\n<p>Regelbunden inspektion och f\u00f6rebyggande underh\u00e5ll \u00e4r avg\u00f6rande f\u00f6r att s\u00e4kerst\u00e4lla att skopcylindern fungerar effektivt och s\u00e4kert. Vanliga underh\u00e5llsuppgifter inkluderar:<\/p>\n<ul>\n<li><strong>Regelbunden inspektion:<\/strong> Inspektera cylindern f\u00f6r tecken p\u00e5 slitage, l\u00e4ckage och skador.<\/li>\n<li><strong>Sm\u00f6rjning:<\/strong> Bibeh\u00e5lla r\u00e4tt niv\u00e5 av hydraulolja och applicera sm\u00f6rjning p\u00e5 kritiska delar av cylindern.<\/li>\n<li><strong>Byte av t\u00e4tning:<\/strong> Byte av slitna t\u00e4tningar f\u00f6r att f\u00f6rhindra l\u00e4ckage.<\/li>\n<li><strong>Kontroll av justering:<\/strong> S\u00e4kerst\u00e4ll korrekt inriktning av cylindern och relaterade komponenter f\u00f6r att f\u00f6rhindra skador och f\u00f6rl\u00e4nga cylinderns livsl\u00e4ngd.<\/li>\n<\/ul>\n<p><img decoding=\"async\" src=\"https:\/\/www.hydraulic-cylinders.net\/wp-content\/uploads\/2025\/01\/songte-chushion-collar.webp\"><\/p>\n<h3>S\u00e4kerhetsaspekter och milj\u00f6faktorer<\/h3>\n<p>N\u00e4r man anv\u00e4nder en skopcylinder \u00e4r det viktigt att f\u00f6lja alla s\u00e4kerhets\u00e5tg\u00e4rder f\u00f6r att f\u00f6rhindra olyckor. Detta inkluderar att anv\u00e4nda skyddsutrustning, s\u00e5som handskar och skyddsglas\u00f6gon, och att aldrig f\u00f6rs\u00f6ka reparera cylindern utan korrekt kunskap.<\/p>\n<h3>Fels\u00f6kning och vanliga problem<\/h3>\n<p>Vanliga problem som uppst\u00e5r med skopcylindrar inkluderar l\u00e4ckage, felaktig anv\u00e4ndning och allm\u00e4nt slitage. Korrekt fels\u00f6kning och f\u00f6rebyggande \u00e5tg\u00e4rder, s\u00e5som regelbundet underh\u00e5ll och sm\u00f6rjning, kan bidra till att f\u00f6rhindra dessa problem.<\/p>\n<h3>Om v\u00e5rt f\u00f6retag<\/h3>\n<p>Vi \u00e4r en ledande tillverkare och grossistdistribut\u00f6r av hydraulcylindrar p\u00e5 inhemska och internationella marknader. V\u00e5ra produkter \u00e4r designade och tillverkade med utm\u00e4rkt kvalitet och effektivitet i \u00e5tanke f\u00f6r att m\u00f6ta kundernas olika behov. Vi f\u00f6ljer strategier f\u00f6r industriell produktionsledning och f\u00f6rlitar oss p\u00e5 avancerad teknik, digital h\u00f6gkvalitativ tillverkningsutrustning och professionella testsystem f\u00f6r att kontinuerligt f\u00f6rb\u00e4ttra v\u00e5r tillverkningsplattform och finslipa v\u00e5r produktkvalitet. V\u00e5r fabrik har ett team av beg\u00e5vade individer med stark innovativ f\u00f6rm\u00e5ga, engagerade i att f\u00f6rse v\u00e5ra kunder med de b\u00e4sta produkterna och tj\u00e4nsterna.<\/p>\n<ul>\n<li><strong>Professionalism:<\/strong> Vi har expertis inom design och tillverkning av hydraulcylindrar.<\/li>\n<li><strong>Internationell certifiering:<\/strong> V\u00e5ra produkter \u00e4r certifierade enligt internationella kvalitetsstandarder.<\/li>\n<li><strong>Anpassningstj\u00e4nster:<\/strong> Vi erbjuder skr\u00e4ddarsydda tj\u00e4nster f\u00f6r att m\u00f6ta specifika kundbehov.<\/li>\n<li><strong>Produktionsutrustning:<\/strong> Vi anv\u00e4nder avancerad produktionsutrustning f\u00f6r att s\u00e4kerst\u00e4lla produkter av h\u00f6g kvalitet.<\/li>\n<li><strong>Eftermarknadstj\u00e4nster:<\/strong> Vi erbjuder omfattande eftermarknadsservice till v\u00e5ra kunder, inklusive reservdelar och renoveringstj\u00e4nster, f\u00f6r att f\u00f6rl\u00e4nga produkternas livsl\u00e4ngd.<\/li>\n<\/ul>\n<p><img decoding=\"async\" src=\"https:\/\/www.hydraulic-cylinders.net\/wp-content\/uploads\/2025\/01\/songte-company-3.webp\"><\/p>\n<p>LYL<\/p>","protected":false},"excerpt":{"rendered":"<p>Bucket Cylinder For Sany Large Excavator SY880H-8 Introduction Defining Bucket Cylinder A bucket cylinder is a specially designed hydraulic cylinder used to control the movement of the bucket in heavy machinery such as excavators, backhoes and front-end loaders. Its main function is to enable the bucket to lift, lower, and tilt, making it easier for [&hellip;]<\/p>","protected":false},"featured_media":14778,"comment_status":"open","ping_status":"closed","template":"","meta":{"_et_pb_use_builder":"","_et_pb_old_content":"","_et_gb_content_width":""},"product_brand":[],"product_cat":[1494],"product_tag":[1495,1496],"class_list":{"0":"post-15454","1":"product","2":"type-product","3":"status-publish","4":"has-post-thumbnail","6":"product_cat-bucket-cylinders","7":"product_tag-bucket-cylinders","8":"product_tag-hydraulic-cylinders","10":"first","11":"instock","12":"shipping-taxable","13":"product-type-simple"},"amp_enabled":true,"_links":{"self":[{"href":"https:\/\/www.hydraulic-cylinders.net\/sv\/wp-json\/wp\/v2\/product\/15454","targetHints":{"allow":["GET"]}}],"collection":[{"href":"https:\/\/www.hydraulic-cylinders.net\/sv\/wp-json\/wp\/v2\/product"}],"about":[{"href":"https:\/\/www.hydraulic-cylinders.net\/sv\/wp-json\/wp\/v2\/types\/product"}],"replies":[{"embeddable":true,"href":"https:\/\/www.hydraulic-cylinders.net\/sv\/wp-json\/wp\/v2\/comments?post=15454"}],"wp:featuredmedia":[{"embeddable":true,"href":"https:\/\/www.hydraulic-cylinders.net\/sv\/wp-json\/wp\/v2\/media\/14778"}],"wp:attachment":[{"href":"https:\/\/www.hydraulic-cylinders.net\/sv\/wp-json\/wp\/v2\/media?parent=15454"}],"wp:term":[{"taxonomy":"product_brand","embeddable":true,"href":"https:\/\/www.hydraulic-cylinders.net\/sv\/wp-json\/wp\/v2\/product_brand?post=15454"},{"taxonomy":"product_cat","embeddable":true,"href":"https:\/\/www.hydraulic-cylinders.net\/sv\/wp-json\/wp\/v2\/product_cat?post=15454"},{"taxonomy":"product_tag","embeddable":true,"href":"https:\/\/www.hydraulic-cylinders.net\/sv\/wp-json\/wp\/v2\/product_tag?post=15454"}],"curies":[{"name":"wp","href":"https:\/\/api.w.org\/{rel}","templated":true}]}}