{"id":15459,"date":"2025-01-19T14:33:22","date_gmt":"2025-01-19T14:33:22","guid":{"rendered":"https:\/\/www.hydraulic-cylinders.net\/product\/bucket-cylinder-for-xcmg-small-excavator-xe15\/"},"modified":"2025-01-19T14:33:24","modified_gmt":"2025-01-19T14:33:24","slug":"bucket-cylinder-for-xcmg-small-excavator-xe15","status":"publish","type":"product","link":"https:\/\/www.hydraulic-cylinders.net\/sv\/produkt\/bucket-cylinder-for-xcmg-small-excavator-xe15\/","title":{"rendered":"Skopcylinder f\u00f6r XCMG liten gr\u00e4vmaskin XE15"},"content":{"rendered":"<h1>Skopcylinder f\u00f6r XCMG liten gr\u00e4vmaskin XE15<\/h1>\n<h2>Introduktion<\/h2>\n<p>En skopcylinder \u00e4r en typ av hydraulcylinder som \u00e4r speciellt utformad f\u00f6r att styra r\u00f6relsen hos skopor i tunga maskiner som gr\u00e4vmaskiner, gr\u00e4vmaskiner och frontlastare. Dess huvudsakliga funktion \u00e4r att g\u00f6ra det m\u00f6jligt att lyfta, s\u00e4nka och luta skopan, vilket g\u00f6r det enklare att utf\u00f6ra olika materialhanteringsuppgifter. I hydraulsystemet uppn\u00e5r skopcylindern exakt kontroll \u00f6ver skopan genom f\u00f6r\u00e4ndringar i hydrauloljans tryck, vilket g\u00f6r det m\u00f6jligt f\u00f6r operat\u00f6rer att effektivt hantera tunga laster och anpassa sig till komplexa arbetsmilj\u00f6er och olika arbetskrav.<\/p>\n<p><img decoding=\"async\" src=\"https:\/\/www.hydraulic-cylinders.net\/wp-content\/uploads\/2025\/01\/songte-company-2.webp\"><\/p>\n<h2>Drag<\/h2>\n<ul>\n<li><strong>H\u00f6g styrka och h\u00e5llbarhet:<\/strong> Skopscylindern, som vanligtvis \u00e4r tillverkad av h\u00f6gh\u00e5llfast st\u00e5l eller aluminium, t\u00e5l h\u00f6gt tryck och tunga belastningar, vilket g\u00f6r den l\u00e4mplig f\u00f6r tuffa arbetsmilj\u00f6er. Den \u00e4r konstruerad med slitage- och korrosionsbest\u00e4ndighet i \u00e5tanke och har en l\u00e4ngre livsl\u00e4ngd.<\/li>\n<li><strong>Effektiv hydraulisk drift:<\/strong> Genom att anv\u00e4nda hydrauloljans tryck f\u00f6r att uppn\u00e5 j\u00e4mn ut- och ink\u00f6rning kan skopcylindern reagera snabbt p\u00e5 man\u00f6verkommandon, vilket ger stark tryck- och dragkraft, l\u00e4mplig f\u00f6r hantering av tunga laster och komplexa arbetsuppgifter.<\/li>\n<li><strong>Olika typer:<\/strong> Skopscylindern kan v\u00e4ljas som enkelverkande (med hydraulik endast i en riktning) eller dubbelverkande (med hydraulik i b\u00e5da riktningarna) enligt specifika driftskrav. Vissa modeller \u00e4r teleskopiska, vilket m\u00f6jligg\u00f6r st\u00f6rre utdrag utan att \u00f6ka de yttersta m\u00e5tten, l\u00e4mpliga f\u00f6r applikationer med begr\u00e4nsat utrymme.<\/li>\n<li><strong>Perfekt ers\u00e4ttning:<\/strong> V\u00e5r produkt kan perfekt ers\u00e4tta dessa hydraulcylindrar.<\/li>\n<\/ul>\n<p><img decoding=\"async\" src=\"https:\/\/www.hydraulic-cylinders.net\/wp-content\/uploads\/2025\/01\/songte-cylinder-head-with-all-kinds-excavator-models.webp\"><\/p>\n<h2>Applikationer<\/h2>\n<p>Skopcylindrar \u00e4r viktiga f\u00f6r entreprenadmaskiner inklusive gr\u00e4vmaskiner, traktorgr\u00e4vare och lastare. De anv\u00e4nds f\u00f6r att gr\u00e4va, lasta och flytta jord eller skr\u00e4p. I gr\u00e4vlastare hj\u00e4lper skopcylindern till b\u00e5de vid gr\u00e4vning och lyftning. I jordbruksmaskiner anv\u00e4nds den av frontlastare f\u00f6r att skopa, lyfta och transportera jord, h\u00f6 och andra material. I gr\u00e4vmaskiner g\u00f6r skopcylindern att skopan kan tr\u00e4nga ner i jorden f\u00f6r gr\u00e4vning. I frontlastare hj\u00e4lper den till med att lyfta och dumpa gods effektivt.<\/p>\n<ul>\n<li><strong>Byggutrustning:<\/strong> Skopscylindrar \u00e4r viktiga f\u00f6r gr\u00e4vning, lastning och flyttning av jord eller skr\u00e4p i gr\u00e4vmaskiner, traktorgr\u00e4vare och lastare.<\/li>\n<li><strong>Jordbruksmaskiner:<\/strong> De anv\u00e4nds av frontlastare f\u00f6r att \u00f6sa, lyfta och transportera jord, h\u00f6 och andra material.<\/li>\n<li><strong>Gr\u00e4vmaskiner:<\/strong> Skopscylindrar g\u00f6r att skopan kan tr\u00e4nga ner i jorden vid gr\u00e4vning.<\/li>\n<li><strong>Frontlastare:<\/strong> De hj\u00e4lper till med att lyfta och dumpa gods effektivt.<\/li>\n<\/ul>\n<h2>Design\u00f6verv\u00e4ganden och urvalskriterier<\/h2>\n<ul>\n<li><strong>B\u00e4rkraft:<\/strong> Skopcylindern b\u00f6r vara konstruerad f\u00f6r att klara den maximala belastning den kommer att uts\u00e4ttas f\u00f6r.<\/li>\n<li><strong>T\u00e4tning:<\/strong> Skopans cylinder b\u00f6r vara ordentligt t\u00e4tad f\u00f6r att f\u00f6rhindra l\u00e4ckage av hydraulv\u00e4tska, vilket kan orsaka skador p\u00e5 cylindern och omgivande komponenter.<\/li>\n<li><strong>Varaktighet:<\/strong> Skopcylindern b\u00f6r vara tillverkad av material som \u00e4r motst\u00e5ndskraftiga mot slitage och korrosion, vilket \u00f6kar dess livsl\u00e4ngd.<\/li>\n<li><strong>S\u00e4kerhet:<\/strong> Skopcylindern b\u00f6r vara konstruerad med s\u00e4kerhetsfunktioner f\u00f6r att f\u00f6rhindra olyckor, s\u00e5som tryckavlastningsventiler och l\u00e5smekanismer.<\/li>\n<li><strong>Underh\u00e5llbarhet:<\/strong> Skopscylindern b\u00f6r vara utformad f\u00f6r att underl\u00e4tta underh\u00e5ll och reparation, med enkel \u00e5tkomst till interna komponenter och tydliga instruktioner f\u00f6r demontering och montering.<\/li>\n<\/ul>\n<p><img decoding=\"async\" src=\"https:\/\/www.hydraulic-cylinders.net\/wp-content\/uploads\/2025\/01\/songte-oil-pipes-and-spare-parts.webp\"><\/p>\n<h2>T\u00e4tning och sm\u00f6rjning<\/h2>\n<p>Skopscylindern anv\u00e4nder olika t\u00e4tningskomponenter s\u00e5som kolvt\u00e4tningar och kolvst\u00e5ngst\u00e4tningar tillverkade av slitstarka material som polyuretan och nitrilgummi. Cylinderns insida och den g\u00e4ngade \u00e4nden \u00e4r exakt bearbetade f\u00f6r att f\u00f6rb\u00e4ttra slitstyrkan. Regelbunden sm\u00f6rjning med l\u00e4mplig m\u00e4ngd hydraulolja kr\u00e4vs f\u00f6r att bibeh\u00e5lla optimal prestanda.<\/p>\n<h2>Inspektion och f\u00f6rebyggande underh\u00e5ll<\/h2>\n<ul>\n<li>Regelbundna inspektioner b\u00f6r utf\u00f6ras f\u00f6r att uppt\u00e4cka tecken p\u00e5 slitage, l\u00e4ckage eller andra skador p\u00e5 cylindern.<\/li>\n<li>Korrekt sm\u00f6rjning av cylindern och omgivande komponenter \u00e4r n\u00f6dv\u00e4ndig f\u00f6r att s\u00e4kerst\u00e4lla smidig drift och f\u00f6rhindra slitage.<\/li>\n<li>T\u00e4tningar b\u00f6r bytas ut regelbundet f\u00f6r att f\u00f6rhindra l\u00e4ckage och s\u00e4kerst\u00e4lla korrekt funktion.<\/li>\n<li>Kalibreringskontroller b\u00f6r utf\u00f6ras f\u00f6r att s\u00e4kerst\u00e4lla att cylindern arbetar inom sina angivna gr\u00e4nser.<\/li>\n<\/ul>\n<p><img decoding=\"async\" src=\"https:\/\/www.hydraulic-cylinders.net\/wp-content\/uploads\/2025\/01\/songte-chushion-collar.webp\"><\/p>\n<h2>S\u00e4kerhetsaspekter och milj\u00f6faktorer<\/h2>\n<p>Vid anv\u00e4ndning av skopcylindrar \u00e4r det viktigt att f\u00f6lja s\u00e4kerhets\u00e5tg\u00e4rder f\u00f6r att f\u00f6rhindra olyckor. Detta inkluderar att s\u00e4kerst\u00e4lla att utrustningen underh\u00e5lls korrekt, endast anv\u00e4nds av utbildad personal och anv\u00e4nds i enlighet med s\u00e4kerhetsf\u00f6reskrifter. Milj\u00f6faktorer som temperatur, fuktighet och exponering f\u00f6r korrosiva material m\u00e5ste ocks\u00e5 beaktas.<\/p>\n<h2>Fels\u00f6kning och vanliga problem<\/h2>\n<ul>\n<li>L\u00e4ckage: Detta kan orsakas av slitage eller skador p\u00e5 t\u00e4tningar eller andra komponenter. T\u00e4tningar b\u00f6r bytas ut s\u00e5 snart som m\u00f6jligt f\u00f6r att f\u00f6rhindra ytterligare skador.<\/li>\n<li>L\u00e5ngsam drift: Detta orsakas ofta av bristande sm\u00f6rjning eller slitna komponenter. Sm\u00f6rjning och utbyte av slitna delar kan l\u00f6sa detta problem.<\/li>\n<li>\u00d6verdrivet buller: Detta kan orsakas av slitna eller skadade komponenter. Att byta ut de ber\u00f6rda delarna kan l\u00f6sa problemet.<\/li>\n<\/ul>\n<h2>F\u00f6retagsintroduktion<\/h2>\n<p>Vi \u00e4r en tillverkare av hydraulcylindrar och har blivit en av de ledande tillverkarna och grossistdistribut\u00f6rerna av hydraulcylindrar p\u00e5 inhemska och internationella marknader. Vi f\u00f6ljer principerna f\u00f6r utm\u00e4rkt kvalitet och f\u00f6rlitar oss p\u00e5 produktionsledningsstrategier i f\u00f6rfinade tillverkningsverkst\u00e4der. Vi f\u00f6rb\u00e4ttrar kontinuerligt verkstadens tillverkningsplattform, f\u00f6rb\u00e4ttrar produkternas produktionskvalitet och har stark innovationsf\u00f6rm\u00e5ga, vilket ger effektiva, precisa och h\u00f6gkvalitativa produkter f\u00f6r att m\u00f6ta kundernas olika behov.<\/p>\n<ul>\n<li><strong>Professionalism:<\/strong> V\u00e5rt team best\u00e5r av erfarna ingenj\u00f6rer och tekniker som \u00e4r engagerade i att tillhandah\u00e5lla h\u00f6gkvalitativa produkter och tj\u00e4nster.<\/li>\n<li><strong>Internationell certifiering:<\/strong> Vi har erh\u00e5llit ISO9001-certifiering, vilket s\u00e4kerst\u00e4ller att v\u00e5ra produkter uppfyller internationella kvalitetsstandarder.<\/li>\n<li><strong>Anpassning:<\/strong> Vi erbjuder anpassningstj\u00e4nster f\u00f6r att m\u00f6ta v\u00e5ra kunders unika behov.<\/li>\n<li><strong>Produktionsutrustning:<\/strong> Vi anv\u00e4nder avancerad produktionsutrustning f\u00f6r att s\u00e4kerst\u00e4lla kvaliteten p\u00e5 v\u00e5ra produkter.<\/li>\n<li><strong>Eftermarknadsservice:<\/strong> Vi erbjuder omfattande eftermarknadstj\u00e4nster, inklusive underh\u00e5ll, reparation och utbyte av delar.<\/li>\n<\/ul>\n<p><img decoding=\"async\" src=\"https:\/\/hzpt.com\/wp-content\/uploads\/2024\/11\/songte-company-1.webp\"> <\/p>\n<p>F\u00f6rfattare: lyl<\/p>","protected":false},"excerpt":{"rendered":"<p>Bucket Cylinder For XCMG Small Excavator XE15 Introduction A bucket cylinder is a type of hydraulic cylinder specifically designed to control the movement of buckets in heavy machinery such as excavators, backhoes, and front-end loaders. Its main function is to enable the bucket to be lifted, lowered, and tilted, making it easier to carry out [&hellip;]<\/p>","protected":false},"featured_media":14765,"comment_status":"open","ping_status":"closed","template":"","meta":{"_et_pb_use_builder":"","_et_pb_old_content":"","_et_gb_content_width":""},"product_brand":[],"product_cat":[1494],"product_tag":[1495,1496],"class_list":{"0":"post-15459","1":"product","2":"type-product","3":"status-publish","4":"has-post-thumbnail","6":"product_cat-bucket-cylinders","7":"product_tag-bucket-cylinders","8":"product_tag-hydraulic-cylinders","10":"first","11":"instock","12":"shipping-taxable","13":"product-type-simple"},"amp_enabled":true,"_links":{"self":[{"href":"https:\/\/www.hydraulic-cylinders.net\/sv\/wp-json\/wp\/v2\/product\/15459","targetHints":{"allow":["GET"]}}],"collection":[{"href":"https:\/\/www.hydraulic-cylinders.net\/sv\/wp-json\/wp\/v2\/product"}],"about":[{"href":"https:\/\/www.hydraulic-cylinders.net\/sv\/wp-json\/wp\/v2\/types\/product"}],"replies":[{"embeddable":true,"href":"https:\/\/www.hydraulic-cylinders.net\/sv\/wp-json\/wp\/v2\/comments?post=15459"}],"wp:featuredmedia":[{"embeddable":true,"href":"https:\/\/www.hydraulic-cylinders.net\/sv\/wp-json\/wp\/v2\/media\/14765"}],"wp:attachment":[{"href":"https:\/\/www.hydraulic-cylinders.net\/sv\/wp-json\/wp\/v2\/media?parent=15459"}],"wp:term":[{"taxonomy":"product_brand","embeddable":true,"href":"https:\/\/www.hydraulic-cylinders.net\/sv\/wp-json\/wp\/v2\/product_brand?post=15459"},{"taxonomy":"product_cat","embeddable":true,"href":"https:\/\/www.hydraulic-cylinders.net\/sv\/wp-json\/wp\/v2\/product_cat?post=15459"},{"taxonomy":"product_tag","embeddable":true,"href":"https:\/\/www.hydraulic-cylinders.net\/sv\/wp-json\/wp\/v2\/product_tag?post=15459"}],"curies":[{"name":"wp","href":"https:\/\/api.w.org\/{rel}","templated":true}]}}