{"id":1547,"date":"2023-09-28T08:19:40","date_gmt":"2023-09-28T08:19:40","guid":{"rendered":"https:\/\/hydraulic-cylinders.net\/?post_type=product&#038;p=1547"},"modified":"2025-04-15T05:44:38","modified_gmt":"2025-04-15T05:44:38","slug":"mobile-crane-luffing-cylinder","status":"publish","type":"product","link":"https:\/\/www.hydraulic-cylinders.net\/sv\/produkt\/mobile-crane-luffing-cylinder\/","title":{"rendered":"Mobilkrans lyftcylinder"},"content":{"rendered":"<h1 style=\"text-align: center;\"><strong>Mobilkrans lyftcylinder<\/strong><\/h1>\n<p><img loading=\"lazy\" decoding=\"async\" class=\"aligncenter wp-image-1548\" src=\"https:\/\/hydraulic-cylinders.net\/wp-content\/uploads\/2023\/09\/luffing-cylinder-1-2-300x300.webp\" alt=\"\" width=\"400\" height=\"400\" \/><\/p>\n<p>Mobilkranens lyftcylinder \u00e4r viktig i mobilkransystem och \u00e4r utformad f\u00f6r att f\u00f6rb\u00e4ttra dessa kraftfulla maskiners vertikala r\u00e4ckvidd och lyfteffektivitet. Denna hydraulcylinder spelar en avg\u00f6rande roll f\u00f6r att justera vinkeln p\u00e5 kranens bom, vilket g\u00f6r att operat\u00f6rerna kan f\u00f6rl\u00e4nga eller dra in bommen smidigt och exakt.<\/p>\n<p>Mobilkranens lyftcylinder \u00e4r avg\u00f6rande f\u00f6r att f\u00f6rb\u00e4ttra den vertikala r\u00e4ckvidden, lyfteffektiviteten och den totala prestandan hos mobilkranar. Med sin robusta konstruktion, exakta vinkeljustering, ut\u00f6kade vertikala utrymme och f\u00f6rb\u00e4ttrade lyftkapacitet g\u00f6r denna hydraulcylinder det m\u00f6jligt f\u00f6r operat\u00f6rer att navigera p\u00e5 utmanande byggarbetsplatser och i industrimilj\u00f6er med l\u00e4tthet och s\u00e4kerhet. Genom att f\u00f6lja de rekommenderade anv\u00e4ndningsmetoderna och underh\u00e5llspraxisen kan operat\u00f6rer maximera mobilkranens lyftcylinders livsl\u00e4ngd och prestanda, vilket bidrar till \u00f6kad produktivitet, effektivitet och f\u00f6rarens f\u00f6rtroende vid utf\u00f6rande av olika lyftuppgifter. Investera i denna viktiga hydrauliska komponent f\u00f6r att h\u00f6ja din mobilkrans kapacitet och s\u00e4kerst\u00e4lla framg\u00e5ngsrik och effektiv drift i olika bygg- och industriapplikationer.<\/p>\n<p>Mobilkranens lyftcylinder, viktiga egenskaper:<\/p>\n<ol>\n<li>Robust konstruktion:<\/li>\n<\/ol>\n<ul>\n<li>Mobilkranens lyftcylinder \u00e4r byggd av h\u00f6gkvalitativa material, vilket s\u00e4kerst\u00e4ller h\u00e5llbarhet, styrka och motst\u00e5ndskraft mot tunga belastningar och h\u00e5rda milj\u00f6f\u00f6rh\u00e5llanden.<\/li>\n<li>Den \u00e4r konstruerad f\u00f6r att klara p\u00e5frestningarna p\u00e5 kr\u00e4vande byggarbetsplatser och bibeh\u00e5lla optimal prestanda under l\u00e4ngre perioder.<\/li>\n<\/ul>\n<ol start=\"2\">\n<li>Exakt vinkeljustering:<\/li>\n<\/ol>\n<ul>\n<li>Denna hydraulcylinder m\u00f6jligg\u00f6r exakt vinkeljustering av kranens bom, vilket ger operat\u00f6rerna fin kontroll \u00f6ver vertikal r\u00e4ckvidd och positionering.<\/li>\n<li>Den erbjuder smidig och responsiv r\u00f6relse, vilket m\u00f6jligg\u00f6r korrekt lastplacering och minimerar risken f\u00f6r kollisioner eller olyckor.<\/li>\n<\/ul>\n<ol start=\"3\">\n<li>Ut\u00f6kad vertikal r\u00e4ckvidd:<\/li>\n<\/ol>\n<ul>\n<li>Mobilkranens lyftcylinder f\u00f6rl\u00e4nger kranens vertikala r\u00e4ckvidd genom att justera bommens vinkel.<\/li>\n<li>Det f\u00f6rb\u00e4ttrar kranens flexibilitet vid \u00e5tkomst till f\u00f6rh\u00f6jda arbetsomr\u00e5den, s\u00e5som h\u00f6ghus eller industrianl\u00e4ggningar.<\/li>\n<\/ul>\n<ol start=\"4\">\n<li>Lyfteffektivitet:<\/li>\n<\/ol>\n<ul>\n<li>Genom att optimera bomvinkeln f\u00f6rb\u00e4ttrar lyftcylindern mobilkranens lyfteffektivitet.<\/li>\n<li>Det m\u00f6jligg\u00f6r b\u00e4ttre lastf\u00f6rdelning, minskar belastningen p\u00e5 kranens komponenter och f\u00f6rb\u00e4ttrar den totala lyftkapaciteten.<\/li>\n<\/ul>\n<h2><strong>Parameter f\u00f6r mobilkranens luffningscylinder:<\/strong><\/h2>\n<table border=\"1\" cellspacing=\"0\" cellpadding=\"0\">\n<tbody>\n<tr>\n<td>Produktnamn<\/td>\n<td>Mobilkrans lyftcylinder<\/td>\n<\/tr>\n<tr>\n<td>Drag:<\/td>\n<td>Att inse att bommens upp-och-ner-rotation \u00e4r den fr\u00e4msta drivkraften f\u00f6r lyftning<\/td>\n<\/tr>\n<tr>\n<td>Borrdiameter:<\/td>\n<td>100 mm\uff5e560 mm<\/td>\n<\/tr>\n<tr>\n<td>St\u00e5ngdiameter:<\/td>\n<td>50 mm\uff5e480 mm<br \/>\nSlagl\u00e4ngd\u22645000 mm<\/td>\n<\/tr>\n<tr>\n<td>Tryck:<\/td>\n<td>Maximalt 36 MPa<\/td>\n<\/tr>\n<tr>\n<td>Applikationer f\u00f6r luffande cylinder:<\/td>\n<td>Mobilkran<\/td>\n<\/tr>\n<\/tbody>\n<\/table>\n<h2><strong>Identifieringsdiagram f\u00f6r mobilkran:<\/strong><\/h2>\n<p><img loading=\"lazy\" decoding=\"async\" class=\"alignnone wp-image-1551 size-full\" src=\"https:\/\/hydraulic-cylinders.net\/wp-content\/uploads\/2023\/09\/mobile-crane-cylinder-construction-1.webp\" alt=\"\" width=\"1418\" height=\"946\" srcset=\"https:\/\/hydraulic-cylinders.net\/wp-content\/uploads\/2023\/09\/mobile-crane-cylinder-construction-1.webp 1418w, https:\/\/hydraulic-cylinders.net\/wp-content\/uploads\/2023\/09\/mobile-crane-cylinder-construction-1-1280x854.webp 1280w, https:\/\/hydraulic-cylinders.net\/wp-content\/uploads\/2023\/09\/mobile-crane-cylinder-construction-1-980x654.webp 980w, https:\/\/hydraulic-cylinders.net\/wp-content\/uploads\/2023\/09\/mobile-crane-cylinder-construction-1-480x320.webp 480w\" sizes=\"(min-width: 0px) and (max-width: 480px) 480px, (min-width: 481px) and (max-width: 980px) 980px, (min-width: 981px) and (max-width: 1280px) 1280px, (min-width: 1281px) 1418px, 100vw\" \/><\/p>\n<h2><strong>Anv\u00e4ndningsmetod f\u00f6r mobilkranens luffningscylinder<\/strong><strong>:<\/strong><\/h2>\n<ol>\n<li><strong>S\u00e4kerhets\u00e5tg\u00e4rder:<\/strong><\/li>\n<\/ol>\n<ul>\n<li>Innan mobilkranen anv\u00e4nds, se till att alla s\u00e4kerhetsf\u00f6reskrifter och riktlinjer f\u00f6ljs.<\/li>\n<li>Utf\u00f6r en noggrann inspektion av kranen och dess komponenter, inklusive lyftcylindern, f\u00f6r att s\u00e4kerst\u00e4lla att de \u00e4r i gott skick.<\/li>\n<\/ul>\n<ol start=\"2\">\n<li><strong>Bekanta dig med kontroller:<\/strong><\/li>\n<\/ol>\n<ul>\n<li>F\u00f6rst\u00e5 de styrmekanismer och driftsprocedurer som \u00e4r specifika f\u00f6r din mobilkranmodell.<\/li>\n<li>Identifiera reglaget f\u00f6r justering av luffningsvinkeln och s\u00e4kerst\u00e4ll att det fungerar korrekt.<\/li>\n<\/ul>\n<ol start=\"3\">\n<li><strong>Justering av luffningsvinkel:<\/strong><\/li>\n<\/ol>\n<ul>\n<li>Aktivera reglaget f\u00f6r luffningscylindern, som vanligtvis sitter i f\u00f6rarhytten.<\/li>\n<li>Anv\u00e4nd reglaget f\u00f6r att f\u00f6rl\u00e4nga eller dra in bommen och justera lyftvinkeln efter behov f\u00f6r lyftoperationen.<\/li>\n<li>F\u00f6lj lasttabellerna och tillverkarens riktlinjer f\u00f6r l\u00e4mpliga luffningsvinklar baserat p\u00e5 lastens vikt och radie.<\/li>\n<\/ul>\n<ol start=\"4\">\n<li><strong>Lastplacering och \u00f6vervakning:<\/strong><\/li>\n<\/ol>\n<ul>\n<li>N\u00e4r \u00f6nskad lyftvinkel har uppn\u00e5tts, placera lasten f\u00f6rsiktigt med hj\u00e4lp av kranens andra reglage, s\u00e5som lyft- och sv\u00e4ngmekanismen.<\/li>\n<li>\u00d6vervaka lasten kontinuerligt och justera lyftvinkeln f\u00f6r att bibeh\u00e5lla stabilitet och s\u00e4kerhet under lyftoperationen.<\/li>\n<\/ul>\n<h2><strong>Hur man sl\u00e4pper ut trycket p\u00e5 hydraulsystemet?<\/strong><\/h2>\n<p>Att sl\u00e4ppa ut trycket fr\u00e5n ett hydraulsystem \u00e4r en n\u00f6dv\u00e4ndig s\u00e4kerhetsprocedur som b\u00f6r f\u00f6ljas n\u00e4r underh\u00e5ll eller reparationsarbete utf\u00f6rs. H\u00e4r \u00e4r de allm\u00e4nna stegen f\u00f6r att sl\u00e4ppa ut trycket fr\u00e5n ett hydraulsystem:<\/p>\n<ol>\n<li><strong>Identifiera str\u00f6mk\u00e4llan:<\/strong>\n<ul>\n<li>Best\u00e4m vilken kraftk\u00e4lla som f\u00f6rser hydraulsystemet med tryck, till exempel en elmotor, en motordriven pump eller en manuell pump.<\/li>\n<li>Lokalisera str\u00f6mbrytaren eller styrventilen som \u00e4r kopplad till str\u00f6mk\u00e4llan.<\/li>\n<\/ul>\n<\/li>\n<li><strong>St\u00e4ng av str\u00f6mk\u00e4llan:<\/strong>\n<ul>\n<li>St\u00e4ng av str\u00f6mbrytaren eller styrventilen f\u00f6r att stoppa str\u00f6mk\u00e4llan fr\u00e5n att f\u00f6rse hydraulsystemet med tryck.<\/li>\n<li>Om en motor driver hydraulsystemet, st\u00e4ng av motorn helt.<\/li>\n<\/ul>\n<\/li>\n<li><strong>Aktivera systemkontrollerna:<\/strong>\n<ul>\n<li>Man\u00f6vrera styrventilerna eller brytarna p\u00e5 hydraulsystemet f\u00f6r att flytta st\u00e4lldon eller komponenter till neutral- eller vilol\u00e4ge.<\/li>\n<li>Detta steg hj\u00e4lper till att avlasta kvarvarande tryck och l\u00e5ter hydraulv\u00e4tskan fl\u00f6da tillbaka till beh\u00e5llaren.<\/li>\n<\/ul>\n<\/li>\n<li><strong>Sl\u00e4pp ut trycket vid pumpen:<\/strong>\n<ul>\n<li>Om hydraulsystemet har en pump med en \u00f6vertrycksventil, lokalisera ventilen.<\/li>\n<li>Vrid tryckavlastningsventilen moturs (eller enligt tillverkarens anvisningar) f\u00f6r att gradvis sl\u00e4ppa ut trycket.<\/li>\n<li>Kontrollera systemets tryckm\u00e4tare, om s\u00e5dan finns, f\u00f6r att s\u00e4kerst\u00e4lla att trycket \u00e4r avlastat.<\/li>\n<\/ul>\n<\/li>\n<li><strong>Lufta systemet:<\/strong>\n<ul>\n<li>Vissa hydraulsystem kan ha luft inst\u00e4ngd i systemet, vilket kan orsaka tryckuppbyggnad.<\/li>\n<li>F\u00f6r att sl\u00e4ppa ut luft, \u00f6ppna luftventilerna eller lossa kopplingarna strategiskt s\u00e5 att luften kan komma ut.<\/li>\n<li>B\u00f6rja fr\u00e5n de l\u00e4gsta punkterna i systemet och arbeta dig upp till de h\u00f6gsta punkterna.<\/li>\n<li>Forts\u00e4tt lufta systemet tills ett j\u00e4mnt fl\u00f6de av hydraulv\u00e4tska observeras utan luftbubblor.<\/li>\n<\/ul>\n<\/li>\n<li><strong>Verifiera tryckavlastning:<\/strong>\n<ul>\n<li>Kontrollera tryckm\u00e4taren, om s\u00e5dan finns, f\u00f6r att s\u00e4kerst\u00e4lla att trycket har sl\u00e4ppts ut helt.<\/li>\n<li>Dubbelkolla systemkontrollerna f\u00f6r att s\u00e4kerst\u00e4lla att alla st\u00e4lldon och komponenter \u00e4r i neutralt l\u00e4ge eller i vilol\u00e4ge.<\/li>\n<\/ul>\n<\/li>\n<\/ol>\n<h2><strong>Fabrikens kapacitet och kapacitet:<\/strong><\/h2>\n<h3>(1) Montering<\/h3>\n<p>Vi har en f\u00f6rstklassig oberoende forsknings- och utvecklingsplattform. Verkstaden f\u00f6r tillverkning av hydraulcylindrar har fyra halvautomatiska monteringslinjer f\u00f6r lyftcylindrar och en automatisk monteringslinje f\u00f6r tiltcylindrar, med en planerad \u00e5rlig produktionskapacitet p\u00e5 1 miljon enheter. Specialcylinderverkstaden \u00e4r utrustad med olika specifikationer f\u00f6r ett halvautomatiskt reng\u00f6ringsmonteringssystem med en planerad \u00e5rlig produktionskapacitet p\u00e5 200 000 och utrustad med k\u00e4nd CNC-bearbetningsutrustning, ett fleroperationscenter, en specialutrustning f\u00f6r h\u00f6gprecisionscylindrar, en robotsvetsmaskin, en automatisk reng\u00f6ringsmaskin, en automatisk cylindermonteringsmaskin och en automatisk produktionslinje f\u00f6r m\u00e5lning. Befintlig kritisk utrustning p\u00e5 mer \u00e4n 300 set (set). Optimal allokering och effektiv anv\u00e4ndning av utrustningsresurser s\u00e4kerst\u00e4ller produkternas noggrannhetskrav och uppfyller produkternas h\u00f6ga kvalitetsbehov.<\/p>\n<p><img loading=\"lazy\" decoding=\"async\" class=\"alignnone wp-image-626\" src=\"https:\/\/hydraulic-cylinders.net\/wp-content\/uploads\/2023\/08\/hydraulic-cylinder-product-1-300x158.webp\" alt=\"\" width=\"495\" height=\"260\" srcset=\"https:\/\/hydraulic-cylinders.net\/wp-content\/uploads\/2023\/08\/hydraulic-cylinder-product-1-300x158.webp 495w, https:\/\/hydraulic-cylinders.net\/wp-content\/uploads\/2023\/08\/hydraulic-cylinder-product-1-480x252.webp 480w\" sizes=\"(min-width: 0px) and (max-width: 480px) 480px, (min-width: 481px) 495px, 100vw\" \/> <img loading=\"lazy\" decoding=\"async\" class=\"alignnone wp-image-627\" src=\"https:\/\/hydraulic-cylinders.net\/wp-content\/uploads\/2023\/08\/hydraulic-cylinder-product-2-300x189.webp\" alt=\"\" width=\"413\" height=\"260\" \/><\/p>\n<h3>(2) Maskinbearbetning<\/h3>\n<p>Bearbetningsverkstaden \u00e4r utrustad med en specialanpassad svarvcentral f\u00f6r lutande r\u00e4ls, bearbetningscenter, h\u00f6ghastighetsh\u00f6nsmaskin, svetsrobot och annan relaterad utrustning, som kan hantera bearbetning av cylinderr\u00f6r med en maximal innerdiameter p\u00e5 400 mm och en maximal l\u00e4ngd p\u00e5 6 meter.<\/p>\n<p><img loading=\"lazy\" decoding=\"async\" class=\"alignnone wp-image-628 size-large\" src=\"https:\/\/hydraulic-cylinders.net\/wp-content\/uploads\/2023\/08\/hydraulic-cylinder-product-3-1024x391.webp\" alt=\"\" width=\"1024\" height=\"391\" srcset=\"https:\/\/hydraulic-cylinders.net\/wp-content\/uploads\/2023\/08\/hydraulic-cylinder-product-3-980x374.webp 980w, https:\/\/hydraulic-cylinders.net\/wp-content\/uploads\/2023\/08\/hydraulic-cylinder-product-3-480x183.webp 480w\" sizes=\"(min-width: 0px) and (max-width: 480px) 480px, (min-width: 481px) and (max-width: 980px) 980px, (min-width: 981px) 1024px, 100vw\" \/><\/p>\n<h3>(3) Svetsning<\/h3>\n<p><img loading=\"lazy\" decoding=\"async\" class=\"alignnone wp-image-629 size-large\" src=\"https:\/\/hydraulic-cylinders.net\/wp-content\/uploads\/2023\/08\/hydraulic-cylinder-product-4-1024x510.webp\" alt=\"\" width=\"1024\" height=\"510\" srcset=\"https:\/\/hydraulic-cylinders.net\/wp-content\/uploads\/2023\/08\/hydraulic-cylinder-product-4-980x488.webp 980w, https:\/\/hydraulic-cylinders.net\/wp-content\/uploads\/2023\/08\/hydraulic-cylinder-product-4-480x239.webp 480w\" sizes=\"(min-width: 0px) and (max-width: 480px) 480px, (min-width: 481px) and (max-width: 980px) 980px, (min-width: 981px) 1024px, 100vw\" \/><\/p>\n<h3>(4) M\u00e5lning och ytbehandling<\/h3>\n<p>Med sm\u00e5 och medelstora cylindriska automatiska vattenbaserade f\u00e4rgbel\u00e4ggningslinjer, f\u00f6r att uppn\u00e5 automatisk robotlastning och lossning samt automatisk sprutning, \u00e4r den designade kapaciteten 4000 stycken per skift;<br \/>\nVi har \u00e4ven en halvautomatisk f\u00e4rgproduktionslinje f\u00f6r stora cylindrar som drivs av en sl\u00e4pkedja, med en designkapacitet p\u00e5 60 l\u00e5dor per skift.<\/p>\n<p><img loading=\"lazy\" decoding=\"async\" class=\"alignnone wp-image-630\" src=\"https:\/\/hydraulic-cylinders.net\/wp-content\/uploads\/2023\/08\/hydraulic-cylinder-product-5-300x213.webp\" alt=\"\" width=\"366\" height=\"260\" \/> <img loading=\"lazy\" decoding=\"async\" class=\"alignnone wp-image-631\" src=\"https:\/\/hydraulic-cylinders.net\/wp-content\/uploads\/2023\/08\/hydraulic-cylinder-product-6-300x225.webp\" alt=\"\" width=\"347\" height=\"260\" \/><\/p>\n<h3>(5) Testning<\/h3>\n<p>Vi har f\u00f6rstklassiga inspektionsanl\u00e4ggningar och testb\u00e4ddar f\u00f6r att s\u00e4kerst\u00e4lla att cylinderns prestanda uppfyller kraven.<\/p>\n<p><img loading=\"lazy\" decoding=\"async\" class=\"alignnone wp-image-632\" src=\"https:\/\/hydraulic-cylinders.net\/wp-content\/uploads\/2023\/08\/hydraulic-cylinder-product-8-300x200.webp\" alt=\"\" width=\"389\" height=\"260\" \/><\/p>\n<p>&nbsp;<\/p>\n<p>&nbsp;<\/p>\n<p>Vi \u00e4r en av de b\u00e4sta tillverkarna av hydraulcylindrar. Vi kan erbjuda ett helt\u00e4ckande utbud av hydraulcylindrar. Vi tillhandah\u00e5ller \u00e4ven motsvarande <a href=\"https:\/\/hzpt.com\/agricultural-pto-gearbox\/\" target=\"_blank\" rel=\"noopener\">jordbruksv\u00e4xell\u00e5dor<\/a>Vi har exporterat v\u00e5ra produkter till kunder \u00f6ver hela v\u00e4rlden och f\u00e5tt ett gott rykte tack vare v\u00e5r \u00f6verl\u00e4gsna produktkvalitet och kundservice. Vi v\u00e4lkomnar kunder b\u00e5de hemma och utomlands att kontakta oss f\u00f6r att f\u00f6rhandla aff\u00e4rer, utbyta information och <a href=\"https:\/\/www.hydraulic-cylinders.net\/sv\/contact-us\/\">samarbeta med oss<\/a>!<\/p>","protected":false},"excerpt":{"rendered":"<p>Mobile Crane Luffing Cylinder The mobile crane luffing cylinder is essential in mobile crane systems and is designed to enhance these powerful machines&#8217; vertical reach and lifting efficiency. This hydraulic cylinder plays a crucial role in adjusting the angle of the crane&#8217;s boom, allowing operators to extend or retract the boom smoothly and precisely. The [&hellip;]<\/p>","protected":false},"featured_media":1560,"comment_status":"open","ping_status":"closed","template":"","meta":{"_et_pb_use_builder":"","_et_pb_old_content":"","_et_gb_content_width":""},"product_brand":[],"product_cat":[1550,1514,1552],"product_tag":[1380],"class_list":{"0":"post-1547","1":"product","2":"type-product","3":"status-publish","4":"has-post-thumbnail","6":"product_cat-double-acting-hydraulic-cylinder","7":"product_cat-mobile-crane-hydraulic-cylinders","8":"product_cat-stainless-steel-hydraulic-cylinder","9":"product_tag-hydraulic-cylinder","11":"first","12":"instock","13":"shipping-taxable","14":"product-type-simple"},"amp_enabled":true,"_links":{"self":[{"href":"https:\/\/www.hydraulic-cylinders.net\/sv\/wp-json\/wp\/v2\/product\/1547","targetHints":{"allow":["GET"]}}],"collection":[{"href":"https:\/\/www.hydraulic-cylinders.net\/sv\/wp-json\/wp\/v2\/product"}],"about":[{"href":"https:\/\/www.hydraulic-cylinders.net\/sv\/wp-json\/wp\/v2\/types\/product"}],"replies":[{"embeddable":true,"href":"https:\/\/www.hydraulic-cylinders.net\/sv\/wp-json\/wp\/v2\/comments?post=1547"}],"wp:featuredmedia":[{"embeddable":true,"href":"https:\/\/www.hydraulic-cylinders.net\/sv\/wp-json\/wp\/v2\/media\/1560"}],"wp:attachment":[{"href":"https:\/\/www.hydraulic-cylinders.net\/sv\/wp-json\/wp\/v2\/media?parent=1547"}],"wp:term":[{"taxonomy":"product_brand","embeddable":true,"href":"https:\/\/www.hydraulic-cylinders.net\/sv\/wp-json\/wp\/v2\/product_brand?post=1547"},{"taxonomy":"product_cat","embeddable":true,"href":"https:\/\/www.hydraulic-cylinders.net\/sv\/wp-json\/wp\/v2\/product_cat?post=1547"},{"taxonomy":"product_tag","embeddable":true,"href":"https:\/\/www.hydraulic-cylinders.net\/sv\/wp-json\/wp\/v2\/product_tag?post=1547"}],"curies":[{"name":"wp","href":"https:\/\/api.w.org\/{rel}","templated":true}]}}