{"id":15470,"date":"2025-01-19T14:34:13","date_gmt":"2025-01-19T14:34:13","guid":{"rendered":"https:\/\/www.hydraulic-cylinders.net\/product\/bucket-cylinder-for-xcmg-middle-excavator-xe225ca\/"},"modified":"2025-01-19T14:34:15","modified_gmt":"2025-01-19T14:34:15","slug":"bucket-cylinder-for-xcmg-middle-excavator-xe225ca","status":"publish","type":"product","link":"https:\/\/www.hydraulic-cylinders.net\/sv\/produkt\/bucket-cylinder-for-xcmg-middle-excavator-xe225ca\/","title":{"rendered":"Skopscylinder f\u00f6r XCMG mellangr\u00e4vmaskin XE225CA"},"content":{"rendered":"<h1>Skopscylinder f\u00f6r XCMG mellangr\u00e4vmaskin XE225CA<\/h1>\n<h2>Introduktion<\/h2>\n<p>En skopcylinder \u00e4r en specialiserad hydraulcylinder som \u00e4r utformad f\u00f6r att styra r\u00f6relsen hos skopor i tunga maskiner som gr\u00e4vmaskiner, gr\u00e4vmaskiner och frontlastare. Dess prim\u00e4ra funktion \u00e4r att g\u00f6ra det m\u00f6jligt f\u00f6r skopan att utf\u00f6ra lyft-, s\u00e4nk- och tiltnings\u00e5tg\u00e4rder, vilket g\u00f6r det l\u00e4ttare att hantera olika material. I hydraulsystemet uppn\u00e5r skopcylindern exakt kontroll \u00f6ver skopans r\u00f6relse genom f\u00f6r\u00e4ndringar i hydrauloljetrycket, vilket g\u00f6r det m\u00f6jligt f\u00f6r f\u00f6rare att hantera tunga laster effektivt och anpassa sig till komplexa arbetsmilj\u00f6er och olika driftskrav.<\/p>\n<p><img decoding=\"async\" src=\"https:\/\/www.hydraulic-cylinders.net\/wp-content\/uploads\/2025\/01\/songte-company-2.webp\" \/><\/p>\n<h2>Drag<\/h2>\n<ul>\n<li>H\u00f6g h\u00e5llfasthet och h\u00e5llbarhet: Vanligtvis tillverkad av h\u00f6gh\u00e5llfast st\u00e5l eller aluminium, t\u00e5l h\u00f6gt tryck och tunga belastningar, l\u00e4mplig f\u00f6r tuffa arbetsf\u00f6rh\u00e5llanden och \u00e4r konstruerad med slitstyrka och korrosionsbest\u00e4ndighet i \u00e5tanke, vilket f\u00f6rl\u00e4nger livsl\u00e4ngden.<\/li>\n<li>Effektiv hydraulisk drift: Uppn\u00e5r en j\u00e4mn f\u00f6rl\u00e4ngning av kolvst\u00e5ngen genom hydraultryck, kan reagera snabbt p\u00e5 styrkommandon, ger kraftfulla tryck- och dragkrafter, l\u00e4mplig f\u00f6r hantering av tunga laster och komplexa driftsuppgifter.<\/li>\n<li>Olika typer: Enkelverkande (med hydraultryck i endast en riktning) eller dubbelverkande (med hydraultryck i tv\u00e5 riktningar) cylindrar kan v\u00e4ljas efter behov f\u00f6r att m\u00f6ta olika driftsbehov. Vissa modeller \u00e4r teleskopiska, vilket m\u00f6jligg\u00f6r st\u00f6rre utbyggnad utan att \u00f6ka ytterm\u00e5tten, l\u00e4mpliga f\u00f6r applikationer med begr\u00e4nsat utrymme.<\/li>\n<li>Enkel installation: V\u00e5ra produkter kan perfekt ers\u00e4tta dessa hydraulcylindrar.<\/li>\n<\/ul>\n<p><img decoding=\"async\" src=\"https:\/\/www.hydraulic-cylinders.net\/wp-content\/uploads\/2025\/01\/songte-cylinder-head-with-all-kinds-excavator-models.webp\" \/><\/p>\n<h2>Applikationer<\/h2>\n<p>Skopscylindrar anv\u00e4nds ofta i olika tunga maskiner, s\u00e5som:<\/p>\n<ul>\n<li>Byggmaskiner: I gr\u00e4vmaskiner \u00e4r de viktiga f\u00f6r gr\u00e4vning, lastning och flyttning av jord eller skr\u00e4p. I gr\u00e4vlastare hj\u00e4lper skopcylindern till med b\u00e5de gr\u00e4vning och lyftning. <\/li>\n<li>Jordbruksmaskiner: Anv\u00e4nds f\u00f6r frontlastare, f\u00f6r att plocka upp, lyfta och transportera jord, h\u00f6 och andra material. <\/li>\n<li>Gr\u00e4vmaskiner: Skopans cylinder m\u00f6jligg\u00f6r gr\u00e4vning genom att l\u00e5ta skopan tr\u00e4nga ner i marken.<\/li>\n<li>Lastare: I frontlastare hj\u00e4lper de till med att lyfta och tilta gods effektivt.<\/li>\n<\/ul>\n<h2>Design\u00f6verv\u00e4ganden och urvalskriterier<\/h2>\n<p>N\u00e4r det g\u00e4ller design\u00f6verv\u00e4ganden och urvalskriterier m\u00e5ste flera faktorer beaktas:<\/p>\n<ul>\n<li>B\u00e4rf\u00f6rm\u00e5ga: Cylindern ska kunna motst\u00e5 erforderlig belastning och tryck.<\/li>\n<li>T\u00e4tning: Cylindern m\u00e5ste bibeh\u00e5lla en t\u00e4t t\u00e4tning f\u00f6r att f\u00f6rhindra l\u00e4ckage av hydraulv\u00e4tska.<\/li>\n<li>H\u00e5llbarhet: Cylindern ska kunna motst\u00e5 slitage fr\u00e5n konstant anv\u00e4ndning och exponering f\u00f6r tuffa milj\u00f6er.<\/li>\n<li>S\u00e4kerhet: Cylindern b\u00f6r vara konstruerad f\u00f6r att f\u00f6rhindra olyckor och s\u00e4kerst\u00e4lla operat\u00f6rens s\u00e4kerhet.<\/li>\n<li>Underh\u00e5ll: Cylindern ska vara l\u00e4tt att underh\u00e5lla och reparera.<\/li>\n<\/ul>\n<p><img decoding=\"async\" src=\"https:\/\/www.hydraulic-cylinders.net\/wp-content\/uploads\/2025\/01\/songte-oil-pipes-and-spare-parts.webp\" \/><\/p>\n<h2>T\u00e4tning och sm\u00f6rjning<\/h2>\n<p>Cylindern anv\u00e4nder olika t\u00e4tningskomponenter, inklusive kolvt\u00e4tningar, kolvst\u00e5ngst\u00e4tningar och avstrykart\u00e4tningar, f\u00f6r att bibeh\u00e5lla en t\u00e4tning. Dessa t\u00e4tningar \u00e4r tillverkade av slitstarka material som polyuretan och nitrilgummi och genomg\u00e5r precisionsytbehandling f\u00f6r att f\u00f6rb\u00e4ttra slitstyrkan. Cylindern kr\u00e4ver ocks\u00e5 regelbunden sm\u00f6rjning med hydraulolja f\u00f6r att s\u00e4kerst\u00e4lla smidig drift och f\u00f6rhindra skador.<\/p>\n<h2>Underh\u00e5ll och reparation<\/h2>\n<p>Regelbunden inspektion och f\u00f6rebyggande underh\u00e5ll \u00e4r avg\u00f6rande f\u00f6r att s\u00e4kerst\u00e4lla cylinderns livsl\u00e4ngd och effektiva prestanda. Typiska underh\u00e5llsuppgifter inkluderar:<\/p>\n<ul>\n<li>Regelbunden inspektion av cylinderkomponenter f\u00f6r slitage och skador, inklusive kolvt\u00e4tningar, kolvst\u00e5ngst\u00e4tningar och torkart\u00e4tningar. <\/li>\n<li>Regelbunden sm\u00f6rjning av cylindern med hydraulolja. <\/li>\n<li>Regelbundet byte av t\u00e4tningskomponenter och kalibreringskontroll. <\/li>\n<\/ul>\n<p>Korrekt installation och justering av cylindern, med hj\u00e4lp av l\u00e4mpliga monteringsf\u00e4sten f\u00f6r att fixera cylindern p\u00e5 plats, \u00e4r avg\u00f6rande f\u00f6r att s\u00e4kerst\u00e4lla optimal prestanda. Det rekommenderas att f\u00f6lja de rekommenderade inspektions-, reparations- och utbytesprocedurerna som tillhandah\u00e5lls av tillverkaren f\u00f6r att f\u00f6rl\u00e4nga cylinderns livsl\u00e4ngd.<\/p>\n<p><img decoding=\"async\" src=\"https:\/\/www.hydraulic-cylinders.net\/wp-content\/uploads\/2025\/01\/songte-chushion-collar.webp\" \/><\/p>\n<h2>S\u00e4kerhets- och milj\u00f6h\u00e4nsyn<\/h2>\n<p>Korrekt anv\u00e4ndning av s\u00e4kerhets\u00e5tg\u00e4rder vid hantering av tunga maskiner som hydraulcylindrar \u00e4r avg\u00f6rande f\u00f6r att f\u00f6rhindra olyckor och s\u00e4kerst\u00e4lla operat\u00f6rens s\u00e4kerhet. Dessutom \u00e4r korrekt kassering av hydraulv\u00e4tskor och andra material som anv\u00e4nds i cylindern avg\u00f6rande f\u00f6r att minimera milj\u00f6p\u00e5verkan.<\/p>\n<h2>Diagnos och fels\u00f6kning<\/h2>\n<p>Vanliga problem med hydraulcylindrar inkluderar l\u00e4ckor, cylinderdrift och oregelbunden drift. Korrekt diagnos och fels\u00f6kning kan hj\u00e4lpa till att identifiera och \u00e5tg\u00e4rda dessa problem effektivt. Steg att vidta inkluderar:<\/p>\n<ul>\n<li>Inspektion av cylinderkomponenterna f\u00f6r slitage och skador. <\/li>\n<li>Kontrollerar l\u00e4ckor och s\u00e4kerst\u00e4ller att korrekta t\u00e4tningar \u00e4r p\u00e5 plats. <\/li>\n<li>S\u00e4kerst\u00e4ll att cylindern \u00e4r ordentligt smord. <\/li>\n<li>Kontroll av eventuella skador eller blockeringar i hydraulledningar och slangar. <\/li>\n<\/ul>\n<p>F\u00f6rebyggande \u00e5tg\u00e4rder som korrekt underh\u00e5ll och regelbunden inspektion kan bidra till att minimera f\u00f6rekomsten av dessa problem.<\/p>\n<p><img decoding=\"async\" src=\"https:\/\/www.hydraulic-cylinders.net\/wp-content\/uploads\/2025\/01\/songte-bushings-with-all-kinds-of-excavator-models.webp\" \/><\/p>\n<h2>Om oss<\/h2>\n<p>Vi \u00e4r en ledande tillverkare och grossistdistribut\u00f6r av hydraulcylindrar och erbjuder ett brett utbud av produkter och tj\u00e4nster f\u00f6r att m\u00f6ta v\u00e5ra kunders behov. V\u00e5rt engagemang f\u00f6r kvalitet och produktionshantering, tillsammans med teknisk expertis, toppmodern digitaliserad tillverkningsutrustning och professionella testsystem, har hj\u00e4lpt oss att bli en ledande tillverkare och grossist av hydraulcylindrar f\u00f6r b\u00e5de inhemska och internationella marknader. Vi erbjuder en rad kundanpassade tj\u00e4nster till v\u00e5ra kunder och har en robust renoveringsservice f\u00f6r att f\u00f6rl\u00e4nga livsl\u00e4ngden p\u00e5 v\u00e5ra produkter.<\/p>\n<p>V\u00e5ra produkter \u00e4r k\u00e4nda f\u00f6r sin h\u00f6ga effektivitet, noggrannhet och kvalitet, och vi \u00e4r stolta \u00f6ver att m\u00f6ta v\u00e5ra kunders olika behov med toppmoderna produkter. Vi \u00e4r engagerade i att m\u00f6ta dina behov g\u00e4llande hydraulcylindrar med produkter och tj\u00e4nster av h\u00f6gsta kvalitet.<\/p>\n<p><img decoding=\"async\" src=\"https:\/\/hzpt.com\/wp-content\/uploads\/2024\/11\/songte-company-1.webp\" \/><\/p>\n<p>F\u00f6rfattare: lyl<\/p>","protected":false},"excerpt":{"rendered":"<p>Bucket Cylinder For XCMG Middle Excavator XE225CA Introduction A bucket cylinder is a specialized hydraulic cylinder designed to control the movement of buckets in heavy machinery such as excavators, backhoes, and front-end loaders. Its primary function is to enable the bucket to perform lifting, lowering, and tilting actions, making it easier to handle various materials. [&hellip;]<\/p>","protected":false},"featured_media":14776,"comment_status":"open","ping_status":"closed","template":"","meta":{"_et_pb_use_builder":"","_et_pb_old_content":"","_et_gb_content_width":""},"product_brand":[],"product_cat":[1494],"product_tag":[1495,1496],"class_list":{"0":"post-15470","1":"product","2":"type-product","3":"status-publish","4":"has-post-thumbnail","6":"product_cat-bucket-cylinders","7":"product_tag-bucket-cylinders","8":"product_tag-hydraulic-cylinders","10":"first","11":"instock","12":"shipping-taxable","13":"product-type-simple"},"amp_enabled":true,"_links":{"self":[{"href":"https:\/\/www.hydraulic-cylinders.net\/sv\/wp-json\/wp\/v2\/product\/15470","targetHints":{"allow":["GET"]}}],"collection":[{"href":"https:\/\/www.hydraulic-cylinders.net\/sv\/wp-json\/wp\/v2\/product"}],"about":[{"href":"https:\/\/www.hydraulic-cylinders.net\/sv\/wp-json\/wp\/v2\/types\/product"}],"replies":[{"embeddable":true,"href":"https:\/\/www.hydraulic-cylinders.net\/sv\/wp-json\/wp\/v2\/comments?post=15470"}],"wp:featuredmedia":[{"embeddable":true,"href":"https:\/\/www.hydraulic-cylinders.net\/sv\/wp-json\/wp\/v2\/media\/14776"}],"wp:attachment":[{"href":"https:\/\/www.hydraulic-cylinders.net\/sv\/wp-json\/wp\/v2\/media?parent=15470"}],"wp:term":[{"taxonomy":"product_brand","embeddable":true,"href":"https:\/\/www.hydraulic-cylinders.net\/sv\/wp-json\/wp\/v2\/product_brand?post=15470"},{"taxonomy":"product_cat","embeddable":true,"href":"https:\/\/www.hydraulic-cylinders.net\/sv\/wp-json\/wp\/v2\/product_cat?post=15470"},{"taxonomy":"product_tag","embeddable":true,"href":"https:\/\/www.hydraulic-cylinders.net\/sv\/wp-json\/wp\/v2\/product_tag?post=15470"}],"curies":[{"name":"wp","href":"https:\/\/api.w.org\/{rel}","templated":true}]}}