{"id":15471,"date":"2025-01-19T14:34:17","date_gmt":"2025-01-19T14:34:17","guid":{"rendered":"https:\/\/www.hydraulic-cylinders.net\/product\/bucket-cylinder-for-xcmg-middle-excavator-xe240\/"},"modified":"2025-01-19T14:34:19","modified_gmt":"2025-01-19T14:34:19","slug":"bucket-cylinder-for-xcmg-middle-excavator-xe240","status":"publish","type":"product","link":"https:\/\/www.hydraulic-cylinders.net\/sv\/produkt\/bucket-cylinder-for-xcmg-middle-excavator-xe240\/","title":{"rendered":"Skopscylinder f\u00f6r XCMG mellangr\u00e4vmaskin XE240"},"content":{"rendered":"<h1> Skopscylinder f\u00f6r XCMG mellangr\u00e4vmaskin XE240 <\/h1>\n<h2>Introduktion<\/h2>\n<p>Skopcylindern till XCMG:s mellangr\u00e4vmaskin XE240 \u00e4r en specialdesignad hydraulcylinder som anv\u00e4nds f\u00f6r att styra skopans r\u00f6relse i tunga maskiner som gr\u00e4vmaskiner, traktorgr\u00e4vmaskiner och frontlastare. Dess huvudsakliga funktion \u00e4r att g\u00f6ra det m\u00f6jligt att lyfta, s\u00e4nka och luta skopan, vilket g\u00f6r den idealisk f\u00f6r olika materialhanteringsuppgifter. I hydraulsystemet uppn\u00e5r skopcylindern exakt kontroll \u00f6ver skopan genom f\u00f6r\u00e4ndringar i hydrauloljans tryck, vilket g\u00f6r det m\u00f6jligt f\u00f6r operat\u00f6rer att effektivt hantera tunga laster och anpassa sig till komplexa arbetsmilj\u00f6er och olika driftskrav.<\/p>\n<p><img decoding=\"async\" src=\"https:\/\/www.hydraulic-cylinders.net\/wp-content\/uploads\/2025\/01\/songte-company-2.webp\" alt=\"Skopscylinder\" \/><\/p>\n<h2>Drag<\/h2>\n<ul>\n<li>H\u00f6g h\u00e5llfasthet och h\u00e5llbarhet: Vanligtvis tillverkad av h\u00f6gh\u00e5llfast st\u00e5l eller aluminium, t\u00e5l den h\u00f6gt tryck och tunga belastningar, anpassar sig till tuffa arbetsmilj\u00f6er och \u00e4r konstruerad med h\u00e4nsyn till slitstyrka och korrosionsbest\u00e4ndighet, vilket f\u00f6rl\u00e4nger dess livsl\u00e4ngd.<\/li>\n<li>Effektiv hydraulisk drift: Utnyttjar hydrauloljans tryck f\u00f6r att uppn\u00e5 j\u00e4mn f\u00f6rl\u00e4ngning och sammandragning, vilket ger kraftfull tryck- och dragkraft, l\u00e4mplig f\u00f6r hantering av tunga laster och komplexa driftsuppgifter.<\/li>\n<li>Olika typer: Den kan v\u00e4ljas efter behov av enkelverkande (med hydraulik i endast en riktning) eller dubbelverkande (med hydraulik i b\u00e5da riktningarna) cylindrar f\u00f6r att m\u00f6ta olika driftsbehov. Vissa modeller \u00e4r teleskopiska, vilket m\u00f6jligg\u00f6r st\u00f6rre utdrag utan att \u00f6ka ytterm\u00e5tten, l\u00e4mpliga f\u00f6r utrymmesbegr\u00e4nsade till\u00e4mpningar.<\/li>\n<li>Perfekt ers\u00e4ttning f\u00f6r hydraulcylindrar: V\u00e5ra produkter kan perfekt ers\u00e4tta dessa hydraulcylindrar f\u00f6r att spara kostnader och f\u00f6rb\u00e4ttra effektiviteten.<\/li>\n<li>Anpassningsbar: Kan anpassas efter kundens krav f\u00f6r att m\u00f6ta specifika operativa behov.<\/li>\n<\/ul>\n<p><img decoding=\"async\" src=\"https:\/\/www.hydraulic-cylinders.net\/wp-content\/uploads\/2025\/01\/songte-cylinder-head-with-all-kinds-excavator-models.webp\" alt=\"Skopscylindermodeller\" \/><\/p>\n<h2>Applikationer<\/h2>\n<p>Skopscylindrar anv\u00e4nds ofta inom olika omr\u00e5den och till\u00e4mpningar, s\u00e5som:<\/p>\n<h3>Byggutrustning<\/h3>\n<p>I gr\u00e4vmaskiner \u00e4r de viktiga f\u00f6r att gr\u00e4va, lasta och flytta jord eller skr\u00e4p. I gr\u00e4vmaskiner med gr\u00e4vaggregat hj\u00e4lper skopcylindern till med b\u00e5de gr\u00e4vning och lyftning. I frontlastare hj\u00e4lper de till med att lyfta och dumpa gods effektivt.<\/p>\n<h3>Jordbruksmaskiner<\/h3>\n<p>Anv\u00e4nds i frontlastare f\u00f6r att \u00f6sa, lyfta och transportera jord, h\u00f6 och andra material. I gr\u00e4vmaskiner \u00e5stadkommer skopcylindern gr\u00e4vningen genom att l\u00e5ta skopan tr\u00e4nga ner i jorden. Cylindern hj\u00e4lper ocks\u00e5 till med tiltning och t\u00f6mning i frontlastare, vilket g\u00f6r den mer effektiv.<\/p>\n<h2>Design\u00f6verv\u00e4ganden och urvalskriterier<\/h2>\n<p>Designaspekter f\u00f6r skopcylindrar inkluderar b\u00e4rf\u00f6rm\u00e5ga, t\u00e4tning, h\u00e5llbarhet, s\u00e4kerhet och underh\u00e5llbarhet. N\u00e5gra av de viktigaste designaspekterna och urvalskriterierna \u00e4r:<\/p>\n<ul>\n<li>\n<h3>B\u00e4rf\u00f6rm\u00e5ga:<\/h3>\n<p> Cylindern b\u00f6r vara tillverkad av h\u00f6gh\u00e5llfasta material f\u00f6r att motst\u00e5 det h\u00f6ga tryck och de tunga belastningar som kr\u00e4vs f\u00f6r olika till\u00e4mpningar.<\/li>\n<li>\n<h3>T\u00e4tning:<\/h3>\n<p> En m\u00e4ngd olika t\u00e4tningar, s\u00e5som kolvt\u00e4tningar och kolvst\u00e5ngst\u00e4tningar, anv\u00e4nds f\u00f6r att s\u00e4kerst\u00e4lla att hydraulv\u00e4tskan inte l\u00e4cker ut ur cylindern.<\/li>\n<li>\n<h3>Varaktighet:<\/h3>\n<p> Cylindern b\u00f6r vara konstruerad f\u00f6r att motst\u00e5 slitage och korrosion f\u00f6r att f\u00f6rl\u00e4nga dess livsl\u00e4ngd.<\/li>\n<li>\n<h3>S\u00e4kerhet:<\/h3>\n<p> Cylindern b\u00f6r vara konstruerad f\u00f6r att s\u00e4kerst\u00e4lla s\u00e4ker drift, s\u00e5som anv\u00e4ndning av d\u00e4mpningsanordningar f\u00f6r att minska st\u00f6tar och inf\u00f6rande av s\u00e4kerhetsventiler f\u00f6r att f\u00f6rhindra \u00f6verbelastning.<\/li>\n<li>\n<h3>Underh\u00e5llbarhet:<\/h3>\n<p> Cylindern b\u00f6r konstrueras med tanke p\u00e5 enkelt underh\u00e5ll, s\u00e5som enkel demontering och \u00e5termontering och anv\u00e4ndning av l\u00e4tt utbytbara delar.<\/li>\n<\/ul>\n<p><img decoding=\"async\" src=\"https:\/\/www.hydraulic-cylinders.net\/wp-content\/uploads\/2025\/01\/songte-oil-pipes-and-spare-parts.webp\" alt=\"Skopscylinderdelar\" \/><\/p>\n<h2>T\u00e4tning och sm\u00f6rjning<\/h2>\n<p>Skopscylindern anv\u00e4nder olika t\u00e4tningar, s\u00e5som kolvt\u00e4tningar och kolvst\u00e5ngst\u00e4tningar, f\u00f6r att s\u00e4kerst\u00e4lla att hydraulv\u00e4tska inte l\u00e4cker. T\u00e4tningarna \u00e4r vanligtvis tillverkade av slitstarka material som polyuretan och nitrilgummi. Cylinderhuset och de g\u00e4ngade \u00e4ndytorna \u00e4r finbehandlade f\u00f6r att f\u00f6rb\u00e4ttra slitstyrkan. Cylindern kr\u00e4ver regelbunden sm\u00f6rjning med hydraulolja f\u00f6r att bibeh\u00e5lla smidig drift och f\u00f6rhindra slitage.<\/p>\n<h2>Underh\u00e5ll och reparation<\/h2>\n<p>Skopscylindern kr\u00e4ver regelbundet underh\u00e5ll f\u00f6r att s\u00e4kerst\u00e4lla optimal prestanda och f\u00f6rl\u00e4ngd livsl\u00e4ngd. N\u00e5gra vanliga underh\u00e5llsuppgifter inkluderar:<\/p>\n<ul>\n<li>Regelbunden inspektion: Kontrollera cylindern med avseende p\u00e5 l\u00e4ckor, slitage och tecken p\u00e5 skador.<\/li>\n<li>Korrekt sm\u00f6rjning: Sm\u00f6rj cylindern med l\u00e4mplig m\u00e4ngd hydraulolja med j\u00e4mna mellanrum.<\/li>\n<li>Byte av t\u00e4tningar: Byt ut slitna eller skadade t\u00e4tningar f\u00f6r att f\u00f6rhindra l\u00e4ckage och s\u00e4kerst\u00e4lla problemfri drift.<\/li>\n<li>Kalibreringskontroll: Kontrollera cylindern f\u00f6r korrekt kalibrering f\u00f6r att s\u00e4kerst\u00e4lla noggrann funktion.<\/li>\n<\/ul>\n<p><img decoding=\"async\" src=\"https:\/\/www.hydraulic-cylinders.net\/wp-content\/uploads\/2025\/01\/songte-chushion-collar.webp\" alt=\"Skopscylinderkrage\" \/><\/p>\n<h2>S\u00e4kerhetsaspekter och milj\u00f6faktorer<\/h2>\n<p>N\u00e4r man anv\u00e4nder skopcylindern \u00e4r det viktigt att f\u00f6lja s\u00e4kerhets\u00e5tg\u00e4rder f\u00f6r att f\u00f6rhindra olyckor och skador. S\u00e4kerhets\u00e5tg\u00e4rderna inkluderar korrekt installation, anv\u00e4ndning av personlig skyddsutrustning och tillr\u00e4cklig utbildning f\u00f6r operat\u00f6rer. Det \u00e4r ocks\u00e5 viktigt att beakta milj\u00f6faktorer, s\u00e5som korrekt kassering av hydraulv\u00e4tska och minimering av milj\u00f6p\u00e5verkan.<\/p>\n<h2>Fels\u00f6kning och vanliga problem<\/h2>\n<p>Vanliga problem med skopcylindrar inkluderar l\u00e4ckage, slitage och skador. Om n\u00e5got av dessa problem uppst\u00e5r \u00e4r det viktigt att diagnostisera och reparera dem omedelbart f\u00f6r att f\u00f6rhindra ytterligare skador. Fels\u00f6kningstips och l\u00f6sningar inkluderar:<\/p>\n<ul>\n<li>L\u00e4ckande cylinder: Kontrollera t\u00e4tningarna och byt ut dem vid behov.<\/li>\n<li>Cylindern skjuts inte ut eller in: Kontrollera hydraulv\u00e4tskeniv\u00e5n och trycket och byt ut skadade delar vid behov.<\/li>\n<li>F\u00f6r mycket buller eller vibrationer: Kontrollera om det finns l\u00f6sa eller skadade delar och byt ut dem vid behov.<\/li>\n<\/ul>\n<p><img decoding=\"async\" src=\"https:\/\/www.hydraulic-cylinders.net\/wp-content\/uploads\/2025\/01\/songte-bushings-with-all-kinds-of-excavator-models.webp\" alt=\"Skopscylinderbussningar\" \/><\/p>\n<h2>Om v\u00e5rt f\u00f6retag<\/h2>\n<p>Vi \u00e4r en tillverkare av hydraulcylindrar f\u00f6r reservdelar med ett brett produktsortiment och \u00e4r en av de ledande tillverkarna och grossistdistribut\u00f6rerna av hydraulcylindrar p\u00e5 den inhemska och internationella marknaden. Vi f\u00f6ljer principerna om excellens och f\u00f6rlitar oss p\u00e5 industrialiserade produktionsstrategier i fina tillverkningsverkst\u00e4der. V\u00e5rt f\u00f6retag f\u00f6rb\u00e4ttrar kontinuerligt tillverkningsplattformen genom till\u00e4mpning av teknisk talang, digital avancerad tillverkningsutrustning och professionella testsystem. Vi har starka produktionskapaciteter och tillhandah\u00e5ller effektiva, h\u00f6gprecisions- och h\u00f6gkvalitativa produkter f\u00f6r att m\u00f6ta v\u00e5ra kunders olika behov.<\/p>\n<p>V\u00e5rt f\u00f6retag erbjuder professionell, internationell certifiering, kundanpassade tj\u00e4nster, produktionsutrustning och eftermarknadsservice. Vi str\u00e4var efter att tillhandah\u00e5lla h\u00f6gkvalitativa produkter och tj\u00e4nster till v\u00e5ra kunder.<\/p>\n<p><img decoding=\"async\" src=\"https:\/\/www.hydraulic-cylinders.net\/wp-content\/uploads\/2025\/01\/songte-company-3.webp\" alt=\"F\u00f6retagsbild\" \/><\/p>\n<p>F\u00f6rfattare lyl.<\/p>","protected":false},"excerpt":{"rendered":"<p>Bucket Cylinder For XCMG Middle Excavator XE240 Introduction The bucket cylinder for XCMG middle excavator XE240 is a specially designed hydraulic cylinder used to control the movement of the bucket in heavy machinery such as excavators, backhoe excavators, and front-end loaders. Its main function is to enable the bucket to lift, lower, and tilt, making [&hellip;]<\/p>","protected":false},"featured_media":14773,"comment_status":"open","ping_status":"closed","template":"","meta":{"_et_pb_use_builder":"","_et_pb_old_content":"","_et_gb_content_width":""},"product_brand":[],"product_cat":[1494],"product_tag":[1495,1496],"class_list":{"0":"post-15471","1":"product","2":"type-product","3":"status-publish","4":"has-post-thumbnail","6":"product_cat-bucket-cylinders","7":"product_tag-bucket-cylinders","8":"product_tag-hydraulic-cylinders","10":"first","11":"instock","12":"shipping-taxable","13":"product-type-simple"},"amp_enabled":true,"_links":{"self":[{"href":"https:\/\/www.hydraulic-cylinders.net\/sv\/wp-json\/wp\/v2\/product\/15471","targetHints":{"allow":["GET"]}}],"collection":[{"href":"https:\/\/www.hydraulic-cylinders.net\/sv\/wp-json\/wp\/v2\/product"}],"about":[{"href":"https:\/\/www.hydraulic-cylinders.net\/sv\/wp-json\/wp\/v2\/types\/product"}],"replies":[{"embeddable":true,"href":"https:\/\/www.hydraulic-cylinders.net\/sv\/wp-json\/wp\/v2\/comments?post=15471"}],"wp:featuredmedia":[{"embeddable":true,"href":"https:\/\/www.hydraulic-cylinders.net\/sv\/wp-json\/wp\/v2\/media\/14773"}],"wp:attachment":[{"href":"https:\/\/www.hydraulic-cylinders.net\/sv\/wp-json\/wp\/v2\/media?parent=15471"}],"wp:term":[{"taxonomy":"product_brand","embeddable":true,"href":"https:\/\/www.hydraulic-cylinders.net\/sv\/wp-json\/wp\/v2\/product_brand?post=15471"},{"taxonomy":"product_cat","embeddable":true,"href":"https:\/\/www.hydraulic-cylinders.net\/sv\/wp-json\/wp\/v2\/product_cat?post=15471"},{"taxonomy":"product_tag","embeddable":true,"href":"https:\/\/www.hydraulic-cylinders.net\/sv\/wp-json\/wp\/v2\/product_tag?post=15471"}],"curies":[{"name":"wp","href":"https:\/\/api.w.org\/{rel}","templated":true}]}}