{"id":15480,"date":"2025-01-19T14:34:59","date_gmt":"2025-01-19T14:34:59","guid":{"rendered":"https:\/\/www.hydraulic-cylinders.net\/product\/bucket-cylinder-for-xcmg-large-excavator-xe1300c\/"},"modified":"2025-01-19T14:35:01","modified_gmt":"2025-01-19T14:35:01","slug":"bucket-cylinder-for-xcmg-large-excavator-xe1300c","status":"publish","type":"product","link":"https:\/\/www.hydraulic-cylinders.net\/sv\/produkt\/bucket-cylinder-for-xcmg-large-excavator-xe1300c\/","title":{"rendered":"Skopscylinder f\u00f6r XCMG stor gr\u00e4vmaskin XE1300C"},"content":{"rendered":"<h1>Skopscylinder f\u00f6r XCMG stor gr\u00e4vmaskin XE1300C<\/h1>\n<h2>Introduktion<\/h2>\n<p>En skopcylinder \u00e4r en specialdesignad hydraulcylinder som huvudsakligen anv\u00e4nds f\u00f6r att styra skopans r\u00f6relse i tunga maskiner som gr\u00e4vmaskiner, gr\u00e4vlastare och frontlastare. Dess huvudsakliga funktion \u00e4r att g\u00f6ra det m\u00f6jligt att lyfta, s\u00e4nka och luta skopan, vilket g\u00f6r den enkel f\u00f6r olika materialhanteringsuppgifter. I det hydrauliska systemet m\u00f6jligg\u00f6r skopcylindern exakt styrning av skopan genom att \u00e4ndra hydrauloljetrycket, vilket g\u00f6r att f\u00f6raren effektivt kan hantera tunga laster, anpassa sig till komplexa arbetsmilj\u00f6er och olika arbetskrav.<\/p>\n<p><img decoding=\"async\" src=\"https:\/\/www.hydraulic-cylinders.net\/wp-content\/uploads\/2025\/01\/songte-company-2.webp\"\/><\/p>\n<h2>Drag<\/h2>\n<ul>\n<li><strong>H\u00f6g styrka och h\u00e5llbarhet:<\/strong> Den \u00e4r vanligtvis tillverkad av h\u00f6gh\u00e5llfast st\u00e5l eller aluminium och t\u00e5l h\u00f6gt tryck och tunga belastningar, vilket g\u00f6r den l\u00e4mplig f\u00f6r tuffa arbetsmilj\u00f6er. Konstruktionen tar h\u00e4nsyn till slitstyrka och korrosionsbest\u00e4ndighet, vilket f\u00f6rl\u00e4nger dess livsl\u00e4ngd.<\/li>\n<li><strong>Effektiv hydraulisk drift:<\/strong> Genom att anv\u00e4nda hydrauloljans tryck f\u00f6r att uppn\u00e5 j\u00e4mn expansion och kontraktion kan den snabbt reagera p\u00e5 styrkommandon och ge kraftfulla tryck- och dragkrafter, l\u00e4mplig f\u00f6r hantering av tunga laster och komplexa arbetsuppgifter.<\/li>\n<li><strong>Olika typer:<\/strong> Enkelverkande (hydrauliska cylindrar anv\u00e4nds endast i en riktning) eller dubbelverkande (hydrauliska cylindrar anv\u00e4nds i b\u00e5da riktningarna) kan v\u00e4ljas efter behov f\u00f6r att m\u00f6ta olika driftsbehov. Vissa modeller \u00e4r teleskopiska, vilket m\u00f6jligg\u00f6r st\u00f6rre utdrag utan att \u00f6ka de yttre m\u00e5tten, l\u00e4mpliga f\u00f6r utrymmesbegr\u00e4nsade till\u00e4mpningar.<\/li>\n<li><strong>Ers\u00e4ttning:<\/strong> V\u00e5ra produkter kan perfekt ers\u00e4tta dessa hydraulcylindrar.<\/li>\n<\/ul>\n<p><img decoding=\"async\" src=\"https:\/\/www.hydraulic-cylinders.net\/wp-content\/uploads\/2025\/01\/songte-cylinder-head-with-all-kinds-excavator-models.webp\"\/><\/p>\n<h2>Applikationer<\/h2>\n<p>Skopcylindern f\u00f6r XCMG stor gr\u00e4vmaskin XE1300C kan anv\u00e4ndas i olika industrier och applikationer, s\u00e5som:<\/p>\n<ul>\n<li><strong>Byggutrustning:<\/strong> I gr\u00e4vmaskiner \u00e4r de viktiga f\u00f6r att gr\u00e4va, lasta och flytta jord eller skr\u00e4p. I gr\u00e4vlastare hj\u00e4lper skopcylindrar till b\u00e5de med gr\u00e4vning och lyftning. <\/li>\n<li><strong>Jordbruksmaskiner:<\/strong> Skopcylindern i gr\u00e4vmaskiner anv\u00e4nds i frontlastare f\u00f6r att skopa, lyfta och transportera jord, h\u00f6 och andra material. Den m\u00f6jligg\u00f6r gr\u00e4vning genom att skopan kan tr\u00e4nga ner i jorden.<\/li>\n<li><strong>Lastare:<\/strong> I frontlastare hj\u00e4lper de effektivt till med att lyfta och tilta gods.<\/li>\n<\/ul>\n<h2>Design\u00f6verv\u00e4ganden och urvalskriterier<\/h2>\n<p>Skopscylindern \u00e4r f\u00f6rem\u00e5l f\u00f6r olika design\u00f6verv\u00e4ganden, s\u00e5som:<\/p>\n<ul>\n<li><strong>B\u00e4rkraft:<\/strong> Cylindern m\u00e5ste b\u00e4ra maskinens och dess inneh\u00e5lls belastning, och motst\u00e5 det tryck som genereras av hydraulsystemet.<\/li>\n<li><strong>T\u00e4tning:<\/strong> Cylindern m\u00e5ste vara t\u00e4tad f\u00f6r att f\u00f6rhindra att hydraulv\u00e4tska l\u00e4cker ut och att f\u00f6roreningar kommer in i systemet.<\/li>\n<li><strong>Varaktighet:<\/strong> Cylindern m\u00e5ste vara tillr\u00e4ckligt h\u00e5llbar f\u00f6r att motst\u00e5 den tuffa arbetsmilj\u00f6n och l\u00e5ngvarig anv\u00e4ndning.<\/li>\n<li><strong>S\u00e4kerhet:<\/strong> Cylindern m\u00e5ste uppfylla s\u00e4kerhetsstandarder f\u00f6r att undvika olyckor under drift.<\/li>\n<li><strong>Underh\u00e5llbarhet:<\/strong> Cylindern m\u00e5ste vara l\u00e4tt att underh\u00e5lla och reparera, vilket minimerar stillest\u00e5ndstiden.<\/li>\n<\/ul>\n<p><img decoding=\"async\" src=\"https:\/\/www.hydraulic-cylinders.net\/wp-content\/uploads\/2025\/01\/songte-oil-pipes-and-spare-parts.webp\"\/><\/p>\n<h2>T\u00e4tning och sm\u00f6rjning<\/h2>\n<p>Skopscylindern anv\u00e4nder olika t\u00e4tningskomponenter, s\u00e5som kolvt\u00e4tningar och kolvst\u00e5ngst\u00e4tningar tillverkade av slitstarka material som polyuretan och nitrilgummi. Cylinderhuset och den g\u00e4ngade \u00e4ndytan genomg\u00e5r fin bearbetning f\u00f6r att f\u00f6rb\u00e4ttra slitstyrkan. Regelbundna och l\u00e4mpliga m\u00e4ngder hydraulolja kr\u00e4vs f\u00f6r att sm\u00f6rja cylindern.<\/p>\n<h2>Inspektion och f\u00f6rebyggande underh\u00e5lls\u00e5tg\u00e4rder<\/h2>\n<p>Regelbunden inspektion och f\u00f6rebyggande underh\u00e5ll av skopcylindern \u00f6kar dess livsl\u00e4ngd. N\u00e5gra underh\u00e5lls\u00e5tg\u00e4rder inkluderar:<\/p>\n<ul>\n<li>Kontrollera l\u00e4ckor i hydraulsystemet och reparera dem omedelbart.<\/li>\n<li>Sm\u00f6rj cylindern regelbundet.<\/li>\n<li>Byte av t\u00e4tningar vid behov.<\/li>\n<li>Kalibrering av cylindern f\u00f6r att s\u00e4kerst\u00e4lla att den fungerar korrekt.<\/li>\n<\/ul>\n<h2>Installationsguide<\/h2>\n<p>Korrekt installation av skopcylindern \u00e4r avg\u00f6rande. Anv\u00e4nd l\u00e4mpliga monteringsf\u00e4sten f\u00f6r att f\u00e4sta cylindern p\u00e5 maskinen. Kontrollera att cylindern \u00e4r korrekt inriktad och ge v\u00e4gledning f\u00f6r hur den ska justeras. F\u00f6lj de rekommenderade inspektions-, reparations-, utbytes- och ombyggnadsprocedurerna f\u00f6r att s\u00e4kerst\u00e4lla cylinderns prestanda och livsl\u00e4ngd.<\/p>\n<p><img decoding=\"async\" src=\"https:\/\/www.hydraulic-cylinders.net\/wp-content\/uploads\/2025\/01\/songte-chushion-collar.webp\"\/><\/p>\n<h2>S\u00e4kerhetsaspekter och milj\u00f6faktorer<\/h2>\n<p>Vid anv\u00e4ndning av skopcylindern m\u00e5ste s\u00e4kerhets\u00e5tg\u00e4rder vidtas f\u00f6r att undvika olyckor och skador. Milj\u00f6faktorer m\u00e5ste ocks\u00e5 beaktas f\u00f6r att minimera milj\u00f6p\u00e5verkan.<\/p>\n<h2>Fels\u00f6kning och vanliga problem<\/h2>\n<p>Vanliga problem med skopcylindrar inkluderar l\u00e4ckage, felaktig funktion och skador. Fels\u00f6kningsmetoder inkluderar kontroll av hydraulsystemet, inspektion av cylindern f\u00f6r skador och s\u00e4kerst\u00e4llande av korrekt installation och inriktning. F\u00f6rebyggande \u00e5tg\u00e4rder som regelbundet underh\u00e5ll, inspektion och reng\u00f6ring kan minimera potentiella problem.<\/p>\n<p><img decoding=\"async\" src=\"https:\/\/www.hydraulic-cylinders.net\/wp-content\/uploads\/2025\/01\/songte-bushings-with-all-kinds-of-excavator-models.webp\"\/><\/p>\n<h2>Om v\u00e5rt f\u00f6retag<\/h2>\n<p>Vi \u00e4r en tillverkare av hydraulcylindrar som kan ers\u00e4tta originalcylindrar fr\u00e5n tillverkaren. Vi erbjuder ett komplett sortiment av produkter och har blivit en av de ledande tillverkarna och grossistdistribut\u00f6rerna av hydraulcylindrar p\u00e5 den inhemska och internationella marknaden. Vi f\u00f6ljer principerna om excellens och f\u00f6rlitar oss p\u00e5 strategier f\u00f6r industriell produktionsledning baserade p\u00e5 noggrant utformade tillverkningsverkst\u00e4der, tekniska talanger, digital avancerad tillverkningsutrustning och professionella testsystem f\u00f6r att kontinuerligt f\u00f6rb\u00e4ttra v\u00e5r tillverkningsplattform, f\u00f6rb\u00e4ttra produktkvaliteten i produktionslinjerna och ha en stark f\u00f6rm\u00e5ga att skapa f\u00f6r att m\u00f6ta olika kundbehov med h\u00f6g effektivitet, h\u00f6g precision och h\u00f6gkvalitativa produkter.<\/p>\n<p>Vi erbjuder professionella, internationellt certifierade och kundanpassade tj\u00e4nster, anv\u00e4nder avancerad produktionsutrustning och utm\u00e4rkt eftermarknadsservice f\u00f6r att m\u00f6ta kundn\u00f6jdhet, vilket g\u00f6r oss till den ideala partnern f\u00f6r hydrauliska cylinderl\u00f6sningar.<\/p>\n<p><img decoding=\"async\" src=\"https:\/\/hzpt.com\/wp-content\/uploads\/2024\/11\/songte-company-1.webp\"\/><\/p>\n<p>F\u00f6rfattare: lyl.<\/p>","protected":false},"excerpt":{"rendered":"<p>Bucket Cylinder For XCMG Large Excavator XE1300C Introduction A bucket cylinder is a specially designed hydraulic cylinder mainly used to control the movement of the bucket in heavy machinery such as excavators, backhoe loaders, and front loaders. Its main function is to enable the bucket to be lifted, lowered, and tilted, making it easy for [&hellip;]<\/p>","protected":false},"featured_media":14785,"comment_status":"open","ping_status":"closed","template":"","meta":{"_et_pb_use_builder":"","_et_pb_old_content":"","_et_gb_content_width":""},"product_brand":[],"product_cat":[1494],"product_tag":[1495,1496],"class_list":{"0":"post-15480","1":"product","2":"type-product","3":"status-publish","4":"has-post-thumbnail","6":"product_cat-bucket-cylinders","7":"product_tag-bucket-cylinders","8":"product_tag-hydraulic-cylinders","10":"first","11":"instock","12":"shipping-taxable","13":"product-type-simple"},"amp_enabled":true,"_links":{"self":[{"href":"https:\/\/www.hydraulic-cylinders.net\/sv\/wp-json\/wp\/v2\/product\/15480","targetHints":{"allow":["GET"]}}],"collection":[{"href":"https:\/\/www.hydraulic-cylinders.net\/sv\/wp-json\/wp\/v2\/product"}],"about":[{"href":"https:\/\/www.hydraulic-cylinders.net\/sv\/wp-json\/wp\/v2\/types\/product"}],"replies":[{"embeddable":true,"href":"https:\/\/www.hydraulic-cylinders.net\/sv\/wp-json\/wp\/v2\/comments?post=15480"}],"wp:featuredmedia":[{"embeddable":true,"href":"https:\/\/www.hydraulic-cylinders.net\/sv\/wp-json\/wp\/v2\/media\/14785"}],"wp:attachment":[{"href":"https:\/\/www.hydraulic-cylinders.net\/sv\/wp-json\/wp\/v2\/media?parent=15480"}],"wp:term":[{"taxonomy":"product_brand","embeddable":true,"href":"https:\/\/www.hydraulic-cylinders.net\/sv\/wp-json\/wp\/v2\/product_brand?post=15480"},{"taxonomy":"product_cat","embeddable":true,"href":"https:\/\/www.hydraulic-cylinders.net\/sv\/wp-json\/wp\/v2\/product_cat?post=15480"},{"taxonomy":"product_tag","embeddable":true,"href":"https:\/\/www.hydraulic-cylinders.net\/sv\/wp-json\/wp\/v2\/product_tag?post=15480"}],"curies":[{"name":"wp","href":"https:\/\/api.w.org\/{rel}","templated":true}]}}