{"id":15481,"date":"2025-01-19T14:35:03","date_gmt":"2025-01-19T14:35:03","guid":{"rendered":"https:\/\/www.hydraulic-cylinders.net\/product\/bucket-cylinder-for-xcmg-large-excavator-xe370ca\/"},"modified":"2025-01-19T14:35:06","modified_gmt":"2025-01-19T14:35:06","slug":"bucket-cylinder-for-xcmg-large-excavator-xe370ca","status":"publish","type":"product","link":"https:\/\/www.hydraulic-cylinders.net\/sv\/produkt\/bucket-cylinder-for-xcmg-large-excavator-xe370ca\/","title":{"rendered":"Skopscylinder f\u00f6r XCMG stor gr\u00e4vmaskin XE370CA"},"content":{"rendered":"<h1>Skopscylinder f\u00f6r XCMG stor gr\u00e4vmaskin XE370CA<\/h1>\n<h2>Introduktion<\/h2>\n<p>Skopcylindern till den stora gr\u00e4vmaskinen XCMG XE370CA \u00e4r en specialiserad hydraulcylinder som \u00e4r utformad f\u00f6r att styra skopans r\u00f6relse i tunga maskiner som gr\u00e4vmaskiner, traktorgr\u00e4vmaskiner och frontlastare. Dess huvudsakliga funktion \u00e4r att g\u00f6ra det m\u00f6jligt att lyfta, s\u00e4nka och luta skopan, vilket g\u00f6r den bekv\u00e4m f\u00f6r olika materialhanteringsuppgifter. I hydraulsystemet uppn\u00e5r skopcylindern exakt kontroll \u00f6ver skopan genom att utnyttja tryckf\u00f6r\u00e4ndringarna i hydrauloljan, vilket g\u00f6r det m\u00f6jligt f\u00f6r f\u00f6rare att effektivt hantera tunga laster och anpassa sig till komplexa arbetsmilj\u00f6er och olika driftskrav.<\/p>\n<p><img decoding=\"async\" src=\"https:\/\/www.hydraulic-cylinders.net\/wp-content\/uploads\/2025\/01\/songte-company-2.webp\"><\/p>\n<h2>Drag<\/h2>\n<ul>\n<li>H\u00f6g h\u00e5llfasthet och h\u00e5llbarhet: Den \u00e4r vanligtvis tillverkad av h\u00f6gh\u00e5llfast st\u00e5l eller aluminium och t\u00e5l h\u00f6gt tryck och tunga belastningar, vilket g\u00f6r den l\u00e4mplig f\u00f6r tuffa arbetsmilj\u00f6er. Designen tar h\u00e4nsyn till slitstyrka och korrosionsbest\u00e4ndighet, vilket f\u00f6rl\u00e4nger livsl\u00e4ngden.<\/li>\n<li>Effektiv hydraulisk drift: Utnyttjar hydrauloljans tryck f\u00f6r att uppn\u00e5 smidiga ut- och indragningsr\u00f6relser, vilket m\u00f6jligg\u00f6r snabb respons p\u00e5 kontrollkommandon och ger kraftfulla tryck- och dragkrafter, l\u00e4mplig f\u00f6r hantering av tunga laster och komplexa driftsuppgifter.<\/li>\n<li>Olika typer: Kan v\u00e4lja mellan enkelverkande (hydrauliska cylindrar anv\u00e4nds endast i en riktning) eller dubbelverkande (hydrauliska cylindrar anv\u00e4nds i b\u00e5da riktningarna) beroende p\u00e5 behov, f\u00f6r att m\u00f6ta olika driftsbehov. Vissa modeller \u00e4r teleskopiska, vilket m\u00f6jligg\u00f6r st\u00f6rre utdrag utan att \u00f6ka de yttersta m\u00e5tten, l\u00e4mpliga f\u00f6r applikationer med begr\u00e4nsat utrymme.<\/li>\n<li>Perfekt ers\u00e4ttning: V\u00e5r produkt kan perfekt ers\u00e4tta dessa hydraulcylindrar.<\/li>\n<\/ul>\n<p><img decoding=\"async\" src=\"https:\/\/www.hydraulic-cylinders.net\/wp-content\/uploads\/2025\/01\/songte-cylinder-head-with-all-kinds-excavator-models.webp\"><\/p>\n<h2>Applikationer<\/h2>\n<p>Skopcylindern f\u00f6r den stora gr\u00e4vmaskinen XCMG XE370CA anv\u00e4nds inom olika branscher:<\/p>\n<ul>\n<li>Byggutrustning: De finns i gr\u00e4vmaskiner och \u00e4r avg\u00f6rande f\u00f6r att gr\u00e4va, lasta och flytta jord eller skr\u00e4p. I gr\u00e4vmaskiner med gr\u00e4vaggregat hj\u00e4lper skopcylindern till vid b\u00e5de gr\u00e4vning och lyftning.<\/li>\n<li>Jordbruksmaskiner: Anv\u00e4nds i frontlastare f\u00f6r att \u00f6sa, lyfta och transportera jord, h\u00f6 och andra material.<\/li>\n<li>Gr\u00e4vmaskiner: Skopans cylinder m\u00f6jligg\u00f6r gr\u00e4vning genom att l\u00e5ta skopan tr\u00e4nga ner i jorden.<\/li>\n<li>Lastare: Frontlastare hj\u00e4lper till att lyfta och dumpa gods effektivt.<\/li>\n<\/ul>\n<h2>Design\u00f6verv\u00e4ganden och urvalskriterier<\/h2>\n<p>Vid konstruktionen av skopcylindern beaktas flera viktiga faktorer:<\/p>\n<ul>\n<li>B\u00e4rf\u00f6rm\u00e5ga: Cylindern \u00e4r konstruerad f\u00f6r att motst\u00e5 f\u00f6rv\u00e4ntade belastningar och krafter under drift.<\/li>\n<li>T\u00e4tning: Olika t\u00e4tningskomponenter, s\u00e5som kolvt\u00e4tningar och kolvst\u00e5ngst\u00e4tningar, anv\u00e4nds f\u00f6r att s\u00e4kerst\u00e4lla effektiv t\u00e4tning och f\u00f6rhindra l\u00e4ckage.<\/li>\n<li>H\u00e5llbarhet: Cylindern \u00e4r byggd f\u00f6r att vara h\u00e5llbar och motst\u00e5 p\u00e5frestningarna vid kr\u00e4vande arbeten.<\/li>\n<li>S\u00e4kerhet: S\u00e4kerhetsfunktioner \u00e4r inf\u00f6rlivade f\u00f6r att f\u00f6rhindra olyckor och s\u00e4kerst\u00e4lla skyddet av operat\u00f6rer och omgivande personal.<\/li>\n<li>Underh\u00e5llbarhet: Designen m\u00f6jligg\u00f6r enkelt underh\u00e5ll och reparation, vilket minimerar driftstopp.<\/li>\n<\/ul>\n<p><img decoding=\"async\" src=\"https:\/\/www.hydraulic-cylinders.net\/wp-content\/uploads\/2025\/01\/songte-oil-pipes-and-spare-parts.webp\"><\/p>\n<h2>T\u00e4tning och sm\u00f6rjning<\/h2>\n<p>Skopscylindern anv\u00e4nder olika t\u00e4tningskomponenter, s\u00e5som kolvt\u00e4tningar och kolvst\u00e5ngst\u00e4tningar, tillverkade av slitstarka material som polyuretan och nitrilgummi. Cylinderhuset och de g\u00e4ngade \u00e4ndytorna genomg\u00e5r en finbehandling f\u00f6r att f\u00f6rb\u00e4ttra slitstyrkan. Regelbunden sm\u00f6rjning med l\u00e4mplig m\u00e4ngd hydraulolja \u00e4r n\u00f6dv\u00e4ndig f\u00f6r att s\u00e4kerst\u00e4lla smidig drift.<\/p>\n<h2>Regelbunden inspektion och f\u00f6rebyggande underh\u00e5ll<\/h2>\n<ul>\n<li>Kontrollera regelbundet cylindern f\u00f6r tecken p\u00e5 skador eller slitage.<\/li>\n<li>S\u00e4kerst\u00e4ll korrekt sm\u00f6rjning av alla r\u00f6rliga delar.<\/li>\n<li>Byt ut packningarna regelbundet f\u00f6r att bibeh\u00e5lla effektiv t\u00e4tning.<\/li>\n<li>Utf\u00f6r kalibreringskontroller f\u00f6r att s\u00e4kerst\u00e4lla att cylindern fungerar inom angivna parametrar.<\/li>\n<\/ul>\n<h2>Produktinstallationsguide<\/h2>\n<p>Proper installation is crucial for the bucket cylinder&#8217;s performance and longevity:<\/p>\n<ul>\n<li>Se till att cylindern \u00e4r korrekt justerad under installationen.<\/li>\n<li>Anv\u00e4nd l\u00e4mpliga monteringsf\u00e4sten f\u00f6r att s\u00e4kra cylindern.<\/li>\n<li>F\u00f6lj rekommenderade procedurer f\u00f6r inspektion, reparation och utbyte.<\/li>\n<li>Ge tips f\u00f6r att f\u00f6rl\u00e4nga skopcylinderns livsl\u00e4ngd.<\/li>\n<\/ul>\n<p><img decoding=\"async\" src=\"https:\/\/www.hydraulic-cylinders.net\/wp-content\/uploads\/2025\/01\/songte-chushion-collar.webp\"><\/p>\n<h2>S\u00e4kerhetsaspekter och milj\u00f6faktorer<\/h2>\n<p>Vid anv\u00e4ndning av skopcylindern \u00e4r s\u00e4kerhets\u00e5tg\u00e4rder av yttersta vikt f\u00f6r att f\u00f6rhindra olyckor och s\u00e4kerst\u00e4lla personalens v\u00e4lbefinnande. Dessutom b\u00f6r milj\u00f6faktorer beaktas f\u00f6r att minimera p\u00e5verkan p\u00e5 omgivningen.<\/p>\n<h2>Feldiagnos och vanliga problem<\/h2>\n<p>Vanliga problem och fels\u00f6kningsmetoder relaterade till skopcylindern:<\/p>\n<ul>\n<li>Ge fels\u00f6kningstips och l\u00f6sningar f\u00f6r att effektivt diagnostisera och l\u00f6sa problem.<\/li>\n<li>F\u00f6resl\u00e5 f\u00f6rebyggande \u00e5tg\u00e4rder f\u00f6r att minimera potentiella problem.<\/li>\n<\/ul>\n<p><img decoding=\"async\" src=\"https:\/\/www.hydraulic-cylinders.net\/wp-content\/uploads\/2025\/01\/songte-bushings-with-all-kinds-of-excavator-models.webp\"><\/p>\n<p>Kom ih\u00e5g att organisera artikeln logiskt, anv\u00e4nda underrubriker f\u00f6r enkel navigering, inkludera relevanta bilder eller diagram f\u00f6r \u00f6kad f\u00f6rst\u00e5else och se till att inneh\u00e5llet \u00e4r tydligt, koncist och l\u00e4mpligt f\u00f6r l\u00e4sare med olika niv\u00e5er av teknisk kunskap.<\/p>\n<h2>Om v\u00e5rt f\u00f6retag<\/h2>\n<p>Vi \u00e4r en tillverkare av hydraulcylindrar f\u00f6r reservdelar och erbjuder ett brett utbud av produkter. Som en av de ledande tillverkarna och grossistdistribut\u00f6rerna av hydraulcylindrar p\u00e5 den inhemska och internationella marknaden f\u00f6ljer vi principerna om h\u00f6gsta kvalitet. Med industrialiserade produktionsstrategier som st\u00f6ds av skicklig teknisk personal, toppmodern tillverkningsutrustning och professionella testsystem f\u00f6rb\u00e4ttrar vi kontinuerligt v\u00e5r tillverkningsplattform f\u00f6r att producera h\u00f6geffektiva, precisions- och h\u00f6gkvalitativa produkter som m\u00f6ter olika kunders behov.<\/p>\n<p><img decoding=\"async\" src=\"https:\/\/www.hydraulic-cylinders.net\/wp-content\/uploads\/2025\/01\/songte-company-3.webp\"><\/p>\n<p>Dessutom tillhandah\u00e5ller vi:<\/p>\n<ul>\n<li>Professionalism<\/li>\n<li>Internationella certifieringar<\/li>\n<li>Anpassningstj\u00e4nster<\/li>\n<li>Avancerad produktionsutrustning<\/li>\n<li>Eftermarknadstj\u00e4nster<\/li>\n<\/ul>\n<p><img decoding=\"async\" src=\"https:\/\/hzpt.com\/wp-content\/uploads\/2024\/11\/songte-company-1.webp\"><\/p>\n<p>F\u00f6rfattare: lyl<\/p>","protected":false},"excerpt":{"rendered":"<p>Bucket Cylinder For XCMG Large Excavator XE370CA Introduction The bucket cylinder for XCMG large excavator XE370CA is a specialized hydraulic cylinder designed to control the movement of the bucket in heavy machinery such as excavators, backhoe excavators, and front-end loaders. Its main function is to enable the bucket to lift, lower, and tilt, making it [&hellip;]<\/p>","protected":false},"featured_media":14784,"comment_status":"open","ping_status":"closed","template":"","meta":{"_et_pb_use_builder":"","_et_pb_old_content":"","_et_gb_content_width":""},"product_brand":[],"product_cat":[1494],"product_tag":[1495,1496],"class_list":{"0":"post-15481","1":"product","2":"type-product","3":"status-publish","4":"has-post-thumbnail","6":"product_cat-bucket-cylinders","7":"product_tag-bucket-cylinders","8":"product_tag-hydraulic-cylinders","10":"first","11":"instock","12":"shipping-taxable","13":"product-type-simple"},"amp_enabled":true,"_links":{"self":[{"href":"https:\/\/www.hydraulic-cylinders.net\/sv\/wp-json\/wp\/v2\/product\/15481","targetHints":{"allow":["GET"]}}],"collection":[{"href":"https:\/\/www.hydraulic-cylinders.net\/sv\/wp-json\/wp\/v2\/product"}],"about":[{"href":"https:\/\/www.hydraulic-cylinders.net\/sv\/wp-json\/wp\/v2\/types\/product"}],"replies":[{"embeddable":true,"href":"https:\/\/www.hydraulic-cylinders.net\/sv\/wp-json\/wp\/v2\/comments?post=15481"}],"wp:featuredmedia":[{"embeddable":true,"href":"https:\/\/www.hydraulic-cylinders.net\/sv\/wp-json\/wp\/v2\/media\/14784"}],"wp:attachment":[{"href":"https:\/\/www.hydraulic-cylinders.net\/sv\/wp-json\/wp\/v2\/media?parent=15481"}],"wp:term":[{"taxonomy":"product_brand","embeddable":true,"href":"https:\/\/www.hydraulic-cylinders.net\/sv\/wp-json\/wp\/v2\/product_brand?post=15481"},{"taxonomy":"product_cat","embeddable":true,"href":"https:\/\/www.hydraulic-cylinders.net\/sv\/wp-json\/wp\/v2\/product_cat?post=15481"},{"taxonomy":"product_tag","embeddable":true,"href":"https:\/\/www.hydraulic-cylinders.net\/sv\/wp-json\/wp\/v2\/product_tag?post=15481"}],"curies":[{"name":"wp","href":"https:\/\/api.w.org\/{rel}","templated":true}]}}