{"id":15484,"date":"2025-01-19T14:35:16","date_gmt":"2025-01-19T14:35:16","guid":{"rendered":"https:\/\/www.hydraulic-cylinders.net\/product\/bucket-cylinder-for-xcmg-large-excavator-xe700c\/"},"modified":"2025-01-19T14:35:18","modified_gmt":"2025-01-19T14:35:18","slug":"bucket-cylinder-for-xcmg-large-excavator-xe700c","status":"publish","type":"product","link":"https:\/\/www.hydraulic-cylinders.net\/sv\/produkt\/bucket-cylinder-for-xcmg-large-excavator-xe700c\/","title":{"rendered":"Skopscylinder f\u00f6r XCMG stor gr\u00e4vmaskin XE700C"},"content":{"rendered":"<h1>Skopscylinder f\u00f6r XCMG stor gr\u00e4vmaskin XE700C<\/h1>\n<h2>Introduktion<\/h2>\n<h3>Definition<\/h3>\n<p>En skopcylinder \u00e4r en specialdesignad hydraulcylinder som anv\u00e4nds f\u00f6r att styra skopans r\u00f6relse i tunga maskiner som gr\u00e4vmaskiner, gr\u00e4vmaskiner och frontlastare. Dess huvudsakliga funktion \u00e4r att g\u00f6ra det m\u00f6jligt f\u00f6r skopan att lyfta, s\u00e4nka och luta, vilket g\u00f6r det enklare att hantera olika materialhanteringsuppgifter. I hydraulsystemet anv\u00e4nder skopcylindern f\u00f6r\u00e4ndringar i hydrauloljetrycket f\u00f6r att uppn\u00e5 exakt kontroll \u00f6ver skopan, vilket g\u00f6r det m\u00f6jligt f\u00f6r f\u00f6rare att effektivt hantera tunga laster, anpassa sig till komplexa arbetsmilj\u00f6er och varierande arbetskrav.<\/p>\n<p><img decoding=\"async\" src=\"https:\/\/www.hydraulic-cylinders.net\/wp-content\/uploads\/2025\/01\/songte-company-2.webp\" alt=\"bild av skopcylinder\"><\/p>\n<h3>Drag<\/h3>\n<ul>\n<li>H\u00f6g h\u00e5llfasthet och h\u00e5llbarhet: vanligtvis tillverkad av h\u00f6gh\u00e5llfast st\u00e5l eller aluminium, t\u00e5l h\u00f6gt tryck och tunga belastningar, l\u00e4mplig f\u00f6r tuffa arbetsmilj\u00f6er, konstruerad med slitstyrka och korrosionsbest\u00e4ndighet i \u00e5tanke, vilket f\u00f6rl\u00e4nger livsl\u00e4ngden.<\/li>\n<li>Effektiv hydraulisk drift: utnyttjar hydrauloljetrycket f\u00f6r att uppn\u00e5 smidig ut- och indragning, kan reagera snabbt p\u00e5 kontrollkommandon, ger kraftfull tryck- och dragkraft, l\u00e4mplig f\u00f6r hantering av tunga laster och komplexa uppgifter.<\/li>\n<li>Olika typer: cylindern kan vara enkelverkande (med hydraulik i endast en riktning) eller dubbelverkande (med hydraulik i b\u00e5da riktningarna) beroende p\u00e5 behov. Vissa modeller \u00e4r teleskopiska, vilket m\u00f6jligg\u00f6r st\u00f6rre utdrag utan att \u00f6ka de yttersta m\u00e5tten, l\u00e4mplig f\u00f6r applikationer med begr\u00e4nsat utrymme.<\/li>\n<li>Kompatibilitet: v\u00e5r produkt kan perfekt ers\u00e4tta dessa hydraulcylindrar.<\/li>\n<li>Anpassningar tillg\u00e4ngliga: vi kan anpassa produkten efter kundens specifika krav.<\/li>\n<\/ul>\n<p><img decoding=\"async\" src=\"https:\/\/www.hydraulic-cylinders.net\/wp-content\/uploads\/2025\/01\/songte-cylinder-head-with-all-kinds-excavator-models.webp\" alt=\"bild p\u00e5 skopans cylinderhuvud\"><\/p>\n<h3>Applikationer<\/h3>\n<p>Skopscylindern anv\u00e4nds flitigt inom m\u00e5nga olika omr\u00e5den, n\u00e5gra av till\u00e4mpningarna \u00e4r:<\/p>\n<ul>\n<li>Byggmaskiner: i gr\u00e4vmaskiner \u00e4r de avg\u00f6rande f\u00f6r att gr\u00e4va, lasta och flytta jord eller skr\u00e4p. I gr\u00e4vmaskiner hj\u00e4lper skopcylindern till med b\u00e5de gr\u00e4vning och lyftning. <\/li>\n<li>Jordbruksmaskiner: anv\u00e4nds i frontlastare f\u00f6r att \u00f6sa, lyfta och transportera jord, h\u00f6 och andra material.<\/li>\n<li>Gr\u00e4vmaskiner: skopcylindern g\u00f6r att skopan kan tr\u00e4nga ner i jorden f\u00f6r att utf\u00f6ra gr\u00e4vningen.<\/li>\n<li>Lastare: i frontlastare hj\u00e4lper de till med att lyfta och lossa last effektivt.<\/li>\n<\/ul>\n<h3>Design\u00f6verv\u00e4ganden och urvalskriterier<\/h3>\n<ul>\n<li>B\u00e4rf\u00f6rm\u00e5ga: cylindern m\u00e5ste kunna motst\u00e5 den belastning den kommer att uts\u00e4ttas f\u00f6r.<\/li>\n<li>T\u00e4tning: olika t\u00e4tningselement som kolvt\u00e4tningar och st\u00e5ngt\u00e4tningar m\u00e5ste anv\u00e4ndas f\u00f6r att f\u00f6rhindra l\u00e4ckage av hydraulv\u00e4tska.<\/li>\n<li>H\u00e5llbarhet: cylindern m\u00e5ste konstrueras med slitstyrka och korrosionsbest\u00e4ndighet i \u00e5tanke f\u00f6r att f\u00f6rl\u00e4nga dess livsl\u00e4ngd.<\/li>\n<li>S\u00e4kerhet: cylindern m\u00e5ste vara konstruerad med s\u00e4kerhet i \u00e5tanke f\u00f6r att f\u00f6rhindra olyckor.<\/li>\n<li>Underh\u00e5llbarhet: cylindern ska vara l\u00e4tt att underh\u00e5lla f\u00f6r att minimera stillest\u00e5ndstiden.<\/li>\n<\/ul>\n<p><img decoding=\"async\" src=\"https:\/\/www.hydraulic-cylinders.net\/wp-content\/uploads\/2025\/01\/songte-oil-pipes-and-spare-parts.webp\" alt=\"bild av oljer\u00f6r och reservdelar\"><\/p>\n<h3>T\u00e4tning och sm\u00f6rjning<\/h3>\n<p>Olika t\u00e4tningselement som kolvt\u00e4tningar och kolvst\u00e5ngst\u00e4tningar m\u00e5ste anv\u00e4ndas f\u00f6r att f\u00f6rhindra l\u00e4ckage av hydraulv\u00e4tska. T\u00e4tningarna \u00e4r tillverkade av slitstarka material som polyuretan och nitrilgummi. Cylinderhuset och de g\u00e4ngade \u00e4ndytorna \u00e4r finbearbetade f\u00f6r att f\u00f6rb\u00e4ttra slitstyrkan. Regelbunden tillsats av l\u00e4mplig hydraulolja \u00e4r n\u00f6dv\u00e4ndig f\u00f6r sm\u00f6rjning.<\/p>\n<h3>Underh\u00e5ll och reparation<\/h3>\n<p>Regelbunden inspektion och f\u00f6rebyggande underh\u00e5lls\u00e5tg\u00e4rder \u00e4r avg\u00f6rande f\u00f6r att s\u00e4kerst\u00e4lla skopcylinderns livsl\u00e4ngd. N\u00e5gra vanliga underh\u00e5llsuppgifter inkluderar regelbunden inspektion, l\u00e4mplig sm\u00f6rjning, byte av t\u00e4tningar och kalibreringskontroller. Korrekt installation, sm\u00f6rjning och justering \u00e4r ocks\u00e5 avg\u00f6rande i underh\u00e5llsprocessen. Korrekt uppriktningsv\u00e4gledning under installationen och anv\u00e4ndning av l\u00e4mpliga installationsf\u00e4sten f\u00f6r att s\u00e4kra cylindern rekommenderas. Vi tillhandah\u00e5ller \u00e4ven reservdelar och ombyggnadstj\u00e4nster f\u00f6r att f\u00f6rl\u00e4nga cylinderns livsl\u00e4ngd.<\/p>\n<p><img decoding=\"async\" src=\"https:\/\/www.hydraulic-cylinders.net\/wp-content\/uploads\/2025\/01\/songte-chushion-collar.webp\" alt=\"bild p\u00e5 kuddekrage\"><\/p>\n<h3>S\u00e4kerhetsaspekter och milj\u00f6faktorer<\/h3>\n<p>Vid anv\u00e4ndning av skopcylindern m\u00e5ste s\u00e4kerhets\u00e5tg\u00e4rder vidtas f\u00f6r att f\u00f6rhindra olyckor. Operat\u00f6rer m\u00e5ste utbildas i korrekt anv\u00e4ndning och underh\u00e5ll. Milj\u00f6faktorer som temperatur och fuktighet b\u00f6r ocks\u00e5 beaktas i design- och urvalsprocessen.<\/p>\n<h3>Fels\u00f6kning och vanliga problem<\/h3>\n<p>N\u00e5gra vanliga problem med skopcylindrar inkluderar l\u00e4ckage, otillr\u00e4ckligt tryck och l\u00e5ngsam drift. Dessa problem kan ofta l\u00f6sas genom korrekt underh\u00e5ll och reparations\u00e5tg\u00e4rder, s\u00e5som byte av t\u00e4tningar och p\u00e5fyllning av hydraulv\u00e4tska. Dessutom kan f\u00f6rebyggande \u00e5tg\u00e4rder som regelbunden inspektion bidra till att minska sannolikheten f\u00f6r att dessa problem uppst\u00e5r fr\u00e5n f\u00f6rsta b\u00f6rjan.<\/p>\n<p><img decoding=\"async\" src=\"https:\/\/www.hydraulic-cylinders.net\/wp-content\/uploads\/2025\/01\/songte-bushings-with-all-kinds-of-excavator-models.webp\" alt=\"bussningar bild\"><\/p>\n<h2>V\u00e5rt f\u00f6retag<\/h2>\n<p>Vi \u00e4r en tillverkare av hydraulcylindrar f\u00f6r reservdelar och erbjuder ett brett utbud av produkter. Vi \u00e4r en av de ledande tillverkarna och grossisterna av hydraulcylindrar p\u00e5 den inhemska och internationella marknaden. Vi f\u00f6ljer principen om utm\u00e4rkt kvalitet, f\u00f6rlitar oss p\u00e5 den industriella produktionsstrategin i en sofistikerad tillverkningsverkstad, f\u00f6rb\u00e4ttrar kontinuerligt verkstadens tillverkningsplattform, finslipar produktionslinjens produktkvalitet och har stark kreativ f\u00f6rm\u00e5ga. V\u00e5ra produkter k\u00e4nnetecknas av h\u00f6g effektivitet, h\u00f6g precision och h\u00f6g kvalitet, och kan till fullo m\u00f6ta kundernas olika behov.<\/p>\n<h3>Professionalism<\/h3>\n<p>V\u00e5rt f\u00f6retag har ett team av experter med l\u00e5ng erfarenhet inom hydraulcylindrar, och vi anv\u00e4nder endast den senaste tekniken och utrustningen. Vi str\u00e4var efter att f\u00f6rse v\u00e5ra kunder med h\u00f6gkvalitativa produkter och tj\u00e4nster.<\/p>\n<h3>Internationell certifiering<\/h3>\n<p>V\u00e5ra produkter \u00e4r certifierade f\u00f6r att uppfylla internationella kvalitetsstandarder, vilket s\u00e4kerst\u00e4ller att v\u00e5ra kunder endast f\u00e5r produkter av h\u00f6gsta kvalitet.<\/p>\n<h3>Anpassningstj\u00e4nster<\/h3>\n<p>Vi erbjuder kundanpassade produkter enligt kundens specifika krav och tillhandah\u00e5ller skr\u00e4ddarsydda l\u00f6sningar f\u00f6r unika applikationer.<\/p>\n<h3>Produktionsutrustning<\/h3>\n<p>Vi anv\u00e4nder endast den senaste och mest avancerade tillverkningsutrustningen i v\u00e5r produktionsprocess, vilket s\u00e4kerst\u00e4ller att v\u00e5ra produkter h\u00e5ller h\u00f6gsta kvalitet.<\/p>\n<h3>Eftermarknadsservice<\/h3>\n<p>Vi str\u00e4var efter att tillhandah\u00e5lla utm\u00e4rkt eftermarknadsservice, inklusive installationsv\u00e4gledning och teknisk support, f\u00f6r att s\u00e4kerst\u00e4lla att v\u00e5ra kunder \u00e4r helt n\u00f6jda med v\u00e5ra produkter.<\/p>\n<p><img decoding=\"async\" src=\"https:\/\/hzpt.com\/wp-content\/uploads\/2024\/11\/songte-company-1.webp\" alt=\"f\u00f6retagsbild\"><\/p>\n<p>F\u00f6rfattare: LYL<\/p>","protected":false},"excerpt":{"rendered":"<p>Bucket Cylinder For XCMG Large Excavator XE700C Introduction Definition A bucket cylinder is a specially designed hydraulic cylinder used to control the movement of a bucket in heavy machinery such as excavators, backhoes, and front loaders. Its main function is to enable the bucket to lift, lower, and tilt, making it easier to handle various [&hellip;]<\/p>","protected":false},"featured_media":14778,"comment_status":"open","ping_status":"closed","template":"","meta":{"_et_pb_use_builder":"","_et_pb_old_content":"","_et_gb_content_width":""},"product_brand":[],"product_cat":[1494],"product_tag":[1495,1496],"class_list":{"0":"post-15484","1":"product","2":"type-product","3":"status-publish","4":"has-post-thumbnail","6":"product_cat-bucket-cylinders","7":"product_tag-bucket-cylinders","8":"product_tag-hydraulic-cylinders","10":"first","11":"instock","12":"shipping-taxable","13":"product-type-simple"},"amp_enabled":true,"_links":{"self":[{"href":"https:\/\/www.hydraulic-cylinders.net\/sv\/wp-json\/wp\/v2\/product\/15484","targetHints":{"allow":["GET"]}}],"collection":[{"href":"https:\/\/www.hydraulic-cylinders.net\/sv\/wp-json\/wp\/v2\/product"}],"about":[{"href":"https:\/\/www.hydraulic-cylinders.net\/sv\/wp-json\/wp\/v2\/types\/product"}],"replies":[{"embeddable":true,"href":"https:\/\/www.hydraulic-cylinders.net\/sv\/wp-json\/wp\/v2\/comments?post=15484"}],"wp:featuredmedia":[{"embeddable":true,"href":"https:\/\/www.hydraulic-cylinders.net\/sv\/wp-json\/wp\/v2\/media\/14778"}],"wp:attachment":[{"href":"https:\/\/www.hydraulic-cylinders.net\/sv\/wp-json\/wp\/v2\/media?parent=15484"}],"wp:term":[{"taxonomy":"product_brand","embeddable":true,"href":"https:\/\/www.hydraulic-cylinders.net\/sv\/wp-json\/wp\/v2\/product_brand?post=15484"},{"taxonomy":"product_cat","embeddable":true,"href":"https:\/\/www.hydraulic-cylinders.net\/sv\/wp-json\/wp\/v2\/product_cat?post=15484"},{"taxonomy":"product_tag","embeddable":true,"href":"https:\/\/www.hydraulic-cylinders.net\/sv\/wp-json\/wp\/v2\/product_tag?post=15484"}],"curies":[{"name":"wp","href":"https:\/\/api.w.org\/{rel}","templated":true}]}}