{"id":15488,"date":"2025-01-19T14:35:32","date_gmt":"2025-01-19T14:35:32","guid":{"rendered":"https:\/\/www.hydraulic-cylinders.net\/product\/bucket-cylinder-for-xcmg-large-excavator-xe3000\/"},"modified":"2025-01-19T14:35:40","modified_gmt":"2025-01-19T14:35:40","slug":"bucket-cylinder-for-xcmg-large-excavator-xe3000","status":"publish","type":"product","link":"https:\/\/www.hydraulic-cylinders.net\/sv\/produkt\/bucket-cylinder-for-xcmg-large-excavator-xe3000\/","title":{"rendered":"Skopcylinder f\u00f6r XCMG stor gr\u00e4vmaskin XE3000"},"content":{"rendered":"<h1>Skopcylinder f\u00f6r XCMG stor gr\u00e4vmaskin XE3000<\/h1>\n<h2>Introduktion<\/h2>\n<h3>Definition<\/h3>\n<p>En skopcylinder \u00e4r en specialdesignad hydraulcylinder som anv\u00e4nds f\u00f6r att styra skopans r\u00f6relse i tunga maskiner som gr\u00e4vmaskiner, gr\u00e4vlastare och frontlastare. Dess huvudsakliga funktion \u00e4r att g\u00f6ra det m\u00f6jligt f\u00f6r skopan att lyfta, s\u00e4nka och luta, vilket g\u00f6r det enklare att hantera olika materialhanteringsuppgifter. I hydraulsystemet styr skopcylindern skopans exakta r\u00f6relse genom tryckf\u00f6r\u00e4ndringar i hydrauloljan, vilket g\u00f6r att f\u00f6raren kan hantera tunga laster effektivt, anpassa sig till komplexa arbetsmilj\u00f6er och olika driftsbehov.<\/p>\n<p><img decoding=\"async\" src=\"https:\/\/www.hydraulic-cylinders.net\/wp-content\/uploads\/2025\/01\/songte-company-2.webp\" alt=\"Skopcylinder f\u00f6r XCMG stor gr\u00e4vmaskin XE3000\" \/><\/p>\n<h2>Drag<\/h2>\n<ul>\n<li><strong>H\u00f6g styrka och h\u00e5llbarhet:<\/strong> Tillverkad av h\u00f6gh\u00e5llfast st\u00e5l eller aluminium, t\u00e5l den h\u00f6gt tryck och tunga belastningar, anpassar sig till tuffa arbetsmilj\u00f6er och \u00e4r konstruerad med slitstyrka och korrosionsbest\u00e4ndighet i \u00e5tanke f\u00f6r att f\u00f6rl\u00e4nga dess livsl\u00e4ngd.<\/li>\n<li><strong>Effektiv hydraulisk drift:<\/strong> Smidig ut- och indragning uppn\u00e5s genom att utnyttja hydrauloljans tryck. Den kan reagera snabbt p\u00e5 styrkommandon, ge kraftfull tryck- och dragkraft och \u00e4r l\u00e4mplig f\u00f6r hantering av tunga laster och komplexa driftsuppgifter.<\/li>\n<li><strong>Olika typer:<\/strong> Enkelverkande (hydrauliska cylindrar i en riktning) eller dubbelverkande (hydrauliska cylindrar i b\u00e5da riktningarna) kan v\u00e4ljas efter behov f\u00f6r att m\u00f6ta olika driftskrav. Vissa modeller \u00e4r teleskopiska, vilket m\u00f6jligg\u00f6r st\u00f6rre utdrag utan att \u00f6ka de yttre m\u00e5tten, vilket g\u00f6r dem l\u00e4mpliga f\u00f6r applikationer d\u00e4r utrymmet \u00e4r begr\u00e4nsat.<\/li>\n<li><strong>Perfekt ers\u00e4ttning f\u00f6r hydraulcylindrar:<\/strong> V\u00e5ra produkter kan perfekt ers\u00e4tta dessa hydraulcylindrar.<\/li>\n<\/ul>\n<p><img decoding=\"async\" src=\"https:\/\/www.hydraulic-cylinders.net\/wp-content\/uploads\/2025\/01\/songte-cylinder-head-with-all-kinds-excavator-models.webp\" alt=\"Skopcylinder f\u00f6r XCMG stor gr\u00e4vmaskin XE3000\" \/><\/p>\n<h2>Applikationer<\/h2>\n<p>Skopscylindern anv\u00e4nds i en m\u00e4ngd olika tunga maskiner, inklusive:<\/p>\n<ul>\n<li><strong>Byggutrustning:<\/strong> Det \u00e4r avg\u00f6rande f\u00f6r gr\u00e4vmaskiner att gr\u00e4va, lasta och flytta jord eller skr\u00e4p. I gr\u00e4vlastare hj\u00e4lper det till med gr\u00e4vning och lyftning. <\/li>\n<li><strong>Jordbruksmaskiner:<\/strong> Anv\u00e4nds f\u00f6r frontlastare, f\u00f6r att plocka upp, lyfta och transportera jord, h\u00f6 och andra material. <\/li>\n<li><strong>Gr\u00e4vmaskiner:<\/strong> Skopans cylinder g\u00f6r att skopan kan tr\u00e4nga ner i jorden. <\/li>\n<li><strong>Frontlastare:<\/strong> De hj\u00e4lper till att lyfta och luta gods effektivt. <\/li>\n<\/ul>\n<p>L\u00e5t oss utforska varje applikation i detalj:<\/p>\n<h3>Byggutrustning<\/h3>\n<p>Byggmaskiner \u00e4r viktiga f\u00f6r olika byggtill\u00e4mpningar. Skopscylindern hj\u00e4lper till att gr\u00e4va h\u00e5l, diken och grunder. Den hj\u00e4lper ocks\u00e5 till att lasta och flytta jord och skr\u00e4p. I gr\u00e4vlastare hj\u00e4lper den till med gr\u00e4vning och lyftning. Den anv\u00e4nds ocks\u00e5 i v\u00e4gbyggnadsmaskiner f\u00f6r att r\u00f6ja och j\u00e4mna mark.<\/p>\n<h3>Jordbruksmaskiner<\/h3>\n<p>Skopscylindrar anv\u00e4nds i frontlastare, vilka anv\u00e4nds f\u00f6r att plocka upp, lyfta och transportera jord, h\u00f6 och andra material. Dessutom anv\u00e4nds de i traktorer och andra jordbruksmaskiner f\u00f6r att hantera tunga laster. <\/p>\n<h3>Gr\u00e4vmaskiner<\/h3>\n<p>Skopans cylinder g\u00f6r att skopan kan tr\u00e4nga ner i jorden, vilket underl\u00e4ttar vid byggnation, gr\u00e4vning och rivning. Med hj\u00e4lp av skopans cylinder kan gr\u00e4vmaskinen arbeta p\u00e5 olika jordtyper.<\/p>\n<h3>Frontlastare<\/h3>\n<p>Skopscylindern hj\u00e4lper till att lyfta och luta gods effektivt. Den anv\u00e4nds i frontlastare f\u00f6r olika till\u00e4mpningar som materialhantering i lager, materialhantering i hamnar och organisering av lager.<\/p>\n<p><img decoding=\"async\" src=\"https:\/\/hzpt.com\/wp-content\/uploads\/2024\/11\/songte-company-1.webp\" alt=\"Skopcylinder f\u00f6r XCMG stor gr\u00e4vmaskin XE3000\" \/><\/p>\n<h2>Design\u00f6verv\u00e4ganden och urvalskriterier<\/h2>\n<p>F\u00f6ljande \u00e4r design\u00f6verv\u00e4ganden och urvalskriterier f\u00f6r skopcylindrar:<\/p>\n<ul>\n<li><strong>B\u00e4rkraft:<\/strong> Skopscylindrar m\u00e5ste ha h\u00f6g b\u00e4rf\u00f6rm\u00e5ga f\u00f6r att klara tunga belastningar.<\/li>\n<li><strong>T\u00e4tning:<\/strong> Ett h\u00f6gkvalitativt t\u00e4tningssystem s\u00e4kerst\u00e4ller att hydraulv\u00e4tskor inte l\u00e4cker ut, vilket kan orsaka skador p\u00e5 cylindern. <\/li>\n<li><strong>Varaktighet:<\/strong> Materialen som anv\u00e4nds till skopcylindrar b\u00f6r vara h\u00e5llbara f\u00f6r att motst\u00e5 tuffa milj\u00f6er och upprepad anv\u00e4ndning.<\/li>\n<li><strong>S\u00e4kerhet:<\/strong> Skopscylindrar m\u00e5ste konstrueras med s\u00e4kerhet i \u00e5tanke f\u00f6r att f\u00f6rhindra olyckor och skador.<\/li>\n<li><strong>Underh\u00e5llbarhet:<\/strong> En skopcylinder ska vara enkel att underh\u00e5lla och reparera, med l\u00e4ttillg\u00e4ngliga reservdelar och reparationstj\u00e4nster.<\/li>\n<\/ul>\n<p><img decoding=\"async\" src=\"https:\/\/www.hydraulic-cylinders.net\/wp-content\/uploads\/2025\/01\/songte-oil-pipes-and-spare-parts.webp\" alt=\"Skopcylinder f\u00f6r XCMG stor gr\u00e4vmaskin XE3000\" \/><\/p>\n<h2>T\u00e4tning och sm\u00f6rjning<\/h2>\n<p>Skopscylindrar har olika t\u00e4tningskomponenter som kolvt\u00e4tningar och kolvst\u00e5ngst\u00e4tningar som f\u00f6rhindrar l\u00e4ckage av hydraulv\u00e4tska. Cylinderns yta \u00e4r finbearbetad f\u00f6r att f\u00f6rb\u00e4ttra dess slitstyrka och kr\u00e4ver regelbunden sm\u00f6rjning f\u00f6r att bibeh\u00e5lla en smidig drift. <\/p>\n<h2>Underh\u00e5ll och reparation<\/h2>\n<p>F\u00f6ljande \u00e4r underh\u00e5lls- och reparationsuppgifterna f\u00f6r skopcylindrar:<\/p>\n<ul>\n<li>Regelbunden inspektion<\/li>\n<li>Korrekt sm\u00f6rjning<\/li>\n<li>Byte av t\u00e4tning<\/li>\n<li>Kalibreringskontroll<\/li>\n<\/ul>\n<p>Korrekt installation, sm\u00f6rjning och justering \u00e4r avg\u00f6rande f\u00f6r att s\u00e4kerst\u00e4lla skopcylinderns l\u00e5nga livsl\u00e4ngd. Under installationen m\u00e5ste cylindern vara korrekt justerad och tillr\u00e4ckligt st\u00f6d b\u00f6r ges f\u00f6r att f\u00f6rhindra skador. Regelbunden inspektion, reparation och utbyte av komponenter \u00e4r n\u00f6dv\u00e4ndiga f\u00f6r att s\u00e4kerst\u00e4lla skopcylinderns l\u00e5ngvariga prestanda.<\/p>\n<p><img decoding=\"async\" src=\"https:\/\/www.hydraulic-cylinders.net\/wp-content\/uploads\/2025\/01\/songte-chushion-collar.webp\" alt=\"Skopcylinder f\u00f6r XCMG stor gr\u00e4vmaskin XE3000\" \/><\/p>\n<h2>S\u00e4kerhetsaspekter och milj\u00f6faktorer<\/h2>\n<p>Skopscylindrar b\u00f6r anv\u00e4ndas enligt s\u00e4kerhetsriktlinjer f\u00f6r att f\u00f6rhindra olyckor och skador. Milj\u00f6faktorer som temperatur och fuktighet kan p\u00e5verka cylinderns prestanda och m\u00e5ste beaktas under drift.<\/p>\n<h2>Vanliga problem och fels\u00f6kning<\/h2>\n<p>F\u00f6ljande \u00e4r vanliga problem och fels\u00f6kning f\u00f6r skopcylindrar:<\/p>\n<ul>\n<li>L\u00e4ckage<\/li>\n<li>Otillr\u00e4cklig kraft<\/li>\n<li>D\u00e5lig prestanda<\/li>\n<\/ul>\n<p>Regelbunden inspektion och underh\u00e5ll kan minimera f\u00f6rekomsten av dessa problem. Om n\u00e5got problem uppst\u00e5r b\u00f6r det \u00e5tg\u00e4rdas omedelbart f\u00f6r att f\u00f6rhindra skador p\u00e5 cylindern.<\/p>\n<h2>Om oss<\/h2>\n<p>Vi \u00e4r en tillverkare av hydraulcylindrar som specialiserar sig p\u00e5 att ers\u00e4tta hydraulcylindrar. Vi erbjuder ett komplett sortiment av produkter och har blivit en av de ledande tillverkarna och grossisterna av hydraulcylindrar p\u00e5 den inhemska och internationella marknaden. Vi f\u00f6ljer utm\u00e4rkt kvalitet och f\u00f6rlitar oss p\u00e5 den industriella produktionsledningsstrategin f\u00f6r fintillverkningsverkst\u00e4der. V\u00e5rt f\u00f6retag har kontinuerligt f\u00f6rb\u00e4ttrat verkstadens tillverkningsplattform genom att anv\u00e4nda tekniska talanger, digital avancerad tillverkningsutrustning och professionella testsystem f\u00f6r att f\u00f6rb\u00e4ttra produktionskvaliteten. Vi har stark kreativ f\u00f6rm\u00e5ga och f\u00f6ljer principerna om h\u00f6g effektivitet, h\u00f6g noggrannhet och h\u00f6g kvalitet f\u00f6r att m\u00f6ta kundernas olika krav.<\/p>\n<p>Vi erbjuder skr\u00e4ddarsydda tj\u00e4nster och v\u00e5ra produkter \u00e4r internationellt certifierade. V\u00e5rt f\u00f6retag anv\u00e4nder h\u00f6gkvalitativ utrustning f\u00f6r produktion och vi erbjuder utm\u00e4rkt eftermarknadsservice.<\/p>\n<p><img decoding=\"async\" src=\"https:\/\/www.hydraulic-cylinders.net\/wp-content\/uploads\/2025\/01\/songte-company-3.webp\" alt=\"Skopcylinder f\u00f6r XCMG stor gr\u00e4vmaskin XE3000\" \/><\/p>\n<p>F\u00f6rfattare: lyl<\/p>","protected":false},"excerpt":{"rendered":"<p>Bucket Cylinder For XCMG Large Excavator XE3000 Introduction Definition A bucket cylinder is specially designed hydraulic cylinder used to control the movement of the bucket in heavy machinery such as excavators, backhoe loaders, and front loaders. Its main function is to enable the bucket to lift, lower, and tilt, making it easier to handle various [&hellip;]<\/p>","protected":false},"featured_media":14769,"comment_status":"open","ping_status":"closed","template":"","meta":{"_et_pb_use_builder":"","_et_pb_old_content":"","_et_gb_content_width":""},"product_brand":[],"product_cat":[1494],"product_tag":[1495,1496],"class_list":{"0":"post-15488","1":"product","2":"type-product","3":"status-publish","4":"has-post-thumbnail","6":"product_cat-bucket-cylinders","7":"product_tag-bucket-cylinders","8":"product_tag-hydraulic-cylinders","10":"first","11":"instock","12":"shipping-taxable","13":"product-type-simple"},"amp_enabled":true,"_links":{"self":[{"href":"https:\/\/www.hydraulic-cylinders.net\/sv\/wp-json\/wp\/v2\/product\/15488","targetHints":{"allow":["GET"]}}],"collection":[{"href":"https:\/\/www.hydraulic-cylinders.net\/sv\/wp-json\/wp\/v2\/product"}],"about":[{"href":"https:\/\/www.hydraulic-cylinders.net\/sv\/wp-json\/wp\/v2\/types\/product"}],"replies":[{"embeddable":true,"href":"https:\/\/www.hydraulic-cylinders.net\/sv\/wp-json\/wp\/v2\/comments?post=15488"}],"wp:featuredmedia":[{"embeddable":true,"href":"https:\/\/www.hydraulic-cylinders.net\/sv\/wp-json\/wp\/v2\/media\/14769"}],"wp:attachment":[{"href":"https:\/\/www.hydraulic-cylinders.net\/sv\/wp-json\/wp\/v2\/media?parent=15488"}],"wp:term":[{"taxonomy":"product_brand","embeddable":true,"href":"https:\/\/www.hydraulic-cylinders.net\/sv\/wp-json\/wp\/v2\/product_brand?post=15488"},{"taxonomy":"product_cat","embeddable":true,"href":"https:\/\/www.hydraulic-cylinders.net\/sv\/wp-json\/wp\/v2\/product_cat?post=15488"},{"taxonomy":"product_tag","embeddable":true,"href":"https:\/\/www.hydraulic-cylinders.net\/sv\/wp-json\/wp\/v2\/product_tag?post=15488"}],"curies":[{"name":"wp","href":"https:\/\/api.w.org\/{rel}","templated":true}]}}